{"id":3868,"date":"2026-03-16T11:47:50","date_gmt":"2026-03-16T10:47:50","guid":{"rendered":"https:\/\/cevennesbienetre.fr\/?post_type=product&#038;p=3868"},"modified":"2026-03-19T22:06:21","modified_gmt":"2026-03-19T21:06:21","slug":"bougie-meditation","status":"publish","type":"product","link":"https:\/\/cevennesbienetre.fr\/index.php\/produit\/bougie-meditation\/","title":{"rendered":"Bougie M\u00e9ditation"},"content":{"rendered":"<p data-start=\"249\" data-end=\"552\"><span dir=\"auto\" style=\"vertical-align: inherit;\"><span dir=\"auto\" style=\"vertical-align: inherit;\">Offrez-vous un moment de d\u00e9tente avec cette bougie artisanale \u00e0 la cire de soja naturelle parfum\u00e9e aux <\/span><\/span><strong data-start=\"324\" data-end=\"358\"><span dir=\"auto\" style=\"vertical-align: inherit;\"><span dir=\"auto\" style=\"vertical-align: inherit;\">huiles essentielles de lavande<\/span><\/span><\/strong><span dir=\"auto\" style=\"vertical-align: inherit;\"><span dir=\"auto\" style=\"vertical-align: inherit;\"> , d\u00e9licatement d\u00e9cor\u00e9e de <\/span><\/span><strong data-start=\"384\" data-end=\"407\"><span dir=\"auto\" style=\"vertical-align: inherit;\"><span dir=\"auto\" style=\"vertical-align: inherit;\">pierres d&rsquo;am\u00e9thyste<\/span><\/span><\/strong><span dir=\"auto\" style=\"vertical-align: inherit;\"><span dir=\"auto\" style=\"vertical-align: inherit;\"> . Son parfum naturel aux notes florales apaise l&rsquo;esprit, favorise la relaxation et cr\u00e9e une atmosph\u00e8re douce et chaleureuse dans votre int\u00e9rieur.<\/span><\/span><\/p>\n<p data-start=\"554\" data-end=\"843\"><span dir=\"auto\" style=\"vertical-align: inherit;\"><span dir=\"auto\" style=\"vertical-align: inherit;\">La lavande est reconnue pour ses propri\u00e9t\u00e9s relaxantes et purifiantes, id\u00e9ale pour accompagner vos moments de m\u00e9ditation, de lecture ou de repos. Les \u00e9clats d&rsquo;am\u00e9thyste, pierre associ\u00e9s \u00e0 la s\u00e9r\u00e9nit\u00e9 et \u00e0 l&rsquo;\u00e9quilibre, apportent une touche \u00e9l\u00e9gante et \u00e9nerg\u00e9tique \u00e0 cette bougie d\u00e9corative.<\/span><\/span><\/p>\n<p data-start=\"845\" data-end=\"1002\"><span dir=\"auto\" style=\"vertical-align: inherit;\"><span dir=\"auto\" style=\"vertical-align: inherit;\">Parfaite pour embellir votre maison, offrir un cadeau bien-\u00eatre ou cr\u00e9er une ambiance zen, cette bougie allie <\/span><\/span><strong data-start=\"955\" data-end=\"1001\"><span dir=\"auto\" style=\"vertical-align: inherit;\"><span dir=\"auto\" style=\"vertical-align: inherit;\">aromath\u00e9rapie, d\u00e9coration et lithoth\u00e9rapie<\/span><\/span><\/strong><span dir=\"auto\" style=\"vertical-align: inherit;\"><span dir=\"auto\" style=\"vertical-align: inherit;\"> .<\/span><\/span><\/p>\n<p data-start=\"1004\" data-end=\"1019\"><span dir=\"auto\" style=\"vertical-align: inherit;\"><span dir=\"auto\" style=\"vertical-align: inherit;\">\u2728 Id\u00e9ale pour :<\/span><\/span><\/p>\n<ul data-start=\"1020\" data-end=\"1163\">\n<li data-section-id=\"b0w1wr\" data-start=\"1020\" data-end=\"1052\">\n<p data-start=\"1022\" data-end=\"1052\"><span dir=\"auto\" style=\"vertical-align: inherit;\"><span dir=\"auto\" style=\"vertical-align: inherit;\">cr\u00e9er une ambiance relaxante<\/span><\/span><\/p>\n<\/li>\n<li data-section-id=\"131zfit\" data-start=\"1053\" data-end=\"1082\">\n<p data-start=\"1055\" data-end=\"1082\"><span dir=\"auto\" style=\"vertical-align: inherit;\"><span dir=\"auto\" style=\"vertical-align: inherit;\">la d\u00e9coration d&rsquo;int\u00e9rieur<\/span><\/span><\/p>\n<\/li>\n<li data-section-id=\"12qrv0e\" data-start=\"1083\" data-end=\"1120\">\n<p data-start=\"1085\" data-end=\"1120\"><span dir=\"auto\" style=\"vertical-align: inherit;\"><span dir=\"auto\" style=\"vertical-align: inherit;\">un rituel bien-\u00eatre ou m\u00e9ditation<\/span><\/span><\/p>\n<\/li>\n<li data-section-id=\"xnbw8h\" data-start=\"1121\" data-end=\"1163\">\n<p data-start=\"1123\" data-end=\"1163\"><span dir=\"auto\" style=\"vertical-align: inherit;\"><span dir=\"auto\" style=\"vertical-align: inherit;\">une id\u00e9e cadeau naturelle et originale<\/span><\/span><\/p>\n<\/li>\n<\/ul>\n","protected":false},"excerpt":{"rendered":"<p><span dir=\"auto\" style=\"vertical-align: inherit;\"><span dir=\"auto\" style=\"vertical-align: inherit;\">Bougie artisanale parfum\u00e9e aux <\/span><\/span><strong data-start=\"59\" data-end=\"93\"><span dir=\"auto\" style=\"vertical-align: inherit;\"><span dir=\"auto\" style=\"vertical-align: inherit;\">huiles essentielles de lavande<\/span><\/span><\/strong><span dir=\"auto\" style=\"vertical-align: inherit;\"><span dir=\"auto\" style=\"vertical-align: inherit;\"> , d\u00e9cor\u00e9e de <\/span><\/span><strong data-start=\"106\" data-end=\"129\"><span dir=\"auto\" style=\"vertical-align: inherit;\"><span dir=\"auto\" style=\"vertical-align: inherit;\">pierres d&rsquo;am\u00e9thyste<\/span><\/span><\/strong><span dir=\"auto\" style=\"vertical-align: inherit;\"><span dir=\"auto\" style=\"vertical-align: inherit;\"> pour une ambiance douce et relaxante. Son parfum naturel favorise la d\u00e9tente et transforme votre int\u00e9rieur en v\u00e9ritable espace de bien-\u00eatre. Id\u00e9ale pour la d\u00e9coration, la m\u00e9ditation ou comme cadeau apaisant. \ud83c\udf3f\ud83d\udc9c<\/span><\/span><\/p>\n","protected":false},"featured_media":1896,"template":"","meta":{"_uag_custom_page_level_css":"","_swt_meta_header_display":false,"_swt_meta_footer_display":false,"_swt_meta_site_title_display":false,"_swt_meta_sticky_header":false,"_swt_meta_transparent_header":false},"product_brand":[],"product_cat":[158,149,125],"product_tag":[159,155,153,154,156],"class_list":{"0":"post-3868","1":"product","2":"type-product","3":"status-publish","4":"has-post-thumbnail","6":"product_cat-ambiance-bien-etre","7":"product_cat-cevennesbienetre","8":"product_cat-mes-creations-de-bougies-ambiance-bien-etre","9":"product_tag-ambiance-bien-etre","10":"product_tag-amethyste","11":"product_tag-bougie","12":"product_tag-huiles-essentielles","13":"product_tag-lavande","15":"first","16":"instock","17":"shipping-taxable","18":"purchasable","19":"product-type-simple"},"yoast_head":"<!-- This site is optimized with the Yoast SEO plugin v27.5 - https:\/\/yoast.com\/product\/yoast-seo-wordpress\/ -->\n<title>Bougie M\u00e9ditation - C\u00e9vennes Bien-\u00catre - Massages bien-\u00eatre et soins \u00e9nerg\u00e9tiques<\/title>\n<meta name=\"description\" content=\"Bougie artisanale \u00e0 la cire de soja naturelle, aux huiles essentielles de lavande d\u00e9cor\u00e9e d\u2019am\u00e9thyste. Une bougie naturelle id\u00e9ale pour la relaxation, la d\u00e9coration et une ambiance zen.\" \/>\n<meta name=\"robots\" content=\"index, follow, max-snippet:-1, max-image-preview:large, max-video-preview:-1\" \/>\n<link rel=\"canonical\" href=\"https:\/\/cevennesbienetre.fr\/index.php\/produit\/bougie-meditation\/\" \/>\n<meta property=\"og:locale\" content=\"fr_FR\" \/>\n<meta property=\"og:type\" content=\"article\" \/>\n<meta property=\"og:title\" content=\"Bougie M\u00e9ditation - C\u00e9vennes Bien-\u00catre - Massages bien-\u00eatre et soins \u00e9nerg\u00e9tiques\" \/>\n<meta property=\"og:description\" content=\"Bougie artisanale \u00e0 la cire de soja naturelle, aux huiles essentielles de lavande d\u00e9cor\u00e9e d\u2019am\u00e9thyste. Une bougie naturelle id\u00e9ale pour la relaxation, la d\u00e9coration et une ambiance zen.\" \/>\n<meta property=\"og:url\" content=\"https:\/\/cevennesbienetre.fr\/index.php\/produit\/bougie-meditation\/\" \/>\n<meta property=\"og:site_name\" content=\"C\u00e9vennes Bien-\u00catre - Massages bien-\u00eatre et soins \u00e9nerg\u00e9tiques\" \/>\n<meta property=\"article:publisher\" content=\"https:\/\/www.facebook.com\/cevennesbienetre\" \/>\n<meta property=\"article:modified_time\" content=\"2026-03-19T21:06:21+00:00\" \/>\n<meta property=\"og:image\" content=\"https:\/\/cevennesbienetre.fr\/wp-content\/uploads\/2021\/11\/bougie-meditation.jpg\" \/>\n\t<meta property=\"og:image:width\" content=\"819\" \/>\n\t<meta property=\"og:image:height\" content=\"1220\" \/>\n\t<meta property=\"og:image:type\" content=\"image\/jpeg\" \/>\n<meta name=\"twitter:card\" content=\"summary_large_image\" \/>\n<meta name=\"twitter:label1\" content=\"Dur\u00e9e de lecture estim\u00e9e\" \/>\n\t<meta name=\"twitter:data1\" content=\"1 minute\" \/>\n<script type=\"application\/ld+json\" class=\"yoast-schema-graph\">{\"@context\":\"https:\\\/\\\/schema.org\",\"@graph\":[{\"@type\":\"WebPage\",\"@id\":\"https:\\\/\\\/cevennesbienetre.fr\\\/index.php\\\/produit\\\/bougie-meditation\\\/\",\"url\":\"https:\\\/\\\/cevennesbienetre.fr\\\/index.php\\\/produit\\\/bougie-meditation\\\/\",\"name\":\"Bougie M\u00e9ditation - C\u00e9vennes Bien-\u00catre - Massages bien-\u00eatre et soins \u00e9nerg\u00e9tiques\",\"isPartOf\":{\"@id\":\"https:\\\/\\\/cevennesbienetre.fr\\\/#website\"},\"primaryImageOfPage\":{\"@id\":\"https:\\\/\\\/cevennesbienetre.fr\\\/index.php\\\/produit\\\/bougie-meditation\\\/#primaryimage\"},\"image\":{\"@id\":\"https:\\\/\\\/cevennesbienetre.fr\\\/index.php\\\/produit\\\/bougie-meditation\\\/#primaryimage\"},\"thumbnailUrl\":\"https:\\\/\\\/cevennesbienetre.fr\\\/wp-content\\\/uploads\\\/2021\\\/11\\\/bougie-meditation.jpg\",\"datePublished\":\"2026-03-16T10:47:50+00:00\",\"dateModified\":\"2026-03-19T21:06:21+00:00\",\"description\":\"Bougie artisanale \u00e0 la cire de soja naturelle, aux huiles essentielles de lavande d\u00e9cor\u00e9e d\u2019am\u00e9thyste. Une bougie naturelle id\u00e9ale pour la relaxation, la d\u00e9coration et une ambiance zen.\",\"breadcrumb\":{\"@id\":\"https:\\\/\\\/cevennesbienetre.fr\\\/index.php\\\/produit\\\/bougie-meditation\\\/#breadcrumb\"},\"inLanguage\":\"fr-FR\",\"potentialAction\":[{\"@type\":\"ReadAction\",\"target\":[\"https:\\\/\\\/cevennesbienetre.fr\\\/index.php\\\/produit\\\/bougie-meditation\\\/\"]}]},{\"@type\":\"ImageObject\",\"inLanguage\":\"fr-FR\",\"@id\":\"https:\\\/\\\/cevennesbienetre.fr\\\/index.php\\\/produit\\\/bougie-meditation\\\/#primaryimage\",\"url\":\"https:\\\/\\\/cevennesbienetre.fr\\\/wp-content\\\/uploads\\\/2021\\\/11\\\/bougie-meditation.jpg\",\"contentUrl\":\"https:\\\/\\\/cevennesbienetre.fr\\\/wp-content\\\/uploads\\\/2021\\\/11\\\/bougie-meditation.jpg\",\"width\":819,\"height\":1220,\"caption\":\"bougie meditation lavande\"},{\"@type\":\"BreadcrumbList\",\"@id\":\"https:\\\/\\\/cevennesbienetre.fr\\\/index.php\\\/produit\\\/bougie-meditation\\\/#breadcrumb\",\"itemListElement\":[{\"@type\":\"ListItem\",\"position\":1,\"name\":\"Accueil\",\"item\":\"https:\\\/\\\/cevennesbienetre.fr\\\/\"},{\"@type\":\"ListItem\",\"position\":2,\"name\":\"Boutique\",\"item\":\"https:\\\/\\\/cevennesbienetre.fr\\\/index.php\\\/boutique\\\/\"},{\"@type\":\"ListItem\",\"position\":3,\"name\":\"Bougie M\u00e9ditation\"}]},{\"@type\":\"WebSite\",\"@id\":\"https:\\\/\\\/cevennesbienetre.fr\\\/#website\",\"url\":\"https:\\\/\\\/cevennesbienetre.fr\\\/\",\"name\":\"C\u00e9vennes Bien-\u00catre - Massages bien-\u00eatre et soins \u00e9nerg\u00e9tiques\",\"description\":\"\",\"publisher\":{\"@id\":\"https:\\\/\\\/cevennesbienetre.fr\\\/#organization\"},\"potentialAction\":[{\"@type\":\"SearchAction\",\"target\":{\"@type\":\"EntryPoint\",\"urlTemplate\":\"https:\\\/\\\/cevennesbienetre.fr\\\/?s={search_term_string}\"},\"query-input\":{\"@type\":\"PropertyValueSpecification\",\"valueRequired\":true,\"valueName\":\"search_term_string\"}}],\"inLanguage\":\"fr-FR\"},{\"@type\":\"Organization\",\"@id\":\"https:\\\/\\\/cevennesbienetre.fr\\\/#organization\",\"name\":\"C\u00e9vennes Bien-\u00catre - Massages bien-\u00eatre et soins \u00e9nerg\u00e9tiques\",\"url\":\"https:\\\/\\\/cevennesbienetre.fr\\\/\",\"logo\":{\"@type\":\"ImageObject\",\"inLanguage\":\"fr-FR\",\"@id\":\"https:\\\/\\\/cevennesbienetre.fr\\\/#\\\/schema\\\/logo\\\/image\\\/\",\"url\":\"https:\\\/\\\/cevennesbienetre.fr\\\/wp-content\\\/uploads\\\/2026\\\/02\\\/Logo_Final_Main_a_05-257x300-1-150x150-1.png\",\"contentUrl\":\"https:\\\/\\\/cevennesbienetre.fr\\\/wp-content\\\/uploads\\\/2026\\\/02\\\/Logo_Final_Main_a_05-257x300-1-150x150-1.png\",\"width\":150,\"height\":150,\"caption\":\"C\u00e9vennes Bien-\u00catre - Massages bien-\u00eatre et soins \u00e9nerg\u00e9tiques\"},\"image\":{\"@id\":\"https:\\\/\\\/cevennesbienetre.fr\\\/#\\\/schema\\\/logo\\\/image\\\/\"},\"sameAs\":[\"https:\\\/\\\/www.facebook.com\\\/cevennesbienetre\"]}]}<\/script>\n<!-- \/ Yoast SEO plugin. -->","yoast_head_json":{"title":"Bougie M\u00e9ditation - C\u00e9vennes Bien-\u00catre - Massages bien-\u00eatre et soins \u00e9nerg\u00e9tiques","description":"Bougie artisanale \u00e0 la cire de soja naturelle, aux huiles essentielles de lavande d\u00e9cor\u00e9e d\u2019am\u00e9thyste. Une bougie naturelle id\u00e9ale pour la relaxation, la d\u00e9coration et une ambiance zen.","robots":{"index":"index","follow":"follow","max-snippet":"max-snippet:-1","max-image-preview":"max-image-preview:large","max-video-preview":"max-video-preview:-1"},"canonical":"https:\/\/cevennesbienetre.fr\/index.php\/produit\/bougie-meditation\/","og_locale":"fr_FR","og_type":"article","og_title":"Bougie M\u00e9ditation - C\u00e9vennes Bien-\u00catre - Massages bien-\u00eatre et soins \u00e9nerg\u00e9tiques","og_description":"Bougie artisanale \u00e0 la cire de soja naturelle, aux huiles essentielles de lavande d\u00e9cor\u00e9e d\u2019am\u00e9thyste. Une bougie naturelle id\u00e9ale pour la relaxation, la d\u00e9coration et une ambiance zen.","og_url":"https:\/\/cevennesbienetre.fr\/index.php\/produit\/bougie-meditation\/","og_site_name":"C\u00e9vennes Bien-\u00catre - Massages bien-\u00eatre et soins \u00e9nerg\u00e9tiques","article_publisher":"https:\/\/www.facebook.com\/cevennesbienetre","article_modified_time":"2026-03-19T21:06:21+00:00","og_image":[{"width":819,"height":1220,"url":"https:\/\/cevennesbienetre.fr\/wp-content\/uploads\/2021\/11\/bougie-meditation.jpg","type":"image\/jpeg"}],"twitter_card":"summary_large_image","twitter_misc":{"Dur\u00e9e de lecture estim\u00e9e":"1 minute"},"schema":{"@context":"https:\/\/schema.org","@graph":[{"@type":"WebPage","@id":"https:\/\/cevennesbienetre.fr\/index.php\/produit\/bougie-meditation\/","url":"https:\/\/cevennesbienetre.fr\/index.php\/produit\/bougie-meditation\/","name":"Bougie M\u00e9ditation - C\u00e9vennes Bien-\u00catre - Massages bien-\u00eatre et soins \u00e9nerg\u00e9tiques","isPartOf":{"@id":"https:\/\/cevennesbienetre.fr\/#website"},"primaryImageOfPage":{"@id":"https:\/\/cevennesbienetre.fr\/index.php\/produit\/bougie-meditation\/#primaryimage"},"image":{"@id":"https:\/\/cevennesbienetre.fr\/index.php\/produit\/bougie-meditation\/#primaryimage"},"thumbnailUrl":"https:\/\/cevennesbienetre.fr\/wp-content\/uploads\/2021\/11\/bougie-meditation.jpg","datePublished":"2026-03-16T10:47:50+00:00","dateModified":"2026-03-19T21:06:21+00:00","description":"Bougie artisanale \u00e0 la cire de soja naturelle, aux huiles essentielles de lavande d\u00e9cor\u00e9e d\u2019am\u00e9thyste. Une bougie naturelle id\u00e9ale pour la relaxation, la d\u00e9coration et une ambiance zen.","breadcrumb":{"@id":"https:\/\/cevennesbienetre.fr\/index.php\/produit\/bougie-meditation\/#breadcrumb"},"inLanguage":"fr-FR","potentialAction":[{"@type":"ReadAction","target":["https:\/\/cevennesbienetre.fr\/index.php\/produit\/bougie-meditation\/"]}]},{"@type":"ImageObject","inLanguage":"fr-FR","@id":"https:\/\/cevennesbienetre.fr\/index.php\/produit\/bougie-meditation\/#primaryimage","url":"https:\/\/cevennesbienetre.fr\/wp-content\/uploads\/2021\/11\/bougie-meditation.jpg","contentUrl":"https:\/\/cevennesbienetre.fr\/wp-content\/uploads\/2021\/11\/bougie-meditation.jpg","width":819,"height":1220,"caption":"bougie meditation lavande"},{"@type":"BreadcrumbList","@id":"https:\/\/cevennesbienetre.fr\/index.php\/produit\/bougie-meditation\/#breadcrumb","itemListElement":[{"@type":"ListItem","position":1,"name":"Accueil","item":"https:\/\/cevennesbienetre.fr\/"},{"@type":"ListItem","position":2,"name":"Boutique","item":"https:\/\/cevennesbienetre.fr\/index.php\/boutique\/"},{"@type":"ListItem","position":3,"name":"Bougie M\u00e9ditation"}]},{"@type":"WebSite","@id":"https:\/\/cevennesbienetre.fr\/#website","url":"https:\/\/cevennesbienetre.fr\/","name":"C\u00e9vennes Bien-\u00catre - Massages bien-\u00eatre et soins \u00e9nerg\u00e9tiques","description":"","publisher":{"@id":"https:\/\/cevennesbienetre.fr\/#organization"},"potentialAction":[{"@type":"SearchAction","target":{"@type":"EntryPoint","urlTemplate":"https:\/\/cevennesbienetre.fr\/?s={search_term_string}"},"query-input":{"@type":"PropertyValueSpecification","valueRequired":true,"valueName":"search_term_string"}}],"inLanguage":"fr-FR"},{"@type":"Organization","@id":"https:\/\/cevennesbienetre.fr\/#organization","name":"C\u00e9vennes Bien-\u00catre - Massages bien-\u00eatre et soins \u00e9nerg\u00e9tiques","url":"https:\/\/cevennesbienetre.fr\/","logo":{"@type":"ImageObject","inLanguage":"fr-FR","@id":"https:\/\/cevennesbienetre.fr\/#\/schema\/logo\/image\/","url":"https:\/\/cevennesbienetre.fr\/wp-content\/uploads\/2026\/02\/Logo_Final_Main_a_05-257x300-1-150x150-1.png","contentUrl":"https:\/\/cevennesbienetre.fr\/wp-content\/uploads\/2026\/02\/Logo_Final_Main_a_05-257x300-1-150x150-1.png","width":150,"height":150,"caption":"C\u00e9vennes Bien-\u00catre - Massages bien-\u00eatre et soins \u00e9nerg\u00e9tiques"},"image":{"@id":"https:\/\/cevennesbienetre.fr\/#\/schema\/logo\/image\/"},"sameAs":["https:\/\/www.facebook.com\/cevennesbienetre"]}]}},"uagb_featured_image_src":{"full":["https:\/\/cevennesbienetre.fr\/wp-content\/uploads\/2021\/11\/bougie-meditation.jpg",819,1220,false],"thumbnail":["https:\/\/cevennesbienetre.fr\/wp-content\/uploads\/2021\/11\/bougie-meditation-150x150.jpg",150,150,true],"medium":["https:\/\/cevennesbienetre.fr\/wp-content\/uploads\/2021\/11\/bougie-meditation-201x300.jpg",201,300,true],"medium_large":["https:\/\/cevennesbienetre.fr\/wp-content\/uploads\/2021\/11\/bougie-meditation-768x1144.jpg",768,1144,true],"large":["https:\/\/cevennesbienetre.fr\/wp-content\/uploads\/2021\/11\/bougie-meditation-687x1024.jpg",687,1024,true],"1536x1536":["https:\/\/cevennesbienetre.fr\/wp-content\/uploads\/2021\/11\/bougie-meditation.jpg",819,1220,false],"2048x2048":["https:\/\/cevennesbienetre.fr\/wp-content\/uploads\/2021\/11\/bougie-meditation.jpg",819,1220,false],"woocommerce_thumbnail":["https:\/\/cevennesbienetre.fr\/wp-content\/uploads\/2021\/11\/bougie-meditation-300x300.jpg",300,300,true],"woocommerce_single":["https:\/\/cevennesbienetre.fr\/wp-content\/uploads\/2021\/11\/bougie-meditation-600x894.jpg",600,894,true],"woocommerce_gallery_thumbnail":["https:\/\/cevennesbienetre.fr\/wp-content\/uploads\/2021\/11\/bougie-meditation-100x100.jpg",100,100,true]},"uagb_author_info":{"display_name":"admin6017","author_link":"https:\/\/cevennesbienetre.fr\/index.php\/author\/"},"uagb_comment_info":0,"uagb_excerpt":"Bougie artisanale parfum\u00e9e aux huiles essentielles de lavande , d\u00e9cor\u00e9e de pierres d'am\u00e9thyste pour une ambiance douce et relaxante. Son parfum naturel favorise la d\u00e9tente et transforme votre int\u00e9rieur en v\u00e9ritable espace de bien-\u00eatre. Id\u00e9ale pour la d\u00e9coration, la m\u00e9ditation ou comme cadeau apaisant. \ud83c\udf3f\ud83d\udc9c","_links":{"self":[{"href":"https:\/\/cevennesbienetre.fr\/index.php\/wp-json\/wp\/v2\/product\/3868","targetHints":{"allow":["GET"]}}],"collection":[{"href":"https:\/\/cevennesbienetre.fr\/index.php\/wp-json\/wp\/v2\/product"}],"about":[{"href":"https:\/\/cevennesbienetre.fr\/index.php\/wp-json\/wp\/v2\/types\/product"}],"wp:featuredmedia":[{"embeddable":true,"href":"https:\/\/cevennesbienetre.fr\/index.php\/wp-json\/wp\/v2\/media\/1896"}],"wp:attachment":[{"href":"https:\/\/cevennesbienetre.fr\/index.php\/wp-json\/wp\/v2\/media?parent=3868"}],"wp:term":[{"taxonomy":"product_brand","embeddable":true,"href":"https:\/\/cevennesbienetre.fr\/index.php\/wp-json\/wp\/v2\/product_brand?post=3868"},{"taxonomy":"product_cat","embeddable":true,"href":"https:\/\/cevennesbienetre.fr\/index.php\/wp-json\/wp\/v2\/product_cat?post=3868"},{"taxonomy":"product_tag","embeddable":true,"href":"https:\/\/cevennesbienetre.fr\/index.php\/wp-json\/wp\/v2\/product_tag?post=3868"}],"curies":[{"name":"wp","href":"https:\/\/api.w.org\/{rel}","templated":true}]}}