{"id":3841,"date":"2026-03-15T21:29:55","date_gmt":"2026-03-15T20:29:55","guid":{"rendered":"https:\/\/cevennesbienetre.fr\/?post_type=product&#038;p=3841"},"modified":"2026-03-16T20:30:20","modified_gmt":"2026-03-16T19:30:20","slug":"carte-cadeau-shirotchampi-le-cranien","status":"publish","type":"product","link":"https:\/\/cevennesbienetre.fr\/index.php\/produit\/carte-cadeau-shirotchampi-le-cranien\/","title":{"rendered":"Carte cadeau : Shirotchampi, le cr\u00e2nien"},"content":{"rendered":"<section class=\"elementor-section elementor-top-section elementor-element elementor-element-3ff6f8c7 elementor-section-boxed elementor-section-height-default elementor-section-height-default\" data-id=\"3ff6f8c7\" data-element_type=\"section\" data-e-type=\"section\">\n<div class=\"elementor-container elementor-column-gap-default\">\n<div class=\"elementor-column elementor-col-100 elementor-top-column elementor-element elementor-element-363a5207\" data-id=\"363a5207\" data-element_type=\"column\" data-e-type=\"column\">\n<div class=\"elementor-widget-wrap elementor-element-populated\">\n<section class=\"elementor-section elementor-inner-section elementor-element elementor-element-81f76ac elementor-section-boxed elementor-section-height-default elementor-section-height-default\" data-id=\"81f76ac\" data-element_type=\"section\" data-e-type=\"section\">\n<div class=\"elementor-container elementor-column-gap-default\">\n<div class=\"elementor-column elementor-col-50 elementor-inner-column elementor-element elementor-element-ecbb2c5\" data-id=\"ecbb2c5\" data-element_type=\"column\" data-e-type=\"column\">\n<div class=\"elementor-widget-wrap elementor-element-populated\">\n<div class=\"elementor-element elementor-element-46dc6ce1 elementor-widget elementor-widget-text-editor\" data-id=\"46dc6ce1\" data-element_type=\"widget\" data-e-type=\"widget\" data-widget_type=\"text-editor.default\">\n<div class=\"elementor-widget-container\">\n<p style=\"text-align: left;\">\n<\/div>\n<\/div>\n<\/div>\n<\/div>\n<\/div>\n<\/section>\n<\/div>\n<\/div>\n<\/div>\n<\/section>\n<section class=\"elementor-section elementor-top-section elementor-element elementor-element-560ee3e elementor-section-boxed elementor-section-height-default elementor-section-height-default\" data-id=\"560ee3e\" data-element_type=\"section\" data-e-type=\"section\">\n<div class=\"elementor-container elementor-column-gap-default\">\n<div class=\"elementor-column elementor-col-100 elementor-top-column elementor-element elementor-element-991eeac\" data-id=\"991eeac\" data-element_type=\"column\" data-e-type=\"column\">\n<div class=\"elementor-widget-wrap elementor-element-populated\">\n<div class=\"elementor-element elementor-element-1bf60c8 elementor-widget elementor-widget-spacer\" data-id=\"1bf60c8\" data-element_type=\"widget\" data-e-type=\"widget\" data-widget_type=\"spacer.default\">\n<div class=\"elementor-widget-container\">\n<div class=\"elementor-spacer\" style=\"text-align: left;\">\n<p><strong>Le cr\u00e2nien, massage indien de la t\u00eate<\/strong><\/p>\n<p>Tout comme le <a href=\"https:\/\/cevennesbienetre.fr\/index.php\/mesmerize\/massages-et-soins\/massage-ayurvedique-abhyanga\/\">massage Abyanga<\/a> , le shirotchampi fait parti des massages ayurv\u00e9diques.<\/p>\n<p>Le shirotchampi, litt\u00e9ralement \u00ab\u00a0massage de la t\u00eate est pratiqu\u00e9 \u00e0 l\u2019huile de coco bio, sur le haut du dos, les \u00e9paules, la nuque ainsi que de la t\u00eate ce massage vous apportera relaxation par un esprit libre et l\u00e9ger.<\/p>\n<p>Ancr\u00e9 dans la culture indienne, ce massage se transmettait de m\u00e8re en fille car les cheveux sont signes de bonne sant\u00e9 et elles consacraient beaucoup de temps \u00e0 leur entretien.<\/p>\n<p>Puis les indiens plus traditionnellement appliquaient de l\u2019huile de coco sur la chevelure afin de stimuler leur croissance et les prot\u00e9ger du soleil.<\/p>\n<p>Les colons anglais rapport\u00e8rent le mot \u00ab\u00a0shirotchampi\u00a0\u00bb, le transform\u00e8rent en \u00ab\u00a0shampoo\u00a0\u00bb qui donne \u00e0 pr\u00e9sent le mot \u00ab\u00a0shampoings.<\/p>\n<p>Pratiqu\u00e9 en 2 temps sur une chaise puis allong\u00e9, ce massage allie frictions, p\u00e9trissages et percussions permettant \u00e0 la fois une d\u00e9tente et une tonification cr\u00e2nienne.<\/p>\n<p><strong>Bienfaits<\/strong>\u00a0:<\/p>\n<ul>\n<li>Lutte contre les insomnies<\/li>\n<li>R\u00e9duit les migraines<\/li>\n<li>Favorise l\u2019harmonisation des cerveaux gauche et droit<\/li>\n<li>clarifie l\u2019esprit et am\u00e9liore la concentration<\/li>\n<li>Apporte relaxation et s\u00e9r\u00e9nit\u00e9<\/li>\n<li>favorise le cuir chevelu, le fortifie et le rend brillant<\/li>\n<\/ul>\n<p><strong>Les contre-indications :<\/strong><\/p>\n<ul>\n<li>fi\u00e8vre le jour du massage<\/li>\n<\/ul>\n<p>&nbsp;<\/p>\n<p><b>\u00a0<\/b><\/p>\n<p>&nbsp;<\/p>\n<\/div>\n<\/div>\n<\/div>\n<\/div>\n<\/div>\n<\/div>\n<\/section>\n","protected":false},"excerpt":{"rendered":"<p style=\"text-align: left;\">Le shirotchampi, litt\u00e9ralement \u00ab\u00a0massage de la t\u00eate est pratiqu\u00e9 \u00e0 l\u2019huile de coco bio, sur le haut du dos, les \u00e9paules, la nuque ainsi que de la t\u00eate ce massage vous apportera relaxation par un esprit libre et l\u00e9ger.<\/p>\n<p style=\"text-align: left;\">Ancr\u00e9 dans la culture indienne, ce massage se transmettait de m\u00e8re en fille car les cheveux sont signes de bonne sant\u00e9 et elles consacraient beaucoup de temps \u00e0 leur entretien.<\/p>\n<p style=\"text-align: left;\">Puis les indiens plus traditionnellement appliquaient de l\u2019huile de coco sur la chevelure afin de stimuler leur croissance et les prot\u00e9ger du soleil.<\/p>\n<p style=\"text-align: left;\">Les colons anglais rapport\u00e8rent le mot \u00ab\u00a0shirotchampi\u00a0\u00bb, le transform\u00e8rent en \u00ab\u00a0shampoo\u00a0\u00bb qui donne \u00e0 pr\u00e9sent le mot \u00ab\u00a0shampoings.<\/p>\n<p style=\"text-align: left;\">Pratiqu\u00e9 en 2 temps sur une chaise puis allong\u00e9, ce massage allie frictions, p\u00e9trissages et percussions permettant \u00e0 la fois une d\u00e9tente et une tonification cr\u00e2nienne.<\/p>\n<p style=\"text-align: left;\"><strong>Bienfaits<\/strong>\u00a0:<\/p>\n<ul style=\"text-align: left;\">\n<li>Lutte contre les insomnies<\/li>\n<li>R\u00e9duit les migraines<\/li>\n<li>Favorise l\u2019harmonisation des cerveaux gauche et droit<\/li>\n<li>clarifie l\u2019esprit et am\u00e9liore la concentration<\/li>\n<li>Apporte relaxation et s\u00e9r\u00e9nit\u00e9<\/li>\n<li>favorise le cuir chevelu, le fortifie et le rend brillant<\/li>\n<\/ul>\n<p style=\"text-align: left;\"><strong>Les contre-indications :<\/strong><\/p>\n<ul>\n<li style=\"text-align: left;\">fi\u00e8vre le jour du massage<\/li>\n<\/ul>\n","protected":false},"featured_media":1716,"template":"","meta":{"_uag_custom_page_level_css":"","_swt_meta_header_display":false,"_swt_meta_footer_display":false,"_swt_meta_site_title_display":false,"_swt_meta_sticky_header":false,"_swt_meta_transparent_header":false},"product_brand":[],"product_cat":[44,149],"product_tag":[36,39,40],"class_list":{"0":"post-3841","1":"product","2":"type-product","3":"status-publish","4":"has-post-thumbnail","6":"product_cat-carte-cadeau","7":"product_cat-cevennesbienetre","8":"product_tag-detente","9":"product_tag-lacher-prise","10":"product_tag-relaxation-profonde","12":"first","13":"instock","14":"downloadable","15":"virtual","16":"purchasable","17":"product-type-simple"},"yoast_head":"<!-- This site is optimized with the Yoast SEO plugin v27.5 - https:\/\/yoast.com\/product\/yoast-seo-wordpress\/ -->\n<title>Carte cadeau : Shirotchampi, le cr\u00e2nien - C\u00e9vennes Bien-\u00catre - Massages bien-\u00eatre et soins \u00e9nerg\u00e9tiques<\/title>\n<meta name=\"description\" content=\"Massage cr\u00e2nien Shirotchampi \u00e0 l\u2019huile de coco bio : relaxation profonde, r\u00e9duction des migraines, harmonisation mentale et bien-\u00eatre selon la tradition ayurv\u00e9dique.\" \/>\n<meta name=\"robots\" content=\"index, follow, max-snippet:-1, max-image-preview:large, max-video-preview:-1\" \/>\n<link rel=\"canonical\" href=\"https:\/\/cevennesbienetre.fr\/index.php\/produit\/carte-cadeau-shirotchampi-le-cranien\/\" \/>\n<meta property=\"og:locale\" content=\"fr_FR\" \/>\n<meta property=\"og:type\" content=\"article\" \/>\n<meta property=\"og:title\" content=\"Carte cadeau : Shirotchampi, le cr\u00e2nien - C\u00e9vennes Bien-\u00catre - Massages bien-\u00eatre et soins \u00e9nerg\u00e9tiques\" \/>\n<meta property=\"og:description\" content=\"Massage cr\u00e2nien Shirotchampi \u00e0 l\u2019huile de coco bio : relaxation profonde, r\u00e9duction des migraines, harmonisation mentale et bien-\u00eatre selon la tradition ayurv\u00e9dique.\" \/>\n<meta property=\"og:url\" content=\"https:\/\/cevennesbienetre.fr\/index.php\/produit\/carte-cadeau-shirotchampi-le-cranien\/\" \/>\n<meta property=\"og:site_name\" content=\"C\u00e9vennes Bien-\u00catre - Massages bien-\u00eatre et soins \u00e9nerg\u00e9tiques\" \/>\n<meta property=\"article:publisher\" content=\"https:\/\/www.facebook.com\/cevennesbienetre\" \/>\n<meta property=\"article:modified_time\" content=\"2026-03-16T19:30:20+00:00\" \/>\n<meta property=\"og:image\" content=\"https:\/\/cevennesbienetre.fr\/wp-content\/uploads\/2020\/04\/massage-de-la-tete.jpg\" \/>\n\t<meta property=\"og:image:width\" content=\"1920\" \/>\n\t<meta property=\"og:image:height\" content=\"1277\" \/>\n\t<meta property=\"og:image:type\" content=\"image\/jpeg\" \/>\n<meta name=\"twitter:card\" content=\"summary_large_image\" \/>\n<meta name=\"twitter:label1\" content=\"Dur\u00e9e de lecture estim\u00e9e\" \/>\n\t<meta name=\"twitter:data1\" content=\"1 minute\" \/>\n<script type=\"application\/ld+json\" class=\"yoast-schema-graph\">{\"@context\":\"https:\\\/\\\/schema.org\",\"@graph\":[{\"@type\":\"WebPage\",\"@id\":\"https:\\\/\\\/cevennesbienetre.fr\\\/index.php\\\/produit\\\/carte-cadeau-shirotchampi-le-cranien\\\/\",\"url\":\"https:\\\/\\\/cevennesbienetre.fr\\\/index.php\\\/produit\\\/carte-cadeau-shirotchampi-le-cranien\\\/\",\"name\":\"Carte cadeau : Shirotchampi, le cr\u00e2nien - C\u00e9vennes Bien-\u00catre - Massages bien-\u00eatre et soins \u00e9nerg\u00e9tiques\",\"isPartOf\":{\"@id\":\"https:\\\/\\\/cevennesbienetre.fr\\\/#website\"},\"primaryImageOfPage\":{\"@id\":\"https:\\\/\\\/cevennesbienetre.fr\\\/index.php\\\/produit\\\/carte-cadeau-shirotchampi-le-cranien\\\/#primaryimage\"},\"image\":{\"@id\":\"https:\\\/\\\/cevennesbienetre.fr\\\/index.php\\\/produit\\\/carte-cadeau-shirotchampi-le-cranien\\\/#primaryimage\"},\"thumbnailUrl\":\"https:\\\/\\\/cevennesbienetre.fr\\\/wp-content\\\/uploads\\\/2020\\\/04\\\/massage-de-la-tete.jpg\",\"datePublished\":\"2026-03-15T20:29:55+00:00\",\"dateModified\":\"2026-03-16T19:30:20+00:00\",\"description\":\"Massage cr\u00e2nien Shirotchampi \u00e0 l\u2019huile de coco bio : relaxation profonde, r\u00e9duction des migraines, harmonisation mentale et bien-\u00eatre selon la tradition ayurv\u00e9dique.\",\"breadcrumb\":{\"@id\":\"https:\\\/\\\/cevennesbienetre.fr\\\/index.php\\\/produit\\\/carte-cadeau-shirotchampi-le-cranien\\\/#breadcrumb\"},\"inLanguage\":\"fr-FR\",\"potentialAction\":[{\"@type\":\"ReadAction\",\"target\":[\"https:\\\/\\\/cevennesbienetre.fr\\\/index.php\\\/produit\\\/carte-cadeau-shirotchampi-le-cranien\\\/\"]}]},{\"@type\":\"ImageObject\",\"inLanguage\":\"fr-FR\",\"@id\":\"https:\\\/\\\/cevennesbienetre.fr\\\/index.php\\\/produit\\\/carte-cadeau-shirotchampi-le-cranien\\\/#primaryimage\",\"url\":\"https:\\\/\\\/cevennesbienetre.fr\\\/wp-content\\\/uploads\\\/2020\\\/04\\\/massage-de-la-tete.jpg\",\"contentUrl\":\"https:\\\/\\\/cevennesbienetre.fr\\\/wp-content\\\/uploads\\\/2020\\\/04\\\/massage-de-la-tete.jpg\",\"width\":1920,\"height\":1277},{\"@type\":\"BreadcrumbList\",\"@id\":\"https:\\\/\\\/cevennesbienetre.fr\\\/index.php\\\/produit\\\/carte-cadeau-shirotchampi-le-cranien\\\/#breadcrumb\",\"itemListElement\":[{\"@type\":\"ListItem\",\"position\":1,\"name\":\"Accueil\",\"item\":\"https:\\\/\\\/cevennesbienetre.fr\\\/\"},{\"@type\":\"ListItem\",\"position\":2,\"name\":\"Boutique\",\"item\":\"https:\\\/\\\/cevennesbienetre.fr\\\/index.php\\\/boutique\\\/\"},{\"@type\":\"ListItem\",\"position\":3,\"name\":\"Carte cadeau : Shirotchampi, le cr\u00e2nien\"}]},{\"@type\":\"WebSite\",\"@id\":\"https:\\\/\\\/cevennesbienetre.fr\\\/#website\",\"url\":\"https:\\\/\\\/cevennesbienetre.fr\\\/\",\"name\":\"C\u00e9vennes Bien-\u00catre - Massages bien-\u00eatre et soins \u00e9nerg\u00e9tiques\",\"description\":\"\",\"publisher\":{\"@id\":\"https:\\\/\\\/cevennesbienetre.fr\\\/#organization\"},\"potentialAction\":[{\"@type\":\"SearchAction\",\"target\":{\"@type\":\"EntryPoint\",\"urlTemplate\":\"https:\\\/\\\/cevennesbienetre.fr\\\/?s={search_term_string}\"},\"query-input\":{\"@type\":\"PropertyValueSpecification\",\"valueRequired\":true,\"valueName\":\"search_term_string\"}}],\"inLanguage\":\"fr-FR\"},{\"@type\":\"Organization\",\"@id\":\"https:\\\/\\\/cevennesbienetre.fr\\\/#organization\",\"name\":\"C\u00e9vennes Bien-\u00catre - Massages bien-\u00eatre et soins \u00e9nerg\u00e9tiques\",\"url\":\"https:\\\/\\\/cevennesbienetre.fr\\\/\",\"logo\":{\"@type\":\"ImageObject\",\"inLanguage\":\"fr-FR\",\"@id\":\"https:\\\/\\\/cevennesbienetre.fr\\\/#\\\/schema\\\/logo\\\/image\\\/\",\"url\":\"https:\\\/\\\/cevennesbienetre.fr\\\/wp-content\\\/uploads\\\/2026\\\/02\\\/Logo_Final_Main_a_05-257x300-1-150x150-1.png\",\"contentUrl\":\"https:\\\/\\\/cevennesbienetre.fr\\\/wp-content\\\/uploads\\\/2026\\\/02\\\/Logo_Final_Main_a_05-257x300-1-150x150-1.png\",\"width\":150,\"height\":150,\"caption\":\"C\u00e9vennes Bien-\u00catre - Massages bien-\u00eatre et soins \u00e9nerg\u00e9tiques\"},\"image\":{\"@id\":\"https:\\\/\\\/cevennesbienetre.fr\\\/#\\\/schema\\\/logo\\\/image\\\/\"},\"sameAs\":[\"https:\\\/\\\/www.facebook.com\\\/cevennesbienetre\"]}]}<\/script>\n<!-- \/ Yoast SEO plugin. -->","yoast_head_json":{"title":"Carte cadeau : Shirotchampi, le cr\u00e2nien - C\u00e9vennes Bien-\u00catre - Massages bien-\u00eatre et soins \u00e9nerg\u00e9tiques","description":"Massage cr\u00e2nien Shirotchampi \u00e0 l\u2019huile de coco bio : relaxation profonde, r\u00e9duction des migraines, harmonisation mentale et bien-\u00eatre selon la tradition ayurv\u00e9dique.","robots":{"index":"index","follow":"follow","max-snippet":"max-snippet:-1","max-image-preview":"max-image-preview:large","max-video-preview":"max-video-preview:-1"},"canonical":"https:\/\/cevennesbienetre.fr\/index.php\/produit\/carte-cadeau-shirotchampi-le-cranien\/","og_locale":"fr_FR","og_type":"article","og_title":"Carte cadeau : Shirotchampi, le cr\u00e2nien - C\u00e9vennes Bien-\u00catre - Massages bien-\u00eatre et soins \u00e9nerg\u00e9tiques","og_description":"Massage cr\u00e2nien Shirotchampi \u00e0 l\u2019huile de coco bio : relaxation profonde, r\u00e9duction des migraines, harmonisation mentale et bien-\u00eatre selon la tradition ayurv\u00e9dique.","og_url":"https:\/\/cevennesbienetre.fr\/index.php\/produit\/carte-cadeau-shirotchampi-le-cranien\/","og_site_name":"C\u00e9vennes Bien-\u00catre - Massages bien-\u00eatre et soins \u00e9nerg\u00e9tiques","article_publisher":"https:\/\/www.facebook.com\/cevennesbienetre","article_modified_time":"2026-03-16T19:30:20+00:00","og_image":[{"width":1920,"height":1277,"url":"https:\/\/cevennesbienetre.fr\/wp-content\/uploads\/2020\/04\/massage-de-la-tete.jpg","type":"image\/jpeg"}],"twitter_card":"summary_large_image","twitter_misc":{"Dur\u00e9e de lecture estim\u00e9e":"1 minute"},"schema":{"@context":"https:\/\/schema.org","@graph":[{"@type":"WebPage","@id":"https:\/\/cevennesbienetre.fr\/index.php\/produit\/carte-cadeau-shirotchampi-le-cranien\/","url":"https:\/\/cevennesbienetre.fr\/index.php\/produit\/carte-cadeau-shirotchampi-le-cranien\/","name":"Carte cadeau : Shirotchampi, le cr\u00e2nien - C\u00e9vennes Bien-\u00catre - Massages bien-\u00eatre et soins \u00e9nerg\u00e9tiques","isPartOf":{"@id":"https:\/\/cevennesbienetre.fr\/#website"},"primaryImageOfPage":{"@id":"https:\/\/cevennesbienetre.fr\/index.php\/produit\/carte-cadeau-shirotchampi-le-cranien\/#primaryimage"},"image":{"@id":"https:\/\/cevennesbienetre.fr\/index.php\/produit\/carte-cadeau-shirotchampi-le-cranien\/#primaryimage"},"thumbnailUrl":"https:\/\/cevennesbienetre.fr\/wp-content\/uploads\/2020\/04\/massage-de-la-tete.jpg","datePublished":"2026-03-15T20:29:55+00:00","dateModified":"2026-03-16T19:30:20+00:00","description":"Massage cr\u00e2nien Shirotchampi \u00e0 l\u2019huile de coco bio : relaxation profonde, r\u00e9duction des migraines, harmonisation mentale et bien-\u00eatre selon la tradition ayurv\u00e9dique.","breadcrumb":{"@id":"https:\/\/cevennesbienetre.fr\/index.php\/produit\/carte-cadeau-shirotchampi-le-cranien\/#breadcrumb"},"inLanguage":"fr-FR","potentialAction":[{"@type":"ReadAction","target":["https:\/\/cevennesbienetre.fr\/index.php\/produit\/carte-cadeau-shirotchampi-le-cranien\/"]}]},{"@type":"ImageObject","inLanguage":"fr-FR","@id":"https:\/\/cevennesbienetre.fr\/index.php\/produit\/carte-cadeau-shirotchampi-le-cranien\/#primaryimage","url":"https:\/\/cevennesbienetre.fr\/wp-content\/uploads\/2020\/04\/massage-de-la-tete.jpg","contentUrl":"https:\/\/cevennesbienetre.fr\/wp-content\/uploads\/2020\/04\/massage-de-la-tete.jpg","width":1920,"height":1277},{"@type":"BreadcrumbList","@id":"https:\/\/cevennesbienetre.fr\/index.php\/produit\/carte-cadeau-shirotchampi-le-cranien\/#breadcrumb","itemListElement":[{"@type":"ListItem","position":1,"name":"Accueil","item":"https:\/\/cevennesbienetre.fr\/"},{"@type":"ListItem","position":2,"name":"Boutique","item":"https:\/\/cevennesbienetre.fr\/index.php\/boutique\/"},{"@type":"ListItem","position":3,"name":"Carte cadeau : Shirotchampi, le cr\u00e2nien"}]},{"@type":"WebSite","@id":"https:\/\/cevennesbienetre.fr\/#website","url":"https:\/\/cevennesbienetre.fr\/","name":"C\u00e9vennes Bien-\u00catre - Massages bien-\u00eatre et soins \u00e9nerg\u00e9tiques","description":"","publisher":{"@id":"https:\/\/cevennesbienetre.fr\/#organization"},"potentialAction":[{"@type":"SearchAction","target":{"@type":"EntryPoint","urlTemplate":"https:\/\/cevennesbienetre.fr\/?s={search_term_string}"},"query-input":{"@type":"PropertyValueSpecification","valueRequired":true,"valueName":"search_term_string"}}],"inLanguage":"fr-FR"},{"@type":"Organization","@id":"https:\/\/cevennesbienetre.fr\/#organization","name":"C\u00e9vennes Bien-\u00catre - Massages bien-\u00eatre et soins \u00e9nerg\u00e9tiques","url":"https:\/\/cevennesbienetre.fr\/","logo":{"@type":"ImageObject","inLanguage":"fr-FR","@id":"https:\/\/cevennesbienetre.fr\/#\/schema\/logo\/image\/","url":"https:\/\/cevennesbienetre.fr\/wp-content\/uploads\/2026\/02\/Logo_Final_Main_a_05-257x300-1-150x150-1.png","contentUrl":"https:\/\/cevennesbienetre.fr\/wp-content\/uploads\/2026\/02\/Logo_Final_Main_a_05-257x300-1-150x150-1.png","width":150,"height":150,"caption":"C\u00e9vennes Bien-\u00catre - Massages bien-\u00eatre et soins \u00e9nerg\u00e9tiques"},"image":{"@id":"https:\/\/cevennesbienetre.fr\/#\/schema\/logo\/image\/"},"sameAs":["https:\/\/www.facebook.com\/cevennesbienetre"]}]}},"uagb_featured_image_src":{"full":["https:\/\/cevennesbienetre.fr\/wp-content\/uploads\/2020\/04\/massage-de-la-tete.jpg",1920,1277,false],"thumbnail":["https:\/\/cevennesbienetre.fr\/wp-content\/uploads\/2020\/04\/massage-de-la-tete-150x150.jpg",150,150,true],"medium":["https:\/\/cevennesbienetre.fr\/wp-content\/uploads\/2020\/04\/massage-de-la-tete-300x200.jpg",300,200,true],"medium_large":["https:\/\/cevennesbienetre.fr\/wp-content\/uploads\/2020\/04\/massage-de-la-tete-768x511.jpg",768,511,true],"large":["https:\/\/cevennesbienetre.fr\/wp-content\/uploads\/2020\/04\/massage-de-la-tete-1024x681.jpg",1024,681,true],"1536x1536":["https:\/\/cevennesbienetre.fr\/wp-content\/uploads\/2020\/04\/massage-de-la-tete-1536x1022.jpg",1536,1022,true],"2048x2048":["https:\/\/cevennesbienetre.fr\/wp-content\/uploads\/2020\/04\/massage-de-la-tete.jpg",1920,1277,false],"woocommerce_thumbnail":["https:\/\/cevennesbienetre.fr\/wp-content\/uploads\/2020\/04\/massage-de-la-tete-300x300.jpg",300,300,true],"woocommerce_single":["https:\/\/cevennesbienetre.fr\/wp-content\/uploads\/2020\/04\/massage-de-la-tete-600x399.jpg",600,399,true],"woocommerce_gallery_thumbnail":["https:\/\/cevennesbienetre.fr\/wp-content\/uploads\/2020\/04\/massage-de-la-tete-100x100.jpg",100,100,true]},"uagb_author_info":{"display_name":"admin6017","author_link":"https:\/\/cevennesbienetre.fr\/index.php\/author\/"},"uagb_comment_info":0,"uagb_excerpt":"Le shirotchampi, litt\u00e9ralement \u00ab\u00a0massage de la t\u00eate est pratiqu\u00e9 \u00e0 l\u2019huile de coco bio, sur le haut du dos, les \u00e9paules, la nuque ainsi que de la t\u00eate ce massage vous apportera relaxation par un esprit libre et l\u00e9ger. Ancr\u00e9 dans la culture indienne, ce massage se transmettait de m\u00e8re en fille car les cheveux\u2026","_links":{"self":[{"href":"https:\/\/cevennesbienetre.fr\/index.php\/wp-json\/wp\/v2\/product\/3841","targetHints":{"allow":["GET"]}}],"collection":[{"href":"https:\/\/cevennesbienetre.fr\/index.php\/wp-json\/wp\/v2\/product"}],"about":[{"href":"https:\/\/cevennesbienetre.fr\/index.php\/wp-json\/wp\/v2\/types\/product"}],"wp:featuredmedia":[{"embeddable":true,"href":"https:\/\/cevennesbienetre.fr\/index.php\/wp-json\/wp\/v2\/media\/1716"}],"wp:attachment":[{"href":"https:\/\/cevennesbienetre.fr\/index.php\/wp-json\/wp\/v2\/media?parent=3841"}],"wp:term":[{"taxonomy":"product_brand","embeddable":true,"href":"https:\/\/cevennesbienetre.fr\/index.php\/wp-json\/wp\/v2\/product_brand?post=3841"},{"taxonomy":"product_cat","embeddable":true,"href":"https:\/\/cevennesbienetre.fr\/index.php\/wp-json\/wp\/v2\/product_cat?post=3841"},{"taxonomy":"product_tag","embeddable":true,"href":"https:\/\/cevennesbienetre.fr\/index.php\/wp-json\/wp\/v2\/product_tag?post=3841"}],"curies":[{"name":"wp","href":"https:\/\/api.w.org\/{rel}","templated":true}]}}