{"id":3822,"date":"2026-03-14T23:20:39","date_gmt":"2026-03-14T22:20:39","guid":{"rendered":"https:\/\/cevennesbienetre.fr\/?post_type=product&#038;p=3822"},"modified":"2026-03-16T20:58:06","modified_gmt":"2026-03-16T19:58:06","slug":"carte-cadeau-massage-signature","status":"publish","type":"product","link":"https:\/\/cevennesbienetre.fr\/index.php\/produit\/carte-cadeau-massage-signature\/","title":{"rendered":"Carte cadeau : Massage signature"},"content":{"rendered":"<h4 style=\"text-align: left;\"><strong>Le massage signature est bas\u00e9 sur le massage californien, le plus pris\u00e9 des spas.<\/strong><\/h4>\n<h4 style=\"text-align: left;\">C\u2019est un massage relaxant aux huiles essentielles complet \u00e0 la fois\u00a0<strong>enveloppant et englobant<\/strong>.<\/h4>\n<h4 style=\"text-align: left;\">C\u2019est une\u00a0<strong>technique douce et s\u00e9curisante.<\/strong><\/h4>\n<h4 style=\"text-align: left;\">Ce massage \u00e0 l\u2019huile est compos\u00e9 de man\u0153uvres l\u00e9g\u00e8res et fluides est un support \u00e0 la prise de conscience de son sch\u00e9ma corporel.<\/h4>\n<h4 style=\"text-align: left;\">D\u00e9butant par des effleurages doux, les man\u0153uvres s\u2019intensifient et s\u2019encha\u00eenent pour soulager les tensions les plus profondes.<\/h4>\n<h4 style=\"text-align: left;\">Diff\u00e9rentes techniques sont utilis\u00e9es afin de recevoir non seulement un massage relaxant mais \u00e9galement cibl\u00e9 l\u00e0 o\u00f9 le besoin s\u2019en ressent.<\/h4>\n<h4 style=\"text-align: left;\">N\u2019h\u00e9sitez pas \u00e0 me faire part de la pression et la profondeur que vous souhaiteriez ou et laissez moi \u00e9galement les ajuster selon le ressenti que je peux avoir.<\/h4>\n<div style=\"text-align: left;\"><\/div>\n<h4 style=\"text-align: left;\"><strong>Bienfaits :<\/strong><\/h4>\n<ul style=\"text-align: left;\">\n<li>\n<h4>Am\u00e9liore l\u2019irrigation des tissus gr\u00e2ce aux manoeuvres de drainage de circulation veineuse et lymphatique.<\/h4>\n<\/li>\n<li>\n<h4>Apaise gr\u00e2ce \u00e0 la stimulation des terminaisons nerveuses<\/h4>\n<\/li>\n<\/ul>\n<h4 style=\"text-align: left;\"><strong>Contre-indications :<\/strong><\/h4>\n<ul style=\"text-align: left;\">\n<li>\n<h4>Fi\u00e8vre<\/h4>\n<\/li>\n<li>\n<h4>Probl\u00e8mes cardiaques<\/h4>\n<\/li>\n<li>\n<h4>Phl\u00e9bite<\/h4>\n<\/li>\n<li>\n<h4>Cancer<\/h4>\n<\/li>\n<\/ul>\n","protected":false},"excerpt":{"rendered":"<p>D\u00e9couvrez le massage signature inspir\u00e9 du massage californien, un soin enveloppant d\u00e9di\u00e9 \u00e0 la d\u00e9tente profonde du corps et de l\u2019esprit. Gr\u00e2ce \u00e0 de longs mouvements fluides, lents et harmonieux, ce massage relaxant favorise le rel\u00e2chement des tensions, am\u00e9liore la circulation et procure une sensation imm\u00e9diate de bien-\u00eatre.<\/p>\n","protected":false},"featured_media":3367,"template":"","meta":{"_uag_custom_page_level_css":"","_swt_meta_header_display":false,"_swt_meta_footer_display":false,"_swt_meta_site_title_display":false,"_swt_meta_sticky_header":false,"_swt_meta_transparent_header":false},"product_brand":[],"product_cat":[44,149],"product_tag":[35,36,34,37],"class_list":{"0":"post-3822","1":"product","2":"type-product","3":"status-publish","4":"has-post-thumbnail","6":"product_cat-carte-cadeau","7":"product_cat-cevennesbienetre","8":"product_tag-californien","9":"product_tag-detente","10":"product_tag-massage","11":"product_tag-relaxation","13":"first","14":"instock","15":"shipping-taxable","16":"purchasable","17":"product-type-variable"},"yoast_head":"<!-- This site is optimized with the Yoast SEO plugin v27.5 - https:\/\/yoast.com\/product\/yoast-seo-wordpress\/ -->\n<title>Carte cadeau : Massage signature - C\u00e9vennes Bien-\u00catre - Massages bien-\u00eatre et soins \u00e9nerg\u00e9tiques<\/title>\n<meta name=\"description\" content=\"Massage signature relaxant \u00e0 l\u2019huile aux C\u00e9vennes Bien-\u00catre : longs mouvements enveloppants pour apaiser le corps, lib\u00e9rer les tensions et favoriser un profond l\u00e2cher-prise.\" \/>\n<meta name=\"robots\" content=\"index, follow, max-snippet:-1, max-image-preview:large, max-video-preview:-1\" \/>\n<link rel=\"canonical\" href=\"https:\/\/cevennesbienetre.fr\/index.php\/produit\/carte-cadeau-massage-signature\/\" \/>\n<meta property=\"og:locale\" content=\"fr_FR\" \/>\n<meta property=\"og:type\" content=\"article\" \/>\n<meta property=\"og:title\" content=\"Carte cadeau : Massage signature - C\u00e9vennes Bien-\u00catre - Massages bien-\u00eatre et soins \u00e9nerg\u00e9tiques\" \/>\n<meta property=\"og:description\" content=\"Massage signature relaxant \u00e0 l\u2019huile aux C\u00e9vennes Bien-\u00catre : longs mouvements enveloppants pour apaiser le corps, lib\u00e9rer les tensions et favoriser un profond l\u00e2cher-prise.\" \/>\n<meta property=\"og:url\" content=\"https:\/\/cevennesbienetre.fr\/index.php\/produit\/carte-cadeau-massage-signature\/\" \/>\n<meta property=\"og:site_name\" content=\"C\u00e9vennes Bien-\u00catre - Massages bien-\u00eatre et soins \u00e9nerg\u00e9tiques\" \/>\n<meta property=\"article:publisher\" content=\"https:\/\/www.facebook.com\/cevennesbienetre\" \/>\n<meta property=\"article:modified_time\" content=\"2026-03-16T19:58:06+00:00\" \/>\n<meta property=\"og:image\" content=\"https:\/\/cevennesbienetre.fr\/wp-content\/uploads\/2026\/02\/Massage-californien.jpg\" \/>\n\t<meta property=\"og:image:width\" content=\"1500\" \/>\n\t<meta property=\"og:image:height\" content=\"1000\" \/>\n\t<meta property=\"og:image:type\" content=\"image\/jpeg\" \/>\n<meta name=\"twitter:card\" content=\"summary_large_image\" \/>\n<meta name=\"twitter:label1\" content=\"Dur\u00e9e de lecture estim\u00e9e\" \/>\n\t<meta name=\"twitter:data1\" content=\"1 minute\" \/>\n<script type=\"application\/ld+json\" class=\"yoast-schema-graph\">{\"@context\":\"https:\\\/\\\/schema.org\",\"@graph\":[{\"@type\":\"WebPage\",\"@id\":\"https:\\\/\\\/cevennesbienetre.fr\\\/index.php\\\/produit\\\/carte-cadeau-massage-signature\\\/\",\"url\":\"https:\\\/\\\/cevennesbienetre.fr\\\/index.php\\\/produit\\\/carte-cadeau-massage-signature\\\/\",\"name\":\"Carte cadeau : Massage signature - C\u00e9vennes Bien-\u00catre - Massages bien-\u00eatre et soins \u00e9nerg\u00e9tiques\",\"isPartOf\":{\"@id\":\"https:\\\/\\\/cevennesbienetre.fr\\\/#website\"},\"primaryImageOfPage\":{\"@id\":\"https:\\\/\\\/cevennesbienetre.fr\\\/index.php\\\/produit\\\/carte-cadeau-massage-signature\\\/#primaryimage\"},\"image\":{\"@id\":\"https:\\\/\\\/cevennesbienetre.fr\\\/index.php\\\/produit\\\/carte-cadeau-massage-signature\\\/#primaryimage\"},\"thumbnailUrl\":\"https:\\\/\\\/cevennesbienetre.fr\\\/wp-content\\\/uploads\\\/2026\\\/02\\\/Massage-californien.jpg\",\"datePublished\":\"2026-03-14T22:20:39+00:00\",\"dateModified\":\"2026-03-16T19:58:06+00:00\",\"description\":\"Massage signature relaxant \u00e0 l\u2019huile aux C\u00e9vennes Bien-\u00catre : longs mouvements enveloppants pour apaiser le corps, lib\u00e9rer les tensions et favoriser un profond l\u00e2cher-prise.\",\"breadcrumb\":{\"@id\":\"https:\\\/\\\/cevennesbienetre.fr\\\/index.php\\\/produit\\\/carte-cadeau-massage-signature\\\/#breadcrumb\"},\"inLanguage\":\"fr-FR\",\"potentialAction\":[{\"@type\":\"ReadAction\",\"target\":[\"https:\\\/\\\/cevennesbienetre.fr\\\/index.php\\\/produit\\\/carte-cadeau-massage-signature\\\/\"]}]},{\"@type\":\"ImageObject\",\"inLanguage\":\"fr-FR\",\"@id\":\"https:\\\/\\\/cevennesbienetre.fr\\\/index.php\\\/produit\\\/carte-cadeau-massage-signature\\\/#primaryimage\",\"url\":\"https:\\\/\\\/cevennesbienetre.fr\\\/wp-content\\\/uploads\\\/2026\\\/02\\\/Massage-californien.jpg\",\"contentUrl\":\"https:\\\/\\\/cevennesbienetre.fr\\\/wp-content\\\/uploads\\\/2026\\\/02\\\/Massage-californien.jpg\",\"width\":1500,\"height\":1000,\"caption\":\"massage californien dos\"},{\"@type\":\"BreadcrumbList\",\"@id\":\"https:\\\/\\\/cevennesbienetre.fr\\\/index.php\\\/produit\\\/carte-cadeau-massage-signature\\\/#breadcrumb\",\"itemListElement\":[{\"@type\":\"ListItem\",\"position\":1,\"name\":\"Accueil\",\"item\":\"https:\\\/\\\/cevennesbienetre.fr\\\/\"},{\"@type\":\"ListItem\",\"position\":2,\"name\":\"Boutique\",\"item\":\"https:\\\/\\\/cevennesbienetre.fr\\\/index.php\\\/boutique\\\/\"},{\"@type\":\"ListItem\",\"position\":3,\"name\":\"Carte cadeau : Massage signature\"}]},{\"@type\":\"WebSite\",\"@id\":\"https:\\\/\\\/cevennesbienetre.fr\\\/#website\",\"url\":\"https:\\\/\\\/cevennesbienetre.fr\\\/\",\"name\":\"C\u00e9vennes Bien-\u00catre - Massages bien-\u00eatre et soins \u00e9nerg\u00e9tiques\",\"description\":\"\",\"publisher\":{\"@id\":\"https:\\\/\\\/cevennesbienetre.fr\\\/#organization\"},\"potentialAction\":[{\"@type\":\"SearchAction\",\"target\":{\"@type\":\"EntryPoint\",\"urlTemplate\":\"https:\\\/\\\/cevennesbienetre.fr\\\/?s={search_term_string}\"},\"query-input\":{\"@type\":\"PropertyValueSpecification\",\"valueRequired\":true,\"valueName\":\"search_term_string\"}}],\"inLanguage\":\"fr-FR\"},{\"@type\":\"Organization\",\"@id\":\"https:\\\/\\\/cevennesbienetre.fr\\\/#organization\",\"name\":\"C\u00e9vennes Bien-\u00catre - Massages bien-\u00eatre et soins \u00e9nerg\u00e9tiques\",\"url\":\"https:\\\/\\\/cevennesbienetre.fr\\\/\",\"logo\":{\"@type\":\"ImageObject\",\"inLanguage\":\"fr-FR\",\"@id\":\"https:\\\/\\\/cevennesbienetre.fr\\\/#\\\/schema\\\/logo\\\/image\\\/\",\"url\":\"https:\\\/\\\/cevennesbienetre.fr\\\/wp-content\\\/uploads\\\/2026\\\/02\\\/Logo_Final_Main_a_05-257x300-1-150x150-1.png\",\"contentUrl\":\"https:\\\/\\\/cevennesbienetre.fr\\\/wp-content\\\/uploads\\\/2026\\\/02\\\/Logo_Final_Main_a_05-257x300-1-150x150-1.png\",\"width\":150,\"height\":150,\"caption\":\"C\u00e9vennes Bien-\u00catre - Massages bien-\u00eatre et soins \u00e9nerg\u00e9tiques\"},\"image\":{\"@id\":\"https:\\\/\\\/cevennesbienetre.fr\\\/#\\\/schema\\\/logo\\\/image\\\/\"},\"sameAs\":[\"https:\\\/\\\/www.facebook.com\\\/cevennesbienetre\"]}]}<\/script>\n<!-- \/ Yoast SEO plugin. -->","yoast_head_json":{"title":"Carte cadeau : Massage signature - C\u00e9vennes Bien-\u00catre - Massages bien-\u00eatre et soins \u00e9nerg\u00e9tiques","description":"Massage signature relaxant \u00e0 l\u2019huile aux C\u00e9vennes Bien-\u00catre : longs mouvements enveloppants pour apaiser le corps, lib\u00e9rer les tensions et favoriser un profond l\u00e2cher-prise.","robots":{"index":"index","follow":"follow","max-snippet":"max-snippet:-1","max-image-preview":"max-image-preview:large","max-video-preview":"max-video-preview:-1"},"canonical":"https:\/\/cevennesbienetre.fr\/index.php\/produit\/carte-cadeau-massage-signature\/","og_locale":"fr_FR","og_type":"article","og_title":"Carte cadeau : Massage signature - C\u00e9vennes Bien-\u00catre - Massages bien-\u00eatre et soins \u00e9nerg\u00e9tiques","og_description":"Massage signature relaxant \u00e0 l\u2019huile aux C\u00e9vennes Bien-\u00catre : longs mouvements enveloppants pour apaiser le corps, lib\u00e9rer les tensions et favoriser un profond l\u00e2cher-prise.","og_url":"https:\/\/cevennesbienetre.fr\/index.php\/produit\/carte-cadeau-massage-signature\/","og_site_name":"C\u00e9vennes Bien-\u00catre - Massages bien-\u00eatre et soins \u00e9nerg\u00e9tiques","article_publisher":"https:\/\/www.facebook.com\/cevennesbienetre","article_modified_time":"2026-03-16T19:58:06+00:00","og_image":[{"width":1500,"height":1000,"url":"https:\/\/cevennesbienetre.fr\/wp-content\/uploads\/2026\/02\/Massage-californien.jpg","type":"image\/jpeg"}],"twitter_card":"summary_large_image","twitter_misc":{"Dur\u00e9e de lecture estim\u00e9e":"1 minute"},"schema":{"@context":"https:\/\/schema.org","@graph":[{"@type":"WebPage","@id":"https:\/\/cevennesbienetre.fr\/index.php\/produit\/carte-cadeau-massage-signature\/","url":"https:\/\/cevennesbienetre.fr\/index.php\/produit\/carte-cadeau-massage-signature\/","name":"Carte cadeau : Massage signature - C\u00e9vennes Bien-\u00catre - Massages bien-\u00eatre et soins \u00e9nerg\u00e9tiques","isPartOf":{"@id":"https:\/\/cevennesbienetre.fr\/#website"},"primaryImageOfPage":{"@id":"https:\/\/cevennesbienetre.fr\/index.php\/produit\/carte-cadeau-massage-signature\/#primaryimage"},"image":{"@id":"https:\/\/cevennesbienetre.fr\/index.php\/produit\/carte-cadeau-massage-signature\/#primaryimage"},"thumbnailUrl":"https:\/\/cevennesbienetre.fr\/wp-content\/uploads\/2026\/02\/Massage-californien.jpg","datePublished":"2026-03-14T22:20:39+00:00","dateModified":"2026-03-16T19:58:06+00:00","description":"Massage signature relaxant \u00e0 l\u2019huile aux C\u00e9vennes Bien-\u00catre : longs mouvements enveloppants pour apaiser le corps, lib\u00e9rer les tensions et favoriser un profond l\u00e2cher-prise.","breadcrumb":{"@id":"https:\/\/cevennesbienetre.fr\/index.php\/produit\/carte-cadeau-massage-signature\/#breadcrumb"},"inLanguage":"fr-FR","potentialAction":[{"@type":"ReadAction","target":["https:\/\/cevennesbienetre.fr\/index.php\/produit\/carte-cadeau-massage-signature\/"]}]},{"@type":"ImageObject","inLanguage":"fr-FR","@id":"https:\/\/cevennesbienetre.fr\/index.php\/produit\/carte-cadeau-massage-signature\/#primaryimage","url":"https:\/\/cevennesbienetre.fr\/wp-content\/uploads\/2026\/02\/Massage-californien.jpg","contentUrl":"https:\/\/cevennesbienetre.fr\/wp-content\/uploads\/2026\/02\/Massage-californien.jpg","width":1500,"height":1000,"caption":"massage californien dos"},{"@type":"BreadcrumbList","@id":"https:\/\/cevennesbienetre.fr\/index.php\/produit\/carte-cadeau-massage-signature\/#breadcrumb","itemListElement":[{"@type":"ListItem","position":1,"name":"Accueil","item":"https:\/\/cevennesbienetre.fr\/"},{"@type":"ListItem","position":2,"name":"Boutique","item":"https:\/\/cevennesbienetre.fr\/index.php\/boutique\/"},{"@type":"ListItem","position":3,"name":"Carte cadeau : Massage signature"}]},{"@type":"WebSite","@id":"https:\/\/cevennesbienetre.fr\/#website","url":"https:\/\/cevennesbienetre.fr\/","name":"C\u00e9vennes Bien-\u00catre - Massages bien-\u00eatre et soins \u00e9nerg\u00e9tiques","description":"","publisher":{"@id":"https:\/\/cevennesbienetre.fr\/#organization"},"potentialAction":[{"@type":"SearchAction","target":{"@type":"EntryPoint","urlTemplate":"https:\/\/cevennesbienetre.fr\/?s={search_term_string}"},"query-input":{"@type":"PropertyValueSpecification","valueRequired":true,"valueName":"search_term_string"}}],"inLanguage":"fr-FR"},{"@type":"Organization","@id":"https:\/\/cevennesbienetre.fr\/#organization","name":"C\u00e9vennes Bien-\u00catre - Massages bien-\u00eatre et soins \u00e9nerg\u00e9tiques","url":"https:\/\/cevennesbienetre.fr\/","logo":{"@type":"ImageObject","inLanguage":"fr-FR","@id":"https:\/\/cevennesbienetre.fr\/#\/schema\/logo\/image\/","url":"https:\/\/cevennesbienetre.fr\/wp-content\/uploads\/2026\/02\/Logo_Final_Main_a_05-257x300-1-150x150-1.png","contentUrl":"https:\/\/cevennesbienetre.fr\/wp-content\/uploads\/2026\/02\/Logo_Final_Main_a_05-257x300-1-150x150-1.png","width":150,"height":150,"caption":"C\u00e9vennes Bien-\u00catre - Massages bien-\u00eatre et soins \u00e9nerg\u00e9tiques"},"image":{"@id":"https:\/\/cevennesbienetre.fr\/#\/schema\/logo\/image\/"},"sameAs":["https:\/\/www.facebook.com\/cevennesbienetre"]}]}},"uagb_featured_image_src":{"full":["https:\/\/cevennesbienetre.fr\/wp-content\/uploads\/2026\/02\/Massage-californien.jpg",1500,1000,false],"thumbnail":["https:\/\/cevennesbienetre.fr\/wp-content\/uploads\/2026\/02\/Massage-californien-150x150.jpg",150,150,true],"medium":["https:\/\/cevennesbienetre.fr\/wp-content\/uploads\/2026\/02\/Massage-californien-300x200.jpg",300,200,true],"medium_large":["https:\/\/cevennesbienetre.fr\/wp-content\/uploads\/2026\/02\/Massage-californien-768x512.jpg",768,512,true],"large":["https:\/\/cevennesbienetre.fr\/wp-content\/uploads\/2026\/02\/Massage-californien-1024x683.jpg",1024,683,true],"1536x1536":["https:\/\/cevennesbienetre.fr\/wp-content\/uploads\/2026\/02\/Massage-californien.jpg",1500,1000,false],"2048x2048":["https:\/\/cevennesbienetre.fr\/wp-content\/uploads\/2026\/02\/Massage-californien.jpg",1500,1000,false],"woocommerce_thumbnail":["https:\/\/cevennesbienetre.fr\/wp-content\/uploads\/2026\/02\/Massage-californien-300x300.jpg",300,300,true],"woocommerce_single":["https:\/\/cevennesbienetre.fr\/wp-content\/uploads\/2026\/02\/Massage-californien-600x400.jpg",600,400,true],"woocommerce_gallery_thumbnail":["https:\/\/cevennesbienetre.fr\/wp-content\/uploads\/2026\/02\/Massage-californien-100x100.jpg",100,100,true]},"uagb_author_info":{"display_name":"admin6017","author_link":"https:\/\/cevennesbienetre.fr\/index.php\/author\/"},"uagb_comment_info":0,"uagb_excerpt":"D\u00e9couvrez le massage signature inspir\u00e9 du massage californien, un soin enveloppant d\u00e9di\u00e9 \u00e0 la d\u00e9tente profonde du corps et de l\u2019esprit. Gr\u00e2ce \u00e0 de longs mouvements fluides, lents et harmonieux, ce massage relaxant favorise le rel\u00e2chement des tensions, am\u00e9liore la circulation et procure une sensation imm\u00e9diate de bien-\u00eatre.","_links":{"self":[{"href":"https:\/\/cevennesbienetre.fr\/index.php\/wp-json\/wp\/v2\/product\/3822","targetHints":{"allow":["GET"]}}],"collection":[{"href":"https:\/\/cevennesbienetre.fr\/index.php\/wp-json\/wp\/v2\/product"}],"about":[{"href":"https:\/\/cevennesbienetre.fr\/index.php\/wp-json\/wp\/v2\/types\/product"}],"wp:featuredmedia":[{"embeddable":true,"href":"https:\/\/cevennesbienetre.fr\/index.php\/wp-json\/wp\/v2\/media\/3367"}],"wp:attachment":[{"href":"https:\/\/cevennesbienetre.fr\/index.php\/wp-json\/wp\/v2\/media?parent=3822"}],"wp:term":[{"taxonomy":"product_brand","embeddable":true,"href":"https:\/\/cevennesbienetre.fr\/index.php\/wp-json\/wp\/v2\/product_brand?post=3822"},{"taxonomy":"product_cat","embeddable":true,"href":"https:\/\/cevennesbienetre.fr\/index.php\/wp-json\/wp\/v2\/product_cat?post=3822"},{"taxonomy":"product_tag","embeddable":true,"href":"https:\/\/cevennesbienetre.fr\/index.php\/wp-json\/wp\/v2\/product_tag?post=3822"}],"curies":[{"name":"wp","href":"https:\/\/api.w.org\/{rel}","templated":true}]}}