{"id":3813,"date":"2026-03-14T22:27:05","date_gmt":"2026-03-14T21:27:05","guid":{"rendered":"https:\/\/cevennesbienetre.fr\/?post_type=product&#038;p=3813"},"modified":"2026-03-16T21:00:13","modified_gmt":"2026-03-16T20:00:13","slug":"carte-cadeau-soins-energetiques-reiki-et-magnetisme","status":"publish","type":"product","link":"https:\/\/cevennesbienetre.fr\/index.php\/produit\/carte-cadeau-soins-energetiques-reiki-et-magnetisme\/","title":{"rendered":"Carte cadeau : Soins \u00e9nerg\u00e9tiques reiki et magn\u00e9tisme"},"content":{"rendered":"<h1 data-section-id=\"b9tz8p\" data-start=\"245\" data-end=\"315\"><span dir=\"auto\" style=\"vertical-align: inherit;\"><span dir=\"auto\" style=\"vertical-align: inherit;\">Soins \u00e9nerg\u00e9tiques : Reiki et magn\u00e9tisme pour r\u00e9\u00e9quilibrer l&rsquo;\u00e9nergie<\/span><\/span><\/h1>\n<p data-start=\"317\" data-end=\"738\"><span dir=\"auto\" style=\"vertical-align: inherit;\"><span dir=\"auto\" style=\"vertical-align: inherit;\">Les <\/span><\/span><strong data-start=\"321\" data-end=\"343\"><span dir=\"auto\" style=\"vertical-align: inherit;\"><span dir=\"auto\" style=\"vertical-align: inherit;\">soins \u00e9nerg\u00e9tiques<\/span><\/span><\/strong><span dir=\"auto\" style=\"vertical-align: inherit;\"><span dir=\"auto\" style=\"vertical-align: inherit;\"> , comme le <\/span><\/span><strong data-start=\"354\" data-end=\"380\"><span dir=\"auto\" style=\"vertical-align: inherit;\"><span dir=\"auto\" style=\"vertical-align: inherit;\">Reiki et le magn\u00e9tisme<\/span><\/span><\/strong><span dir=\"auto\" style=\"vertical-align: inherit;\"><span dir=\"auto\" style=\"vertical-align: inherit;\"> , sont des pratiques naturelles qui visent \u00e0 r\u00e9\u00e9quilibrer l&rsquo;\u00e9nergie vitale du corps afin de favoriser un mieux-\u00eatre global. Lorsque l&rsquo;\u00e9nergie circule librement, le corps et l&rsquo;esprit retrouvent plus facilement leur harmonie naturelle. En revanche, le stress, les \u00e9motions ou la fatigue peuvent cr\u00e9er des <\/span><\/span><strong data-start=\"683\" data-end=\"708\"><span dir=\"auto\" style=\"vertical-align: inherit;\"><span dir=\"auto\" style=\"vertical-align: inherit;\">blocages \u00e9nerg\u00e9tiques<\/span><\/span><\/strong><span dir=\"auto\" style=\"vertical-align: inherit;\"><span dir=\"auto\" style=\"vertical-align: inherit;\"> qui perturbent cet \u00e9quilibre.<\/span><\/span><\/p>\n<p data-start=\"740\" data-end=\"1086\"><span dir=\"auto\" style=\"vertical-align: inherit;\"><span dir=\"auto\" style=\"vertical-align: inherit;\">Gr\u00e2ce \u00e0 l&rsquo;imposition des mains et \u00e0 un travail \u00e9nerg\u00e9tique subtil, les soins \u00e9nerg\u00e9tiques permettent de <\/span><\/span><strong data-start=\"844\" data-end=\"888\"><span dir=\"auto\" style=\"vertical-align: inherit;\"><span dir=\"auto\" style=\"vertical-align: inherit;\">r\u00e9harmoniser la circulation de l&rsquo;\u00e9nergie<\/span><\/span><\/strong><span dir=\"auto\" style=\"vertical-align: inherit;\"><span dir=\"auto\" style=\"vertical-align: inherit;\"> , d&rsquo;apaiser les tensions et de soutenir l&rsquo;\u00e9quilibre physique, \u00e9motionnel et mental. Ces techniques douces r\u00e9v\u00e8lent une relaxation profonde et permettent de lib\u00e9rer les charges \u00e9motionnelles accumul\u00e9es.<\/span><\/span><\/p>\n<p data-start=\"1088\" data-end=\"1320\"><span dir=\"auto\" style=\"vertical-align: inherit;\"><span dir=\"auto\" style=\"vertical-align: inherit;\">Le <\/span><\/span><strong data-start=\"1091\" data-end=\"1117\"><span dir=\"auto\" style=\"vertical-align: inherit;\"><span dir=\"auto\" style=\"vertical-align: inherit;\">Reiki et le magn\u00e9tisme<\/span><\/span><\/strong><span dir=\"auto\" style=\"vertical-align: inherit;\"><span dir=\"auto\" style=\"vertical-align: inherit;\"> agissent \u00e9galement en stimulant les <\/span><\/span><strong data-start=\"1154\" data-end=\"1209\"><span dir=\"auto\" style=\"vertical-align: inherit;\"><span dir=\"auto\" style=\"vertical-align: inherit;\">capacit\u00e9s naturelles d&rsquo;auto-gu\u00e9rison de l&rsquo;organisme<\/span><\/span><\/strong><span dir=\"auto\" style=\"vertical-align: inherit;\"><span dir=\"auto\" style=\"vertical-align: inherit;\"> . Ils permettent de r\u00e9duire le stress, d&rsquo;apaiser l&rsquo;anxi\u00e9t\u00e9 et d&rsquo;apporter une sensation de calme et de l\u00e9g\u00e8ret\u00e9.<\/span><\/span><\/p>\n<p data-start=\"1322\" data-end=\"1565\"><span dir=\"auto\" style=\"vertical-align: inherit;\"><span dir=\"auto\" style=\"vertical-align: inherit;\">Chaque s\u00e9ance de <\/span><\/span><strong data-start=\"1339\" data-end=\"1359\"><span dir=\"auto\" style=\"vertical-align: inherit;\"><span dir=\"auto\" style=\"vertical-align: inherit;\">soin \u00e9nerg\u00e9tique<\/span><\/span><\/strong><span dir=\"auto\" style=\"vertical-align: inherit;\"><span dir=\"auto\" style=\"vertical-align: inherit;\"> est unique et personnalis\u00e9e en fonction de vos besoins du moment. Dans une atmosph\u00e8re apaisante et bienveillante, ce moment de d\u00e9tente favorise le l\u00e2cher-prise, le recentrage et l&rsquo;harmonisation int\u00e9rieure.<\/span><\/span><\/p>\n<p data-start=\"1567\" data-end=\"1624\"><span dir=\"auto\" style=\"vertical-align: inherit;\"><span dir=\"auto\" style=\"vertical-align: inherit;\">Ces soins peuvent \u00eatre particuli\u00e8rement b\u00e9n\u00e9fiques pour :<\/span><\/span><\/p>\n<ul data-start=\"1626\" data-end=\"1860\">\n<li data-section-id=\"q9pkh7\" data-start=\"1626\" data-end=\"1660\">\n<p data-start=\"1628\" data-end=\"1660\"><span dir=\"auto\" style=\"vertical-align: inherit;\"><span dir=\"auto\" style=\"vertical-align: inherit;\">r\u00e9duire le stress et l&rsquo;anxi\u00e9t\u00e9<\/span><\/span><\/p>\n<\/li>\n<li data-section-id=\"1qn9vdm\" data-start=\"1661\" data-end=\"1698\">\n<p data-start=\"1663\" data-end=\"1698\"><span dir=\"auto\" style=\"vertical-align: inherit;\"><span dir=\"auto\" style=\"vertical-align: inherit;\">lib\u00e9rer les blocages \u00e9nerg\u00e9tiques<\/span><\/span><\/p>\n<\/li>\n<li data-section-id=\"1e9at6\" data-start=\"1699\" data-end=\"1732\">\n<p data-start=\"1701\" data-end=\"1732\"><span dir=\"auto\" style=\"vertical-align: inherit;\"><span dir=\"auto\" style=\"vertical-align: inherit;\">retrouver vitalit\u00e9 et \u00e9nergie<\/span><\/span><\/p>\n<\/li>\n<li data-section-id=\"299d8z\" data-start=\"1733\" data-end=\"1769\">\n<p data-start=\"1735\" data-end=\"1769\"><span dir=\"auto\" style=\"vertical-align: inherit;\"><span dir=\"auto\" style=\"vertical-align: inherit;\">am\u00e9liorer l&rsquo;\u00e9quilibre \u00e9motionnel<\/span><\/span><\/p>\n<\/li>\n<li data-section-id=\"1li7cuk\" data-start=\"1770\" data-end=\"1803\">\n<p data-start=\"1772\" data-end=\"1803\"><span dir=\"auto\" style=\"vertical-align: inherit;\"><span dir=\"auto\" style=\"vertical-align: inherit;\">favoriser la d\u00e9tente profonde<\/span><\/span><\/p>\n<\/li>\n<li data-section-id=\"h3m81v\" data-start=\"1804\" data-end=\"1860\">\n<p data-start=\"1806\" data-end=\"1860\"><span dir=\"auto\" style=\"vertical-align: inherit;\"><span dir=\"auto\" style=\"vertical-align: inherit;\">soutenir le bien-\u00eatre global du corps et de l&rsquo;esprit<\/span><\/span><\/p>\n<\/li>\n<\/ul>\n<p data-start=\"1441\" data-end=\"1708\">\n","protected":false},"excerpt":{"rendered":"<p data-start=\"1862\" data-end=\"2039\"><span dir=\"auto\" style=\"vertical-align: inherit;\"><span dir=\"auto\" style=\"vertical-align: inherit;\">Les <\/span><\/span><strong data-start=\"1866\" data-end=\"1908\"><span dir=\"auto\" style=\"vertical-align: inherit;\"><span dir=\"auto\" style=\"vertical-align: inherit;\">soins \u00e9nerg\u00e9tiques Reiki et magn\u00e9tisme<\/span><\/span><\/strong><span dir=\"auto\" style=\"vertical-align: inherit;\"><span dir=\"auto\" style=\"vertical-align: inherit;\"> offrent ainsi une parenth\u00e8se de ressourcement, v\u00e9ritable id\u00e9ale pour se reconnecter \u00e0 soi-m\u00eame et retrouver \u00e9quilibre et s\u00e9r\u00e9nit\u00e9.<\/span><\/span><\/p>\n<p data-start=\"131\" data-end=\"481\"><span dir=\"auto\" style=\"vertical-align: inherit;\"><span dir=\"auto\" style=\"vertical-align: inherit;\">Ce sont des pratiques douces qui visent \u00e0 r\u00e9tablir l&rsquo;\u00e9quilibre de l&rsquo;\u00e9nergie vitale circulant dans le corps. Selon ces approches, lorsque cette \u00e9nergie est perturb\u00e9e ou bloqu\u00e9e, cela peut se manifester par du stress, de la fatigue, des tensions physiques ou des d\u00e9s\u00e9quilibres \u00e9motionnels.<\/span><\/span><\/p>\n<p data-start=\"483\" data-end=\"867\"><span dir=\"auto\" style=\"vertical-align: inherit;\"><span dir=\"auto\" style=\"vertical-align: inherit;\">Gr\u00e2ce \u00e0 l&rsquo;imposition des mains ou \u00e0 un travail \u00e9nerg\u00e9tique subtil, ces techniques permettent de <\/span><\/span><strong data-start=\"579\" data-end=\"617\"><span dir=\"auto\" style=\"vertical-align: inherit;\"><span dir=\"auto\" style=\"vertical-align: inherit;\">r\u00e9harmoniser les flux \u00e9nerg\u00e9tiques<\/span><\/span><\/strong><span dir=\"auto\" style=\"vertical-align: inherit;\"><span dir=\"auto\" style=\"vertical-align: inherit;\"> , de lib\u00e9rer les blocages et de favoriser une circulation plus fluide de l&rsquo;\u00e9nergie dans l&rsquo;ensemble du corps. Elles procurent une profonde sensation d&rsquo;apaisement et contribuent \u00e0 rel\u00e2cher les tensions accumul\u00e9es, aussi bien physiques qu&rsquo;\u00e9motionnelles.<\/span><\/span><\/p>\n<p data-start=\"869\" data-end=\"1192\"><span dir=\"auto\" style=\"vertical-align: inherit;\"><span dir=\"auto\" style=\"vertical-align: inherit;\">Les soins \u00e9nerg\u00e9tiques agissent \u00e9galement comme un <\/span><\/span><strong data-start=\"920\" data-end=\"979\"><span dir=\"auto\" style=\"vertical-align: inherit;\"><span dir=\"auto\" style=\"vertical-align: inherit;\">soutien naturel au processus d&rsquo;auto-r\u00e9gulation du corps<\/span><\/span><\/strong><span dir=\"auto\" style=\"vertical-align: inherit;\"><span dir=\"auto\" style=\"vertical-align: inherit;\"> , en stimulant ses capacit\u00e9s d&rsquo;auto-gu\u00e9rison et en aidant \u00e0 retrouver un \u00e9tat d&rsquo;\u00e9quilibre global. Ils procurent ainsi une d\u00e9tente profonde, un apaisement du mental et une meilleure gestion du stress au quotidien.<\/span><\/span><\/p>\n<p data-start=\"1194\" data-end=\"1439\"><span dir=\"auto\" style=\"vertical-align: inherit;\"><span dir=\"auto\" style=\"vertical-align: inherit;\">Chaque s\u00e9ance est <\/span><\/span><strong data-start=\"1212\" data-end=\"1239\"><span dir=\"auto\" style=\"vertical-align: inherit;\"><span dir=\"auto\" style=\"vertical-align: inherit;\">unique et personnalis\u00e9e<\/span><\/span><\/strong><span dir=\"auto\" style=\"vertical-align: inherit;\"><span dir=\"auto\" style=\"vertical-align: inherit;\"> , afin de r\u00e9pondre au mieux \u00e0 vos besoins du moment. Dans une atmosph\u00e8re calme et bienveillante, le soin vous invite \u00e0 un v\u00e9ritable moment de l\u00e2cher-prise, de recentrage et d&rsquo;harmonisation int\u00e9rieure.<\/span><\/span><\/p>\n<p data-start=\"1441\" data-end=\"1708\"><span dir=\"auto\" style=\"vertical-align: inherit;\"><span dir=\"auto\" style=\"vertical-align: inherit;\">Que vous souhaitiez <\/span><\/span><strong data-start=\"1461\" data-end=\"1595\"><span dir=\"auto\" style=\"vertical-align: inherit;\"><span dir=\"auto\" style=\"vertical-align: inherit;\">apaiser l&rsquo;anxi\u00e9t\u00e9, retrouver de l&rsquo;\u00e9nergie, am\u00e9liorer votre \u00e9quilibre \u00e9motionnel ou simplement vous accorder un moment de bien-\u00eatre<\/span><\/span><\/strong><span dir=\"auto\" style=\"vertical-align: inherit;\"><span dir=\"auto\" style=\"vertical-align: inherit;\"> , les soins \u00e9nerg\u00e9tiques offrent une parenth\u00e8se de ressourcement profond pour le corps, l&rsquo;esprit et les \u00e9motions.<\/span><\/span><\/p>\n","protected":false},"featured_media":560,"template":"","meta":{"_uag_custom_page_level_css":"","_swt_meta_header_display":false,"_swt_meta_footer_display":false,"_swt_meta_site_title_display":false,"_swt_meta_sticky_header":false,"_swt_meta_transparent_header":false},"product_brand":[],"product_cat":[44,149],"product_tag":[144,122,118,119,120,121],"class_list":{"0":"post-3813","1":"product","2":"type-product","3":"status-publish","4":"has-post-thumbnail","6":"product_cat-carte-cadeau","7":"product_cat-cevennesbienetre","8":"product_tag-chakras","9":"product_tag-energie-vitale","10":"product_tag-harmonisation-energetique","11":"product_tag-reequilibrage","12":"product_tag-soin-energetique","13":"product_tag-soin-holistique","15":"first","16":"instock","17":"downloadable","18":"virtual","19":"purchasable","20":"product-type-simple"},"yoast_head":"<!-- This site is optimized with the Yoast SEO plugin v27.5 - https:\/\/yoast.com\/product\/yoast-seo-wordpress\/ -->\n<title>Carte cadeau : Soins \u00e9nerg\u00e9tiques reiki et magn\u00e9tisme - C\u00e9vennes Bien-\u00catre - Massages bien-\u00eatre et soins \u00e9nerg\u00e9tiques<\/title>\n<meta name=\"description\" content=\"Soins \u00e9nerg\u00e9tiques Reiki et Magn\u00e9tisme pour r\u00e9\u00e9quilibrer les \u00e9nergies, r\u00e9duire le stress et favoriser le bien-\u00eatre physique, \u00e9motionnel et mental.\" \/>\n<meta name=\"robots\" content=\"index, follow, max-snippet:-1, max-image-preview:large, max-video-preview:-1\" \/>\n<link rel=\"canonical\" href=\"https:\/\/cevennesbienetre.fr\/index.php\/produit\/carte-cadeau-soins-energetiques-reiki-et-magnetisme\/\" \/>\n<meta property=\"og:locale\" content=\"fr_FR\" \/>\n<meta property=\"og:type\" content=\"article\" \/>\n<meta property=\"og:title\" content=\"Carte cadeau : Soins \u00e9nerg\u00e9tiques reiki et magn\u00e9tisme - C\u00e9vennes Bien-\u00catre - Massages bien-\u00eatre et soins \u00e9nerg\u00e9tiques\" \/>\n<meta property=\"og:description\" content=\"Soins \u00e9nerg\u00e9tiques Reiki et Magn\u00e9tisme pour r\u00e9\u00e9quilibrer les \u00e9nergies, r\u00e9duire le stress et favoriser le bien-\u00eatre physique, \u00e9motionnel et mental.\" \/>\n<meta property=\"og:url\" content=\"https:\/\/cevennesbienetre.fr\/index.php\/produit\/carte-cadeau-soins-energetiques-reiki-et-magnetisme\/\" \/>\n<meta property=\"og:site_name\" content=\"C\u00e9vennes Bien-\u00catre - Massages bien-\u00eatre et soins \u00e9nerg\u00e9tiques\" \/>\n<meta property=\"article:publisher\" content=\"https:\/\/www.facebook.com\/cevennesbienetre\" \/>\n<meta property=\"article:modified_time\" content=\"2026-03-16T20:00:13+00:00\" \/>\n<meta property=\"og:image\" content=\"https:\/\/cevennesbienetre.fr\/wp-content\/uploads\/2018\/05\/IMG_8203-scaled.jpg\" \/>\n\t<meta property=\"og:image:width\" content=\"2337\" \/>\n\t<meta property=\"og:image:height\" content=\"2560\" \/>\n\t<meta property=\"og:image:type\" content=\"image\/jpeg\" \/>\n<meta name=\"twitter:card\" content=\"summary_large_image\" \/>\n<meta name=\"twitter:label1\" content=\"Dur\u00e9e de lecture estim\u00e9e\" \/>\n\t<meta name=\"twitter:data1\" content=\"2 minutes\" \/>\n<script type=\"application\/ld+json\" class=\"yoast-schema-graph\">{\"@context\":\"https:\\\/\\\/schema.org\",\"@graph\":[{\"@type\":\"WebPage\",\"@id\":\"https:\\\/\\\/cevennesbienetre.fr\\\/index.php\\\/produit\\\/carte-cadeau-soins-energetiques-reiki-et-magnetisme\\\/\",\"url\":\"https:\\\/\\\/cevennesbienetre.fr\\\/index.php\\\/produit\\\/carte-cadeau-soins-energetiques-reiki-et-magnetisme\\\/\",\"name\":\"Carte cadeau : Soins \u00e9nerg\u00e9tiques reiki et magn\u00e9tisme - C\u00e9vennes Bien-\u00catre - Massages bien-\u00eatre et soins \u00e9nerg\u00e9tiques\",\"isPartOf\":{\"@id\":\"https:\\\/\\\/cevennesbienetre.fr\\\/#website\"},\"primaryImageOfPage\":{\"@id\":\"https:\\\/\\\/cevennesbienetre.fr\\\/index.php\\\/produit\\\/carte-cadeau-soins-energetiques-reiki-et-magnetisme\\\/#primaryimage\"},\"image\":{\"@id\":\"https:\\\/\\\/cevennesbienetre.fr\\\/index.php\\\/produit\\\/carte-cadeau-soins-energetiques-reiki-et-magnetisme\\\/#primaryimage\"},\"thumbnailUrl\":\"https:\\\/\\\/cevennesbienetre.fr\\\/wp-content\\\/uploads\\\/2018\\\/05\\\/IMG_8203-scaled.jpg\",\"datePublished\":\"2026-03-14T21:27:05+00:00\",\"dateModified\":\"2026-03-16T20:00:13+00:00\",\"description\":\"Soins \u00e9nerg\u00e9tiques Reiki et Magn\u00e9tisme pour r\u00e9\u00e9quilibrer les \u00e9nergies, r\u00e9duire le stress et favoriser le bien-\u00eatre physique, \u00e9motionnel et mental.\",\"breadcrumb\":{\"@id\":\"https:\\\/\\\/cevennesbienetre.fr\\\/index.php\\\/produit\\\/carte-cadeau-soins-energetiques-reiki-et-magnetisme\\\/#breadcrumb\"},\"inLanguage\":\"fr-FR\",\"potentialAction\":[{\"@type\":\"ReadAction\",\"target\":[\"https:\\\/\\\/cevennesbienetre.fr\\\/index.php\\\/produit\\\/carte-cadeau-soins-energetiques-reiki-et-magnetisme\\\/\"]}]},{\"@type\":\"ImageObject\",\"inLanguage\":\"fr-FR\",\"@id\":\"https:\\\/\\\/cevennesbienetre.fr\\\/index.php\\\/produit\\\/carte-cadeau-soins-energetiques-reiki-et-magnetisme\\\/#primaryimage\",\"url\":\"https:\\\/\\\/cevennesbienetre.fr\\\/wp-content\\\/uploads\\\/2018\\\/05\\\/IMG_8203-scaled.jpg\",\"contentUrl\":\"https:\\\/\\\/cevennesbienetre.fr\\\/wp-content\\\/uploads\\\/2018\\\/05\\\/IMG_8203-scaled.jpg\",\"width\":2337,\"height\":2560},{\"@type\":\"BreadcrumbList\",\"@id\":\"https:\\\/\\\/cevennesbienetre.fr\\\/index.php\\\/produit\\\/carte-cadeau-soins-energetiques-reiki-et-magnetisme\\\/#breadcrumb\",\"itemListElement\":[{\"@type\":\"ListItem\",\"position\":1,\"name\":\"Accueil\",\"item\":\"https:\\\/\\\/cevennesbienetre.fr\\\/\"},{\"@type\":\"ListItem\",\"position\":2,\"name\":\"Boutique\",\"item\":\"https:\\\/\\\/cevennesbienetre.fr\\\/index.php\\\/boutique\\\/\"},{\"@type\":\"ListItem\",\"position\":3,\"name\":\"Carte cadeau : Soins \u00e9nerg\u00e9tiques reiki et magn\u00e9tisme\"}]},{\"@type\":\"WebSite\",\"@id\":\"https:\\\/\\\/cevennesbienetre.fr\\\/#website\",\"url\":\"https:\\\/\\\/cevennesbienetre.fr\\\/\",\"name\":\"C\u00e9vennes Bien-\u00catre - Massages bien-\u00eatre et soins \u00e9nerg\u00e9tiques\",\"description\":\"\",\"publisher\":{\"@id\":\"https:\\\/\\\/cevennesbienetre.fr\\\/#organization\"},\"potentialAction\":[{\"@type\":\"SearchAction\",\"target\":{\"@type\":\"EntryPoint\",\"urlTemplate\":\"https:\\\/\\\/cevennesbienetre.fr\\\/?s={search_term_string}\"},\"query-input\":{\"@type\":\"PropertyValueSpecification\",\"valueRequired\":true,\"valueName\":\"search_term_string\"}}],\"inLanguage\":\"fr-FR\"},{\"@type\":\"Organization\",\"@id\":\"https:\\\/\\\/cevennesbienetre.fr\\\/#organization\",\"name\":\"C\u00e9vennes Bien-\u00catre - Massages bien-\u00eatre et soins \u00e9nerg\u00e9tiques\",\"url\":\"https:\\\/\\\/cevennesbienetre.fr\\\/\",\"logo\":{\"@type\":\"ImageObject\",\"inLanguage\":\"fr-FR\",\"@id\":\"https:\\\/\\\/cevennesbienetre.fr\\\/#\\\/schema\\\/logo\\\/image\\\/\",\"url\":\"https:\\\/\\\/cevennesbienetre.fr\\\/wp-content\\\/uploads\\\/2026\\\/02\\\/Logo_Final_Main_a_05-257x300-1-150x150-1.png\",\"contentUrl\":\"https:\\\/\\\/cevennesbienetre.fr\\\/wp-content\\\/uploads\\\/2026\\\/02\\\/Logo_Final_Main_a_05-257x300-1-150x150-1.png\",\"width\":150,\"height\":150,\"caption\":\"C\u00e9vennes Bien-\u00catre - Massages bien-\u00eatre et soins \u00e9nerg\u00e9tiques\"},\"image\":{\"@id\":\"https:\\\/\\\/cevennesbienetre.fr\\\/#\\\/schema\\\/logo\\\/image\\\/\"},\"sameAs\":[\"https:\\\/\\\/www.facebook.com\\\/cevennesbienetre\"]}]}<\/script>\n<!-- \/ Yoast SEO plugin. -->","yoast_head_json":{"title":"Carte cadeau : Soins \u00e9nerg\u00e9tiques reiki et magn\u00e9tisme - C\u00e9vennes Bien-\u00catre - Massages bien-\u00eatre et soins \u00e9nerg\u00e9tiques","description":"Soins \u00e9nerg\u00e9tiques Reiki et Magn\u00e9tisme pour r\u00e9\u00e9quilibrer les \u00e9nergies, r\u00e9duire le stress et favoriser le bien-\u00eatre physique, \u00e9motionnel et mental.","robots":{"index":"index","follow":"follow","max-snippet":"max-snippet:-1","max-image-preview":"max-image-preview:large","max-video-preview":"max-video-preview:-1"},"canonical":"https:\/\/cevennesbienetre.fr\/index.php\/produit\/carte-cadeau-soins-energetiques-reiki-et-magnetisme\/","og_locale":"fr_FR","og_type":"article","og_title":"Carte cadeau : Soins \u00e9nerg\u00e9tiques reiki et magn\u00e9tisme - C\u00e9vennes Bien-\u00catre - Massages bien-\u00eatre et soins \u00e9nerg\u00e9tiques","og_description":"Soins \u00e9nerg\u00e9tiques Reiki et Magn\u00e9tisme pour r\u00e9\u00e9quilibrer les \u00e9nergies, r\u00e9duire le stress et favoriser le bien-\u00eatre physique, \u00e9motionnel et mental.","og_url":"https:\/\/cevennesbienetre.fr\/index.php\/produit\/carte-cadeau-soins-energetiques-reiki-et-magnetisme\/","og_site_name":"C\u00e9vennes Bien-\u00catre - Massages bien-\u00eatre et soins \u00e9nerg\u00e9tiques","article_publisher":"https:\/\/www.facebook.com\/cevennesbienetre","article_modified_time":"2026-03-16T20:00:13+00:00","og_image":[{"width":2337,"height":2560,"url":"https:\/\/cevennesbienetre.fr\/wp-content\/uploads\/2018\/05\/IMG_8203-scaled.jpg","type":"image\/jpeg"}],"twitter_card":"summary_large_image","twitter_misc":{"Dur\u00e9e de lecture estim\u00e9e":"2 minutes"},"schema":{"@context":"https:\/\/schema.org","@graph":[{"@type":"WebPage","@id":"https:\/\/cevennesbienetre.fr\/index.php\/produit\/carte-cadeau-soins-energetiques-reiki-et-magnetisme\/","url":"https:\/\/cevennesbienetre.fr\/index.php\/produit\/carte-cadeau-soins-energetiques-reiki-et-magnetisme\/","name":"Carte cadeau : Soins \u00e9nerg\u00e9tiques reiki et magn\u00e9tisme - C\u00e9vennes Bien-\u00catre - Massages bien-\u00eatre et soins \u00e9nerg\u00e9tiques","isPartOf":{"@id":"https:\/\/cevennesbienetre.fr\/#website"},"primaryImageOfPage":{"@id":"https:\/\/cevennesbienetre.fr\/index.php\/produit\/carte-cadeau-soins-energetiques-reiki-et-magnetisme\/#primaryimage"},"image":{"@id":"https:\/\/cevennesbienetre.fr\/index.php\/produit\/carte-cadeau-soins-energetiques-reiki-et-magnetisme\/#primaryimage"},"thumbnailUrl":"https:\/\/cevennesbienetre.fr\/wp-content\/uploads\/2018\/05\/IMG_8203-scaled.jpg","datePublished":"2026-03-14T21:27:05+00:00","dateModified":"2026-03-16T20:00:13+00:00","description":"Soins \u00e9nerg\u00e9tiques Reiki et Magn\u00e9tisme pour r\u00e9\u00e9quilibrer les \u00e9nergies, r\u00e9duire le stress et favoriser le bien-\u00eatre physique, \u00e9motionnel et mental.","breadcrumb":{"@id":"https:\/\/cevennesbienetre.fr\/index.php\/produit\/carte-cadeau-soins-energetiques-reiki-et-magnetisme\/#breadcrumb"},"inLanguage":"fr-FR","potentialAction":[{"@type":"ReadAction","target":["https:\/\/cevennesbienetre.fr\/index.php\/produit\/carte-cadeau-soins-energetiques-reiki-et-magnetisme\/"]}]},{"@type":"ImageObject","inLanguage":"fr-FR","@id":"https:\/\/cevennesbienetre.fr\/index.php\/produit\/carte-cadeau-soins-energetiques-reiki-et-magnetisme\/#primaryimage","url":"https:\/\/cevennesbienetre.fr\/wp-content\/uploads\/2018\/05\/IMG_8203-scaled.jpg","contentUrl":"https:\/\/cevennesbienetre.fr\/wp-content\/uploads\/2018\/05\/IMG_8203-scaled.jpg","width":2337,"height":2560},{"@type":"BreadcrumbList","@id":"https:\/\/cevennesbienetre.fr\/index.php\/produit\/carte-cadeau-soins-energetiques-reiki-et-magnetisme\/#breadcrumb","itemListElement":[{"@type":"ListItem","position":1,"name":"Accueil","item":"https:\/\/cevennesbienetre.fr\/"},{"@type":"ListItem","position":2,"name":"Boutique","item":"https:\/\/cevennesbienetre.fr\/index.php\/boutique\/"},{"@type":"ListItem","position":3,"name":"Carte cadeau : Soins \u00e9nerg\u00e9tiques reiki et magn\u00e9tisme"}]},{"@type":"WebSite","@id":"https:\/\/cevennesbienetre.fr\/#website","url":"https:\/\/cevennesbienetre.fr\/","name":"C\u00e9vennes Bien-\u00catre - Massages bien-\u00eatre et soins \u00e9nerg\u00e9tiques","description":"","publisher":{"@id":"https:\/\/cevennesbienetre.fr\/#organization"},"potentialAction":[{"@type":"SearchAction","target":{"@type":"EntryPoint","urlTemplate":"https:\/\/cevennesbienetre.fr\/?s={search_term_string}"},"query-input":{"@type":"PropertyValueSpecification","valueRequired":true,"valueName":"search_term_string"}}],"inLanguage":"fr-FR"},{"@type":"Organization","@id":"https:\/\/cevennesbienetre.fr\/#organization","name":"C\u00e9vennes Bien-\u00catre - Massages bien-\u00eatre et soins \u00e9nerg\u00e9tiques","url":"https:\/\/cevennesbienetre.fr\/","logo":{"@type":"ImageObject","inLanguage":"fr-FR","@id":"https:\/\/cevennesbienetre.fr\/#\/schema\/logo\/image\/","url":"https:\/\/cevennesbienetre.fr\/wp-content\/uploads\/2026\/02\/Logo_Final_Main_a_05-257x300-1-150x150-1.png","contentUrl":"https:\/\/cevennesbienetre.fr\/wp-content\/uploads\/2026\/02\/Logo_Final_Main_a_05-257x300-1-150x150-1.png","width":150,"height":150,"caption":"C\u00e9vennes Bien-\u00catre - Massages bien-\u00eatre et soins \u00e9nerg\u00e9tiques"},"image":{"@id":"https:\/\/cevennesbienetre.fr\/#\/schema\/logo\/image\/"},"sameAs":["https:\/\/www.facebook.com\/cevennesbienetre"]}]}},"uagb_featured_image_src":{"full":["https:\/\/cevennesbienetre.fr\/wp-content\/uploads\/2018\/05\/IMG_8203-scaled.jpg",2337,2560,false],"thumbnail":["https:\/\/cevennesbienetre.fr\/wp-content\/uploads\/2018\/05\/IMG_8203-150x150.jpg",150,150,true],"medium":["https:\/\/cevennesbienetre.fr\/wp-content\/uploads\/2018\/05\/IMG_8203-274x300.jpg",274,300,true],"medium_large":["https:\/\/cevennesbienetre.fr\/wp-content\/uploads\/2018\/05\/IMG_8203-768x841.jpg",768,841,true],"large":["https:\/\/cevennesbienetre.fr\/wp-content\/uploads\/2018\/05\/IMG_8203-935x1024.jpg",935,1024,true],"1536x1536":["https:\/\/cevennesbienetre.fr\/wp-content\/uploads\/2018\/05\/IMG_8203-scaled.jpg",1402,1536,false],"2048x2048":["https:\/\/cevennesbienetre.fr\/wp-content\/uploads\/2018\/05\/IMG_8203-scaled.jpg",1870,2048,false],"woocommerce_thumbnail":["https:\/\/cevennesbienetre.fr\/wp-content\/uploads\/2018\/05\/IMG_8203-300x300.jpg",300,300,true],"woocommerce_single":["https:\/\/cevennesbienetre.fr\/wp-content\/uploads\/2018\/05\/IMG_8203-600x657.jpg",600,657,true],"woocommerce_gallery_thumbnail":["https:\/\/cevennesbienetre.fr\/wp-content\/uploads\/2018\/05\/IMG_8203-100x100.jpg",100,100,true]},"uagb_author_info":{"display_name":"admin6017","author_link":"https:\/\/cevennesbienetre.fr\/index.php\/author\/"},"uagb_comment_info":0,"uagb_excerpt":"Les soins \u00e9nerg\u00e9tiques Reiki et magn\u00e9tisme offrent ainsi une parenth\u00e8se de ressourcement, v\u00e9ritable id\u00e9ale pour se reconnecter \u00e0 soi-m\u00eame et retrouver \u00e9quilibre et s\u00e9r\u00e9nit\u00e9. Ce sont des pratiques douces qui visent \u00e0 r\u00e9tablir l'\u00e9quilibre de l'\u00e9nergie vitale circulant dans le corps. Selon ces approches, lorsque cette \u00e9nergie est perturb\u00e9e ou bloqu\u00e9e, cela peut se manifester\u2026","_links":{"self":[{"href":"https:\/\/cevennesbienetre.fr\/index.php\/wp-json\/wp\/v2\/product\/3813","targetHints":{"allow":["GET"]}}],"collection":[{"href":"https:\/\/cevennesbienetre.fr\/index.php\/wp-json\/wp\/v2\/product"}],"about":[{"href":"https:\/\/cevennesbienetre.fr\/index.php\/wp-json\/wp\/v2\/types\/product"}],"wp:featuredmedia":[{"embeddable":true,"href":"https:\/\/cevennesbienetre.fr\/index.php\/wp-json\/wp\/v2\/media\/560"}],"wp:attachment":[{"href":"https:\/\/cevennesbienetre.fr\/index.php\/wp-json\/wp\/v2\/media?parent=3813"}],"wp:term":[{"taxonomy":"product_brand","embeddable":true,"href":"https:\/\/cevennesbienetre.fr\/index.php\/wp-json\/wp\/v2\/product_brand?post=3813"},{"taxonomy":"product_cat","embeddable":true,"href":"https:\/\/cevennesbienetre.fr\/index.php\/wp-json\/wp\/v2\/product_cat?post=3813"},{"taxonomy":"product_tag","embeddable":true,"href":"https:\/\/cevennesbienetre.fr\/index.php\/wp-json\/wp\/v2\/product_tag?post=3813"}],"curies":[{"name":"wp","href":"https:\/\/api.w.org\/{rel}","templated":true}]}}