{"id":3801,"date":"2026-03-14T21:25:02","date_gmt":"2026-03-14T20:25:02","guid":{"rendered":"https:\/\/cevennesbienetre.fr\/?post_type=product&#038;p=3801"},"modified":"2026-03-16T21:07:06","modified_gmt":"2026-03-16T20:07:06","slug":"carte-cadeau-lomi-lomi","status":"publish","type":"product","link":"https:\/\/cevennesbienetre.fr\/index.php\/produit\/carte-cadeau-lomi-lomi\/","title":{"rendered":"Carte cadeau : Lomi lomi"},"content":{"rendered":"<h1 data-section-id=\"h85qhz\" data-start=\"128\" data-end=\"190\">Massage Lomi Lomi : le rituel hawa\u00efen de relaxation profonde<\/h1>\n<p data-start=\"192\" data-end=\"540\">Le <strong data-start=\"195\" data-end=\"216\">massage Lomi Lomi<\/strong> est un massage traditionnel originaire d\u2019Hawa\u00ef, reconnu pour ses mouvements longs, fluides et enveloppants qui rappellent le mouvement incessant des vagues de l\u2019oc\u00e9an. R\u00e9alis\u00e9 avec les <strong data-start=\"402\" data-end=\"429\">mains et les avant-bras<\/strong>, ce massage procure une sensation de continuit\u00e9 et d\u2019harmonie, comme une v\u00e9ritable danse rythm\u00e9e sur le corps.<\/p>\n<p data-start=\"542\" data-end=\"878\">Inspir\u00e9 de la philosophie hawa\u00efenne du <strong data-start=\"581\" data-end=\"592\">\u00ab\u00a0Aloha\u00a0\u00bb<\/strong>, le massage Lomi Lomi vise \u00e0 r\u00e9tablir l\u2019\u00e9quilibre entre le corps, l\u2019esprit et les \u00e9motions. Les gestes amples et fluides permettent de <strong data-start=\"728\" data-end=\"765\">d\u00e9tendre profond\u00e9ment les muscles<\/strong>, de lib\u00e9rer les tensions accumul\u00e9es et de favoriser une circulation harmonieuse de l\u2019\u00e9nergie dans tout le corps.<\/p>\n<p data-start=\"880\" data-end=\"1162\">Gr\u00e2ce \u00e0 ses mouvements enveloppants et rythm\u00e9s, ce massage invite au <strong data-start=\"949\" data-end=\"971\">l\u00e2cher-prise total<\/strong> et procure une sensation de bien-\u00eatre profond. Il agit \u00e0 la fois sur le plan physique et \u00e9motionnel en aidant \u00e0 rel\u00e2cher les blocages, \u00e0 calmer le mental et \u00e0 r\u00e9tablir l\u2019harmonie int\u00e9rieure.<\/p>\n<p data-start=\"1164\" data-end=\"1386\">Le massage Lomi Lomi est particuli\u00e8rement appr\u00e9ci\u00e9 pour sa capacit\u00e9 \u00e0 <strong data-start=\"1234\" data-end=\"1310\">apaiser le stress, am\u00e9liorer la circulation et r\u00e9\u00e9quilibrer les \u00e9nergies<\/strong>, offrant ainsi une exp\u00e9rience sensorielle unique et profond\u00e9ment relaxante.<\/p>\n<h2 data-section-id=\"186b8js\" data-start=\"1388\" data-end=\"1425\">Les bienfaits du massage Lomi Lomi<\/h2>\n<p data-start=\"1427\" data-end=\"1505\">Le massage Lomi Lomi apporte de nombreux bienfaits pour le corps et l\u2019esprit :<\/p>\n<ul data-start=\"1507\" data-end=\"1807\">\n<li data-section-id=\"8r85b0\" data-start=\"1507\" data-end=\"1554\">\n<p data-start=\"1509\" data-end=\"1554\">relaxation profonde du corps et de l\u2019esprit<\/p>\n<\/li>\n<li data-section-id=\"152e9ce\" data-start=\"1555\" data-end=\"1612\">\n<p data-start=\"1557\" data-end=\"1612\">rel\u00e2chement des tensions musculaires et \u00e9motionnelles<\/p>\n<\/li>\n<li data-section-id=\"1dlb2ck\" data-start=\"1613\" data-end=\"1671\">\n<p data-start=\"1615\" data-end=\"1671\">am\u00e9lioration de la circulation sanguine et \u00e9nerg\u00e9tique<\/p>\n<\/li>\n<li data-section-id=\"15xft1o\" data-start=\"1672\" data-end=\"1712\">\n<p data-start=\"1674\" data-end=\"1712\">r\u00e9duction du stress et de la fatigue<\/p>\n<\/li>\n<li data-section-id=\"1ut8irr\" data-start=\"1713\" data-end=\"1760\">\n<p data-start=\"1715\" data-end=\"1760\">sensation d\u2019harmonie et de bien-\u00eatre global<\/p>\n<\/li>\n<li data-section-id=\"1bkff67\" data-start=\"1761\" data-end=\"1807\">\n<p data-start=\"1763\" data-end=\"1807\">stimulation de la vitalit\u00e9 et de l\u2019\u00e9nergie<\/p>\n<\/li>\n<\/ul>\n<p data-start=\"1809\" data-end=\"1950\">Gr\u00e2ce \u00e0 ses gestes fluides et enveloppants, ce massage favorise un <strong data-start=\"1876\" data-end=\"1906\">v\u00e9ritable voyage sensoriel<\/strong> qui aide \u00e0 retrouver \u00e9quilibre et s\u00e9r\u00e9nit\u00e9.<\/p>\n<h2 data-section-id=\"175mtij\" data-start=\"1952\" data-end=\"1979\">D\u00e9roulement d\u2019une s\u00e9ance<\/h2>\n<p data-start=\"1981\" data-end=\"2253\">Lors d\u2019une s\u00e9ance de <strong data-start=\"2002\" data-end=\"2023\">massage Lomi Lomi<\/strong>, la personne est install\u00e9e confortablement sur la table de massage. Le praticien utilise des huiles et effectue de <strong data-start=\"2139\" data-end=\"2201\">grands mouvements fluides avec les mains et les avant-bras<\/strong>, alternant pressions douces et gestes enveloppants.<\/p>\n<p data-start=\"2255\" data-end=\"2499\">Les mouvements continus rappellent les <strong data-start=\"2294\" data-end=\"2315\">vagues de l\u2019oc\u00e9an<\/strong>, procurant une sensation de bercement et favorisant un \u00e9tat de relaxation profonde. Ce massage permet de reconnecter le corps et l\u2019esprit dans une atmosph\u00e8re apaisante et harmonieuse.<\/p>\n","protected":false},"excerpt":{"rendered":"<p style=\"text-align: left;\" data-start=\"0\" data-end=\"349\">Le massage Lomi Lomi est une invitation au voyage et au l\u00e2cher-prise. Issu de la tradition hawa\u00efenne, il se pratique avec des mouvements longs, fluides et enveloppants r\u00e9alis\u00e9s avec les mains et les avant-bras, comme une vague qui circule sur le corps. Ce rythme continu procure une sensation unique de r\u00e9confort, de s\u00e9curit\u00e9 et de profonde d\u00e9tente.<\/p>\n<p style=\"text-align: left;\" data-start=\"351\" data-end=\"613\">Ce massage ne se limite pas \u00e0 d\u00e9tendre les muscles : il aide aussi \u00e0 rel\u00e2cher le stress, apaiser le mental et lib\u00e9rer les tensions \u00e9motionnelles accumul\u00e9es. Beaucoup de personnes ressentent apr\u00e8s une s\u00e9ance une sensation de l\u00e9g\u00e8ret\u00e9, d\u2019harmonie et de recentrage.<\/p>\n<p style=\"text-align: left;\" data-start=\"615\" data-end=\"918\">Si vous ressentez de la fatigue, du stress ou simplement l\u2019envie de vous offrir un moment pour vous, le Lomi Lomi est un soin id\u00e9al. C\u2019est une exp\u00e9rience douce, enveloppante et profond\u00e9ment ressour\u00e7ante, parfaite pour reconnecter le corps et l\u2019esprit et repartir avec une sensation de bien-\u00eatre durable.<\/p>\n","protected":false},"featured_media":3666,"template":"","meta":{"_uag_custom_page_level_css":"","_swt_meta_header_display":false,"_swt_meta_footer_display":false,"_swt_meta_site_title_display":false,"_swt_meta_sticky_header":false,"_swt_meta_transparent_header":false},"product_brand":[],"product_cat":[44,149],"product_tag":[36,75,39,148,74,147,76],"class_list":{"0":"post-3801","1":"product","2":"type-product","3":"status-publish","4":"has-post-thumbnail","6":"product_cat-carte-cadeau","7":"product_cat-cevennesbienetre","8":"product_tag-detente","9":"product_tag-enveloppant-corps","10":"product_tag-lacher-prise","11":"product_tag-lomi-lomi-pour-relacher-les-tensions","12":"product_tag-massage-hawaien-traditionnel","13":"product_tag-massage-traditionnel-aux-avants-bras","14":"product_tag-relaxant-profond","16":"first","17":"instock","18":"downloadable","19":"virtual","20":"purchasable","21":"product-type-simple"},"yoast_head":"<!-- This site is optimized with the Yoast SEO plugin v27.5 - https:\/\/yoast.com\/product\/yoast-seo-wordpress\/ -->\n<title>Carte cadeau : Lomi lomi - C\u00e9vennes Bien-\u00catre - Massages bien-\u00eatre et soins \u00e9nerg\u00e9tiques<\/title>\n<meta name=\"description\" content=\"Massage Lomi Lomi : massage traditionnel hawa\u00efen aux mouvements fluides inspir\u00e9s des vagues pour une relaxation profonde et l\u2019harmonisation du corps et de l\u2019esprit.\" \/>\n<meta name=\"robots\" content=\"index, follow, max-snippet:-1, max-image-preview:large, max-video-preview:-1\" \/>\n<link rel=\"canonical\" href=\"https:\/\/cevennesbienetre.fr\/index.php\/produit\/carte-cadeau-lomi-lomi\/\" \/>\n<meta property=\"og:locale\" content=\"fr_FR\" \/>\n<meta property=\"og:type\" content=\"article\" \/>\n<meta property=\"og:title\" content=\"Carte cadeau : Lomi lomi - C\u00e9vennes Bien-\u00catre - Massages bien-\u00eatre et soins \u00e9nerg\u00e9tiques\" \/>\n<meta property=\"og:description\" content=\"Massage Lomi Lomi : massage traditionnel hawa\u00efen aux mouvements fluides inspir\u00e9s des vagues pour une relaxation profonde et l\u2019harmonisation du corps et de l\u2019esprit.\" \/>\n<meta property=\"og:url\" content=\"https:\/\/cevennesbienetre.fr\/index.php\/produit\/carte-cadeau-lomi-lomi\/\" \/>\n<meta property=\"og:site_name\" content=\"C\u00e9vennes Bien-\u00catre - Massages bien-\u00eatre et soins \u00e9nerg\u00e9tiques\" \/>\n<meta property=\"article:publisher\" content=\"https:\/\/www.facebook.com\/cevennesbienetre\" \/>\n<meta property=\"article:modified_time\" content=\"2026-03-16T20:07:06+00:00\" \/>\n<meta property=\"og:image\" content=\"https:\/\/cevennesbienetre.fr\/wp-content\/uploads\/2026\/03\/paysage-polynesie.jpg\" \/>\n\t<meta property=\"og:image:width\" content=\"1500\" \/>\n\t<meta property=\"og:image:height\" content=\"1002\" \/>\n\t<meta property=\"og:image:type\" content=\"image\/jpeg\" \/>\n<meta name=\"twitter:card\" content=\"summary_large_image\" \/>\n<meta name=\"twitter:label1\" content=\"Dur\u00e9e de lecture estim\u00e9e\" \/>\n\t<meta name=\"twitter:data1\" content=\"2 minutes\" \/>\n<script type=\"application\/ld+json\" class=\"yoast-schema-graph\">{\"@context\":\"https:\\\/\\\/schema.org\",\"@graph\":[{\"@type\":\"WebPage\",\"@id\":\"https:\\\/\\\/cevennesbienetre.fr\\\/index.php\\\/produit\\\/carte-cadeau-lomi-lomi\\\/\",\"url\":\"https:\\\/\\\/cevennesbienetre.fr\\\/index.php\\\/produit\\\/carte-cadeau-lomi-lomi\\\/\",\"name\":\"Carte cadeau : Lomi lomi - C\u00e9vennes Bien-\u00catre - Massages bien-\u00eatre et soins \u00e9nerg\u00e9tiques\",\"isPartOf\":{\"@id\":\"https:\\\/\\\/cevennesbienetre.fr\\\/#website\"},\"primaryImageOfPage\":{\"@id\":\"https:\\\/\\\/cevennesbienetre.fr\\\/index.php\\\/produit\\\/carte-cadeau-lomi-lomi\\\/#primaryimage\"},\"image\":{\"@id\":\"https:\\\/\\\/cevennesbienetre.fr\\\/index.php\\\/produit\\\/carte-cadeau-lomi-lomi\\\/#primaryimage\"},\"thumbnailUrl\":\"https:\\\/\\\/cevennesbienetre.fr\\\/wp-content\\\/uploads\\\/2026\\\/03\\\/paysage-polynesie.jpg\",\"datePublished\":\"2026-03-14T20:25:02+00:00\",\"dateModified\":\"2026-03-16T20:07:06+00:00\",\"description\":\"Massage Lomi Lomi : massage traditionnel hawa\u00efen aux mouvements fluides inspir\u00e9s des vagues pour une relaxation profonde et l\u2019harmonisation du corps et de l\u2019esprit.\",\"breadcrumb\":{\"@id\":\"https:\\\/\\\/cevennesbienetre.fr\\\/index.php\\\/produit\\\/carte-cadeau-lomi-lomi\\\/#breadcrumb\"},\"inLanguage\":\"fr-FR\",\"potentialAction\":[{\"@type\":\"ReadAction\",\"target\":[\"https:\\\/\\\/cevennesbienetre.fr\\\/index.php\\\/produit\\\/carte-cadeau-lomi-lomi\\\/\"]}]},{\"@type\":\"ImageObject\",\"inLanguage\":\"fr-FR\",\"@id\":\"https:\\\/\\\/cevennesbienetre.fr\\\/index.php\\\/produit\\\/carte-cadeau-lomi-lomi\\\/#primaryimage\",\"url\":\"https:\\\/\\\/cevennesbienetre.fr\\\/wp-content\\\/uploads\\\/2026\\\/03\\\/paysage-polynesie.jpg\",\"contentUrl\":\"https:\\\/\\\/cevennesbienetre.fr\\\/wp-content\\\/uploads\\\/2026\\\/03\\\/paysage-polynesie.jpg\",\"width\":1500,\"height\":1002},{\"@type\":\"BreadcrumbList\",\"@id\":\"https:\\\/\\\/cevennesbienetre.fr\\\/index.php\\\/produit\\\/carte-cadeau-lomi-lomi\\\/#breadcrumb\",\"itemListElement\":[{\"@type\":\"ListItem\",\"position\":1,\"name\":\"Accueil\",\"item\":\"https:\\\/\\\/cevennesbienetre.fr\\\/\"},{\"@type\":\"ListItem\",\"position\":2,\"name\":\"Boutique\",\"item\":\"https:\\\/\\\/cevennesbienetre.fr\\\/index.php\\\/boutique\\\/\"},{\"@type\":\"ListItem\",\"position\":3,\"name\":\"Carte cadeau : Lomi lomi\"}]},{\"@type\":\"WebSite\",\"@id\":\"https:\\\/\\\/cevennesbienetre.fr\\\/#website\",\"url\":\"https:\\\/\\\/cevennesbienetre.fr\\\/\",\"name\":\"C\u00e9vennes Bien-\u00catre - Massages bien-\u00eatre et soins \u00e9nerg\u00e9tiques\",\"description\":\"\",\"publisher\":{\"@id\":\"https:\\\/\\\/cevennesbienetre.fr\\\/#organization\"},\"potentialAction\":[{\"@type\":\"SearchAction\",\"target\":{\"@type\":\"EntryPoint\",\"urlTemplate\":\"https:\\\/\\\/cevennesbienetre.fr\\\/?s={search_term_string}\"},\"query-input\":{\"@type\":\"PropertyValueSpecification\",\"valueRequired\":true,\"valueName\":\"search_term_string\"}}],\"inLanguage\":\"fr-FR\"},{\"@type\":\"Organization\",\"@id\":\"https:\\\/\\\/cevennesbienetre.fr\\\/#organization\",\"name\":\"C\u00e9vennes Bien-\u00catre - Massages bien-\u00eatre et soins \u00e9nerg\u00e9tiques\",\"url\":\"https:\\\/\\\/cevennesbienetre.fr\\\/\",\"logo\":{\"@type\":\"ImageObject\",\"inLanguage\":\"fr-FR\",\"@id\":\"https:\\\/\\\/cevennesbienetre.fr\\\/#\\\/schema\\\/logo\\\/image\\\/\",\"url\":\"https:\\\/\\\/cevennesbienetre.fr\\\/wp-content\\\/uploads\\\/2026\\\/02\\\/Logo_Final_Main_a_05-257x300-1-150x150-1.png\",\"contentUrl\":\"https:\\\/\\\/cevennesbienetre.fr\\\/wp-content\\\/uploads\\\/2026\\\/02\\\/Logo_Final_Main_a_05-257x300-1-150x150-1.png\",\"width\":150,\"height\":150,\"caption\":\"C\u00e9vennes Bien-\u00catre - Massages bien-\u00eatre et soins \u00e9nerg\u00e9tiques\"},\"image\":{\"@id\":\"https:\\\/\\\/cevennesbienetre.fr\\\/#\\\/schema\\\/logo\\\/image\\\/\"},\"sameAs\":[\"https:\\\/\\\/www.facebook.com\\\/cevennesbienetre\"]}]}<\/script>\n<!-- \/ Yoast SEO plugin. -->","yoast_head_json":{"title":"Carte cadeau : Lomi lomi - C\u00e9vennes Bien-\u00catre - Massages bien-\u00eatre et soins \u00e9nerg\u00e9tiques","description":"Massage Lomi Lomi : massage traditionnel hawa\u00efen aux mouvements fluides inspir\u00e9s des vagues pour une relaxation profonde et l\u2019harmonisation du corps et de l\u2019esprit.","robots":{"index":"index","follow":"follow","max-snippet":"max-snippet:-1","max-image-preview":"max-image-preview:large","max-video-preview":"max-video-preview:-1"},"canonical":"https:\/\/cevennesbienetre.fr\/index.php\/produit\/carte-cadeau-lomi-lomi\/","og_locale":"fr_FR","og_type":"article","og_title":"Carte cadeau : Lomi lomi - C\u00e9vennes Bien-\u00catre - Massages bien-\u00eatre et soins \u00e9nerg\u00e9tiques","og_description":"Massage Lomi Lomi : massage traditionnel hawa\u00efen aux mouvements fluides inspir\u00e9s des vagues pour une relaxation profonde et l\u2019harmonisation du corps et de l\u2019esprit.","og_url":"https:\/\/cevennesbienetre.fr\/index.php\/produit\/carte-cadeau-lomi-lomi\/","og_site_name":"C\u00e9vennes Bien-\u00catre - Massages bien-\u00eatre et soins \u00e9nerg\u00e9tiques","article_publisher":"https:\/\/www.facebook.com\/cevennesbienetre","article_modified_time":"2026-03-16T20:07:06+00:00","og_image":[{"width":1500,"height":1002,"url":"https:\/\/cevennesbienetre.fr\/wp-content\/uploads\/2026\/03\/paysage-polynesie.jpg","type":"image\/jpeg"}],"twitter_card":"summary_large_image","twitter_misc":{"Dur\u00e9e de lecture estim\u00e9e":"2 minutes"},"schema":{"@context":"https:\/\/schema.org","@graph":[{"@type":"WebPage","@id":"https:\/\/cevennesbienetre.fr\/index.php\/produit\/carte-cadeau-lomi-lomi\/","url":"https:\/\/cevennesbienetre.fr\/index.php\/produit\/carte-cadeau-lomi-lomi\/","name":"Carte cadeau : Lomi lomi - C\u00e9vennes Bien-\u00catre - Massages bien-\u00eatre et soins \u00e9nerg\u00e9tiques","isPartOf":{"@id":"https:\/\/cevennesbienetre.fr\/#website"},"primaryImageOfPage":{"@id":"https:\/\/cevennesbienetre.fr\/index.php\/produit\/carte-cadeau-lomi-lomi\/#primaryimage"},"image":{"@id":"https:\/\/cevennesbienetre.fr\/index.php\/produit\/carte-cadeau-lomi-lomi\/#primaryimage"},"thumbnailUrl":"https:\/\/cevennesbienetre.fr\/wp-content\/uploads\/2026\/03\/paysage-polynesie.jpg","datePublished":"2026-03-14T20:25:02+00:00","dateModified":"2026-03-16T20:07:06+00:00","description":"Massage Lomi Lomi : massage traditionnel hawa\u00efen aux mouvements fluides inspir\u00e9s des vagues pour une relaxation profonde et l\u2019harmonisation du corps et de l\u2019esprit.","breadcrumb":{"@id":"https:\/\/cevennesbienetre.fr\/index.php\/produit\/carte-cadeau-lomi-lomi\/#breadcrumb"},"inLanguage":"fr-FR","potentialAction":[{"@type":"ReadAction","target":["https:\/\/cevennesbienetre.fr\/index.php\/produit\/carte-cadeau-lomi-lomi\/"]}]},{"@type":"ImageObject","inLanguage":"fr-FR","@id":"https:\/\/cevennesbienetre.fr\/index.php\/produit\/carte-cadeau-lomi-lomi\/#primaryimage","url":"https:\/\/cevennesbienetre.fr\/wp-content\/uploads\/2026\/03\/paysage-polynesie.jpg","contentUrl":"https:\/\/cevennesbienetre.fr\/wp-content\/uploads\/2026\/03\/paysage-polynesie.jpg","width":1500,"height":1002},{"@type":"BreadcrumbList","@id":"https:\/\/cevennesbienetre.fr\/index.php\/produit\/carte-cadeau-lomi-lomi\/#breadcrumb","itemListElement":[{"@type":"ListItem","position":1,"name":"Accueil","item":"https:\/\/cevennesbienetre.fr\/"},{"@type":"ListItem","position":2,"name":"Boutique","item":"https:\/\/cevennesbienetre.fr\/index.php\/boutique\/"},{"@type":"ListItem","position":3,"name":"Carte cadeau : Lomi lomi"}]},{"@type":"WebSite","@id":"https:\/\/cevennesbienetre.fr\/#website","url":"https:\/\/cevennesbienetre.fr\/","name":"C\u00e9vennes Bien-\u00catre - Massages bien-\u00eatre et soins \u00e9nerg\u00e9tiques","description":"","publisher":{"@id":"https:\/\/cevennesbienetre.fr\/#organization"},"potentialAction":[{"@type":"SearchAction","target":{"@type":"EntryPoint","urlTemplate":"https:\/\/cevennesbienetre.fr\/?s={search_term_string}"},"query-input":{"@type":"PropertyValueSpecification","valueRequired":true,"valueName":"search_term_string"}}],"inLanguage":"fr-FR"},{"@type":"Organization","@id":"https:\/\/cevennesbienetre.fr\/#organization","name":"C\u00e9vennes Bien-\u00catre - Massages bien-\u00eatre et soins \u00e9nerg\u00e9tiques","url":"https:\/\/cevennesbienetre.fr\/","logo":{"@type":"ImageObject","inLanguage":"fr-FR","@id":"https:\/\/cevennesbienetre.fr\/#\/schema\/logo\/image\/","url":"https:\/\/cevennesbienetre.fr\/wp-content\/uploads\/2026\/02\/Logo_Final_Main_a_05-257x300-1-150x150-1.png","contentUrl":"https:\/\/cevennesbienetre.fr\/wp-content\/uploads\/2026\/02\/Logo_Final_Main_a_05-257x300-1-150x150-1.png","width":150,"height":150,"caption":"C\u00e9vennes Bien-\u00catre - Massages bien-\u00eatre et soins \u00e9nerg\u00e9tiques"},"image":{"@id":"https:\/\/cevennesbienetre.fr\/#\/schema\/logo\/image\/"},"sameAs":["https:\/\/www.facebook.com\/cevennesbienetre"]}]}},"uagb_featured_image_src":{"full":["https:\/\/cevennesbienetre.fr\/wp-content\/uploads\/2026\/03\/paysage-polynesie.jpg",1500,1002,false],"thumbnail":["https:\/\/cevennesbienetre.fr\/wp-content\/uploads\/2026\/03\/paysage-polynesie-150x150.jpg",150,150,true],"medium":["https:\/\/cevennesbienetre.fr\/wp-content\/uploads\/2026\/03\/paysage-polynesie-300x200.jpg",300,200,true],"medium_large":["https:\/\/cevennesbienetre.fr\/wp-content\/uploads\/2026\/03\/paysage-polynesie-768x513.jpg",768,513,true],"large":["https:\/\/cevennesbienetre.fr\/wp-content\/uploads\/2026\/03\/paysage-polynesie-1024x684.jpg",1024,684,true],"1536x1536":["https:\/\/cevennesbienetre.fr\/wp-content\/uploads\/2026\/03\/paysage-polynesie.jpg",1500,1002,false],"2048x2048":["https:\/\/cevennesbienetre.fr\/wp-content\/uploads\/2026\/03\/paysage-polynesie.jpg",1500,1002,false],"woocommerce_thumbnail":["https:\/\/cevennesbienetre.fr\/wp-content\/uploads\/2026\/03\/paysage-polynesie-300x300.jpg",300,300,true],"woocommerce_single":["https:\/\/cevennesbienetre.fr\/wp-content\/uploads\/2026\/03\/paysage-polynesie-600x401.jpg",600,401,true],"woocommerce_gallery_thumbnail":["https:\/\/cevennesbienetre.fr\/wp-content\/uploads\/2026\/03\/paysage-polynesie-100x100.jpg",100,100,true]},"uagb_author_info":{"display_name":"admin6017","author_link":"https:\/\/cevennesbienetre.fr\/index.php\/author\/"},"uagb_comment_info":0,"uagb_excerpt":"Le massage Lomi Lomi est une invitation au voyage et au l\u00e2cher-prise. Issu de la tradition hawa\u00efenne, il se pratique avec des mouvements longs, fluides et enveloppants r\u00e9alis\u00e9s avec les mains et les avant-bras, comme une vague qui circule sur le corps. Ce rythme continu procure une sensation unique de r\u00e9confort, de s\u00e9curit\u00e9 et de\u2026","_links":{"self":[{"href":"https:\/\/cevennesbienetre.fr\/index.php\/wp-json\/wp\/v2\/product\/3801","targetHints":{"allow":["GET"]}}],"collection":[{"href":"https:\/\/cevennesbienetre.fr\/index.php\/wp-json\/wp\/v2\/product"}],"about":[{"href":"https:\/\/cevennesbienetre.fr\/index.php\/wp-json\/wp\/v2\/types\/product"}],"wp:featuredmedia":[{"embeddable":true,"href":"https:\/\/cevennesbienetre.fr\/index.php\/wp-json\/wp\/v2\/media\/3666"}],"wp:attachment":[{"href":"https:\/\/cevennesbienetre.fr\/index.php\/wp-json\/wp\/v2\/media?parent=3801"}],"wp:term":[{"taxonomy":"product_brand","embeddable":true,"href":"https:\/\/cevennesbienetre.fr\/index.php\/wp-json\/wp\/v2\/product_brand?post=3801"},{"taxonomy":"product_cat","embeddable":true,"href":"https:\/\/cevennesbienetre.fr\/index.php\/wp-json\/wp\/v2\/product_cat?post=3801"},{"taxonomy":"product_tag","embeddable":true,"href":"https:\/\/cevennesbienetre.fr\/index.php\/wp-json\/wp\/v2\/product_tag?post=3801"}],"curies":[{"name":"wp","href":"https:\/\/api.w.org\/{rel}","templated":true}]}}