{"id":3798,"date":"2026-03-14T21:16:09","date_gmt":"2026-03-14T20:16:09","guid":{"rendered":"https:\/\/cevennesbienetre.fr\/?post_type=product&#038;p=3798"},"modified":"2026-03-17T08:24:08","modified_gmt":"2026-03-17T07:24:08","slug":"carte-cadeau-massage-balinais-urut-pijat","status":"publish","type":"product","link":"https:\/\/cevennesbienetre.fr\/index.php\/produit\/carte-cadeau-massage-balinais-urut-pijat\/","title":{"rendered":"Carte cadeau : Massage balinais (Urut Pijat)"},"content":{"rendered":"<h4 style=\"text-align: left;\" data-start=\"0\" data-end=\"63\">Massage balinais \u2013 Voyage sensoriel et relaxation profonde<\/h4>\n<p style=\"text-align: left;\" data-start=\"65\" data-end=\"272\">Inspir\u00e9 des traditions ancestrales de <span class=\"hover:entity-accent entity-underline inline cursor-pointer align-baseline\"><span class=\"whitespace-normal\">Bali<\/span><\/span>, le massage balinais est bien plus qu\u2019un simple massage : c\u2019est une v\u00e9ritable parenth\u00e8se de l\u00e2cher-prise pour le corps et l\u2019esprit.<\/p>\n<p style=\"text-align: left;\" data-start=\"274\" data-end=\"526\">Gr\u00e2ce \u00e0 une combinaison unique de pressions profondes, de mouvements enveloppants, d\u2019\u00e9tirements doux et de gestes fluides, ce massage travaille en profondeur les tensions musculaires tout en procurant une sensation imm\u00e9diate de d\u00e9tente et de r\u00e9confort.<\/p>\n<p style=\"text-align: left;\" data-start=\"528\" data-end=\"758\">D\u00e8s les premi\u00e8res minutes, le corps se rel\u00e2che, le mental s\u2019apaise et la respiration devient plus profonde. Au fil du soin, les tensions s\u2019estompent, la circulation est stimul\u00e9e et une sensation de l\u00e9g\u00e8ret\u00e9 s\u2019installe durablement.<\/p>\n<p style=\"text-align: left;\" data-start=\"760\" data-end=\"790\">Id\u00e9al si vous ressentez :<\/p>\n<ul style=\"text-align: left;\" data-start=\"791\" data-end=\"970\">\n<li data-start=\"791\" data-end=\"828\">\n<p data-start=\"793\" data-end=\"828\">du stress ou une fatigue nerveuse<\/p>\n<\/li>\n<li data-start=\"829\" data-end=\"872\">\n<p data-start=\"831\" data-end=\"872\">des tensions musculaires ou corporelles<\/p>\n<\/li>\n<li data-start=\"873\" data-end=\"918\">\n<p data-start=\"875\" data-end=\"918\">un besoin de vous reconnecter \u00e0 vous-m\u00eame<\/p>\n<\/li>\n<li data-start=\"919\" data-end=\"970\">\n<p data-start=\"921\" data-end=\"970\">l\u2019envie de vous offrir un vrai moment pour vous<\/p>\n<\/li>\n<\/ul>\n<p style=\"text-align: left;\" data-start=\"972\" data-end=\"1197\">Le massage balinais est une exp\u00e9rience compl\u00e8te, \u00e0 la fois relaxante, r\u00e9\u00e9quilibrante et profond\u00e9ment ressour\u00e7ante. Apr\u00e8s la s\u00e9ance, beaucoup d\u00e9crivent une sensation de corps plus l\u00e9ger, d\u2019esprit apais\u00e9 et d\u2019\u00e9nergie retrouv\u00e9e.<\/p>\n<p style=\"text-align: left;\" data-start=\"1199\" data-end=\"1296\"><strong data-start=\"1199\" data-end=\"1296\">Offrez-vous ce voyage sensoriel et laissez votre corps retrouver naturellement son \u00e9quilibre.<\/strong><\/p>\n<p style=\"text-align: left;\" data-start=\"457\" data-end=\"728\">\n","protected":false},"excerpt":{"rendered":"<p>Le massage balinais est un massage complet du corps qui associe pressions profondes, lissages, \u00e9tirements doux et travail \u00e9nerg\u00e9tique. Il aide \u00e0 d\u00e9tendre les muscles, am\u00e9liorer la circulation et procurer une relaxation profonde tout en r\u00e9\u00e9quilibrant le corps et l\u2019esprit.<\/p>\n","protected":false},"featured_media":3394,"template":"","meta":{"_uag_custom_page_level_css":"","_swt_meta_header_display":false,"_swt_meta_footer_display":false,"_swt_meta_site_title_display":false,"_swt_meta_sticky_header":false,"_swt_meta_transparent_header":false},"product_brand":[],"product_cat":[44,149],"product_tag":[77,64,80,39,78,56,76,79],"class_list":{"0":"post-3798","1":"product","2":"type-product","3":"status-publish","4":"has-post-thumbnail","6":"product_cat-carte-cadeau","7":"product_cat-cevennesbienetre","8":"product_tag-balinais-traditionnel","9":"product_tag-detente-musculaire","10":"product_tag-elimination-des-toxines","11":"product_tag-lacher-prise","12":"product_tag-massage-bien-etre","13":"product_tag-meridiens","14":"product_tag-relaxant-profond","15":"product_tag-systeme-lymphatique","17":"first","18":"instock","19":"downloadable","20":"virtual","21":"purchasable","22":"product-type-simple"},"yoast_head":"<!-- This site is optimized with the Yoast SEO plugin v27.5 - https:\/\/yoast.com\/product\/yoast-seo-wordpress\/ -->\n<title>Carte cadeau : Massage balinais (Urut Pijat) - C\u00e9vennes Bien-\u00catre - Massages bien-\u00eatre et soins \u00e9nerg\u00e9tiques<\/title>\n<meta name=\"description\" content=\"D\u00e9couvrez le massage balinais, un massage complet associant pressions profondes et gestes enveloppants pour rel\u00e2cher les tensions, am\u00e9liorer la circulation et favoriser une relaxation profonde.\" \/>\n<meta name=\"robots\" content=\"index, follow, max-snippet:-1, max-image-preview:large, max-video-preview:-1\" \/>\n<link rel=\"canonical\" href=\"https:\/\/cevennesbienetre.fr\/index.php\/produit\/carte-cadeau-massage-balinais-urut-pijat\/\" \/>\n<meta property=\"og:locale\" content=\"fr_FR\" \/>\n<meta property=\"og:type\" content=\"article\" \/>\n<meta property=\"og:title\" content=\"Carte cadeau : Massage balinais (Urut Pijat) - C\u00e9vennes Bien-\u00catre - Massages bien-\u00eatre et soins \u00e9nerg\u00e9tiques\" \/>\n<meta property=\"og:description\" content=\"D\u00e9couvrez le massage balinais, un massage complet associant pressions profondes et gestes enveloppants pour rel\u00e2cher les tensions, am\u00e9liorer la circulation et favoriser une relaxation profonde.\" \/>\n<meta property=\"og:url\" content=\"https:\/\/cevennesbienetre.fr\/index.php\/produit\/carte-cadeau-massage-balinais-urut-pijat\/\" \/>\n<meta property=\"og:site_name\" content=\"C\u00e9vennes Bien-\u00catre - Massages bien-\u00eatre et soins \u00e9nerg\u00e9tiques\" \/>\n<meta property=\"article:publisher\" content=\"https:\/\/www.facebook.com\/cevennesbienetre\" \/>\n<meta property=\"article:modified_time\" content=\"2026-03-17T07:24:08+00:00\" \/>\n<meta property=\"og:image\" content=\"https:\/\/cevennesbienetre.fr\/wp-content\/uploads\/2026\/02\/TEMPLE-BALI.jpg\" \/>\n\t<meta property=\"og:image:width\" content=\"1500\" \/>\n\t<meta property=\"og:image:height\" content=\"1001\" \/>\n\t<meta property=\"og:image:type\" content=\"image\/jpeg\" \/>\n<meta name=\"twitter:card\" content=\"summary_large_image\" \/>\n<meta name=\"twitter:label1\" content=\"Dur\u00e9e de lecture estim\u00e9e\" \/>\n\t<meta name=\"twitter:data1\" content=\"2 minutes\" \/>\n<script type=\"application\/ld+json\" class=\"yoast-schema-graph\">{\"@context\":\"https:\\\/\\\/schema.org\",\"@graph\":[{\"@type\":\"WebPage\",\"@id\":\"https:\\\/\\\/cevennesbienetre.fr\\\/index.php\\\/produit\\\/carte-cadeau-massage-balinais-urut-pijat\\\/\",\"url\":\"https:\\\/\\\/cevennesbienetre.fr\\\/index.php\\\/produit\\\/carte-cadeau-massage-balinais-urut-pijat\\\/\",\"name\":\"Carte cadeau : Massage balinais (Urut Pijat) - C\u00e9vennes Bien-\u00catre - Massages bien-\u00eatre et soins \u00e9nerg\u00e9tiques\",\"isPartOf\":{\"@id\":\"https:\\\/\\\/cevennesbienetre.fr\\\/#website\"},\"primaryImageOfPage\":{\"@id\":\"https:\\\/\\\/cevennesbienetre.fr\\\/index.php\\\/produit\\\/carte-cadeau-massage-balinais-urut-pijat\\\/#primaryimage\"},\"image\":{\"@id\":\"https:\\\/\\\/cevennesbienetre.fr\\\/index.php\\\/produit\\\/carte-cadeau-massage-balinais-urut-pijat\\\/#primaryimage\"},\"thumbnailUrl\":\"https:\\\/\\\/cevennesbienetre.fr\\\/wp-content\\\/uploads\\\/2026\\\/02\\\/TEMPLE-BALI.jpg\",\"datePublished\":\"2026-03-14T20:16:09+00:00\",\"dateModified\":\"2026-03-17T07:24:08+00:00\",\"description\":\"D\u00e9couvrez le massage balinais, un massage complet associant pressions profondes et gestes enveloppants pour rel\u00e2cher les tensions, am\u00e9liorer la circulation et favoriser une relaxation profonde.\",\"breadcrumb\":{\"@id\":\"https:\\\/\\\/cevennesbienetre.fr\\\/index.php\\\/produit\\\/carte-cadeau-massage-balinais-urut-pijat\\\/#breadcrumb\"},\"inLanguage\":\"fr-FR\",\"potentialAction\":[{\"@type\":\"ReadAction\",\"target\":[\"https:\\\/\\\/cevennesbienetre.fr\\\/index.php\\\/produit\\\/carte-cadeau-massage-balinais-urut-pijat\\\/\"]}]},{\"@type\":\"ImageObject\",\"inLanguage\":\"fr-FR\",\"@id\":\"https:\\\/\\\/cevennesbienetre.fr\\\/index.php\\\/produit\\\/carte-cadeau-massage-balinais-urut-pijat\\\/#primaryimage\",\"url\":\"https:\\\/\\\/cevennesbienetre.fr\\\/wp-content\\\/uploads\\\/2026\\\/02\\\/TEMPLE-BALI.jpg\",\"contentUrl\":\"https:\\\/\\\/cevennesbienetre.fr\\\/wp-content\\\/uploads\\\/2026\\\/02\\\/TEMPLE-BALI.jpg\",\"width\":1500,\"height\":1001},{\"@type\":\"BreadcrumbList\",\"@id\":\"https:\\\/\\\/cevennesbienetre.fr\\\/index.php\\\/produit\\\/carte-cadeau-massage-balinais-urut-pijat\\\/#breadcrumb\",\"itemListElement\":[{\"@type\":\"ListItem\",\"position\":1,\"name\":\"Accueil\",\"item\":\"https:\\\/\\\/cevennesbienetre.fr\\\/\"},{\"@type\":\"ListItem\",\"position\":2,\"name\":\"Boutique\",\"item\":\"https:\\\/\\\/cevennesbienetre.fr\\\/index.php\\\/boutique\\\/\"},{\"@type\":\"ListItem\",\"position\":3,\"name\":\"Carte cadeau : Massage balinais (Urut Pijat)\"}]},{\"@type\":\"WebSite\",\"@id\":\"https:\\\/\\\/cevennesbienetre.fr\\\/#website\",\"url\":\"https:\\\/\\\/cevennesbienetre.fr\\\/\",\"name\":\"C\u00e9vennes Bien-\u00catre - Massages bien-\u00eatre et soins \u00e9nerg\u00e9tiques\",\"description\":\"\",\"publisher\":{\"@id\":\"https:\\\/\\\/cevennesbienetre.fr\\\/#organization\"},\"potentialAction\":[{\"@type\":\"SearchAction\",\"target\":{\"@type\":\"EntryPoint\",\"urlTemplate\":\"https:\\\/\\\/cevennesbienetre.fr\\\/?s={search_term_string}\"},\"query-input\":{\"@type\":\"PropertyValueSpecification\",\"valueRequired\":true,\"valueName\":\"search_term_string\"}}],\"inLanguage\":\"fr-FR\"},{\"@type\":\"Organization\",\"@id\":\"https:\\\/\\\/cevennesbienetre.fr\\\/#organization\",\"name\":\"C\u00e9vennes Bien-\u00catre - Massages bien-\u00eatre et soins \u00e9nerg\u00e9tiques\",\"url\":\"https:\\\/\\\/cevennesbienetre.fr\\\/\",\"logo\":{\"@type\":\"ImageObject\",\"inLanguage\":\"fr-FR\",\"@id\":\"https:\\\/\\\/cevennesbienetre.fr\\\/#\\\/schema\\\/logo\\\/image\\\/\",\"url\":\"https:\\\/\\\/cevennesbienetre.fr\\\/wp-content\\\/uploads\\\/2026\\\/02\\\/Logo_Final_Main_a_05-257x300-1-150x150-1.png\",\"contentUrl\":\"https:\\\/\\\/cevennesbienetre.fr\\\/wp-content\\\/uploads\\\/2026\\\/02\\\/Logo_Final_Main_a_05-257x300-1-150x150-1.png\",\"width\":150,\"height\":150,\"caption\":\"C\u00e9vennes Bien-\u00catre - Massages bien-\u00eatre et soins \u00e9nerg\u00e9tiques\"},\"image\":{\"@id\":\"https:\\\/\\\/cevennesbienetre.fr\\\/#\\\/schema\\\/logo\\\/image\\\/\"},\"sameAs\":[\"https:\\\/\\\/www.facebook.com\\\/cevennesbienetre\"]}]}<\/script>\n<!-- \/ Yoast SEO plugin. -->","yoast_head_json":{"title":"Carte cadeau : Massage balinais (Urut Pijat) - C\u00e9vennes Bien-\u00catre - Massages bien-\u00eatre et soins \u00e9nerg\u00e9tiques","description":"D\u00e9couvrez le massage balinais, un massage complet associant pressions profondes et gestes enveloppants pour rel\u00e2cher les tensions, am\u00e9liorer la circulation et favoriser une relaxation profonde.","robots":{"index":"index","follow":"follow","max-snippet":"max-snippet:-1","max-image-preview":"max-image-preview:large","max-video-preview":"max-video-preview:-1"},"canonical":"https:\/\/cevennesbienetre.fr\/index.php\/produit\/carte-cadeau-massage-balinais-urut-pijat\/","og_locale":"fr_FR","og_type":"article","og_title":"Carte cadeau : Massage balinais (Urut Pijat) - C\u00e9vennes Bien-\u00catre - Massages bien-\u00eatre et soins \u00e9nerg\u00e9tiques","og_description":"D\u00e9couvrez le massage balinais, un massage complet associant pressions profondes et gestes enveloppants pour rel\u00e2cher les tensions, am\u00e9liorer la circulation et favoriser une relaxation profonde.","og_url":"https:\/\/cevennesbienetre.fr\/index.php\/produit\/carte-cadeau-massage-balinais-urut-pijat\/","og_site_name":"C\u00e9vennes Bien-\u00catre - Massages bien-\u00eatre et soins \u00e9nerg\u00e9tiques","article_publisher":"https:\/\/www.facebook.com\/cevennesbienetre","article_modified_time":"2026-03-17T07:24:08+00:00","og_image":[{"width":1500,"height":1001,"url":"https:\/\/cevennesbienetre.fr\/wp-content\/uploads\/2026\/02\/TEMPLE-BALI.jpg","type":"image\/jpeg"}],"twitter_card":"summary_large_image","twitter_misc":{"Dur\u00e9e de lecture estim\u00e9e":"2 minutes"},"schema":{"@context":"https:\/\/schema.org","@graph":[{"@type":"WebPage","@id":"https:\/\/cevennesbienetre.fr\/index.php\/produit\/carte-cadeau-massage-balinais-urut-pijat\/","url":"https:\/\/cevennesbienetre.fr\/index.php\/produit\/carte-cadeau-massage-balinais-urut-pijat\/","name":"Carte cadeau : Massage balinais (Urut Pijat) - C\u00e9vennes Bien-\u00catre - Massages bien-\u00eatre et soins \u00e9nerg\u00e9tiques","isPartOf":{"@id":"https:\/\/cevennesbienetre.fr\/#website"},"primaryImageOfPage":{"@id":"https:\/\/cevennesbienetre.fr\/index.php\/produit\/carte-cadeau-massage-balinais-urut-pijat\/#primaryimage"},"image":{"@id":"https:\/\/cevennesbienetre.fr\/index.php\/produit\/carte-cadeau-massage-balinais-urut-pijat\/#primaryimage"},"thumbnailUrl":"https:\/\/cevennesbienetre.fr\/wp-content\/uploads\/2026\/02\/TEMPLE-BALI.jpg","datePublished":"2026-03-14T20:16:09+00:00","dateModified":"2026-03-17T07:24:08+00:00","description":"D\u00e9couvrez le massage balinais, un massage complet associant pressions profondes et gestes enveloppants pour rel\u00e2cher les tensions, am\u00e9liorer la circulation et favoriser une relaxation profonde.","breadcrumb":{"@id":"https:\/\/cevennesbienetre.fr\/index.php\/produit\/carte-cadeau-massage-balinais-urut-pijat\/#breadcrumb"},"inLanguage":"fr-FR","potentialAction":[{"@type":"ReadAction","target":["https:\/\/cevennesbienetre.fr\/index.php\/produit\/carte-cadeau-massage-balinais-urut-pijat\/"]}]},{"@type":"ImageObject","inLanguage":"fr-FR","@id":"https:\/\/cevennesbienetre.fr\/index.php\/produit\/carte-cadeau-massage-balinais-urut-pijat\/#primaryimage","url":"https:\/\/cevennesbienetre.fr\/wp-content\/uploads\/2026\/02\/TEMPLE-BALI.jpg","contentUrl":"https:\/\/cevennesbienetre.fr\/wp-content\/uploads\/2026\/02\/TEMPLE-BALI.jpg","width":1500,"height":1001},{"@type":"BreadcrumbList","@id":"https:\/\/cevennesbienetre.fr\/index.php\/produit\/carte-cadeau-massage-balinais-urut-pijat\/#breadcrumb","itemListElement":[{"@type":"ListItem","position":1,"name":"Accueil","item":"https:\/\/cevennesbienetre.fr\/"},{"@type":"ListItem","position":2,"name":"Boutique","item":"https:\/\/cevennesbienetre.fr\/index.php\/boutique\/"},{"@type":"ListItem","position":3,"name":"Carte cadeau : Massage balinais (Urut Pijat)"}]},{"@type":"WebSite","@id":"https:\/\/cevennesbienetre.fr\/#website","url":"https:\/\/cevennesbienetre.fr\/","name":"C\u00e9vennes Bien-\u00catre - Massages bien-\u00eatre et soins \u00e9nerg\u00e9tiques","description":"","publisher":{"@id":"https:\/\/cevennesbienetre.fr\/#organization"},"potentialAction":[{"@type":"SearchAction","target":{"@type":"EntryPoint","urlTemplate":"https:\/\/cevennesbienetre.fr\/?s={search_term_string}"},"query-input":{"@type":"PropertyValueSpecification","valueRequired":true,"valueName":"search_term_string"}}],"inLanguage":"fr-FR"},{"@type":"Organization","@id":"https:\/\/cevennesbienetre.fr\/#organization","name":"C\u00e9vennes Bien-\u00catre - Massages bien-\u00eatre et soins \u00e9nerg\u00e9tiques","url":"https:\/\/cevennesbienetre.fr\/","logo":{"@type":"ImageObject","inLanguage":"fr-FR","@id":"https:\/\/cevennesbienetre.fr\/#\/schema\/logo\/image\/","url":"https:\/\/cevennesbienetre.fr\/wp-content\/uploads\/2026\/02\/Logo_Final_Main_a_05-257x300-1-150x150-1.png","contentUrl":"https:\/\/cevennesbienetre.fr\/wp-content\/uploads\/2026\/02\/Logo_Final_Main_a_05-257x300-1-150x150-1.png","width":150,"height":150,"caption":"C\u00e9vennes Bien-\u00catre - Massages bien-\u00eatre et soins \u00e9nerg\u00e9tiques"},"image":{"@id":"https:\/\/cevennesbienetre.fr\/#\/schema\/logo\/image\/"},"sameAs":["https:\/\/www.facebook.com\/cevennesbienetre"]}]}},"uagb_featured_image_src":{"full":["https:\/\/cevennesbienetre.fr\/wp-content\/uploads\/2026\/02\/TEMPLE-BALI.jpg",1500,1001,false],"thumbnail":["https:\/\/cevennesbienetre.fr\/wp-content\/uploads\/2026\/02\/TEMPLE-BALI-150x150.jpg",150,150,true],"medium":["https:\/\/cevennesbienetre.fr\/wp-content\/uploads\/2026\/02\/TEMPLE-BALI-300x200.jpg",300,200,true],"medium_large":["https:\/\/cevennesbienetre.fr\/wp-content\/uploads\/2026\/02\/TEMPLE-BALI-768x513.jpg",768,513,true],"large":["https:\/\/cevennesbienetre.fr\/wp-content\/uploads\/2026\/02\/TEMPLE-BALI-1024x683.jpg",1024,683,true],"1536x1536":["https:\/\/cevennesbienetre.fr\/wp-content\/uploads\/2026\/02\/TEMPLE-BALI.jpg",1500,1001,false],"2048x2048":["https:\/\/cevennesbienetre.fr\/wp-content\/uploads\/2026\/02\/TEMPLE-BALI.jpg",1500,1001,false],"woocommerce_thumbnail":["https:\/\/cevennesbienetre.fr\/wp-content\/uploads\/2026\/02\/TEMPLE-BALI-300x300.jpg",300,300,true],"woocommerce_single":["https:\/\/cevennesbienetre.fr\/wp-content\/uploads\/2026\/02\/TEMPLE-BALI-600x400.jpg",600,400,true],"woocommerce_gallery_thumbnail":["https:\/\/cevennesbienetre.fr\/wp-content\/uploads\/2026\/02\/TEMPLE-BALI-100x100.jpg",100,100,true]},"uagb_author_info":{"display_name":"admin6017","author_link":"https:\/\/cevennesbienetre.fr\/index.php\/author\/"},"uagb_comment_info":0,"uagb_excerpt":"Le massage balinais est un massage complet du corps qui associe pressions profondes, lissages, \u00e9tirements doux et travail \u00e9nerg\u00e9tique. Il aide \u00e0 d\u00e9tendre les muscles, am\u00e9liorer la circulation et procurer une relaxation profonde tout en r\u00e9\u00e9quilibrant le corps et l\u2019esprit.","_links":{"self":[{"href":"https:\/\/cevennesbienetre.fr\/index.php\/wp-json\/wp\/v2\/product\/3798","targetHints":{"allow":["GET"]}}],"collection":[{"href":"https:\/\/cevennesbienetre.fr\/index.php\/wp-json\/wp\/v2\/product"}],"about":[{"href":"https:\/\/cevennesbienetre.fr\/index.php\/wp-json\/wp\/v2\/types\/product"}],"wp:featuredmedia":[{"embeddable":true,"href":"https:\/\/cevennesbienetre.fr\/index.php\/wp-json\/wp\/v2\/media\/3394"}],"wp:attachment":[{"href":"https:\/\/cevennesbienetre.fr\/index.php\/wp-json\/wp\/v2\/media?parent=3798"}],"wp:term":[{"taxonomy":"product_brand","embeddable":true,"href":"https:\/\/cevennesbienetre.fr\/index.php\/wp-json\/wp\/v2\/product_brand?post=3798"},{"taxonomy":"product_cat","embeddable":true,"href":"https:\/\/cevennesbienetre.fr\/index.php\/wp-json\/wp\/v2\/product_cat?post=3798"},{"taxonomy":"product_tag","embeddable":true,"href":"https:\/\/cevennesbienetre.fr\/index.php\/wp-json\/wp\/v2\/product_tag?post=3798"}],"curies":[{"name":"wp","href":"https:\/\/api.w.org\/{rel}","templated":true}]}}