{"id":3796,"date":"2026-03-14T09:42:09","date_gmt":"2026-03-14T08:42:09","guid":{"rendered":"https:\/\/cevennesbienetre.fr\/?post_type=product&#038;p=3796"},"modified":"2026-03-16T21:09:20","modified_gmt":"2026-03-16T20:09:20","slug":"carte-cadeau-chi-nei-tsang","status":"publish","type":"product","link":"https:\/\/cevennesbienetre.fr\/index.php\/produit\/carte-cadeau-chi-nei-tsang\/","title":{"rendered":"Carte cadeau : Chi nei tsang"},"content":{"rendered":"<p data-start=\"463\" data-end=\"817\">Le <strong data-start=\"466\" data-end=\"491\">massage Chi Nei Tsang<\/strong> est une pratique issue de la m\u00e9decine tao\u00efste chinoise qui se concentre sur le ventre, consid\u00e9r\u00e9 comme le centre des \u00e9motions et de l&rsquo;\u00e9nergie vitale. Ce massage abdominal profond vise \u00e0 lib\u00e9rer les tensions accumul\u00e9es dans les organes internes, am\u00e9liorer la circulation de l&rsquo;\u00e9nergie (le Chi) et favoriser le bien-\u00eatre global.<\/p>\n<p data-start=\"819\" data-end=\"1173\">Gr\u00e2ce \u00e0 des pressions douces et profondes sur l&rsquo;abdomen, le Chi Nei Tsang aide \u00e0 d\u00e9toxifier l&rsquo;organisme, soutenir la digestion, r\u00e9duire le stress et r\u00e9\u00e9quilibrer les \u00e9motions. Cette technique agit \u00e0 la fois sur le plan physique et \u00e9nerg\u00e9tique, en permettant aux organes comme le foie, l&rsquo;estomac et les intestins de retrouver un fonctionnement harmonieux.<\/p>\n<p data-start=\"1175\" data-end=\"1444\">Le massage Chi Nei Tsang est particuli\u00e8rement recommand\u00e9 pour les personnes souffrant de troubles digestifs, de fatigue, de stress ou de tensions \u00e9motionnelles. En lib\u00e9rant les blocages \u00e9nerg\u00e9tiques dans le ventre, il permet de retrouver l\u00e9g\u00e8ret\u00e9, vitalit\u00e9 et s\u00e9r\u00e9nit\u00e9.<\/p>\n","protected":false},"excerpt":{"rendered":"<h3>DUREE DU MASSAGE : 60 MN<\/h3>\n<p>Le Chi Nei Tsang est un massage abdominal issu de la tradition tao\u00efste chinoise. Il vise \u00e0 d\u00e9toxifier l\u2019organisme et \u00e0 lib\u00e9rer les blocages \u00e9motionnels et \u00e9nerg\u00e9tiques situ\u00e9s dans la zone abdominale et pelvienne. Gr\u00e2ce \u00e0 des respirations abdominales et un toucher doux et profond, il stimule le syst\u00e8me immunitaire et agit sur plusieurs syst\u00e8mes du corps (digestif, respiratoire, cardiovasculaire, lymphatique, urinaire et reproducteur).<\/p>\n<p>Recommand\u00e9 notamment en cas de tensions abdominales,\u00a0 fatigue ou maux de dos. La s\u00e9ance peut \u00eatre orient\u00e9e vers le bien-\u00eatre global ou vers un travail th\u00e9rapeutique cibl\u00e9 sur un ou plusieurs organes.<\/p>\n","protected":false},"featured_media":1494,"template":"","meta":{"_uag_custom_page_level_css":"","_swt_meta_header_display":false,"_swt_meta_footer_display":false,"_swt_meta_site_title_display":false,"_swt_meta_sticky_header":false,"_swt_meta_transparent_header":false},"product_brand":[],"product_cat":[44,149],"product_tag":[36,70,59,39,71,73,72,40],"class_list":{"0":"post-3796","1":"product","2":"type-product","3":"status-publish","4":"has-post-thumbnail","6":"product_cat-carte-cadeau","7":"product_cat-cevennesbienetre","8":"product_tag-detente","9":"product_tag-detoxification","10":"product_tag-energetique","11":"product_tag-lacher-prise","12":"product_tag-liberation-des-emotions-stockees-dans-labdomen","13":"product_tag-massage-abdominal-taoiste","14":"product_tag-massage-chinois","15":"product_tag-relaxation-profonde","17":"first","18":"instock","19":"downloadable","20":"virtual","21":"purchasable","22":"product-type-simple"},"yoast_head":"<!-- This site is optimized with the Yoast SEO plugin v27.5 - https:\/\/yoast.com\/product\/yoast-seo-wordpress\/ -->\n<title>Carte cadeau : Chi nei tsang - C\u00e9vennes Bien-\u00catre - Massages bien-\u00eatre et soins \u00e9nerg\u00e9tiques<\/title>\n<meta name=\"description\" content=\"D\u00e9couvrez le Chi Nei Tsang, massage abdominal issu de la tradition tao\u00efste favorisant digestion, lib\u00e9ration des tensions \u00e9motionnelles et circulation de l\u2019\u00e9nergie pour un bien-\u00eatre global.\" \/>\n<meta name=\"robots\" content=\"index, follow, max-snippet:-1, max-image-preview:large, max-video-preview:-1\" \/>\n<link rel=\"canonical\" href=\"https:\/\/cevennesbienetre.fr\/index.php\/produit\/carte-cadeau-chi-nei-tsang\/\" \/>\n<meta property=\"og:locale\" content=\"fr_FR\" \/>\n<meta property=\"og:type\" content=\"article\" \/>\n<meta property=\"og:title\" content=\"Carte cadeau : Chi nei tsang - C\u00e9vennes Bien-\u00catre - Massages bien-\u00eatre et soins \u00e9nerg\u00e9tiques\" \/>\n<meta property=\"og:description\" content=\"D\u00e9couvrez le Chi Nei Tsang, massage abdominal issu de la tradition tao\u00efste favorisant digestion, lib\u00e9ration des tensions \u00e9motionnelles et circulation de l\u2019\u00e9nergie pour un bien-\u00eatre global.\" \/>\n<meta property=\"og:url\" content=\"https:\/\/cevennesbienetre.fr\/index.php\/produit\/carte-cadeau-chi-nei-tsang\/\" \/>\n<meta property=\"og:site_name\" content=\"C\u00e9vennes Bien-\u00catre - Massages bien-\u00eatre et soins \u00e9nerg\u00e9tiques\" \/>\n<meta property=\"article:publisher\" content=\"https:\/\/www.facebook.com\/cevennesbienetre\" \/>\n<meta property=\"article:modified_time\" content=\"2026-03-16T20:09:20+00:00\" \/>\n<meta property=\"og:image\" content=\"https:\/\/cevennesbienetre.fr\/wp-content\/uploads\/2020\/03\/visceres-1024x960.png\" \/>\n\t<meta property=\"og:image:width\" content=\"1024\" \/>\n\t<meta property=\"og:image:height\" content=\"960\" \/>\n\t<meta property=\"og:image:type\" content=\"image\/png\" \/>\n<meta name=\"twitter:card\" content=\"summary_large_image\" \/>\n<meta name=\"twitter:label1\" content=\"Dur\u00e9e de lecture estim\u00e9e\" \/>\n\t<meta name=\"twitter:data1\" content=\"1 minute\" \/>\n<script type=\"application\/ld+json\" class=\"yoast-schema-graph\">{\"@context\":\"https:\\\/\\\/schema.org\",\"@graph\":[{\"@type\":\"WebPage\",\"@id\":\"https:\\\/\\\/cevennesbienetre.fr\\\/index.php\\\/produit\\\/carte-cadeau-chi-nei-tsang\\\/\",\"url\":\"https:\\\/\\\/cevennesbienetre.fr\\\/index.php\\\/produit\\\/carte-cadeau-chi-nei-tsang\\\/\",\"name\":\"Carte cadeau : Chi nei tsang - C\u00e9vennes Bien-\u00catre - Massages bien-\u00eatre et soins \u00e9nerg\u00e9tiques\",\"isPartOf\":{\"@id\":\"https:\\\/\\\/cevennesbienetre.fr\\\/#website\"},\"primaryImageOfPage\":{\"@id\":\"https:\\\/\\\/cevennesbienetre.fr\\\/index.php\\\/produit\\\/carte-cadeau-chi-nei-tsang\\\/#primaryimage\"},\"image\":{\"@id\":\"https:\\\/\\\/cevennesbienetre.fr\\\/index.php\\\/produit\\\/carte-cadeau-chi-nei-tsang\\\/#primaryimage\"},\"thumbnailUrl\":\"https:\\\/\\\/cevennesbienetre.fr\\\/wp-content\\\/uploads\\\/2020\\\/03\\\/visceres.png\",\"datePublished\":\"2026-03-14T08:42:09+00:00\",\"dateModified\":\"2026-03-16T20:09:20+00:00\",\"description\":\"D\u00e9couvrez le Chi Nei Tsang, massage abdominal issu de la tradition tao\u00efste favorisant digestion, lib\u00e9ration des tensions \u00e9motionnelles et circulation de l\u2019\u00e9nergie pour un bien-\u00eatre global.\",\"breadcrumb\":{\"@id\":\"https:\\\/\\\/cevennesbienetre.fr\\\/index.php\\\/produit\\\/carte-cadeau-chi-nei-tsang\\\/#breadcrumb\"},\"inLanguage\":\"fr-FR\",\"potentialAction\":[{\"@type\":\"ReadAction\",\"target\":[\"https:\\\/\\\/cevennesbienetre.fr\\\/index.php\\\/produit\\\/carte-cadeau-chi-nei-tsang\\\/\"]}]},{\"@type\":\"ImageObject\",\"inLanguage\":\"fr-FR\",\"@id\":\"https:\\\/\\\/cevennesbienetre.fr\\\/index.php\\\/produit\\\/carte-cadeau-chi-nei-tsang\\\/#primaryimage\",\"url\":\"https:\\\/\\\/cevennesbienetre.fr\\\/wp-content\\\/uploads\\\/2020\\\/03\\\/visceres.png\",\"contentUrl\":\"https:\\\/\\\/cevennesbienetre.fr\\\/wp-content\\\/uploads\\\/2020\\\/03\\\/visceres.png\",\"width\":1280,\"height\":1200},{\"@type\":\"BreadcrumbList\",\"@id\":\"https:\\\/\\\/cevennesbienetre.fr\\\/index.php\\\/produit\\\/carte-cadeau-chi-nei-tsang\\\/#breadcrumb\",\"itemListElement\":[{\"@type\":\"ListItem\",\"position\":1,\"name\":\"Accueil\",\"item\":\"https:\\\/\\\/cevennesbienetre.fr\\\/\"},{\"@type\":\"ListItem\",\"position\":2,\"name\":\"Boutique\",\"item\":\"https:\\\/\\\/cevennesbienetre.fr\\\/index.php\\\/boutique\\\/\"},{\"@type\":\"ListItem\",\"position\":3,\"name\":\"Carte cadeau : Chi nei tsang\"}]},{\"@type\":\"WebSite\",\"@id\":\"https:\\\/\\\/cevennesbienetre.fr\\\/#website\",\"url\":\"https:\\\/\\\/cevennesbienetre.fr\\\/\",\"name\":\"C\u00e9vennes Bien-\u00catre - Massages bien-\u00eatre et soins \u00e9nerg\u00e9tiques\",\"description\":\"\",\"publisher\":{\"@id\":\"https:\\\/\\\/cevennesbienetre.fr\\\/#organization\"},\"potentialAction\":[{\"@type\":\"SearchAction\",\"target\":{\"@type\":\"EntryPoint\",\"urlTemplate\":\"https:\\\/\\\/cevennesbienetre.fr\\\/?s={search_term_string}\"},\"query-input\":{\"@type\":\"PropertyValueSpecification\",\"valueRequired\":true,\"valueName\":\"search_term_string\"}}],\"inLanguage\":\"fr-FR\"},{\"@type\":\"Organization\",\"@id\":\"https:\\\/\\\/cevennesbienetre.fr\\\/#organization\",\"name\":\"C\u00e9vennes Bien-\u00catre - Massages bien-\u00eatre et soins \u00e9nerg\u00e9tiques\",\"url\":\"https:\\\/\\\/cevennesbienetre.fr\\\/\",\"logo\":{\"@type\":\"ImageObject\",\"inLanguage\":\"fr-FR\",\"@id\":\"https:\\\/\\\/cevennesbienetre.fr\\\/#\\\/schema\\\/logo\\\/image\\\/\",\"url\":\"https:\\\/\\\/cevennesbienetre.fr\\\/wp-content\\\/uploads\\\/2026\\\/02\\\/Logo_Final_Main_a_05-257x300-1-150x150-1.png\",\"contentUrl\":\"https:\\\/\\\/cevennesbienetre.fr\\\/wp-content\\\/uploads\\\/2026\\\/02\\\/Logo_Final_Main_a_05-257x300-1-150x150-1.png\",\"width\":150,\"height\":150,\"caption\":\"C\u00e9vennes Bien-\u00catre - Massages bien-\u00eatre et soins \u00e9nerg\u00e9tiques\"},\"image\":{\"@id\":\"https:\\\/\\\/cevennesbienetre.fr\\\/#\\\/schema\\\/logo\\\/image\\\/\"},\"sameAs\":[\"https:\\\/\\\/www.facebook.com\\\/cevennesbienetre\"]}]}<\/script>\n<!-- \/ Yoast SEO plugin. -->","yoast_head_json":{"title":"Carte cadeau : Chi nei tsang - C\u00e9vennes Bien-\u00catre - Massages bien-\u00eatre et soins \u00e9nerg\u00e9tiques","description":"D\u00e9couvrez le Chi Nei Tsang, massage abdominal issu de la tradition tao\u00efste favorisant digestion, lib\u00e9ration des tensions \u00e9motionnelles et circulation de l\u2019\u00e9nergie pour un bien-\u00eatre global.","robots":{"index":"index","follow":"follow","max-snippet":"max-snippet:-1","max-image-preview":"max-image-preview:large","max-video-preview":"max-video-preview:-1"},"canonical":"https:\/\/cevennesbienetre.fr\/index.php\/produit\/carte-cadeau-chi-nei-tsang\/","og_locale":"fr_FR","og_type":"article","og_title":"Carte cadeau : Chi nei tsang - C\u00e9vennes Bien-\u00catre - Massages bien-\u00eatre et soins \u00e9nerg\u00e9tiques","og_description":"D\u00e9couvrez le Chi Nei Tsang, massage abdominal issu de la tradition tao\u00efste favorisant digestion, lib\u00e9ration des tensions \u00e9motionnelles et circulation de l\u2019\u00e9nergie pour un bien-\u00eatre global.","og_url":"https:\/\/cevennesbienetre.fr\/index.php\/produit\/carte-cadeau-chi-nei-tsang\/","og_site_name":"C\u00e9vennes Bien-\u00catre - Massages bien-\u00eatre et soins \u00e9nerg\u00e9tiques","article_publisher":"https:\/\/www.facebook.com\/cevennesbienetre","article_modified_time":"2026-03-16T20:09:20+00:00","og_image":[{"width":1024,"height":960,"url":"https:\/\/cevennesbienetre.fr\/wp-content\/uploads\/2020\/03\/visceres-1024x960.png","type":"image\/png"}],"twitter_card":"summary_large_image","twitter_misc":{"Dur\u00e9e de lecture estim\u00e9e":"1 minute"},"schema":{"@context":"https:\/\/schema.org","@graph":[{"@type":"WebPage","@id":"https:\/\/cevennesbienetre.fr\/index.php\/produit\/carte-cadeau-chi-nei-tsang\/","url":"https:\/\/cevennesbienetre.fr\/index.php\/produit\/carte-cadeau-chi-nei-tsang\/","name":"Carte cadeau : Chi nei tsang - C\u00e9vennes Bien-\u00catre - Massages bien-\u00eatre et soins \u00e9nerg\u00e9tiques","isPartOf":{"@id":"https:\/\/cevennesbienetre.fr\/#website"},"primaryImageOfPage":{"@id":"https:\/\/cevennesbienetre.fr\/index.php\/produit\/carte-cadeau-chi-nei-tsang\/#primaryimage"},"image":{"@id":"https:\/\/cevennesbienetre.fr\/index.php\/produit\/carte-cadeau-chi-nei-tsang\/#primaryimage"},"thumbnailUrl":"https:\/\/cevennesbienetre.fr\/wp-content\/uploads\/2020\/03\/visceres.png","datePublished":"2026-03-14T08:42:09+00:00","dateModified":"2026-03-16T20:09:20+00:00","description":"D\u00e9couvrez le Chi Nei Tsang, massage abdominal issu de la tradition tao\u00efste favorisant digestion, lib\u00e9ration des tensions \u00e9motionnelles et circulation de l\u2019\u00e9nergie pour un bien-\u00eatre global.","breadcrumb":{"@id":"https:\/\/cevennesbienetre.fr\/index.php\/produit\/carte-cadeau-chi-nei-tsang\/#breadcrumb"},"inLanguage":"fr-FR","potentialAction":[{"@type":"ReadAction","target":["https:\/\/cevennesbienetre.fr\/index.php\/produit\/carte-cadeau-chi-nei-tsang\/"]}]},{"@type":"ImageObject","inLanguage":"fr-FR","@id":"https:\/\/cevennesbienetre.fr\/index.php\/produit\/carte-cadeau-chi-nei-tsang\/#primaryimage","url":"https:\/\/cevennesbienetre.fr\/wp-content\/uploads\/2020\/03\/visceres.png","contentUrl":"https:\/\/cevennesbienetre.fr\/wp-content\/uploads\/2020\/03\/visceres.png","width":1280,"height":1200},{"@type":"BreadcrumbList","@id":"https:\/\/cevennesbienetre.fr\/index.php\/produit\/carte-cadeau-chi-nei-tsang\/#breadcrumb","itemListElement":[{"@type":"ListItem","position":1,"name":"Accueil","item":"https:\/\/cevennesbienetre.fr\/"},{"@type":"ListItem","position":2,"name":"Boutique","item":"https:\/\/cevennesbienetre.fr\/index.php\/boutique\/"},{"@type":"ListItem","position":3,"name":"Carte cadeau : Chi nei tsang"}]},{"@type":"WebSite","@id":"https:\/\/cevennesbienetre.fr\/#website","url":"https:\/\/cevennesbienetre.fr\/","name":"C\u00e9vennes Bien-\u00catre - Massages bien-\u00eatre et soins \u00e9nerg\u00e9tiques","description":"","publisher":{"@id":"https:\/\/cevennesbienetre.fr\/#organization"},"potentialAction":[{"@type":"SearchAction","target":{"@type":"EntryPoint","urlTemplate":"https:\/\/cevennesbienetre.fr\/?s={search_term_string}"},"query-input":{"@type":"PropertyValueSpecification","valueRequired":true,"valueName":"search_term_string"}}],"inLanguage":"fr-FR"},{"@type":"Organization","@id":"https:\/\/cevennesbienetre.fr\/#organization","name":"C\u00e9vennes Bien-\u00catre - Massages bien-\u00eatre et soins \u00e9nerg\u00e9tiques","url":"https:\/\/cevennesbienetre.fr\/","logo":{"@type":"ImageObject","inLanguage":"fr-FR","@id":"https:\/\/cevennesbienetre.fr\/#\/schema\/logo\/image\/","url":"https:\/\/cevennesbienetre.fr\/wp-content\/uploads\/2026\/02\/Logo_Final_Main_a_05-257x300-1-150x150-1.png","contentUrl":"https:\/\/cevennesbienetre.fr\/wp-content\/uploads\/2026\/02\/Logo_Final_Main_a_05-257x300-1-150x150-1.png","width":150,"height":150,"caption":"C\u00e9vennes Bien-\u00catre - Massages bien-\u00eatre et soins \u00e9nerg\u00e9tiques"},"image":{"@id":"https:\/\/cevennesbienetre.fr\/#\/schema\/logo\/image\/"},"sameAs":["https:\/\/www.facebook.com\/cevennesbienetre"]}]}},"uagb_featured_image_src":{"full":["https:\/\/cevennesbienetre.fr\/wp-content\/uploads\/2020\/03\/visceres.png",1280,1200,false],"thumbnail":["https:\/\/cevennesbienetre.fr\/wp-content\/uploads\/2020\/03\/visceres-150x150.png",150,150,true],"medium":["https:\/\/cevennesbienetre.fr\/wp-content\/uploads\/2020\/03\/visceres-300x281.png",300,281,true],"medium_large":["https:\/\/cevennesbienetre.fr\/wp-content\/uploads\/2020\/03\/visceres-768x720.png",768,720,true],"large":["https:\/\/cevennesbienetre.fr\/wp-content\/uploads\/2020\/03\/visceres-1024x960.png",1024,960,true],"1536x1536":["https:\/\/cevennesbienetre.fr\/wp-content\/uploads\/2020\/03\/visceres.png",1280,1200,false],"2048x2048":["https:\/\/cevennesbienetre.fr\/wp-content\/uploads\/2020\/03\/visceres.png",1280,1200,false],"woocommerce_thumbnail":["https:\/\/cevennesbienetre.fr\/wp-content\/uploads\/2020\/03\/visceres-300x300.png",300,300,true],"woocommerce_single":["https:\/\/cevennesbienetre.fr\/wp-content\/uploads\/2020\/03\/visceres-600x563.png",600,563,true],"woocommerce_gallery_thumbnail":["https:\/\/cevennesbienetre.fr\/wp-content\/uploads\/2020\/03\/visceres-100x100.png",100,100,true]},"uagb_author_info":{"display_name":"admin6017","author_link":"https:\/\/cevennesbienetre.fr\/index.php\/author\/"},"uagb_comment_info":0,"uagb_excerpt":"DUREE DU MASSAGE : 60 MN Le Chi Nei Tsang est un massage abdominal issu de la tradition tao\u00efste chinoise. Il vise \u00e0 d\u00e9toxifier l\u2019organisme et \u00e0 lib\u00e9rer les blocages \u00e9motionnels et \u00e9nerg\u00e9tiques situ\u00e9s dans la zone abdominale et pelvienne. Gr\u00e2ce \u00e0 des respirations abdominales et un toucher doux et profond, il stimule le syst\u00e8me\u2026","_links":{"self":[{"href":"https:\/\/cevennesbienetre.fr\/index.php\/wp-json\/wp\/v2\/product\/3796","targetHints":{"allow":["GET"]}}],"collection":[{"href":"https:\/\/cevennesbienetre.fr\/index.php\/wp-json\/wp\/v2\/product"}],"about":[{"href":"https:\/\/cevennesbienetre.fr\/index.php\/wp-json\/wp\/v2\/types\/product"}],"wp:featuredmedia":[{"embeddable":true,"href":"https:\/\/cevennesbienetre.fr\/index.php\/wp-json\/wp\/v2\/media\/1494"}],"wp:attachment":[{"href":"https:\/\/cevennesbienetre.fr\/index.php\/wp-json\/wp\/v2\/media?parent=3796"}],"wp:term":[{"taxonomy":"product_brand","embeddable":true,"href":"https:\/\/cevennesbienetre.fr\/index.php\/wp-json\/wp\/v2\/product_brand?post=3796"},{"taxonomy":"product_cat","embeddable":true,"href":"https:\/\/cevennesbienetre.fr\/index.php\/wp-json\/wp\/v2\/product_cat?post=3796"},{"taxonomy":"product_tag","embeddable":true,"href":"https:\/\/cevennesbienetre.fr\/index.php\/wp-json\/wp\/v2\/product_tag?post=3796"}],"curies":[{"name":"wp","href":"https:\/\/api.w.org\/{rel}","templated":true}]}}