{"id":3782,"date":"2026-03-13T22:03:23","date_gmt":"2026-03-13T21:03:23","guid":{"rendered":"https:\/\/cevennesbienetre.fr\/?post_type=product&#038;p=3782"},"modified":"2026-03-16T21:10:34","modified_gmt":"2026-03-16T20:10:34","slug":"drainage-lymphatique","status":"publish","type":"product","link":"https:\/\/cevennesbienetre.fr\/index.php\/produit\/drainage-lymphatique\/","title":{"rendered":"Drainage lymphatique"},"content":{"rendered":"<h3 data-section-id=\"11n3oui\" data-start=\"0\" data-end=\"53\">Drainage lymphatique inspir\u00e9 de la m\u00e9thode Vodder<\/h3>\n<p><strong>Dur\u00e9e de la s\u00e9ance : 60 mn<\/strong><\/p>\n<p data-start=\"55\" data-end=\"298\">Le drainage lymphatique inspir\u00e9 de la m\u00e9thode <strong data-start=\"101\" data-end=\"142\"><span class=\"hover:entity-accent entity-underline inline cursor-pointer align-baseline\"><span class=\"whitespace-normal\">Emil Vodder<\/span><\/span><\/strong> est une technique de massage douce et sp\u00e9cifique destin\u00e9e \u00e0 stimuler la circulation de la lymphe et \u00e0 favoriser l\u2019\u00e9limination des toxines dans l\u2019organisme.<\/p>\n<p data-start=\"300\" data-end=\"587\">Ce soin se caract\u00e9rise par des <strong data-start=\"331\" data-end=\"373\">mouvements lents, l\u00e9gers et rythmiques<\/strong>, r\u00e9alis\u00e9s avec les mains et les doigts. Les pressions sont d\u00e9licates et suivent le trajet naturel du syst\u00e8me lymphatique afin d\u2019encourager le drainage des liquides et de soutenir les fonctions naturelles du corps.<\/p>\n<p data-start=\"589\" data-end=\"873\">Le drainage lymphatique aide \u00e0 <strong data-start=\"620\" data-end=\"662\">r\u00e9duire la sensation de jambes lourdes<\/strong>, \u00e0 <strong data-start=\"666\" data-end=\"720\">diminuer les gonflements li\u00e9s \u00e0 la r\u00e9tention d\u2019eau<\/strong> et \u00e0 <strong data-start=\"726\" data-end=\"754\">am\u00e9liorer la circulation<\/strong>. Il contribue \u00e9galement \u00e0 une <strong data-start=\"785\" data-end=\"805\">d\u00e9tente profonde<\/strong> et peut renforcer la sensation de l\u00e9g\u00e8ret\u00e9 et de bien-\u00eatre g\u00e9n\u00e9ral.<\/p>\n<p data-start=\"875\" data-end=\"919\">Ce soin est particuli\u00e8rement appr\u00e9ci\u00e9 pour :<\/p>\n<ul data-start=\"920\" data-end=\"1083\">\n<li data-section-id=\"1chkaru\" data-start=\"920\" data-end=\"959\">\n<p data-start=\"922\" data-end=\"959\">stimuler la circulation lymphatique<\/p>\n<\/li>\n<li data-section-id=\"1f9vk7b\" data-start=\"960\" data-end=\"999\">\n<p data-start=\"962\" data-end=\"999\">favoriser l\u2019\u00e9limination des toxines<\/p>\n<\/li>\n<li data-section-id=\"10smvj9\" data-start=\"1000\" data-end=\"1030\">\n<p data-start=\"1002\" data-end=\"1030\">r\u00e9duire la r\u00e9tention d\u2019eau<\/p>\n<\/li>\n<li data-section-id=\"4s2jis\" data-start=\"1031\" data-end=\"1083\">\n<p data-start=\"1033\" data-end=\"1083\">am\u00e9liorer la sensation de l\u00e9g\u00e8ret\u00e9 dans le corps<\/p>\n<\/li>\n<\/ul>\n<p data-start=\"1085\" data-end=\"1296\">Le drainage lymphatique inspir\u00e9 de la m\u00e9thode Vodder est un soin id\u00e9al pour celles et ceux qui souhaitent <strong data-start=\"1191\" data-end=\"1295\">d\u00e9toxifier l\u2019organisme, retrouver une sensation de l\u00e9g\u00e8ret\u00e9 et prendre soin de leur bien-\u00eatre global<\/strong>.<\/p>\n<p data-start=\"1085\" data-end=\"1296\">\n","protected":false},"excerpt":{"rendered":"<p style=\"text-align: left;\" data-start=\"450\" data-end=\"633\"><span dir=\"auto\" style=\"vertical-align: inherit;\"><span dir=\"auto\" style=\"vertical-align: inherit;\">Le drainage lymphatique d&rsquo;inspiration m\u00e9thode Vodder est un massage doux, lent et rythm\u00e9 qui stimule la circulation de la lymphe et aide le corps \u00e0 \u00e9liminer les toxines naturellement.<\/span><\/span><\/p>\n<p style=\"text-align: left;\" data-start=\"635\" data-end=\"832\"><span dir=\"auto\" style=\"vertical-align: inherit;\"><span dir=\"auto\" style=\"vertical-align: inherit;\">Inspir\u00e9 des travaux du Dr <\/span><\/span><span class=\"hover:entity-accent entity-underline inline cursor-pointer align-baseline\"><span class=\"whitespace-normal\"><span dir=\"auto\" style=\"vertical-align: inherit;\"><span dir=\"auto\" style=\"vertical-align: inherit;\">Emil Vodder<\/span><\/span><\/span><\/span><span dir=\"auto\" style=\"vertical-align: inherit;\"><span dir=\"auto\" style=\"vertical-align: inherit;\"> , ce massage utilise des pressions l\u00e9g\u00e8res et des mouvements pr\u00e9cis pour relancer la circulation lymphatique sans agresser les tissus.<\/span><\/span><\/p>\n<p style=\"text-align: left;\" data-start=\"834\" data-end=\"1071\"><span dir=\"auto\" style=\"vertical-align: inherit;\"><span dir=\"auto\" style=\"vertical-align: inherit;\">Ce soin est particuli\u00e8rement appr\u00e9ci\u00e9 pour ses effets sur la sensation de l\u00e9g\u00e8ret\u00e9, la r\u00e9duction des gonflements et l&rsquo;am\u00e9lioration du confort global du corps. Il agit aussi sur la relaxation profonde et le soutien du syst\u00e8me immunitaire.<\/span><\/span><\/p>\n<p style=\"text-align: left;\" data-start=\"834\" data-end=\"1071\"><span dir=\"auto\" style=\"vertical-align: inherit;\"><span dir=\"auto\" style=\"vertical-align: inherit;\">\u00a0<\/span><\/span><\/p>\n","protected":false},"featured_media":3397,"template":"","meta":{"_uag_custom_page_level_css":"","_swt_meta_header_display":false,"_swt_meta_footer_display":false,"_swt_meta_site_title_display":false,"_swt_meta_sticky_header":false,"_swt_meta_transparent_header":false},"product_brand":[],"product_cat":[149,106,46],"product_tag":[83,81,80,82,78,37,79],"class_list":{"0":"post-3782","1":"product","2":"type-product","3":"status-publish","4":"has-post-thumbnail","6":"product_cat-cevennesbienetre","7":"product_cat-drainage-lymphatique","8":"product_cat-massages-specifiques","9":"product_tag-detox-corps","10":"product_tag-drainage-lymphatique","11":"product_tag-elimination-des-toxines","12":"product_tag-jambes-lourdes","13":"product_tag-massage-bien-etre","14":"product_tag-relaxation","15":"product_tag-systeme-lymphatique","17":"first","18":"instock","19":"shipping-taxable","20":"purchasable","21":"product-type-variable"},"yoast_head":"<!-- This site is optimized with the Yoast SEO plugin v27.5 - https:\/\/yoast.com\/product\/yoast-seo-wordpress\/ -->\n<title>Drainage lymphatique - C\u00e9vennes Bien-\u00catre - Massages bien-\u00eatre et soins \u00e9nerg\u00e9tiques<\/title>\n<meta name=\"description\" content=\"D\u00e9couvrez le drainage lymphatique inspiration Vodder : un massage doux favorisant \u00e9limination des toxines, r\u00e9duction des gonflements et sensation de l\u00e9g\u00e8ret\u00e9 durable.\" \/>\n<meta name=\"robots\" content=\"index, follow, max-snippet:-1, max-image-preview:large, max-video-preview:-1\" \/>\n<link rel=\"canonical\" href=\"https:\/\/cevennesbienetre.fr\/index.php\/produit\/drainage-lymphatique\/\" \/>\n<meta property=\"og:locale\" content=\"fr_FR\" \/>\n<meta property=\"og:type\" content=\"article\" \/>\n<meta property=\"og:title\" content=\"Drainage lymphatique - C\u00e9vennes Bien-\u00catre - Massages bien-\u00eatre et soins \u00e9nerg\u00e9tiques\" \/>\n<meta property=\"og:description\" content=\"D\u00e9couvrez le drainage lymphatique inspiration Vodder : un massage doux favorisant \u00e9limination des toxines, r\u00e9duction des gonflements et sensation de l\u00e9g\u00e8ret\u00e9 durable.\" \/>\n<meta property=\"og:url\" content=\"https:\/\/cevennesbienetre.fr\/index.php\/produit\/drainage-lymphatique\/\" \/>\n<meta property=\"og:site_name\" content=\"C\u00e9vennes Bien-\u00catre - Massages bien-\u00eatre et soins \u00e9nerg\u00e9tiques\" \/>\n<meta property=\"article:publisher\" content=\"https:\/\/www.facebook.com\/cevennesbienetre\" \/>\n<meta property=\"article:modified_time\" content=\"2026-03-16T20:10:34+00:00\" \/>\n<meta property=\"og:image\" content=\"https:\/\/cevennesbienetre.fr\/wp-content\/uploads\/2026\/02\/MASSAGE-LYMPHATIQUE-VENTRE.jpg\" \/>\n\t<meta property=\"og:image:width\" content=\"1500\" \/>\n\t<meta property=\"og:image:height\" content=\"998\" \/>\n\t<meta property=\"og:image:type\" content=\"image\/jpeg\" \/>\n<meta name=\"twitter:card\" content=\"summary_large_image\" \/>\n<meta name=\"twitter:label1\" content=\"Dur\u00e9e de lecture estim\u00e9e\" \/>\n\t<meta name=\"twitter:data1\" content=\"2 minutes\" \/>\n<script type=\"application\/ld+json\" class=\"yoast-schema-graph\">{\"@context\":\"https:\\\/\\\/schema.org\",\"@graph\":[{\"@type\":\"WebPage\",\"@id\":\"https:\\\/\\\/cevennesbienetre.fr\\\/index.php\\\/produit\\\/drainage-lymphatique\\\/\",\"url\":\"https:\\\/\\\/cevennesbienetre.fr\\\/index.php\\\/produit\\\/drainage-lymphatique\\\/\",\"name\":\"Drainage lymphatique - C\u00e9vennes Bien-\u00catre - Massages bien-\u00eatre et soins \u00e9nerg\u00e9tiques\",\"isPartOf\":{\"@id\":\"https:\\\/\\\/cevennesbienetre.fr\\\/#website\"},\"primaryImageOfPage\":{\"@id\":\"https:\\\/\\\/cevennesbienetre.fr\\\/index.php\\\/produit\\\/drainage-lymphatique\\\/#primaryimage\"},\"image\":{\"@id\":\"https:\\\/\\\/cevennesbienetre.fr\\\/index.php\\\/produit\\\/drainage-lymphatique\\\/#primaryimage\"},\"thumbnailUrl\":\"https:\\\/\\\/cevennesbienetre.fr\\\/wp-content\\\/uploads\\\/2026\\\/02\\\/MASSAGE-LYMPHATIQUE-VENTRE.jpg\",\"datePublished\":\"2026-03-13T21:03:23+00:00\",\"dateModified\":\"2026-03-16T20:10:34+00:00\",\"description\":\"D\u00e9couvrez le drainage lymphatique inspiration Vodder : un massage doux favorisant \u00e9limination des toxines, r\u00e9duction des gonflements et sensation de l\u00e9g\u00e8ret\u00e9 durable.\",\"breadcrumb\":{\"@id\":\"https:\\\/\\\/cevennesbienetre.fr\\\/index.php\\\/produit\\\/drainage-lymphatique\\\/#breadcrumb\"},\"inLanguage\":\"fr-FR\",\"potentialAction\":[{\"@type\":\"ReadAction\",\"target\":[\"https:\\\/\\\/cevennesbienetre.fr\\\/index.php\\\/produit\\\/drainage-lymphatique\\\/\"]}]},{\"@type\":\"ImageObject\",\"inLanguage\":\"fr-FR\",\"@id\":\"https:\\\/\\\/cevennesbienetre.fr\\\/index.php\\\/produit\\\/drainage-lymphatique\\\/#primaryimage\",\"url\":\"https:\\\/\\\/cevennesbienetre.fr\\\/wp-content\\\/uploads\\\/2026\\\/02\\\/MASSAGE-LYMPHATIQUE-VENTRE.jpg\",\"contentUrl\":\"https:\\\/\\\/cevennesbienetre.fr\\\/wp-content\\\/uploads\\\/2026\\\/02\\\/MASSAGE-LYMPHATIQUE-VENTRE.jpg\",\"width\":1500,\"height\":998},{\"@type\":\"BreadcrumbList\",\"@id\":\"https:\\\/\\\/cevennesbienetre.fr\\\/index.php\\\/produit\\\/drainage-lymphatique\\\/#breadcrumb\",\"itemListElement\":[{\"@type\":\"ListItem\",\"position\":1,\"name\":\"Accueil\",\"item\":\"https:\\\/\\\/cevennesbienetre.fr\\\/\"},{\"@type\":\"ListItem\",\"position\":2,\"name\":\"Boutique\",\"item\":\"https:\\\/\\\/cevennesbienetre.fr\\\/index.php\\\/boutique\\\/\"},{\"@type\":\"ListItem\",\"position\":3,\"name\":\"Drainage lymphatique\"}]},{\"@type\":\"WebSite\",\"@id\":\"https:\\\/\\\/cevennesbienetre.fr\\\/#website\",\"url\":\"https:\\\/\\\/cevennesbienetre.fr\\\/\",\"name\":\"C\u00e9vennes Bien-\u00catre - Massages bien-\u00eatre et soins \u00e9nerg\u00e9tiques\",\"description\":\"\",\"publisher\":{\"@id\":\"https:\\\/\\\/cevennesbienetre.fr\\\/#organization\"},\"potentialAction\":[{\"@type\":\"SearchAction\",\"target\":{\"@type\":\"EntryPoint\",\"urlTemplate\":\"https:\\\/\\\/cevennesbienetre.fr\\\/?s={search_term_string}\"},\"query-input\":{\"@type\":\"PropertyValueSpecification\",\"valueRequired\":true,\"valueName\":\"search_term_string\"}}],\"inLanguage\":\"fr-FR\"},{\"@type\":\"Organization\",\"@id\":\"https:\\\/\\\/cevennesbienetre.fr\\\/#organization\",\"name\":\"C\u00e9vennes Bien-\u00catre - Massages bien-\u00eatre et soins \u00e9nerg\u00e9tiques\",\"url\":\"https:\\\/\\\/cevennesbienetre.fr\\\/\",\"logo\":{\"@type\":\"ImageObject\",\"inLanguage\":\"fr-FR\",\"@id\":\"https:\\\/\\\/cevennesbienetre.fr\\\/#\\\/schema\\\/logo\\\/image\\\/\",\"url\":\"https:\\\/\\\/cevennesbienetre.fr\\\/wp-content\\\/uploads\\\/2026\\\/02\\\/Logo_Final_Main_a_05-257x300-1-150x150-1.png\",\"contentUrl\":\"https:\\\/\\\/cevennesbienetre.fr\\\/wp-content\\\/uploads\\\/2026\\\/02\\\/Logo_Final_Main_a_05-257x300-1-150x150-1.png\",\"width\":150,\"height\":150,\"caption\":\"C\u00e9vennes Bien-\u00catre - Massages bien-\u00eatre et soins \u00e9nerg\u00e9tiques\"},\"image\":{\"@id\":\"https:\\\/\\\/cevennesbienetre.fr\\\/#\\\/schema\\\/logo\\\/image\\\/\"},\"sameAs\":[\"https:\\\/\\\/www.facebook.com\\\/cevennesbienetre\"]}]}<\/script>\n<!-- \/ Yoast SEO plugin. -->","yoast_head_json":{"title":"Drainage lymphatique - C\u00e9vennes Bien-\u00catre - Massages bien-\u00eatre et soins \u00e9nerg\u00e9tiques","description":"D\u00e9couvrez le drainage lymphatique inspiration Vodder : un massage doux favorisant \u00e9limination des toxines, r\u00e9duction des gonflements et sensation de l\u00e9g\u00e8ret\u00e9 durable.","robots":{"index":"index","follow":"follow","max-snippet":"max-snippet:-1","max-image-preview":"max-image-preview:large","max-video-preview":"max-video-preview:-1"},"canonical":"https:\/\/cevennesbienetre.fr\/index.php\/produit\/drainage-lymphatique\/","og_locale":"fr_FR","og_type":"article","og_title":"Drainage lymphatique - C\u00e9vennes Bien-\u00catre - Massages bien-\u00eatre et soins \u00e9nerg\u00e9tiques","og_description":"D\u00e9couvrez le drainage lymphatique inspiration Vodder : un massage doux favorisant \u00e9limination des toxines, r\u00e9duction des gonflements et sensation de l\u00e9g\u00e8ret\u00e9 durable.","og_url":"https:\/\/cevennesbienetre.fr\/index.php\/produit\/drainage-lymphatique\/","og_site_name":"C\u00e9vennes Bien-\u00catre - Massages bien-\u00eatre et soins \u00e9nerg\u00e9tiques","article_publisher":"https:\/\/www.facebook.com\/cevennesbienetre","article_modified_time":"2026-03-16T20:10:34+00:00","og_image":[{"width":1500,"height":998,"url":"https:\/\/cevennesbienetre.fr\/wp-content\/uploads\/2026\/02\/MASSAGE-LYMPHATIQUE-VENTRE.jpg","type":"image\/jpeg"}],"twitter_card":"summary_large_image","twitter_misc":{"Dur\u00e9e de lecture estim\u00e9e":"2 minutes"},"schema":{"@context":"https:\/\/schema.org","@graph":[{"@type":"WebPage","@id":"https:\/\/cevennesbienetre.fr\/index.php\/produit\/drainage-lymphatique\/","url":"https:\/\/cevennesbienetre.fr\/index.php\/produit\/drainage-lymphatique\/","name":"Drainage lymphatique - C\u00e9vennes Bien-\u00catre - Massages bien-\u00eatre et soins \u00e9nerg\u00e9tiques","isPartOf":{"@id":"https:\/\/cevennesbienetre.fr\/#website"},"primaryImageOfPage":{"@id":"https:\/\/cevennesbienetre.fr\/index.php\/produit\/drainage-lymphatique\/#primaryimage"},"image":{"@id":"https:\/\/cevennesbienetre.fr\/index.php\/produit\/drainage-lymphatique\/#primaryimage"},"thumbnailUrl":"https:\/\/cevennesbienetre.fr\/wp-content\/uploads\/2026\/02\/MASSAGE-LYMPHATIQUE-VENTRE.jpg","datePublished":"2026-03-13T21:03:23+00:00","dateModified":"2026-03-16T20:10:34+00:00","description":"D\u00e9couvrez le drainage lymphatique inspiration Vodder : un massage doux favorisant \u00e9limination des toxines, r\u00e9duction des gonflements et sensation de l\u00e9g\u00e8ret\u00e9 durable.","breadcrumb":{"@id":"https:\/\/cevennesbienetre.fr\/index.php\/produit\/drainage-lymphatique\/#breadcrumb"},"inLanguage":"fr-FR","potentialAction":[{"@type":"ReadAction","target":["https:\/\/cevennesbienetre.fr\/index.php\/produit\/drainage-lymphatique\/"]}]},{"@type":"ImageObject","inLanguage":"fr-FR","@id":"https:\/\/cevennesbienetre.fr\/index.php\/produit\/drainage-lymphatique\/#primaryimage","url":"https:\/\/cevennesbienetre.fr\/wp-content\/uploads\/2026\/02\/MASSAGE-LYMPHATIQUE-VENTRE.jpg","contentUrl":"https:\/\/cevennesbienetre.fr\/wp-content\/uploads\/2026\/02\/MASSAGE-LYMPHATIQUE-VENTRE.jpg","width":1500,"height":998},{"@type":"BreadcrumbList","@id":"https:\/\/cevennesbienetre.fr\/index.php\/produit\/drainage-lymphatique\/#breadcrumb","itemListElement":[{"@type":"ListItem","position":1,"name":"Accueil","item":"https:\/\/cevennesbienetre.fr\/"},{"@type":"ListItem","position":2,"name":"Boutique","item":"https:\/\/cevennesbienetre.fr\/index.php\/boutique\/"},{"@type":"ListItem","position":3,"name":"Drainage lymphatique"}]},{"@type":"WebSite","@id":"https:\/\/cevennesbienetre.fr\/#website","url":"https:\/\/cevennesbienetre.fr\/","name":"C\u00e9vennes Bien-\u00catre - Massages bien-\u00eatre et soins \u00e9nerg\u00e9tiques","description":"","publisher":{"@id":"https:\/\/cevennesbienetre.fr\/#organization"},"potentialAction":[{"@type":"SearchAction","target":{"@type":"EntryPoint","urlTemplate":"https:\/\/cevennesbienetre.fr\/?s={search_term_string}"},"query-input":{"@type":"PropertyValueSpecification","valueRequired":true,"valueName":"search_term_string"}}],"inLanguage":"fr-FR"},{"@type":"Organization","@id":"https:\/\/cevennesbienetre.fr\/#organization","name":"C\u00e9vennes Bien-\u00catre - Massages bien-\u00eatre et soins \u00e9nerg\u00e9tiques","url":"https:\/\/cevennesbienetre.fr\/","logo":{"@type":"ImageObject","inLanguage":"fr-FR","@id":"https:\/\/cevennesbienetre.fr\/#\/schema\/logo\/image\/","url":"https:\/\/cevennesbienetre.fr\/wp-content\/uploads\/2026\/02\/Logo_Final_Main_a_05-257x300-1-150x150-1.png","contentUrl":"https:\/\/cevennesbienetre.fr\/wp-content\/uploads\/2026\/02\/Logo_Final_Main_a_05-257x300-1-150x150-1.png","width":150,"height":150,"caption":"C\u00e9vennes Bien-\u00catre - Massages bien-\u00eatre et soins \u00e9nerg\u00e9tiques"},"image":{"@id":"https:\/\/cevennesbienetre.fr\/#\/schema\/logo\/image\/"},"sameAs":["https:\/\/www.facebook.com\/cevennesbienetre"]}]}},"uagb_featured_image_src":{"full":["https:\/\/cevennesbienetre.fr\/wp-content\/uploads\/2026\/02\/MASSAGE-LYMPHATIQUE-VENTRE.jpg",1500,998,false],"thumbnail":["https:\/\/cevennesbienetre.fr\/wp-content\/uploads\/2026\/02\/MASSAGE-LYMPHATIQUE-VENTRE-150x150.jpg",150,150,true],"medium":["https:\/\/cevennesbienetre.fr\/wp-content\/uploads\/2026\/02\/MASSAGE-LYMPHATIQUE-VENTRE-300x200.jpg",300,200,true],"medium_large":["https:\/\/cevennesbienetre.fr\/wp-content\/uploads\/2026\/02\/MASSAGE-LYMPHATIQUE-VENTRE-768x511.jpg",768,511,true],"large":["https:\/\/cevennesbienetre.fr\/wp-content\/uploads\/2026\/02\/MASSAGE-LYMPHATIQUE-VENTRE-1024x681.jpg",1024,681,true],"1536x1536":["https:\/\/cevennesbienetre.fr\/wp-content\/uploads\/2026\/02\/MASSAGE-LYMPHATIQUE-VENTRE.jpg",1500,998,false],"2048x2048":["https:\/\/cevennesbienetre.fr\/wp-content\/uploads\/2026\/02\/MASSAGE-LYMPHATIQUE-VENTRE.jpg",1500,998,false],"woocommerce_thumbnail":["https:\/\/cevennesbienetre.fr\/wp-content\/uploads\/2026\/02\/MASSAGE-LYMPHATIQUE-VENTRE-300x300.jpg",300,300,true],"woocommerce_single":["https:\/\/cevennesbienetre.fr\/wp-content\/uploads\/2026\/02\/MASSAGE-LYMPHATIQUE-VENTRE-600x399.jpg",600,399,true],"woocommerce_gallery_thumbnail":["https:\/\/cevennesbienetre.fr\/wp-content\/uploads\/2026\/02\/MASSAGE-LYMPHATIQUE-VENTRE-100x100.jpg",100,100,true]},"uagb_author_info":{"display_name":"admin6017","author_link":"https:\/\/cevennesbienetre.fr\/index.php\/author\/"},"uagb_comment_info":0,"uagb_excerpt":"Le drainage lymphatique d'inspiration m\u00e9thode Vodder est un massage doux, lent et rythm\u00e9 qui stimule la circulation de la lymphe et aide le corps \u00e0 \u00e9liminer les toxines naturellement. Inspir\u00e9 des travaux du Dr Emil Vodder , ce massage utilise des pressions l\u00e9g\u00e8res et des mouvements pr\u00e9cis pour relancer la circulation lymphatique sans agresser les\u2026","_links":{"self":[{"href":"https:\/\/cevennesbienetre.fr\/index.php\/wp-json\/wp\/v2\/product\/3782","targetHints":{"allow":["GET"]}}],"collection":[{"href":"https:\/\/cevennesbienetre.fr\/index.php\/wp-json\/wp\/v2\/product"}],"about":[{"href":"https:\/\/cevennesbienetre.fr\/index.php\/wp-json\/wp\/v2\/types\/product"}],"wp:featuredmedia":[{"embeddable":true,"href":"https:\/\/cevennesbienetre.fr\/index.php\/wp-json\/wp\/v2\/media\/3397"}],"wp:attachment":[{"href":"https:\/\/cevennesbienetre.fr\/index.php\/wp-json\/wp\/v2\/media?parent=3782"}],"wp:term":[{"taxonomy":"product_brand","embeddable":true,"href":"https:\/\/cevennesbienetre.fr\/index.php\/wp-json\/wp\/v2\/product_brand?post=3782"},{"taxonomy":"product_cat","embeddable":true,"href":"https:\/\/cevennesbienetre.fr\/index.php\/wp-json\/wp\/v2\/product_cat?post=3782"},{"taxonomy":"product_tag","embeddable":true,"href":"https:\/\/cevennesbienetre.fr\/index.php\/wp-json\/wp\/v2\/product_tag?post=3782"}],"curies":[{"name":"wp","href":"https:\/\/api.w.org\/{rel}","templated":true}]}}