{"id":3518,"date":"2026-02-22T23:11:15","date_gmt":"2026-02-22T22:11:15","guid":{"rendered":"https:\/\/cevennesbienetre.fr\/?post_type=product&#038;p=3518"},"modified":"2026-03-16T22:15:29","modified_gmt":"2026-03-16T21:15:29","slug":"soins-energetiques-reiki-et-magnetisme","status":"publish","type":"product","link":"https:\/\/cevennesbienetre.fr\/index.php\/produit\/soins-energetiques-reiki-et-magnetisme\/","title":{"rendered":"Soins \u00e9nerg\u00e9tiques reiki et magn\u00e9tisme"},"content":{"rendered":"<h1 data-section-id=\"b9tz8p\" data-start=\"245\" data-end=\"315\">Soins \u00e9nerg\u00e9tiques : Reiki et magn\u00e9tisme pour r\u00e9\u00e9quilibrer l\u2019\u00e9nergie<\/h1>\n<p data-start=\"317\" data-end=\"738\">Les <strong data-start=\"321\" data-end=\"343\">soins \u00e9nerg\u00e9tiques<\/strong>, comme le <strong data-start=\"354\" data-end=\"380\">Reiki et le magn\u00e9tisme<\/strong>, sont des pratiques naturelles qui visent \u00e0 r\u00e9\u00e9quilibrer l\u2019\u00e9nergie vitale du corps afin de favoriser un mieux-\u00eatre global. Lorsque l\u2019\u00e9nergie circule librement, le corps et l\u2019esprit retrouvent plus facilement leur harmonie naturelle. En revanche, le stress, les \u00e9motions ou la fatigue peuvent cr\u00e9er des <strong data-start=\"683\" data-end=\"708\">blocages \u00e9nerg\u00e9tiques<\/strong> qui perturbent cet \u00e9quilibre.<\/p>\n<p data-start=\"740\" data-end=\"1086\">Gr\u00e2ce \u00e0 l\u2019imposition des mains et \u00e0 un travail \u00e9nerg\u00e9tique subtil, les soins \u00e9nerg\u00e9tiques permettent de <strong data-start=\"844\" data-end=\"888\">r\u00e9harmoniser la circulation de l\u2019\u00e9nergie<\/strong>, d\u2019apaiser les tensions et de soutenir l\u2019\u00e9quilibre physique, \u00e9motionnel et mental. Ces techniques douces favorisent une profonde relaxation et aident \u00e0 lib\u00e9rer les charges \u00e9motionnelles accumul\u00e9es.<\/p>\n<p data-start=\"1088\" data-end=\"1320\">Le <strong data-start=\"1091\" data-end=\"1117\">Reiki et le magn\u00e9tisme<\/strong> agissent \u00e9galement en stimulant les <strong data-start=\"1154\" data-end=\"1209\">capacit\u00e9s naturelles d\u2019auto-gu\u00e9rison de l\u2019organisme<\/strong>. Ils permettent de r\u00e9duire le stress, d\u2019apaiser l\u2019anxi\u00e9t\u00e9 et d\u2019apporter une sensation de calme et de l\u00e9g\u00e8ret\u00e9.<\/p>\n<p data-start=\"1322\" data-end=\"1565\">Chaque s\u00e9ance de <strong data-start=\"1339\" data-end=\"1359\">soin \u00e9nerg\u00e9tique<\/strong> est unique et personnalis\u00e9e en fonction de vos besoins du moment. Dans une atmosph\u00e8re apaisante et bienveillante, ce moment de d\u00e9tente favorise le l\u00e2cher-prise, le recentrage et l\u2019harmonisation int\u00e9rieure.<\/p>\n<p data-start=\"1567\" data-end=\"1624\">Ces soins peuvent \u00eatre particuli\u00e8rement b\u00e9n\u00e9fiques pour :<\/p>\n<ul data-start=\"1626\" data-end=\"1860\">\n<li data-section-id=\"q9pkh7\" data-start=\"1626\" data-end=\"1660\">\n<p data-start=\"1628\" data-end=\"1660\">r\u00e9duire le stress et l\u2019anxi\u00e9t\u00e9<\/p>\n<\/li>\n<li data-section-id=\"1qn9vdm\" data-start=\"1661\" data-end=\"1698\">\n<p data-start=\"1663\" data-end=\"1698\">lib\u00e9rer les blocages \u00e9nerg\u00e9tiques<\/p>\n<\/li>\n<li data-section-id=\"1e9at6\" data-start=\"1699\" data-end=\"1732\">\n<p data-start=\"1701\" data-end=\"1732\">retrouver vitalit\u00e9 et \u00e9nergie<\/p>\n<\/li>\n<li data-section-id=\"299d8z\" data-start=\"1733\" data-end=\"1769\">\n<p data-start=\"1735\" data-end=\"1769\">am\u00e9liorer l\u2019\u00e9quilibre \u00e9motionnel<\/p>\n<\/li>\n<li data-section-id=\"1li7cuk\" data-start=\"1770\" data-end=\"1803\">\n<p data-start=\"1772\" data-end=\"1803\">favoriser la d\u00e9tente profonde<\/p>\n<\/li>\n<li data-section-id=\"h3m81v\" data-start=\"1804\" data-end=\"1860\">\n<p data-start=\"1806\" data-end=\"1860\">soutenir le bien-\u00eatre global du corps et de l\u2019esprit<\/p>\n<\/li>\n<\/ul>\n<p data-start=\"1441\" data-end=\"1708\">\n","protected":false},"excerpt":{"rendered":"<p data-start=\"1862\" data-end=\"2039\">Les <strong data-start=\"1866\" data-end=\"1908\">soins \u00e9nerg\u00e9tiques Reiki et magn\u00e9tisme<\/strong> offrent ainsi une v\u00e9ritable parenth\u00e8se de ressourcement, id\u00e9ale pour se reconnecter \u00e0 soi-m\u00eame et retrouver \u00e9quilibre et s\u00e9r\u00e9nit\u00e9.<\/p>\n<p data-start=\"131\" data-end=\"481\">Les <strong data-start=\"135\" data-end=\"157\">soins \u00e9nerg\u00e9tiques<\/strong>, tels que le Reiki et le magn\u00e9tisme, sont des pratiques douces qui visent \u00e0 r\u00e9tablir l\u2019\u00e9quilibre de l\u2019\u00e9nergie vitale circulant dans le corps. Selon ces approches, lorsque cette \u00e9nergie est perturb\u00e9e ou bloqu\u00e9e, cela peut se manifester par du stress, de la fatigue, des tensions physiques ou des d\u00e9s\u00e9quilibres \u00e9motionnels.<\/p>\n<p data-start=\"483\" data-end=\"867\">Gr\u00e2ce \u00e0 l\u2019imposition des mains ou \u00e0 un travail \u00e9nerg\u00e9tique subtil, ces techniques permettent de <strong data-start=\"579\" data-end=\"617\">r\u00e9harmoniser les flux \u00e9nerg\u00e9tiques<\/strong>, de lib\u00e9rer les blocages et de favoriser une circulation plus fluide de l\u2019\u00e9nergie dans l\u2019ensemble du corps. Elles procurent une profonde sensation d\u2019apaisement et contribuent \u00e0 rel\u00e2cher les tensions accumul\u00e9es, aussi bien physiques qu\u2019\u00e9motionnelles.<\/p>\n<p data-start=\"869\" data-end=\"1192\">Les soins \u00e9nerg\u00e9tiques agissent \u00e9galement comme un <strong data-start=\"920\" data-end=\"979\">soutien naturel au processus d\u2019auto-r\u00e9gulation du corps<\/strong>, en stimulant ses capacit\u00e9s d\u2019auto-gu\u00e9rison et en aidant \u00e0 retrouver un \u00e9tat d\u2019\u00e9quilibre global. Ils favorisent ainsi une d\u00e9tente profonde, un apaisement du mental et une meilleure gestion du stress au quotidien.<\/p>\n<p data-start=\"1194\" data-end=\"1439\">Chaque s\u00e9ance est <strong data-start=\"1212\" data-end=\"1239\">unique et personnalis\u00e9e<\/strong>, afin de r\u00e9pondre au mieux \u00e0 vos besoins du moment. Dans une atmosph\u00e8re calme et bienveillante, le soin vous invite \u00e0 un v\u00e9ritable moment de l\u00e2cher-prise, de recentrage et d\u2019harmonisation int\u00e9rieure.<\/p>\n<p data-start=\"1441\" data-end=\"1708\">Que vous souhaitiez <strong data-start=\"1461\" data-end=\"1595\">apaiser l\u2019anxi\u00e9t\u00e9, retrouver de l\u2019\u00e9nergie, am\u00e9liorer votre \u00e9quilibre \u00e9motionnel ou simplement vous accorder un moment de bien-\u00eatre<\/strong>, les soins \u00e9nerg\u00e9tiques offrent une parenth\u00e8se de ressourcement profond pour le corps, l\u2019esprit et les \u00e9motions.<\/p>\n","protected":false},"featured_media":560,"template":"","meta":{"_uag_custom_page_level_css":"","_swt_meta_header_display":false,"_swt_meta_footer_display":false,"_swt_meta_site_title_display":false,"_swt_meta_sticky_header":false,"_swt_meta_transparent_header":false},"product_brand":[],"product_cat":[149,47,123],"product_tag":[144,122,118,119,120,121],"class_list":{"0":"post-3518","1":"product","2":"type-product","3":"status-publish","4":"has-post-thumbnail","6":"product_cat-cevennesbienetre","7":"product_cat-les-complements","8":"product_cat-soins-energetiques-reiki-et-magnetisme","9":"product_tag-chakras","10":"product_tag-energie-vitale","11":"product_tag-harmonisation-energetique","12":"product_tag-reequilibrage","13":"product_tag-soin-energetique","14":"product_tag-soin-holistique","16":"first","17":"instock","18":"shipping-taxable","19":"purchasable","20":"product-type-variable"},"yoast_head":"<!-- This site is optimized with the Yoast SEO plugin v27.5 - https:\/\/yoast.com\/product\/yoast-seo-wordpress\/ -->\n<title>Soins \u00e9nerg\u00e9tiques reiki et magn\u00e9tisme - C\u00e9vennes Bien-\u00catre - Massages bien-\u00eatre et soins \u00e9nerg\u00e9tiques<\/title>\n<meta name=\"description\" content=\"Soins \u00e9nerg\u00e9tiques Reiki et Magn\u00e9tisme pour r\u00e9\u00e9quilibrer les \u00e9nergies, r\u00e9duire le stress et favoriser le bien-\u00eatre physique, \u00e9motionnel et mental.\" \/>\n<meta name=\"robots\" content=\"index, follow, max-snippet:-1, max-image-preview:large, max-video-preview:-1\" \/>\n<link rel=\"canonical\" href=\"https:\/\/cevennesbienetre.fr\/index.php\/produit\/soins-energetiques-reiki-et-magnetisme\/\" \/>\n<meta property=\"og:locale\" content=\"fr_FR\" \/>\n<meta property=\"og:type\" content=\"article\" \/>\n<meta property=\"og:title\" content=\"Soins \u00e9nerg\u00e9tiques reiki et magn\u00e9tisme - C\u00e9vennes Bien-\u00catre - Massages bien-\u00eatre et soins \u00e9nerg\u00e9tiques\" \/>\n<meta property=\"og:description\" content=\"Soins \u00e9nerg\u00e9tiques Reiki et Magn\u00e9tisme pour r\u00e9\u00e9quilibrer les \u00e9nergies, r\u00e9duire le stress et favoriser le bien-\u00eatre physique, \u00e9motionnel et mental.\" \/>\n<meta property=\"og:url\" content=\"https:\/\/cevennesbienetre.fr\/index.php\/produit\/soins-energetiques-reiki-et-magnetisme\/\" \/>\n<meta property=\"og:site_name\" content=\"C\u00e9vennes Bien-\u00catre - Massages bien-\u00eatre et soins \u00e9nerg\u00e9tiques\" \/>\n<meta property=\"article:publisher\" content=\"https:\/\/www.facebook.com\/cevennesbienetre\" \/>\n<meta property=\"article:modified_time\" content=\"2026-03-16T21:15:29+00:00\" \/>\n<meta property=\"og:image\" content=\"https:\/\/cevennesbienetre.fr\/wp-content\/uploads\/2018\/05\/IMG_8203-scaled.jpg\" \/>\n\t<meta property=\"og:image:width\" content=\"2337\" \/>\n\t<meta property=\"og:image:height\" content=\"2560\" \/>\n\t<meta property=\"og:image:type\" content=\"image\/jpeg\" \/>\n<meta name=\"twitter:card\" content=\"summary_large_image\" \/>\n<meta name=\"twitter:label1\" content=\"Dur\u00e9e de lecture estim\u00e9e\" \/>\n\t<meta name=\"twitter:data1\" content=\"2 minutes\" \/>\n<script type=\"application\/ld+json\" class=\"yoast-schema-graph\">{\"@context\":\"https:\\\/\\\/schema.org\",\"@graph\":[{\"@type\":\"WebPage\",\"@id\":\"https:\\\/\\\/cevennesbienetre.fr\\\/index.php\\\/produit\\\/soins-energetiques-reiki-et-magnetisme\\\/\",\"url\":\"https:\\\/\\\/cevennesbienetre.fr\\\/index.php\\\/produit\\\/soins-energetiques-reiki-et-magnetisme\\\/\",\"name\":\"Soins \u00e9nerg\u00e9tiques reiki et magn\u00e9tisme - C\u00e9vennes Bien-\u00catre - Massages bien-\u00eatre et soins \u00e9nerg\u00e9tiques\",\"isPartOf\":{\"@id\":\"https:\\\/\\\/cevennesbienetre.fr\\\/#website\"},\"primaryImageOfPage\":{\"@id\":\"https:\\\/\\\/cevennesbienetre.fr\\\/index.php\\\/produit\\\/soins-energetiques-reiki-et-magnetisme\\\/#primaryimage\"},\"image\":{\"@id\":\"https:\\\/\\\/cevennesbienetre.fr\\\/index.php\\\/produit\\\/soins-energetiques-reiki-et-magnetisme\\\/#primaryimage\"},\"thumbnailUrl\":\"https:\\\/\\\/cevennesbienetre.fr\\\/wp-content\\\/uploads\\\/2018\\\/05\\\/IMG_8203-scaled.jpg\",\"datePublished\":\"2026-02-22T22:11:15+00:00\",\"dateModified\":\"2026-03-16T21:15:29+00:00\",\"description\":\"Soins \u00e9nerg\u00e9tiques Reiki et Magn\u00e9tisme pour r\u00e9\u00e9quilibrer les \u00e9nergies, r\u00e9duire le stress et favoriser le bien-\u00eatre physique, \u00e9motionnel et mental.\",\"breadcrumb\":{\"@id\":\"https:\\\/\\\/cevennesbienetre.fr\\\/index.php\\\/produit\\\/soins-energetiques-reiki-et-magnetisme\\\/#breadcrumb\"},\"inLanguage\":\"fr-FR\",\"potentialAction\":[{\"@type\":\"ReadAction\",\"target\":[\"https:\\\/\\\/cevennesbienetre.fr\\\/index.php\\\/produit\\\/soins-energetiques-reiki-et-magnetisme\\\/\"]}]},{\"@type\":\"ImageObject\",\"inLanguage\":\"fr-FR\",\"@id\":\"https:\\\/\\\/cevennesbienetre.fr\\\/index.php\\\/produit\\\/soins-energetiques-reiki-et-magnetisme\\\/#primaryimage\",\"url\":\"https:\\\/\\\/cevennesbienetre.fr\\\/wp-content\\\/uploads\\\/2018\\\/05\\\/IMG_8203-scaled.jpg\",\"contentUrl\":\"https:\\\/\\\/cevennesbienetre.fr\\\/wp-content\\\/uploads\\\/2018\\\/05\\\/IMG_8203-scaled.jpg\",\"width\":2337,\"height\":2560},{\"@type\":\"BreadcrumbList\",\"@id\":\"https:\\\/\\\/cevennesbienetre.fr\\\/index.php\\\/produit\\\/soins-energetiques-reiki-et-magnetisme\\\/#breadcrumb\",\"itemListElement\":[{\"@type\":\"ListItem\",\"position\":1,\"name\":\"Accueil\",\"item\":\"https:\\\/\\\/cevennesbienetre.fr\\\/\"},{\"@type\":\"ListItem\",\"position\":2,\"name\":\"Boutique\",\"item\":\"https:\\\/\\\/cevennesbienetre.fr\\\/index.php\\\/boutique\\\/\"},{\"@type\":\"ListItem\",\"position\":3,\"name\":\"Soins \u00e9nerg\u00e9tiques reiki et magn\u00e9tisme\"}]},{\"@type\":\"WebSite\",\"@id\":\"https:\\\/\\\/cevennesbienetre.fr\\\/#website\",\"url\":\"https:\\\/\\\/cevennesbienetre.fr\\\/\",\"name\":\"C\u00e9vennes Bien-\u00catre - Massages bien-\u00eatre et soins \u00e9nerg\u00e9tiques\",\"description\":\"\",\"publisher\":{\"@id\":\"https:\\\/\\\/cevennesbienetre.fr\\\/#organization\"},\"potentialAction\":[{\"@type\":\"SearchAction\",\"target\":{\"@type\":\"EntryPoint\",\"urlTemplate\":\"https:\\\/\\\/cevennesbienetre.fr\\\/?s={search_term_string}\"},\"query-input\":{\"@type\":\"PropertyValueSpecification\",\"valueRequired\":true,\"valueName\":\"search_term_string\"}}],\"inLanguage\":\"fr-FR\"},{\"@type\":\"Organization\",\"@id\":\"https:\\\/\\\/cevennesbienetre.fr\\\/#organization\",\"name\":\"C\u00e9vennes Bien-\u00catre - Massages bien-\u00eatre et soins \u00e9nerg\u00e9tiques\",\"url\":\"https:\\\/\\\/cevennesbienetre.fr\\\/\",\"logo\":{\"@type\":\"ImageObject\",\"inLanguage\":\"fr-FR\",\"@id\":\"https:\\\/\\\/cevennesbienetre.fr\\\/#\\\/schema\\\/logo\\\/image\\\/\",\"url\":\"https:\\\/\\\/cevennesbienetre.fr\\\/wp-content\\\/uploads\\\/2026\\\/02\\\/Logo_Final_Main_a_05-257x300-1-150x150-1.png\",\"contentUrl\":\"https:\\\/\\\/cevennesbienetre.fr\\\/wp-content\\\/uploads\\\/2026\\\/02\\\/Logo_Final_Main_a_05-257x300-1-150x150-1.png\",\"width\":150,\"height\":150,\"caption\":\"C\u00e9vennes Bien-\u00catre - Massages bien-\u00eatre et soins \u00e9nerg\u00e9tiques\"},\"image\":{\"@id\":\"https:\\\/\\\/cevennesbienetre.fr\\\/#\\\/schema\\\/logo\\\/image\\\/\"},\"sameAs\":[\"https:\\\/\\\/www.facebook.com\\\/cevennesbienetre\"]}]}<\/script>\n<!-- \/ Yoast SEO plugin. -->","yoast_head_json":{"title":"Soins \u00e9nerg\u00e9tiques reiki et magn\u00e9tisme - C\u00e9vennes Bien-\u00catre - Massages bien-\u00eatre et soins \u00e9nerg\u00e9tiques","description":"Soins \u00e9nerg\u00e9tiques Reiki et Magn\u00e9tisme pour r\u00e9\u00e9quilibrer les \u00e9nergies, r\u00e9duire le stress et favoriser le bien-\u00eatre physique, \u00e9motionnel et mental.","robots":{"index":"index","follow":"follow","max-snippet":"max-snippet:-1","max-image-preview":"max-image-preview:large","max-video-preview":"max-video-preview:-1"},"canonical":"https:\/\/cevennesbienetre.fr\/index.php\/produit\/soins-energetiques-reiki-et-magnetisme\/","og_locale":"fr_FR","og_type":"article","og_title":"Soins \u00e9nerg\u00e9tiques reiki et magn\u00e9tisme - C\u00e9vennes Bien-\u00catre - Massages bien-\u00eatre et soins \u00e9nerg\u00e9tiques","og_description":"Soins \u00e9nerg\u00e9tiques Reiki et Magn\u00e9tisme pour r\u00e9\u00e9quilibrer les \u00e9nergies, r\u00e9duire le stress et favoriser le bien-\u00eatre physique, \u00e9motionnel et mental.","og_url":"https:\/\/cevennesbienetre.fr\/index.php\/produit\/soins-energetiques-reiki-et-magnetisme\/","og_site_name":"C\u00e9vennes Bien-\u00catre - Massages bien-\u00eatre et soins \u00e9nerg\u00e9tiques","article_publisher":"https:\/\/www.facebook.com\/cevennesbienetre","article_modified_time":"2026-03-16T21:15:29+00:00","og_image":[{"width":2337,"height":2560,"url":"https:\/\/cevennesbienetre.fr\/wp-content\/uploads\/2018\/05\/IMG_8203-scaled.jpg","type":"image\/jpeg"}],"twitter_card":"summary_large_image","twitter_misc":{"Dur\u00e9e de lecture estim\u00e9e":"2 minutes"},"schema":{"@context":"https:\/\/schema.org","@graph":[{"@type":"WebPage","@id":"https:\/\/cevennesbienetre.fr\/index.php\/produit\/soins-energetiques-reiki-et-magnetisme\/","url":"https:\/\/cevennesbienetre.fr\/index.php\/produit\/soins-energetiques-reiki-et-magnetisme\/","name":"Soins \u00e9nerg\u00e9tiques reiki et magn\u00e9tisme - C\u00e9vennes Bien-\u00catre - Massages bien-\u00eatre et soins \u00e9nerg\u00e9tiques","isPartOf":{"@id":"https:\/\/cevennesbienetre.fr\/#website"},"primaryImageOfPage":{"@id":"https:\/\/cevennesbienetre.fr\/index.php\/produit\/soins-energetiques-reiki-et-magnetisme\/#primaryimage"},"image":{"@id":"https:\/\/cevennesbienetre.fr\/index.php\/produit\/soins-energetiques-reiki-et-magnetisme\/#primaryimage"},"thumbnailUrl":"https:\/\/cevennesbienetre.fr\/wp-content\/uploads\/2018\/05\/IMG_8203-scaled.jpg","datePublished":"2026-02-22T22:11:15+00:00","dateModified":"2026-03-16T21:15:29+00:00","description":"Soins \u00e9nerg\u00e9tiques Reiki et Magn\u00e9tisme pour r\u00e9\u00e9quilibrer les \u00e9nergies, r\u00e9duire le stress et favoriser le bien-\u00eatre physique, \u00e9motionnel et mental.","breadcrumb":{"@id":"https:\/\/cevennesbienetre.fr\/index.php\/produit\/soins-energetiques-reiki-et-magnetisme\/#breadcrumb"},"inLanguage":"fr-FR","potentialAction":[{"@type":"ReadAction","target":["https:\/\/cevennesbienetre.fr\/index.php\/produit\/soins-energetiques-reiki-et-magnetisme\/"]}]},{"@type":"ImageObject","inLanguage":"fr-FR","@id":"https:\/\/cevennesbienetre.fr\/index.php\/produit\/soins-energetiques-reiki-et-magnetisme\/#primaryimage","url":"https:\/\/cevennesbienetre.fr\/wp-content\/uploads\/2018\/05\/IMG_8203-scaled.jpg","contentUrl":"https:\/\/cevennesbienetre.fr\/wp-content\/uploads\/2018\/05\/IMG_8203-scaled.jpg","width":2337,"height":2560},{"@type":"BreadcrumbList","@id":"https:\/\/cevennesbienetre.fr\/index.php\/produit\/soins-energetiques-reiki-et-magnetisme\/#breadcrumb","itemListElement":[{"@type":"ListItem","position":1,"name":"Accueil","item":"https:\/\/cevennesbienetre.fr\/"},{"@type":"ListItem","position":2,"name":"Boutique","item":"https:\/\/cevennesbienetre.fr\/index.php\/boutique\/"},{"@type":"ListItem","position":3,"name":"Soins \u00e9nerg\u00e9tiques reiki et magn\u00e9tisme"}]},{"@type":"WebSite","@id":"https:\/\/cevennesbienetre.fr\/#website","url":"https:\/\/cevennesbienetre.fr\/","name":"C\u00e9vennes Bien-\u00catre - Massages bien-\u00eatre et soins \u00e9nerg\u00e9tiques","description":"","publisher":{"@id":"https:\/\/cevennesbienetre.fr\/#organization"},"potentialAction":[{"@type":"SearchAction","target":{"@type":"EntryPoint","urlTemplate":"https:\/\/cevennesbienetre.fr\/?s={search_term_string}"},"query-input":{"@type":"PropertyValueSpecification","valueRequired":true,"valueName":"search_term_string"}}],"inLanguage":"fr-FR"},{"@type":"Organization","@id":"https:\/\/cevennesbienetre.fr\/#organization","name":"C\u00e9vennes Bien-\u00catre - Massages bien-\u00eatre et soins \u00e9nerg\u00e9tiques","url":"https:\/\/cevennesbienetre.fr\/","logo":{"@type":"ImageObject","inLanguage":"fr-FR","@id":"https:\/\/cevennesbienetre.fr\/#\/schema\/logo\/image\/","url":"https:\/\/cevennesbienetre.fr\/wp-content\/uploads\/2026\/02\/Logo_Final_Main_a_05-257x300-1-150x150-1.png","contentUrl":"https:\/\/cevennesbienetre.fr\/wp-content\/uploads\/2026\/02\/Logo_Final_Main_a_05-257x300-1-150x150-1.png","width":150,"height":150,"caption":"C\u00e9vennes Bien-\u00catre - Massages bien-\u00eatre et soins \u00e9nerg\u00e9tiques"},"image":{"@id":"https:\/\/cevennesbienetre.fr\/#\/schema\/logo\/image\/"},"sameAs":["https:\/\/www.facebook.com\/cevennesbienetre"]}]}},"uagb_featured_image_src":{"full":["https:\/\/cevennesbienetre.fr\/wp-content\/uploads\/2018\/05\/IMG_8203-scaled.jpg",2337,2560,false],"thumbnail":["https:\/\/cevennesbienetre.fr\/wp-content\/uploads\/2018\/05\/IMG_8203-150x150.jpg",150,150,true],"medium":["https:\/\/cevennesbienetre.fr\/wp-content\/uploads\/2018\/05\/IMG_8203-274x300.jpg",274,300,true],"medium_large":["https:\/\/cevennesbienetre.fr\/wp-content\/uploads\/2018\/05\/IMG_8203-768x841.jpg",768,841,true],"large":["https:\/\/cevennesbienetre.fr\/wp-content\/uploads\/2018\/05\/IMG_8203-935x1024.jpg",935,1024,true],"1536x1536":["https:\/\/cevennesbienetre.fr\/wp-content\/uploads\/2018\/05\/IMG_8203-scaled.jpg",1402,1536,false],"2048x2048":["https:\/\/cevennesbienetre.fr\/wp-content\/uploads\/2018\/05\/IMG_8203-scaled.jpg",1870,2048,false],"woocommerce_thumbnail":["https:\/\/cevennesbienetre.fr\/wp-content\/uploads\/2018\/05\/IMG_8203-300x300.jpg",300,300,true],"woocommerce_single":["https:\/\/cevennesbienetre.fr\/wp-content\/uploads\/2018\/05\/IMG_8203-600x657.jpg",600,657,true],"woocommerce_gallery_thumbnail":["https:\/\/cevennesbienetre.fr\/wp-content\/uploads\/2018\/05\/IMG_8203-100x100.jpg",100,100,true]},"uagb_author_info":{"display_name":"admin6017","author_link":"https:\/\/cevennesbienetre.fr\/index.php\/author\/"},"uagb_comment_info":0,"uagb_excerpt":"Les soins \u00e9nerg\u00e9tiques Reiki et magn\u00e9tisme offrent ainsi une v\u00e9ritable parenth\u00e8se de ressourcement, id\u00e9ale pour se reconnecter \u00e0 soi-m\u00eame et retrouver \u00e9quilibre et s\u00e9r\u00e9nit\u00e9. Les soins \u00e9nerg\u00e9tiques, tels que le Reiki et le magn\u00e9tisme, sont des pratiques douces qui visent \u00e0 r\u00e9tablir l\u2019\u00e9quilibre de l\u2019\u00e9nergie vitale circulant dans le corps. Selon ces approches, lorsque cette\u2026","_links":{"self":[{"href":"https:\/\/cevennesbienetre.fr\/index.php\/wp-json\/wp\/v2\/product\/3518","targetHints":{"allow":["GET"]}}],"collection":[{"href":"https:\/\/cevennesbienetre.fr\/index.php\/wp-json\/wp\/v2\/product"}],"about":[{"href":"https:\/\/cevennesbienetre.fr\/index.php\/wp-json\/wp\/v2\/types\/product"}],"wp:featuredmedia":[{"embeddable":true,"href":"https:\/\/cevennesbienetre.fr\/index.php\/wp-json\/wp\/v2\/media\/560"}],"wp:attachment":[{"href":"https:\/\/cevennesbienetre.fr\/index.php\/wp-json\/wp\/v2\/media?parent=3518"}],"wp:term":[{"taxonomy":"product_brand","embeddable":true,"href":"https:\/\/cevennesbienetre.fr\/index.php\/wp-json\/wp\/v2\/product_brand?post=3518"},{"taxonomy":"product_cat","embeddable":true,"href":"https:\/\/cevennesbienetre.fr\/index.php\/wp-json\/wp\/v2\/product_cat?post=3518"},{"taxonomy":"product_tag","embeddable":true,"href":"https:\/\/cevennesbienetre.fr\/index.php\/wp-json\/wp\/v2\/product_tag?post=3518"}],"curies":[{"name":"wp","href":"https:\/\/api.w.org\/{rel}","templated":true}]}}