{"id":3408,"date":"2026-03-03T11:03:20","date_gmt":"2026-03-03T10:03:20","guid":{"rendered":"https:\/\/cevennesbienetre.fr\/?post_type=product&#038;p=3408"},"modified":"2026-03-16T22:11:47","modified_gmt":"2026-03-16T21:11:47","slug":"les-4-mains-complices","status":"publish","type":"product","link":"https:\/\/cevennesbienetre.fr\/index.php\/produit\/les-4-mains-complices\/","title":{"rendered":"Les 4 mains complices"},"content":{"rendered":"<p style=\"text-align: left;\" data-start=\"135\" data-end=\"391\">Le massage \u00e0 4 mains est un soin hautement relaxant r\u00e9alis\u00e9 simultan\u00e9ment par deux praticiens parfaitement synchronis\u00e9s. Cette technique procure une sensation unique d\u2019enveloppement et de l\u00e2cher-prise total, difficile \u00e0 retrouver dans un massage classique.<\/p>\n<p style=\"text-align: left;\" data-start=\"393\" data-end=\"675\">Gr\u00e2ce \u00e0 l\u2019harmonie des gestes, le cerveau ne peut plus anticiper les mouvements, ce qui favorise une d\u00e9tente mentale profonde et une relaxation musculaire intense. Le massage \u00e0 4 mains permet ainsi d\u2019\u00e9vacuer rapidement le stress, les tensions nerveuses et les crispations physiques.<\/p>\n<p style=\"text-align: left;\" data-start=\"677\" data-end=\"938\">Ce soin d\u2019exception est id\u00e9al pour les personnes recherchant une exp\u00e9rience bien-\u00eatre immersive, intense et profond\u00e9ment relaxante. Il est souvent appr\u00e9ci\u00e9 lors de p\u00e9riodes de fatigue, de surmenage ou simplement pour s\u2019offrir un moment de d\u00e9tente hors du temps.<\/p>\n","protected":false},"excerpt":{"rendered":"<h4 style=\"text-align: left;\" data-start=\"945\" data-end=\"986\"><strong data-start=\"948\" data-end=\"986\">Les bienfaits du massage \u00e0 4 mains<\/strong><\/h4>\n<ul style=\"text-align: left;\" data-start=\"988\" data-end=\"1193\">\n<li data-start=\"988\" data-end=\"1024\">\n<p data-start=\"990\" data-end=\"1024\">Relaxation profonde et imm\u00e9diate<\/p>\n<\/li>\n<li data-start=\"1025\" data-end=\"1065\">\n<p data-start=\"1027\" data-end=\"1065\">Diminution du stress et de l\u2019anxi\u00e9t\u00e9<\/p>\n<\/li>\n<li data-start=\"1066\" data-end=\"1100\">\n<p data-start=\"1068\" data-end=\"1100\">Rel\u00e2chement musculaire intense<\/p>\n<\/li>\n<li data-start=\"1101\" data-end=\"1143\">\n<p data-start=\"1103\" data-end=\"1143\">Stimulation de la circulation sanguine<\/p>\n<\/li>\n<li data-start=\"1144\" data-end=\"1193\">\n<p data-start=\"1146\" data-end=\"1193\">Exp\u00e9rience sensorielle unique et enveloppante<\/p>\n<\/li>\n<\/ul>\n<hr data-start=\"1195\" data-end=\"1198\" \/>\n<h4 style=\"text-align: left;\" data-start=\"1200\" data-end=\"1237\"><strong data-start=\"1203\" data-end=\"1237\">Pour qui est fait ce massage ?<\/strong><\/h4>\n<h4 style=\"text-align: left;\" data-start=\"1239\" data-end=\"1296\">Le massage \u00e0 4 mains est particuli\u00e8rement adapt\u00e9 pour :<\/h4>\n<ul style=\"text-align: left;\" data-start=\"1297\" data-end=\"1507\">\n<li data-start=\"1297\" data-end=\"1342\">\n<p data-start=\"1299\" data-end=\"1342\">Les personnes tr\u00e8s stress\u00e9es ou fatigu\u00e9es<\/p>\n<\/li>\n<li data-start=\"1343\" data-end=\"1392\">\n<p data-start=\"1345\" data-end=\"1392\">Les amateurs de massages profonds et complets<\/p>\n<\/li>\n<li data-start=\"1393\" data-end=\"1461\">\n<p data-start=\"1395\" data-end=\"1461\">Ceux qui souhaitent vivre une exp\u00e9rience bien-\u00eatre haut de gamme<\/p>\n<\/li>\n<li data-start=\"1462\" data-end=\"1507\">\n<p data-start=\"1464\" data-end=\"1507\">Les personnes ayant du mal \u00e0 l\u00e2cher prise<\/p>\n<\/li>\n<\/ul>\n<hr data-start=\"1509\" data-end=\"1512\" \/>\n<h4 style=\"text-align: left;\" data-start=\"1514\" data-end=\"1545\"><strong data-start=\"1517\" data-end=\"1545\">D\u00e9roulement d\u2019une s\u00e9ance<\/strong><\/h4>\n<p style=\"text-align: left;\" data-start=\"1547\" data-end=\"1775\">Apr\u00e8s un \u00e9change sur vos besoins et vos attentes, les deux praticiens r\u00e9alisent le massage en parfaite coordination. Les mouvements sont fluides, harmonieux et continus afin de cr\u00e9er une sensation d\u2019enveloppement total du corps.<\/p>\n","protected":false},"featured_media":1387,"template":"","meta":{"_uag_custom_page_level_css":"","_swt_meta_header_display":false,"_swt_meta_footer_display":false,"_swt_meta_site_title_display":false,"_swt_meta_sticky_header":false,"_swt_meta_transparent_header":false},"product_brand":[],"product_cat":[149,103,46],"product_tag":[36,90,39,78,40],"class_list":{"0":"post-3408","1":"product","2":"type-product","3":"status-publish","4":"has-post-thumbnail","6":"product_cat-cevennesbienetre","7":"product_cat-les-4-mains-complices","8":"product_cat-massages-specifiques","9":"product_tag-detente","10":"product_tag-experience-unique","11":"product_tag-lacher-prise","12":"product_tag-massage-bien-etre","13":"product_tag-relaxation-profonde","15":"first","16":"instock","17":"shipping-taxable","18":"purchasable","19":"product-type-variable"},"yoast_head":"<!-- This site is optimized with the Yoast SEO plugin v27.5 - https:\/\/yoast.com\/product\/yoast-seo-wordpress\/ -->\n<title>Les 4 mains complices - C\u00e9vennes Bien-\u00catre - Massages bien-\u00eatre et soins \u00e9nerg\u00e9tiques<\/title>\n<meta name=\"description\" content=\"Massage \u00e0 4 mains pour une relaxation intense gr\u00e2ce \u00e0 deux praticiens synchronis\u00e9s. Exp\u00e9rience bien-\u00eatre profonde et enveloppante.\" \/>\n<meta name=\"robots\" content=\"index, follow, max-snippet:-1, max-image-preview:large, max-video-preview:-1\" \/>\n<link rel=\"canonical\" href=\"https:\/\/cevennesbienetre.fr\/index.php\/produit\/les-4-mains-complices\/\" \/>\n<meta property=\"og:locale\" content=\"fr_FR\" \/>\n<meta property=\"og:type\" content=\"article\" \/>\n<meta property=\"og:title\" content=\"Les 4 mains complices - C\u00e9vennes Bien-\u00catre - Massages bien-\u00eatre et soins \u00e9nerg\u00e9tiques\" \/>\n<meta property=\"og:description\" content=\"Massage \u00e0 4 mains pour une relaxation intense gr\u00e2ce \u00e0 deux praticiens synchronis\u00e9s. Exp\u00e9rience bien-\u00eatre profonde et enveloppante.\" \/>\n<meta property=\"og:url\" content=\"https:\/\/cevennesbienetre.fr\/index.php\/produit\/les-4-mains-complices\/\" \/>\n<meta property=\"og:site_name\" content=\"C\u00e9vennes Bien-\u00catre - Massages bien-\u00eatre et soins \u00e9nerg\u00e9tiques\" \/>\n<meta property=\"article:publisher\" content=\"https:\/\/www.facebook.com\/cevennesbienetre\" \/>\n<meta property=\"article:modified_time\" content=\"2026-03-16T21:11:47+00:00\" \/>\n<meta property=\"og:image\" content=\"https:\/\/cevennesbienetre.fr\/wp-content\/uploads\/2020\/03\/4-mains-flyer-scaled.jpg\" \/>\n\t<meta property=\"og:image:width\" content=\"2560\" \/>\n\t<meta property=\"og:image:height\" content=\"1920\" \/>\n\t<meta property=\"og:image:type\" content=\"image\/jpeg\" \/>\n<meta name=\"twitter:card\" content=\"summary_large_image\" \/>\n<meta name=\"twitter:label1\" content=\"Dur\u00e9e de lecture estim\u00e9e\" \/>\n\t<meta name=\"twitter:data1\" content=\"1 minute\" \/>\n<script type=\"application\/ld+json\" class=\"yoast-schema-graph\">{\"@context\":\"https:\\\/\\\/schema.org\",\"@graph\":[{\"@type\":\"WebPage\",\"@id\":\"https:\\\/\\\/cevennesbienetre.fr\\\/index.php\\\/produit\\\/les-4-mains-complices\\\/\",\"url\":\"https:\\\/\\\/cevennesbienetre.fr\\\/index.php\\\/produit\\\/les-4-mains-complices\\\/\",\"name\":\"Les 4 mains complices - C\u00e9vennes Bien-\u00catre - Massages bien-\u00eatre et soins \u00e9nerg\u00e9tiques\",\"isPartOf\":{\"@id\":\"https:\\\/\\\/cevennesbienetre.fr\\\/#website\"},\"primaryImageOfPage\":{\"@id\":\"https:\\\/\\\/cevennesbienetre.fr\\\/index.php\\\/produit\\\/les-4-mains-complices\\\/#primaryimage\"},\"image\":{\"@id\":\"https:\\\/\\\/cevennesbienetre.fr\\\/index.php\\\/produit\\\/les-4-mains-complices\\\/#primaryimage\"},\"thumbnailUrl\":\"https:\\\/\\\/cevennesbienetre.fr\\\/wp-content\\\/uploads\\\/2020\\\/03\\\/4-mains-flyer-scaled.jpg\",\"datePublished\":\"2026-03-03T10:03:20+00:00\",\"dateModified\":\"2026-03-16T21:11:47+00:00\",\"description\":\"Massage \u00e0 4 mains pour une relaxation intense gr\u00e2ce \u00e0 deux praticiens synchronis\u00e9s. Exp\u00e9rience bien-\u00eatre profonde et enveloppante.\",\"breadcrumb\":{\"@id\":\"https:\\\/\\\/cevennesbienetre.fr\\\/index.php\\\/produit\\\/les-4-mains-complices\\\/#breadcrumb\"},\"inLanguage\":\"fr-FR\",\"potentialAction\":[{\"@type\":\"ReadAction\",\"target\":[\"https:\\\/\\\/cevennesbienetre.fr\\\/index.php\\\/produit\\\/les-4-mains-complices\\\/\"]}]},{\"@type\":\"ImageObject\",\"inLanguage\":\"fr-FR\",\"@id\":\"https:\\\/\\\/cevennesbienetre.fr\\\/index.php\\\/produit\\\/les-4-mains-complices\\\/#primaryimage\",\"url\":\"https:\\\/\\\/cevennesbienetre.fr\\\/wp-content\\\/uploads\\\/2020\\\/03\\\/4-mains-flyer-scaled.jpg\",\"contentUrl\":\"https:\\\/\\\/cevennesbienetre.fr\\\/wp-content\\\/uploads\\\/2020\\\/03\\\/4-mains-flyer-scaled.jpg\",\"width\":2560,\"height\":1920},{\"@type\":\"BreadcrumbList\",\"@id\":\"https:\\\/\\\/cevennesbienetre.fr\\\/index.php\\\/produit\\\/les-4-mains-complices\\\/#breadcrumb\",\"itemListElement\":[{\"@type\":\"ListItem\",\"position\":1,\"name\":\"Accueil\",\"item\":\"https:\\\/\\\/cevennesbienetre.fr\\\/\"},{\"@type\":\"ListItem\",\"position\":2,\"name\":\"Boutique\",\"item\":\"https:\\\/\\\/cevennesbienetre.fr\\\/index.php\\\/boutique\\\/\"},{\"@type\":\"ListItem\",\"position\":3,\"name\":\"Les 4 mains complices\"}]},{\"@type\":\"WebSite\",\"@id\":\"https:\\\/\\\/cevennesbienetre.fr\\\/#website\",\"url\":\"https:\\\/\\\/cevennesbienetre.fr\\\/\",\"name\":\"C\u00e9vennes Bien-\u00catre - Massages bien-\u00eatre et soins \u00e9nerg\u00e9tiques\",\"description\":\"\",\"publisher\":{\"@id\":\"https:\\\/\\\/cevennesbienetre.fr\\\/#organization\"},\"potentialAction\":[{\"@type\":\"SearchAction\",\"target\":{\"@type\":\"EntryPoint\",\"urlTemplate\":\"https:\\\/\\\/cevennesbienetre.fr\\\/?s={search_term_string}\"},\"query-input\":{\"@type\":\"PropertyValueSpecification\",\"valueRequired\":true,\"valueName\":\"search_term_string\"}}],\"inLanguage\":\"fr-FR\"},{\"@type\":\"Organization\",\"@id\":\"https:\\\/\\\/cevennesbienetre.fr\\\/#organization\",\"name\":\"C\u00e9vennes Bien-\u00catre - Massages bien-\u00eatre et soins \u00e9nerg\u00e9tiques\",\"url\":\"https:\\\/\\\/cevennesbienetre.fr\\\/\",\"logo\":{\"@type\":\"ImageObject\",\"inLanguage\":\"fr-FR\",\"@id\":\"https:\\\/\\\/cevennesbienetre.fr\\\/#\\\/schema\\\/logo\\\/image\\\/\",\"url\":\"https:\\\/\\\/cevennesbienetre.fr\\\/wp-content\\\/uploads\\\/2026\\\/02\\\/Logo_Final_Main_a_05-257x300-1-150x150-1.png\",\"contentUrl\":\"https:\\\/\\\/cevennesbienetre.fr\\\/wp-content\\\/uploads\\\/2026\\\/02\\\/Logo_Final_Main_a_05-257x300-1-150x150-1.png\",\"width\":150,\"height\":150,\"caption\":\"C\u00e9vennes Bien-\u00catre - Massages bien-\u00eatre et soins \u00e9nerg\u00e9tiques\"},\"image\":{\"@id\":\"https:\\\/\\\/cevennesbienetre.fr\\\/#\\\/schema\\\/logo\\\/image\\\/\"},\"sameAs\":[\"https:\\\/\\\/www.facebook.com\\\/cevennesbienetre\"]}]}<\/script>\n<!-- \/ Yoast SEO plugin. -->","yoast_head_json":{"title":"Les 4 mains complices - C\u00e9vennes Bien-\u00catre - Massages bien-\u00eatre et soins \u00e9nerg\u00e9tiques","description":"Massage \u00e0 4 mains pour une relaxation intense gr\u00e2ce \u00e0 deux praticiens synchronis\u00e9s. Exp\u00e9rience bien-\u00eatre profonde et enveloppante.","robots":{"index":"index","follow":"follow","max-snippet":"max-snippet:-1","max-image-preview":"max-image-preview:large","max-video-preview":"max-video-preview:-1"},"canonical":"https:\/\/cevennesbienetre.fr\/index.php\/produit\/les-4-mains-complices\/","og_locale":"fr_FR","og_type":"article","og_title":"Les 4 mains complices - C\u00e9vennes Bien-\u00catre - Massages bien-\u00eatre et soins \u00e9nerg\u00e9tiques","og_description":"Massage \u00e0 4 mains pour une relaxation intense gr\u00e2ce \u00e0 deux praticiens synchronis\u00e9s. Exp\u00e9rience bien-\u00eatre profonde et enveloppante.","og_url":"https:\/\/cevennesbienetre.fr\/index.php\/produit\/les-4-mains-complices\/","og_site_name":"C\u00e9vennes Bien-\u00catre - Massages bien-\u00eatre et soins \u00e9nerg\u00e9tiques","article_publisher":"https:\/\/www.facebook.com\/cevennesbienetre","article_modified_time":"2026-03-16T21:11:47+00:00","og_image":[{"width":2560,"height":1920,"url":"https:\/\/cevennesbienetre.fr\/wp-content\/uploads\/2020\/03\/4-mains-flyer-scaled.jpg","type":"image\/jpeg"}],"twitter_card":"summary_large_image","twitter_misc":{"Dur\u00e9e de lecture estim\u00e9e":"1 minute"},"schema":{"@context":"https:\/\/schema.org","@graph":[{"@type":"WebPage","@id":"https:\/\/cevennesbienetre.fr\/index.php\/produit\/les-4-mains-complices\/","url":"https:\/\/cevennesbienetre.fr\/index.php\/produit\/les-4-mains-complices\/","name":"Les 4 mains complices - C\u00e9vennes Bien-\u00catre - Massages bien-\u00eatre et soins \u00e9nerg\u00e9tiques","isPartOf":{"@id":"https:\/\/cevennesbienetre.fr\/#website"},"primaryImageOfPage":{"@id":"https:\/\/cevennesbienetre.fr\/index.php\/produit\/les-4-mains-complices\/#primaryimage"},"image":{"@id":"https:\/\/cevennesbienetre.fr\/index.php\/produit\/les-4-mains-complices\/#primaryimage"},"thumbnailUrl":"https:\/\/cevennesbienetre.fr\/wp-content\/uploads\/2020\/03\/4-mains-flyer-scaled.jpg","datePublished":"2026-03-03T10:03:20+00:00","dateModified":"2026-03-16T21:11:47+00:00","description":"Massage \u00e0 4 mains pour une relaxation intense gr\u00e2ce \u00e0 deux praticiens synchronis\u00e9s. Exp\u00e9rience bien-\u00eatre profonde et enveloppante.","breadcrumb":{"@id":"https:\/\/cevennesbienetre.fr\/index.php\/produit\/les-4-mains-complices\/#breadcrumb"},"inLanguage":"fr-FR","potentialAction":[{"@type":"ReadAction","target":["https:\/\/cevennesbienetre.fr\/index.php\/produit\/les-4-mains-complices\/"]}]},{"@type":"ImageObject","inLanguage":"fr-FR","@id":"https:\/\/cevennesbienetre.fr\/index.php\/produit\/les-4-mains-complices\/#primaryimage","url":"https:\/\/cevennesbienetre.fr\/wp-content\/uploads\/2020\/03\/4-mains-flyer-scaled.jpg","contentUrl":"https:\/\/cevennesbienetre.fr\/wp-content\/uploads\/2020\/03\/4-mains-flyer-scaled.jpg","width":2560,"height":1920},{"@type":"BreadcrumbList","@id":"https:\/\/cevennesbienetre.fr\/index.php\/produit\/les-4-mains-complices\/#breadcrumb","itemListElement":[{"@type":"ListItem","position":1,"name":"Accueil","item":"https:\/\/cevennesbienetre.fr\/"},{"@type":"ListItem","position":2,"name":"Boutique","item":"https:\/\/cevennesbienetre.fr\/index.php\/boutique\/"},{"@type":"ListItem","position":3,"name":"Les 4 mains complices"}]},{"@type":"WebSite","@id":"https:\/\/cevennesbienetre.fr\/#website","url":"https:\/\/cevennesbienetre.fr\/","name":"C\u00e9vennes Bien-\u00catre - Massages bien-\u00eatre et soins \u00e9nerg\u00e9tiques","description":"","publisher":{"@id":"https:\/\/cevennesbienetre.fr\/#organization"},"potentialAction":[{"@type":"SearchAction","target":{"@type":"EntryPoint","urlTemplate":"https:\/\/cevennesbienetre.fr\/?s={search_term_string}"},"query-input":{"@type":"PropertyValueSpecification","valueRequired":true,"valueName":"search_term_string"}}],"inLanguage":"fr-FR"},{"@type":"Organization","@id":"https:\/\/cevennesbienetre.fr\/#organization","name":"C\u00e9vennes Bien-\u00catre - Massages bien-\u00eatre et soins \u00e9nerg\u00e9tiques","url":"https:\/\/cevennesbienetre.fr\/","logo":{"@type":"ImageObject","inLanguage":"fr-FR","@id":"https:\/\/cevennesbienetre.fr\/#\/schema\/logo\/image\/","url":"https:\/\/cevennesbienetre.fr\/wp-content\/uploads\/2026\/02\/Logo_Final_Main_a_05-257x300-1-150x150-1.png","contentUrl":"https:\/\/cevennesbienetre.fr\/wp-content\/uploads\/2026\/02\/Logo_Final_Main_a_05-257x300-1-150x150-1.png","width":150,"height":150,"caption":"C\u00e9vennes Bien-\u00catre - Massages bien-\u00eatre et soins \u00e9nerg\u00e9tiques"},"image":{"@id":"https:\/\/cevennesbienetre.fr\/#\/schema\/logo\/image\/"},"sameAs":["https:\/\/www.facebook.com\/cevennesbienetre"]}]}},"uagb_featured_image_src":{"full":["https:\/\/cevennesbienetre.fr\/wp-content\/uploads\/2020\/03\/4-mains-flyer-scaled.jpg",2560,1920,false],"thumbnail":["https:\/\/cevennesbienetre.fr\/wp-content\/uploads\/2020\/03\/4-mains-flyer-150x150.jpg",150,150,true],"medium":["https:\/\/cevennesbienetre.fr\/wp-content\/uploads\/2020\/03\/4-mains-flyer-300x225.jpg",300,225,true],"medium_large":["https:\/\/cevennesbienetre.fr\/wp-content\/uploads\/2020\/03\/4-mains-flyer-768x576.jpg",768,576,true],"large":["https:\/\/cevennesbienetre.fr\/wp-content\/uploads\/2020\/03\/4-mains-flyer-1024x768.jpg",1024,768,true],"1536x1536":["https:\/\/cevennesbienetre.fr\/wp-content\/uploads\/2020\/03\/4-mains-flyer-1536x1152.jpg",1536,1152,true],"2048x2048":["https:\/\/cevennesbienetre.fr\/wp-content\/uploads\/2020\/03\/4-mains-flyer-2048x1536.jpg",2048,1536,true],"woocommerce_thumbnail":["https:\/\/cevennesbienetre.fr\/wp-content\/uploads\/2020\/03\/4-mains-flyer-scaled-300x300.jpg",300,300,true],"woocommerce_single":["https:\/\/cevennesbienetre.fr\/wp-content\/uploads\/2020\/03\/4-mains-flyer-scaled-600x450.jpg",600,450,true],"woocommerce_gallery_thumbnail":["https:\/\/cevennesbienetre.fr\/wp-content\/uploads\/2020\/03\/4-mains-flyer-scaled-100x100.jpg",100,100,true]},"uagb_author_info":{"display_name":"admin6017","author_link":"https:\/\/cevennesbienetre.fr\/index.php\/author\/"},"uagb_comment_info":0,"uagb_excerpt":"Les bienfaits du massage \u00e0 4 mains Relaxation profonde et imm\u00e9diate Diminution du stress et de l\u2019anxi\u00e9t\u00e9 Rel\u00e2chement musculaire intense Stimulation de la circulation sanguine Exp\u00e9rience sensorielle unique et enveloppante Pour qui est fait ce massage ? Le massage \u00e0 4 mains est particuli\u00e8rement adapt\u00e9 pour : Les personnes tr\u00e8s stress\u00e9es ou fatigu\u00e9es Les amateurs\u2026","_links":{"self":[{"href":"https:\/\/cevennesbienetre.fr\/index.php\/wp-json\/wp\/v2\/product\/3408","targetHints":{"allow":["GET"]}}],"collection":[{"href":"https:\/\/cevennesbienetre.fr\/index.php\/wp-json\/wp\/v2\/product"}],"about":[{"href":"https:\/\/cevennesbienetre.fr\/index.php\/wp-json\/wp\/v2\/types\/product"}],"wp:featuredmedia":[{"embeddable":true,"href":"https:\/\/cevennesbienetre.fr\/index.php\/wp-json\/wp\/v2\/media\/1387"}],"wp:attachment":[{"href":"https:\/\/cevennesbienetre.fr\/index.php\/wp-json\/wp\/v2\/media?parent=3408"}],"wp:term":[{"taxonomy":"product_brand","embeddable":true,"href":"https:\/\/cevennesbienetre.fr\/index.php\/wp-json\/wp\/v2\/product_brand?post=3408"},{"taxonomy":"product_cat","embeddable":true,"href":"https:\/\/cevennesbienetre.fr\/index.php\/wp-json\/wp\/v2\/product_cat?post=3408"},{"taxonomy":"product_tag","embeddable":true,"href":"https:\/\/cevennesbienetre.fr\/index.php\/wp-json\/wp\/v2\/product_tag?post=3408"}],"curies":[{"name":"wp","href":"https:\/\/api.w.org\/{rel}","templated":true}]}}