{"id":3399,"date":"2026-02-17T15:28:50","date_gmt":"2026-02-17T14:28:50","guid":{"rendered":"https:\/\/cevennesbienetre.fr\/?post_type=product&#038;p=3399"},"modified":"2026-03-16T22:17:39","modified_gmt":"2026-03-16T21:17:39","slug":"massage-sur-mesure","status":"publish","type":"product","link":"https:\/\/cevennesbienetre.fr\/index.php\/produit\/massage-sur-mesure\/","title":{"rendered":"Massage \u00ab\u00a0sur mesure\u00a0\u00bb"},"content":{"rendered":"<p data-start=\"104\" data-end=\"396\">Le massage <strong data-start=\"115\" data-end=\"129\">Sur Mesure<\/strong> est une exp\u00e9rience et un toucher unique et enti\u00e8rement personnalis\u00e9, pens\u00e9 pour r\u00e9pondre \u00e0 vos besoins du moment. \u00c0 l\u2019\u00e9coute de votre corps et de vos attentes, ce soin s\u2019adapte \u00e0 vos tensions, \u00e0 votre niveau de stress et \u00e0 l\u2019\u00e9tat physique et \u00e9motionnel dans lequel vous arrivez.<\/p>\n<p data-start=\"398\" data-end=\"744\">Gr\u00e2ce \u00e0 un toucher intuitif et des techniques choisies avec justesse, chaque s\u00e9ance devient un moment privil\u00e9gi\u00e9 de d\u00e9tente profonde et de r\u00e9\u00e9quilibrage. Les mouvements, le rythme et l\u2019intensit\u00e9 sont ajust\u00e9s pour vous offrir un massage parfaitement adapt\u00e9, favorisant le rel\u00e2chement des tensions, la circulation et un v\u00e9ritable mieux-\u00eatre global.<\/p>\n<p data-start=\"746\" data-end=\"880\">V\u00e9ritable parenth\u00e8se de bien-\u00eatre, le massage <strong data-start=\"792\" data-end=\"806\">Sur Mesure<\/strong> vous invite \u00e0 un l\u00e2cher-prise profond et \u00e0 une reconnexion \u00e0 votre corps.<\/p>\n","protected":false},"excerpt":{"rendered":"<p style=\"text-align: left;\">J\u2019utilise diff\u00e9rentes techniques ainsi que mon ressenti afin d\u2019\u00eatre au plus pr\u00e9s de vos besoins.<\/p>\n<p style=\"text-align: left;\">Il s\u2019adapte \u00e0 tous les besoins physiques et toutes les morphologies.<\/p>\n<p style=\"text-align: left;\">Ce massage \u00a0peut se concentrer sur une ou plusieurs parties du corps :<\/p>\n<p style=\"text-align: left;\">\u00a0<b>E<u>xemple<\/u><\/b>\u00a0:<\/p>\n<p style=\"text-align: left;\">\u2013 dos uniquement<\/p>\n<p style=\"text-align: left;\">\u2013 dos- jambes<\/p>\n<p style=\"text-align: left;\">\u00a0\u2013 Mains-pieds-cuir chevelu<\/p>\n<p style=\"text-align: left;\">\u00a0\u2013 Face post\u00e9rieure ou ant\u00e9rieure du corps<\/p>\n<p style=\"text-align: left;\">\u2013\u00a0 Groupe de muscles<\/p>\n<p style=\"text-align: left;\">\u00a0 \u00a0 \u00a0 Etc\u2026<\/p>\n<p style=\"text-align: left;\">C\u2019est vous qui\u00a0<strong>composez<\/strong>\u00a0<strong>\u00ab\u00a0VOTRE\u00a0\u00bb massage<\/strong>\u00a0bas\u00e9 sur vos tensions musculaires, vos douleurs ou parties que vous appr\u00e9ciez le plus afin d\u2019oublier le stress et les tensions du quotidien et de vous accorder une belle pause d\u00e9tente.<\/p>\n<p style=\"text-align: left;\">Ainsi vous pourrez vous-m\u00eame choisir la zone ou les zones souhait\u00e9e (s) avec mes conseils au pr\u00e9alable si vous le souhaitez.<\/p>\n<p style=\"text-align: left;\">Chaque massage est unique.<\/p>\n","protected":false},"featured_media":1714,"template":"","meta":{"_uag_custom_page_level_css":"","_swt_meta_header_display":false,"_swt_meta_footer_display":false,"_swt_meta_site_title_display":false,"_swt_meta_sticky_header":false,"_swt_meta_transparent_header":false},"product_brand":[],"product_cat":[149,94,46],"product_tag":[64,80,78,160,37,79,85],"class_list":{"0":"post-3399","1":"product","2":"type-product","3":"status-publish","4":"has-post-thumbnail","6":"product_cat-cevennesbienetre","7":"product_cat-massage-sur-mesure","8":"product_cat-massages-specifiques","9":"product_tag-detente-musculaire","10":"product_tag-elimination-des-toxines","11":"product_tag-massage-bien-etre","12":"product_tag-personnalise","13":"product_tag-relaxation","14":"product_tag-systeme-lymphatique","15":"product_tag-unique-a-chacun","17":"first","18":"instock","19":"shipping-taxable","20":"purchasable","21":"product-type-variable"},"yoast_head":"<!-- This site is optimized with the Yoast SEO plugin v27.5 - https:\/\/yoast.com\/product\/yoast-seo-wordpress\/ -->\n<title>Massage &quot;sur mesure&quot; - C\u00e9vennes Bien-\u00catre - Massages bien-\u00eatre et soins \u00e9nerg\u00e9tiques<\/title>\n<meta name=\"description\" content=\"Massage sur mesure personnalis\u00e9 pour soulager les tensions, r\u00e9duire le stress et am\u00e9liorer le bien-\u00eatre gr\u00e2ce \u00e0 un soin adapt\u00e9 \u00e0 vos besoins sp\u00e9cifiques.\" \/>\n<meta name=\"robots\" content=\"index, follow, max-snippet:-1, max-image-preview:large, max-video-preview:-1\" \/>\n<link rel=\"canonical\" href=\"https:\/\/cevennesbienetre.fr\/index.php\/produit\/massage-sur-mesure\/\" \/>\n<meta property=\"og:locale\" content=\"fr_FR\" \/>\n<meta property=\"og:type\" content=\"article\" \/>\n<meta property=\"og:title\" content=\"Massage &quot;sur mesure&quot; - C\u00e9vennes Bien-\u00catre - Massages bien-\u00eatre et soins \u00e9nerg\u00e9tiques\" \/>\n<meta property=\"og:description\" content=\"Massage sur mesure personnalis\u00e9 pour soulager les tensions, r\u00e9duire le stress et am\u00e9liorer le bien-\u00eatre gr\u00e2ce \u00e0 un soin adapt\u00e9 \u00e0 vos besoins sp\u00e9cifiques.\" \/>\n<meta property=\"og:url\" content=\"https:\/\/cevennesbienetre.fr\/index.php\/produit\/massage-sur-mesure\/\" \/>\n<meta property=\"og:site_name\" content=\"C\u00e9vennes Bien-\u00catre - Massages bien-\u00eatre et soins \u00e9nerg\u00e9tiques\" \/>\n<meta property=\"article:publisher\" content=\"https:\/\/www.facebook.com\/cevennesbienetre\" \/>\n<meta property=\"article:modified_time\" content=\"2026-03-16T21:17:39+00:00\" \/>\n<meta property=\"og:image\" content=\"https:\/\/cevennesbienetre.fr\/wp-content\/uploads\/2020\/04\/massage-palmaire.jpg\" \/>\n\t<meta property=\"og:image:width\" content=\"1920\" \/>\n\t<meta property=\"og:image:height\" content=\"1275\" \/>\n\t<meta property=\"og:image:type\" content=\"image\/jpeg\" \/>\n<meta name=\"twitter:card\" content=\"summary_large_image\" \/>\n<meta name=\"twitter:label1\" content=\"Dur\u00e9e de lecture estim\u00e9e\" \/>\n\t<meta name=\"twitter:data1\" content=\"1 minute\" \/>\n<script type=\"application\/ld+json\" class=\"yoast-schema-graph\">{\"@context\":\"https:\\\/\\\/schema.org\",\"@graph\":[{\"@type\":\"WebPage\",\"@id\":\"https:\\\/\\\/cevennesbienetre.fr\\\/index.php\\\/produit\\\/massage-sur-mesure\\\/\",\"url\":\"https:\\\/\\\/cevennesbienetre.fr\\\/index.php\\\/produit\\\/massage-sur-mesure\\\/\",\"name\":\"Massage \\\"sur mesure\\\" - C\u00e9vennes Bien-\u00catre - Massages bien-\u00eatre et soins \u00e9nerg\u00e9tiques\",\"isPartOf\":{\"@id\":\"https:\\\/\\\/cevennesbienetre.fr\\\/#website\"},\"primaryImageOfPage\":{\"@id\":\"https:\\\/\\\/cevennesbienetre.fr\\\/index.php\\\/produit\\\/massage-sur-mesure\\\/#primaryimage\"},\"image\":{\"@id\":\"https:\\\/\\\/cevennesbienetre.fr\\\/index.php\\\/produit\\\/massage-sur-mesure\\\/#primaryimage\"},\"thumbnailUrl\":\"https:\\\/\\\/cevennesbienetre.fr\\\/wp-content\\\/uploads\\\/2020\\\/04\\\/massage-palmaire.jpg\",\"datePublished\":\"2026-02-17T14:28:50+00:00\",\"dateModified\":\"2026-03-16T21:17:39+00:00\",\"description\":\"Massage sur mesure personnalis\u00e9 pour soulager les tensions, r\u00e9duire le stress et am\u00e9liorer le bien-\u00eatre gr\u00e2ce \u00e0 un soin adapt\u00e9 \u00e0 vos besoins sp\u00e9cifiques.\",\"breadcrumb\":{\"@id\":\"https:\\\/\\\/cevennesbienetre.fr\\\/index.php\\\/produit\\\/massage-sur-mesure\\\/#breadcrumb\"},\"inLanguage\":\"fr-FR\",\"potentialAction\":[{\"@type\":\"ReadAction\",\"target\":[\"https:\\\/\\\/cevennesbienetre.fr\\\/index.php\\\/produit\\\/massage-sur-mesure\\\/\"]}]},{\"@type\":\"ImageObject\",\"inLanguage\":\"fr-FR\",\"@id\":\"https:\\\/\\\/cevennesbienetre.fr\\\/index.php\\\/produit\\\/massage-sur-mesure\\\/#primaryimage\",\"url\":\"https:\\\/\\\/cevennesbienetre.fr\\\/wp-content\\\/uploads\\\/2020\\\/04\\\/massage-palmaire.jpg\",\"contentUrl\":\"https:\\\/\\\/cevennesbienetre.fr\\\/wp-content\\\/uploads\\\/2020\\\/04\\\/massage-palmaire.jpg\",\"width\":1920,\"height\":1275},{\"@type\":\"BreadcrumbList\",\"@id\":\"https:\\\/\\\/cevennesbienetre.fr\\\/index.php\\\/produit\\\/massage-sur-mesure\\\/#breadcrumb\",\"itemListElement\":[{\"@type\":\"ListItem\",\"position\":1,\"name\":\"Accueil\",\"item\":\"https:\\\/\\\/cevennesbienetre.fr\\\/\"},{\"@type\":\"ListItem\",\"position\":2,\"name\":\"Boutique\",\"item\":\"https:\\\/\\\/cevennesbienetre.fr\\\/index.php\\\/boutique\\\/\"},{\"@type\":\"ListItem\",\"position\":3,\"name\":\"Massage \u00ab\u00a0sur mesure\u00a0\u00bb\"}]},{\"@type\":\"WebSite\",\"@id\":\"https:\\\/\\\/cevennesbienetre.fr\\\/#website\",\"url\":\"https:\\\/\\\/cevennesbienetre.fr\\\/\",\"name\":\"C\u00e9vennes Bien-\u00catre - Massages bien-\u00eatre et soins \u00e9nerg\u00e9tiques\",\"description\":\"\",\"publisher\":{\"@id\":\"https:\\\/\\\/cevennesbienetre.fr\\\/#organization\"},\"potentialAction\":[{\"@type\":\"SearchAction\",\"target\":{\"@type\":\"EntryPoint\",\"urlTemplate\":\"https:\\\/\\\/cevennesbienetre.fr\\\/?s={search_term_string}\"},\"query-input\":{\"@type\":\"PropertyValueSpecification\",\"valueRequired\":true,\"valueName\":\"search_term_string\"}}],\"inLanguage\":\"fr-FR\"},{\"@type\":\"Organization\",\"@id\":\"https:\\\/\\\/cevennesbienetre.fr\\\/#organization\",\"name\":\"C\u00e9vennes Bien-\u00catre - Massages bien-\u00eatre et soins \u00e9nerg\u00e9tiques\",\"url\":\"https:\\\/\\\/cevennesbienetre.fr\\\/\",\"logo\":{\"@type\":\"ImageObject\",\"inLanguage\":\"fr-FR\",\"@id\":\"https:\\\/\\\/cevennesbienetre.fr\\\/#\\\/schema\\\/logo\\\/image\\\/\",\"url\":\"https:\\\/\\\/cevennesbienetre.fr\\\/wp-content\\\/uploads\\\/2026\\\/02\\\/Logo_Final_Main_a_05-257x300-1-150x150-1.png\",\"contentUrl\":\"https:\\\/\\\/cevennesbienetre.fr\\\/wp-content\\\/uploads\\\/2026\\\/02\\\/Logo_Final_Main_a_05-257x300-1-150x150-1.png\",\"width\":150,\"height\":150,\"caption\":\"C\u00e9vennes Bien-\u00catre - Massages bien-\u00eatre et soins \u00e9nerg\u00e9tiques\"},\"image\":{\"@id\":\"https:\\\/\\\/cevennesbienetre.fr\\\/#\\\/schema\\\/logo\\\/image\\\/\"},\"sameAs\":[\"https:\\\/\\\/www.facebook.com\\\/cevennesbienetre\"]}]}<\/script>\n<!-- \/ Yoast SEO plugin. -->","yoast_head_json":{"title":"Massage \"sur mesure\" - C\u00e9vennes Bien-\u00catre - Massages bien-\u00eatre et soins \u00e9nerg\u00e9tiques","description":"Massage sur mesure personnalis\u00e9 pour soulager les tensions, r\u00e9duire le stress et am\u00e9liorer le bien-\u00eatre gr\u00e2ce \u00e0 un soin adapt\u00e9 \u00e0 vos besoins sp\u00e9cifiques.","robots":{"index":"index","follow":"follow","max-snippet":"max-snippet:-1","max-image-preview":"max-image-preview:large","max-video-preview":"max-video-preview:-1"},"canonical":"https:\/\/cevennesbienetre.fr\/index.php\/produit\/massage-sur-mesure\/","og_locale":"fr_FR","og_type":"article","og_title":"Massage \"sur mesure\" - C\u00e9vennes Bien-\u00catre - Massages bien-\u00eatre et soins \u00e9nerg\u00e9tiques","og_description":"Massage sur mesure personnalis\u00e9 pour soulager les tensions, r\u00e9duire le stress et am\u00e9liorer le bien-\u00eatre gr\u00e2ce \u00e0 un soin adapt\u00e9 \u00e0 vos besoins sp\u00e9cifiques.","og_url":"https:\/\/cevennesbienetre.fr\/index.php\/produit\/massage-sur-mesure\/","og_site_name":"C\u00e9vennes Bien-\u00catre - Massages bien-\u00eatre et soins \u00e9nerg\u00e9tiques","article_publisher":"https:\/\/www.facebook.com\/cevennesbienetre","article_modified_time":"2026-03-16T21:17:39+00:00","og_image":[{"width":1920,"height":1275,"url":"https:\/\/cevennesbienetre.fr\/wp-content\/uploads\/2020\/04\/massage-palmaire.jpg","type":"image\/jpeg"}],"twitter_card":"summary_large_image","twitter_misc":{"Dur\u00e9e de lecture estim\u00e9e":"1 minute"},"schema":{"@context":"https:\/\/schema.org","@graph":[{"@type":"WebPage","@id":"https:\/\/cevennesbienetre.fr\/index.php\/produit\/massage-sur-mesure\/","url":"https:\/\/cevennesbienetre.fr\/index.php\/produit\/massage-sur-mesure\/","name":"Massage \"sur mesure\" - C\u00e9vennes Bien-\u00catre - Massages bien-\u00eatre et soins \u00e9nerg\u00e9tiques","isPartOf":{"@id":"https:\/\/cevennesbienetre.fr\/#website"},"primaryImageOfPage":{"@id":"https:\/\/cevennesbienetre.fr\/index.php\/produit\/massage-sur-mesure\/#primaryimage"},"image":{"@id":"https:\/\/cevennesbienetre.fr\/index.php\/produit\/massage-sur-mesure\/#primaryimage"},"thumbnailUrl":"https:\/\/cevennesbienetre.fr\/wp-content\/uploads\/2020\/04\/massage-palmaire.jpg","datePublished":"2026-02-17T14:28:50+00:00","dateModified":"2026-03-16T21:17:39+00:00","description":"Massage sur mesure personnalis\u00e9 pour soulager les tensions, r\u00e9duire le stress et am\u00e9liorer le bien-\u00eatre gr\u00e2ce \u00e0 un soin adapt\u00e9 \u00e0 vos besoins sp\u00e9cifiques.","breadcrumb":{"@id":"https:\/\/cevennesbienetre.fr\/index.php\/produit\/massage-sur-mesure\/#breadcrumb"},"inLanguage":"fr-FR","potentialAction":[{"@type":"ReadAction","target":["https:\/\/cevennesbienetre.fr\/index.php\/produit\/massage-sur-mesure\/"]}]},{"@type":"ImageObject","inLanguage":"fr-FR","@id":"https:\/\/cevennesbienetre.fr\/index.php\/produit\/massage-sur-mesure\/#primaryimage","url":"https:\/\/cevennesbienetre.fr\/wp-content\/uploads\/2020\/04\/massage-palmaire.jpg","contentUrl":"https:\/\/cevennesbienetre.fr\/wp-content\/uploads\/2020\/04\/massage-palmaire.jpg","width":1920,"height":1275},{"@type":"BreadcrumbList","@id":"https:\/\/cevennesbienetre.fr\/index.php\/produit\/massage-sur-mesure\/#breadcrumb","itemListElement":[{"@type":"ListItem","position":1,"name":"Accueil","item":"https:\/\/cevennesbienetre.fr\/"},{"@type":"ListItem","position":2,"name":"Boutique","item":"https:\/\/cevennesbienetre.fr\/index.php\/boutique\/"},{"@type":"ListItem","position":3,"name":"Massage \u00ab\u00a0sur mesure\u00a0\u00bb"}]},{"@type":"WebSite","@id":"https:\/\/cevennesbienetre.fr\/#website","url":"https:\/\/cevennesbienetre.fr\/","name":"C\u00e9vennes Bien-\u00catre - Massages bien-\u00eatre et soins \u00e9nerg\u00e9tiques","description":"","publisher":{"@id":"https:\/\/cevennesbienetre.fr\/#organization"},"potentialAction":[{"@type":"SearchAction","target":{"@type":"EntryPoint","urlTemplate":"https:\/\/cevennesbienetre.fr\/?s={search_term_string}"},"query-input":{"@type":"PropertyValueSpecification","valueRequired":true,"valueName":"search_term_string"}}],"inLanguage":"fr-FR"},{"@type":"Organization","@id":"https:\/\/cevennesbienetre.fr\/#organization","name":"C\u00e9vennes Bien-\u00catre - Massages bien-\u00eatre et soins \u00e9nerg\u00e9tiques","url":"https:\/\/cevennesbienetre.fr\/","logo":{"@type":"ImageObject","inLanguage":"fr-FR","@id":"https:\/\/cevennesbienetre.fr\/#\/schema\/logo\/image\/","url":"https:\/\/cevennesbienetre.fr\/wp-content\/uploads\/2026\/02\/Logo_Final_Main_a_05-257x300-1-150x150-1.png","contentUrl":"https:\/\/cevennesbienetre.fr\/wp-content\/uploads\/2026\/02\/Logo_Final_Main_a_05-257x300-1-150x150-1.png","width":150,"height":150,"caption":"C\u00e9vennes Bien-\u00catre - Massages bien-\u00eatre et soins \u00e9nerg\u00e9tiques"},"image":{"@id":"https:\/\/cevennesbienetre.fr\/#\/schema\/logo\/image\/"},"sameAs":["https:\/\/www.facebook.com\/cevennesbienetre"]}]}},"uagb_featured_image_src":{"full":["https:\/\/cevennesbienetre.fr\/wp-content\/uploads\/2020\/04\/massage-palmaire.jpg",1920,1275,false],"thumbnail":["https:\/\/cevennesbienetre.fr\/wp-content\/uploads\/2020\/04\/massage-palmaire-150x150.jpg",150,150,true],"medium":["https:\/\/cevennesbienetre.fr\/wp-content\/uploads\/2020\/04\/massage-palmaire-300x199.jpg",300,199,true],"medium_large":["https:\/\/cevennesbienetre.fr\/wp-content\/uploads\/2020\/04\/massage-palmaire-768x510.jpg",768,510,true],"large":["https:\/\/cevennesbienetre.fr\/wp-content\/uploads\/2020\/04\/massage-palmaire-1024x680.jpg",1024,680,true],"1536x1536":["https:\/\/cevennesbienetre.fr\/wp-content\/uploads\/2020\/04\/massage-palmaire-1536x1020.jpg",1536,1020,true],"2048x2048":["https:\/\/cevennesbienetre.fr\/wp-content\/uploads\/2020\/04\/massage-palmaire.jpg",1920,1275,false],"woocommerce_thumbnail":["https:\/\/cevennesbienetre.fr\/wp-content\/uploads\/2020\/04\/massage-palmaire-300x300.jpg",300,300,true],"woocommerce_single":["https:\/\/cevennesbienetre.fr\/wp-content\/uploads\/2020\/04\/massage-palmaire-600x398.jpg",600,398,true],"woocommerce_gallery_thumbnail":["https:\/\/cevennesbienetre.fr\/wp-content\/uploads\/2020\/04\/massage-palmaire-100x100.jpg",100,100,true]},"uagb_author_info":{"display_name":"admin6017","author_link":"https:\/\/cevennesbienetre.fr\/index.php\/author\/"},"uagb_comment_info":0,"uagb_excerpt":"J\u2019utilise diff\u00e9rentes techniques ainsi que mon ressenti afin d\u2019\u00eatre au plus pr\u00e9s de vos besoins. Il s\u2019adapte \u00e0 tous les besoins physiques et toutes les morphologies. Ce massage \u00a0peut se concentrer sur une ou plusieurs parties du corps : \u00a0Exemple\u00a0: \u2013 dos uniquement \u2013 dos- jambes \u00a0\u2013 Mains-pieds-cuir chevelu \u00a0\u2013 Face post\u00e9rieure ou ant\u00e9rieure du\u2026","_links":{"self":[{"href":"https:\/\/cevennesbienetre.fr\/index.php\/wp-json\/wp\/v2\/product\/3399","targetHints":{"allow":["GET"]}}],"collection":[{"href":"https:\/\/cevennesbienetre.fr\/index.php\/wp-json\/wp\/v2\/product"}],"about":[{"href":"https:\/\/cevennesbienetre.fr\/index.php\/wp-json\/wp\/v2\/types\/product"}],"wp:featuredmedia":[{"embeddable":true,"href":"https:\/\/cevennesbienetre.fr\/index.php\/wp-json\/wp\/v2\/media\/1714"}],"wp:attachment":[{"href":"https:\/\/cevennesbienetre.fr\/index.php\/wp-json\/wp\/v2\/media?parent=3399"}],"wp:term":[{"taxonomy":"product_brand","embeddable":true,"href":"https:\/\/cevennesbienetre.fr\/index.php\/wp-json\/wp\/v2\/product_brand?post=3399"},{"taxonomy":"product_cat","embeddable":true,"href":"https:\/\/cevennesbienetre.fr\/index.php\/wp-json\/wp\/v2\/product_cat?post=3399"},{"taxonomy":"product_tag","embeddable":true,"href":"https:\/\/cevennesbienetre.fr\/index.php\/wp-json\/wp\/v2\/product_tag?post=3399"}],"curies":[{"name":"wp","href":"https:\/\/api.w.org\/{rel}","templated":true}]}}