{"id":3373,"date":"2026-03-03T11:03:19","date_gmt":"2026-03-03T10:03:19","guid":{"rendered":"https:\/\/cevennesbienetre.fr\/?post_type=product&#038;p=3373"},"modified":"2026-03-16T22:14:47","modified_gmt":"2026-03-16T21:14:47","slug":"carte-cadeau-massage-ayurvedique-abhyanga","status":"publish","type":"product","link":"https:\/\/cevennesbienetre.fr\/index.php\/produit\/carte-cadeau-massage-ayurvedique-abhyanga\/","title":{"rendered":"Carte cadeau : Massage ayurv\u00e9dique abhyanga"},"content":{"rendered":"<p>Le massage ayurv\u00e9dique Abhyanga, <strong>massage \u00e9nerg\u00e9tique<\/strong> est un rituel ancestral issu de la tradition indienne de l\u2019Ayurveda. R\u00e9alis\u00e9 avec des huiles chaudes d\u00e9licatement choisies, ce massage enveloppant invite \u00e0 un profond l\u00e2cher-prise. Par des mouvements fluides, harmonieux et rythm\u00e9s sur l\u2019ensemble du corps, il aide \u00e0 lib\u00e9rer les tensions, stimuler la circulation et r\u00e9\u00e9quilibrer les \u00e9nergies vitales. V\u00e9ritable invitation au ressourcement, l\u2019Abhyanga nourrit la peau, apaise le syst\u00e8me nerveux et procure une sensation de d\u00e9tente profonde et durable, laissant le corps et l\u2019esprit pleinement revitalis\u00e9s.<\/p>\n","protected":false},"excerpt":{"rendered":"<p style=\"text-align: left;\">Le massage ayurv\u00e9dique Abhyanga est un massage traditionnel \u00e0 l\u2019huile chaude issu de la m\u00e9decine ayurv\u00e9dique. Il aide \u00e0 rel\u00e2cher les tensions musculaires, stimule la circulation sanguine et lymphatique, favorise l\u2019\u00e9limination des toxines et apporte une profonde d\u00e9tente physique et mentale.<\/p>\n","protected":false},"featured_media":3376,"template":"","meta":{"_uag_custom_page_level_css":"","_swt_meta_header_display":false,"_swt_meta_footer_display":false,"_swt_meta_site_title_display":false,"_swt_meta_sticky_header":false,"_swt_meta_transparent_header":false},"product_brand":[],"product_cat":[44,149],"product_tag":[60,59,61,58,40,62],"class_list":{"0":"post-3373","1":"product","2":"type-product","3":"status-publish","4":"has-post-thumbnail","6":"product_cat-carte-cadeau","7":"product_cat-cevennesbienetre","8":"product_tag-corps-et-esprit","9":"product_tag-energetique","10":"product_tag-harmonisation","11":"product_tag-medecine-indienne","12":"product_tag-relaxation-profonde","13":"product_tag-systeme-immunitaire","15":"first","16":"instock","17":"shipping-taxable","18":"purchasable","19":"product-type-variable"},"yoast_head":"<!-- This site is optimized with the Yoast SEO plugin v27.5 - https:\/\/yoast.com\/product\/yoast-seo-wordpress\/ -->\n<title>Carte cadeau : Massage ayurv\u00e9dique abhyanga - C\u00e9vennes Bien-\u00catre - Massages bien-\u00eatre et soins \u00e9nerg\u00e9tiques<\/title>\n<meta name=\"description\" content=\"Massage ayurv\u00e9dique Abhyanga \u00e0 l\u2019huile chaude : massage traditionnel pour rel\u00e2cher les tensions, am\u00e9liorer la circulation, \u00e9liminer les toxines et r\u00e9\u00e9quilibrer l\u2019\u00e9nergie du corps.\" \/>\n<meta name=\"robots\" content=\"index, follow, max-snippet:-1, max-image-preview:large, max-video-preview:-1\" \/>\n<link rel=\"canonical\" href=\"https:\/\/cevennesbienetre.fr\/index.php\/produit\/carte-cadeau-massage-ayurvedique-abhyanga\/\" \/>\n<meta property=\"og:locale\" content=\"fr_FR\" \/>\n<meta property=\"og:type\" content=\"article\" \/>\n<meta property=\"og:title\" content=\"Carte cadeau : Massage ayurv\u00e9dique abhyanga - C\u00e9vennes Bien-\u00catre - Massages bien-\u00eatre et soins \u00e9nerg\u00e9tiques\" \/>\n<meta property=\"og:description\" content=\"Massage ayurv\u00e9dique Abhyanga \u00e0 l\u2019huile chaude : massage traditionnel pour rel\u00e2cher les tensions, am\u00e9liorer la circulation, \u00e9liminer les toxines et r\u00e9\u00e9quilibrer l\u2019\u00e9nergie du corps.\" \/>\n<meta property=\"og:url\" content=\"https:\/\/cevennesbienetre.fr\/index.php\/produit\/carte-cadeau-massage-ayurvedique-abhyanga\/\" \/>\n<meta property=\"og:site_name\" content=\"C\u00e9vennes Bien-\u00catre - Massages bien-\u00eatre et soins \u00e9nerg\u00e9tiques\" \/>\n<meta property=\"article:publisher\" content=\"https:\/\/www.facebook.com\/cevennesbienetre\" \/>\n<meta property=\"article:modified_time\" content=\"2026-03-16T21:14:47+00:00\" \/>\n<meta property=\"og:image\" content=\"https:\/\/cevennesbienetre.fr\/wp-content\/uploads\/2026\/02\/massage-indien.jpg\" \/>\n\t<meta property=\"og:image:width\" content=\"1500\" \/>\n\t<meta property=\"og:image:height\" content=\"1037\" \/>\n\t<meta property=\"og:image:type\" content=\"image\/jpeg\" \/>\n<meta name=\"twitter:card\" content=\"summary_large_image\" \/>\n<meta name=\"twitter:label1\" content=\"Dur\u00e9e de lecture estim\u00e9e\" \/>\n\t<meta name=\"twitter:data1\" content=\"1 minute\" \/>\n<script type=\"application\/ld+json\" class=\"yoast-schema-graph\">{\"@context\":\"https:\\\/\\\/schema.org\",\"@graph\":[{\"@type\":\"WebPage\",\"@id\":\"https:\\\/\\\/cevennesbienetre.fr\\\/index.php\\\/produit\\\/carte-cadeau-massage-ayurvedique-abhyanga\\\/\",\"url\":\"https:\\\/\\\/cevennesbienetre.fr\\\/index.php\\\/produit\\\/carte-cadeau-massage-ayurvedique-abhyanga\\\/\",\"name\":\"Carte cadeau : Massage ayurv\u00e9dique abhyanga - C\u00e9vennes Bien-\u00catre - Massages bien-\u00eatre et soins \u00e9nerg\u00e9tiques\",\"isPartOf\":{\"@id\":\"https:\\\/\\\/cevennesbienetre.fr\\\/#website\"},\"primaryImageOfPage\":{\"@id\":\"https:\\\/\\\/cevennesbienetre.fr\\\/index.php\\\/produit\\\/carte-cadeau-massage-ayurvedique-abhyanga\\\/#primaryimage\"},\"image\":{\"@id\":\"https:\\\/\\\/cevennesbienetre.fr\\\/index.php\\\/produit\\\/carte-cadeau-massage-ayurvedique-abhyanga\\\/#primaryimage\"},\"thumbnailUrl\":\"https:\\\/\\\/cevennesbienetre.fr\\\/wp-content\\\/uploads\\\/2026\\\/02\\\/massage-indien.jpg\",\"datePublished\":\"2026-03-03T10:03:19+00:00\",\"dateModified\":\"2026-03-16T21:14:47+00:00\",\"description\":\"Massage ayurv\u00e9dique Abhyanga \u00e0 l\u2019huile chaude : massage traditionnel pour rel\u00e2cher les tensions, am\u00e9liorer la circulation, \u00e9liminer les toxines et r\u00e9\u00e9quilibrer l\u2019\u00e9nergie du corps.\",\"breadcrumb\":{\"@id\":\"https:\\\/\\\/cevennesbienetre.fr\\\/index.php\\\/produit\\\/carte-cadeau-massage-ayurvedique-abhyanga\\\/#breadcrumb\"},\"inLanguage\":\"fr-FR\",\"potentialAction\":[{\"@type\":\"ReadAction\",\"target\":[\"https:\\\/\\\/cevennesbienetre.fr\\\/index.php\\\/produit\\\/carte-cadeau-massage-ayurvedique-abhyanga\\\/\"]}]},{\"@type\":\"ImageObject\",\"inLanguage\":\"fr-FR\",\"@id\":\"https:\\\/\\\/cevennesbienetre.fr\\\/index.php\\\/produit\\\/carte-cadeau-massage-ayurvedique-abhyanga\\\/#primaryimage\",\"url\":\"https:\\\/\\\/cevennesbienetre.fr\\\/wp-content\\\/uploads\\\/2026\\\/02\\\/massage-indien.jpg\",\"contentUrl\":\"https:\\\/\\\/cevennesbienetre.fr\\\/wp-content\\\/uploads\\\/2026\\\/02\\\/massage-indien.jpg\",\"width\":1500,\"height\":1037,\"caption\":\"massage indien meditation\"},{\"@type\":\"BreadcrumbList\",\"@id\":\"https:\\\/\\\/cevennesbienetre.fr\\\/index.php\\\/produit\\\/carte-cadeau-massage-ayurvedique-abhyanga\\\/#breadcrumb\",\"itemListElement\":[{\"@type\":\"ListItem\",\"position\":1,\"name\":\"Accueil\",\"item\":\"https:\\\/\\\/cevennesbienetre.fr\\\/\"},{\"@type\":\"ListItem\",\"position\":2,\"name\":\"Boutique\",\"item\":\"https:\\\/\\\/cevennesbienetre.fr\\\/index.php\\\/boutique\\\/\"},{\"@type\":\"ListItem\",\"position\":3,\"name\":\"Carte cadeau : Massage ayurv\u00e9dique abhyanga\"}]},{\"@type\":\"WebSite\",\"@id\":\"https:\\\/\\\/cevennesbienetre.fr\\\/#website\",\"url\":\"https:\\\/\\\/cevennesbienetre.fr\\\/\",\"name\":\"C\u00e9vennes Bien-\u00catre - Massages bien-\u00eatre et soins \u00e9nerg\u00e9tiques\",\"description\":\"\",\"publisher\":{\"@id\":\"https:\\\/\\\/cevennesbienetre.fr\\\/#organization\"},\"potentialAction\":[{\"@type\":\"SearchAction\",\"target\":{\"@type\":\"EntryPoint\",\"urlTemplate\":\"https:\\\/\\\/cevennesbienetre.fr\\\/?s={search_term_string}\"},\"query-input\":{\"@type\":\"PropertyValueSpecification\",\"valueRequired\":true,\"valueName\":\"search_term_string\"}}],\"inLanguage\":\"fr-FR\"},{\"@type\":\"Organization\",\"@id\":\"https:\\\/\\\/cevennesbienetre.fr\\\/#organization\",\"name\":\"C\u00e9vennes Bien-\u00catre - Massages bien-\u00eatre et soins \u00e9nerg\u00e9tiques\",\"url\":\"https:\\\/\\\/cevennesbienetre.fr\\\/\",\"logo\":{\"@type\":\"ImageObject\",\"inLanguage\":\"fr-FR\",\"@id\":\"https:\\\/\\\/cevennesbienetre.fr\\\/#\\\/schema\\\/logo\\\/image\\\/\",\"url\":\"https:\\\/\\\/cevennesbienetre.fr\\\/wp-content\\\/uploads\\\/2026\\\/02\\\/Logo_Final_Main_a_05-257x300-1-150x150-1.png\",\"contentUrl\":\"https:\\\/\\\/cevennesbienetre.fr\\\/wp-content\\\/uploads\\\/2026\\\/02\\\/Logo_Final_Main_a_05-257x300-1-150x150-1.png\",\"width\":150,\"height\":150,\"caption\":\"C\u00e9vennes Bien-\u00catre - Massages bien-\u00eatre et soins \u00e9nerg\u00e9tiques\"},\"image\":{\"@id\":\"https:\\\/\\\/cevennesbienetre.fr\\\/#\\\/schema\\\/logo\\\/image\\\/\"},\"sameAs\":[\"https:\\\/\\\/www.facebook.com\\\/cevennesbienetre\"]}]}<\/script>\n<!-- \/ Yoast SEO plugin. -->","yoast_head_json":{"title":"Carte cadeau : Massage ayurv\u00e9dique abhyanga - C\u00e9vennes Bien-\u00catre - Massages bien-\u00eatre et soins \u00e9nerg\u00e9tiques","description":"Massage ayurv\u00e9dique Abhyanga \u00e0 l\u2019huile chaude : massage traditionnel pour rel\u00e2cher les tensions, am\u00e9liorer la circulation, \u00e9liminer les toxines et r\u00e9\u00e9quilibrer l\u2019\u00e9nergie du corps.","robots":{"index":"index","follow":"follow","max-snippet":"max-snippet:-1","max-image-preview":"max-image-preview:large","max-video-preview":"max-video-preview:-1"},"canonical":"https:\/\/cevennesbienetre.fr\/index.php\/produit\/carte-cadeau-massage-ayurvedique-abhyanga\/","og_locale":"fr_FR","og_type":"article","og_title":"Carte cadeau : Massage ayurv\u00e9dique abhyanga - C\u00e9vennes Bien-\u00catre - Massages bien-\u00eatre et soins \u00e9nerg\u00e9tiques","og_description":"Massage ayurv\u00e9dique Abhyanga \u00e0 l\u2019huile chaude : massage traditionnel pour rel\u00e2cher les tensions, am\u00e9liorer la circulation, \u00e9liminer les toxines et r\u00e9\u00e9quilibrer l\u2019\u00e9nergie du corps.","og_url":"https:\/\/cevennesbienetre.fr\/index.php\/produit\/carte-cadeau-massage-ayurvedique-abhyanga\/","og_site_name":"C\u00e9vennes Bien-\u00catre - Massages bien-\u00eatre et soins \u00e9nerg\u00e9tiques","article_publisher":"https:\/\/www.facebook.com\/cevennesbienetre","article_modified_time":"2026-03-16T21:14:47+00:00","og_image":[{"width":1500,"height":1037,"url":"https:\/\/cevennesbienetre.fr\/wp-content\/uploads\/2026\/02\/massage-indien.jpg","type":"image\/jpeg"}],"twitter_card":"summary_large_image","twitter_misc":{"Dur\u00e9e de lecture estim\u00e9e":"1 minute"},"schema":{"@context":"https:\/\/schema.org","@graph":[{"@type":"WebPage","@id":"https:\/\/cevennesbienetre.fr\/index.php\/produit\/carte-cadeau-massage-ayurvedique-abhyanga\/","url":"https:\/\/cevennesbienetre.fr\/index.php\/produit\/carte-cadeau-massage-ayurvedique-abhyanga\/","name":"Carte cadeau : Massage ayurv\u00e9dique abhyanga - C\u00e9vennes Bien-\u00catre - Massages bien-\u00eatre et soins \u00e9nerg\u00e9tiques","isPartOf":{"@id":"https:\/\/cevennesbienetre.fr\/#website"},"primaryImageOfPage":{"@id":"https:\/\/cevennesbienetre.fr\/index.php\/produit\/carte-cadeau-massage-ayurvedique-abhyanga\/#primaryimage"},"image":{"@id":"https:\/\/cevennesbienetre.fr\/index.php\/produit\/carte-cadeau-massage-ayurvedique-abhyanga\/#primaryimage"},"thumbnailUrl":"https:\/\/cevennesbienetre.fr\/wp-content\/uploads\/2026\/02\/massage-indien.jpg","datePublished":"2026-03-03T10:03:19+00:00","dateModified":"2026-03-16T21:14:47+00:00","description":"Massage ayurv\u00e9dique Abhyanga \u00e0 l\u2019huile chaude : massage traditionnel pour rel\u00e2cher les tensions, am\u00e9liorer la circulation, \u00e9liminer les toxines et r\u00e9\u00e9quilibrer l\u2019\u00e9nergie du corps.","breadcrumb":{"@id":"https:\/\/cevennesbienetre.fr\/index.php\/produit\/carte-cadeau-massage-ayurvedique-abhyanga\/#breadcrumb"},"inLanguage":"fr-FR","potentialAction":[{"@type":"ReadAction","target":["https:\/\/cevennesbienetre.fr\/index.php\/produit\/carte-cadeau-massage-ayurvedique-abhyanga\/"]}]},{"@type":"ImageObject","inLanguage":"fr-FR","@id":"https:\/\/cevennesbienetre.fr\/index.php\/produit\/carte-cadeau-massage-ayurvedique-abhyanga\/#primaryimage","url":"https:\/\/cevennesbienetre.fr\/wp-content\/uploads\/2026\/02\/massage-indien.jpg","contentUrl":"https:\/\/cevennesbienetre.fr\/wp-content\/uploads\/2026\/02\/massage-indien.jpg","width":1500,"height":1037,"caption":"massage indien meditation"},{"@type":"BreadcrumbList","@id":"https:\/\/cevennesbienetre.fr\/index.php\/produit\/carte-cadeau-massage-ayurvedique-abhyanga\/#breadcrumb","itemListElement":[{"@type":"ListItem","position":1,"name":"Accueil","item":"https:\/\/cevennesbienetre.fr\/"},{"@type":"ListItem","position":2,"name":"Boutique","item":"https:\/\/cevennesbienetre.fr\/index.php\/boutique\/"},{"@type":"ListItem","position":3,"name":"Carte cadeau : Massage ayurv\u00e9dique abhyanga"}]},{"@type":"WebSite","@id":"https:\/\/cevennesbienetre.fr\/#website","url":"https:\/\/cevennesbienetre.fr\/","name":"C\u00e9vennes Bien-\u00catre - Massages bien-\u00eatre et soins \u00e9nerg\u00e9tiques","description":"","publisher":{"@id":"https:\/\/cevennesbienetre.fr\/#organization"},"potentialAction":[{"@type":"SearchAction","target":{"@type":"EntryPoint","urlTemplate":"https:\/\/cevennesbienetre.fr\/?s={search_term_string}"},"query-input":{"@type":"PropertyValueSpecification","valueRequired":true,"valueName":"search_term_string"}}],"inLanguage":"fr-FR"},{"@type":"Organization","@id":"https:\/\/cevennesbienetre.fr\/#organization","name":"C\u00e9vennes Bien-\u00catre - Massages bien-\u00eatre et soins \u00e9nerg\u00e9tiques","url":"https:\/\/cevennesbienetre.fr\/","logo":{"@type":"ImageObject","inLanguage":"fr-FR","@id":"https:\/\/cevennesbienetre.fr\/#\/schema\/logo\/image\/","url":"https:\/\/cevennesbienetre.fr\/wp-content\/uploads\/2026\/02\/Logo_Final_Main_a_05-257x300-1-150x150-1.png","contentUrl":"https:\/\/cevennesbienetre.fr\/wp-content\/uploads\/2026\/02\/Logo_Final_Main_a_05-257x300-1-150x150-1.png","width":150,"height":150,"caption":"C\u00e9vennes Bien-\u00catre - Massages bien-\u00eatre et soins \u00e9nerg\u00e9tiques"},"image":{"@id":"https:\/\/cevennesbienetre.fr\/#\/schema\/logo\/image\/"},"sameAs":["https:\/\/www.facebook.com\/cevennesbienetre"]}]}},"uagb_featured_image_src":{"full":["https:\/\/cevennesbienetre.fr\/wp-content\/uploads\/2026\/02\/massage-indien.jpg",1500,1037,false],"thumbnail":["https:\/\/cevennesbienetre.fr\/wp-content\/uploads\/2026\/02\/massage-indien-150x150.jpg",150,150,true],"medium":["https:\/\/cevennesbienetre.fr\/wp-content\/uploads\/2026\/02\/massage-indien-300x207.jpg",300,207,true],"medium_large":["https:\/\/cevennesbienetre.fr\/wp-content\/uploads\/2026\/02\/massage-indien-768x531.jpg",768,531,true],"large":["https:\/\/cevennesbienetre.fr\/wp-content\/uploads\/2026\/02\/massage-indien-1024x708.jpg",1024,708,true],"1536x1536":["https:\/\/cevennesbienetre.fr\/wp-content\/uploads\/2026\/02\/massage-indien.jpg",1500,1037,false],"2048x2048":["https:\/\/cevennesbienetre.fr\/wp-content\/uploads\/2026\/02\/massage-indien.jpg",1500,1037,false],"woocommerce_thumbnail":["https:\/\/cevennesbienetre.fr\/wp-content\/uploads\/2026\/02\/massage-indien-300x300.jpg",300,300,true],"woocommerce_single":["https:\/\/cevennesbienetre.fr\/wp-content\/uploads\/2026\/02\/massage-indien-600x415.jpg",600,415,true],"woocommerce_gallery_thumbnail":["https:\/\/cevennesbienetre.fr\/wp-content\/uploads\/2026\/02\/massage-indien-100x100.jpg",100,100,true]},"uagb_author_info":{"display_name":"admin6017","author_link":"https:\/\/cevennesbienetre.fr\/index.php\/author\/"},"uagb_comment_info":0,"uagb_excerpt":"Le massage ayurv\u00e9dique Abhyanga est un massage traditionnel \u00e0 l\u2019huile chaude issu de la m\u00e9decine ayurv\u00e9dique. Il aide \u00e0 rel\u00e2cher les tensions musculaires, stimule la circulation sanguine et lymphatique, favorise l\u2019\u00e9limination des toxines et apporte une profonde d\u00e9tente physique et mentale.","_links":{"self":[{"href":"https:\/\/cevennesbienetre.fr\/index.php\/wp-json\/wp\/v2\/product\/3373","targetHints":{"allow":["GET"]}}],"collection":[{"href":"https:\/\/cevennesbienetre.fr\/index.php\/wp-json\/wp\/v2\/product"}],"about":[{"href":"https:\/\/cevennesbienetre.fr\/index.php\/wp-json\/wp\/v2\/types\/product"}],"wp:featuredmedia":[{"embeddable":true,"href":"https:\/\/cevennesbienetre.fr\/index.php\/wp-json\/wp\/v2\/media\/3376"}],"wp:attachment":[{"href":"https:\/\/cevennesbienetre.fr\/index.php\/wp-json\/wp\/v2\/media?parent=3373"}],"wp:term":[{"taxonomy":"product_brand","embeddable":true,"href":"https:\/\/cevennesbienetre.fr\/index.php\/wp-json\/wp\/v2\/product_brand?post=3373"},{"taxonomy":"product_cat","embeddable":true,"href":"https:\/\/cevennesbienetre.fr\/index.php\/wp-json\/wp\/v2\/product_cat?post=3373"},{"taxonomy":"product_tag","embeddable":true,"href":"https:\/\/cevennesbienetre.fr\/index.php\/wp-json\/wp\/v2\/product_tag?post=3373"}],"curies":[{"name":"wp","href":"https:\/\/api.w.org\/{rel}","templated":true}]}}