{"id":3368,"date":"2026-03-03T11:03:20","date_gmt":"2026-03-03T10:03:20","guid":{"rendered":"https:\/\/cevennesbienetre.fr\/?post_type=product&#038;p=3368"},"modified":"2026-03-16T22:14:15","modified_gmt":"2026-03-16T21:14:15","slug":"massage-thailandais-a-lhuile","status":"publish","type":"product","link":"https:\/\/cevennesbienetre.fr\/index.php\/produit\/massage-thailandais-a-lhuile\/","title":{"rendered":"Massage tha\u00eflandais \u00e0 l&rsquo;huile"},"content":{"rendered":"<p style=\"text-align: left;\">Le massage tha\u00ef \u00e0 l\u2019huile ( Nuad Naman ), pratiqu\u00e9 sur table est un <strong>massage musculaire et profond<\/strong>.<\/p>\n","protected":false},"excerpt":{"rendered":"<p style=\"text-align: left;\">Bas\u00e9 sur la philosophie tha\u00ef et ses principes de base, le travail s\u2019effectue sur des lignes d\u2019\u00e9nergie appel\u00e9es \u00ab\u00a0sen\u00a0\u00bb et sur les tissus musculaires.<\/p>\n<p style=\"text-align: left;\">La technique est pr\u00e9cise, pression profonde mais ajust\u00e9e\u00a0avec les doigts et paumes des mains.<\/p>\n<p style=\"text-align: left;\">Par des mobilisations articulaires, des pressions gliss\u00e9es, des p\u00e9trissages, \u00e9tirements et percussions ce massage procure un\u00a0rel\u00e2chement\u00a0 \u00e0 la fois rapide et profond.<\/p>\n<p style=\"text-align: left;\">Les tensions sont lib\u00e9r\u00e9es et les muscles d\u00e9tendus.<\/p>\n<p style=\"text-align: left;\"><strong>Bienfaits :\u00a0<\/strong><\/p>\n<ul style=\"text-align: left;\">\n<li>D\u00e9tente et apaisement<\/li>\n<li>Rel\u00e2chement musculaire et \u00e9motionnel<\/li>\n<li>Relance de l\u2019\u00e9nergie dans le corps<\/li>\n<li>Am\u00e9lioration du sommeil<\/li>\n<li>Am\u00e9lioration de la circulation sanguine, lymphatique et \u00e9nerg\u00e9tique<\/li>\n<\/ul>\n<p style=\"text-align: left;\"><strong>Contre-indications :<\/strong><\/p>\n<ul>\n<li style=\"text-align: left;\">femmes enceintes<\/li>\n<li style=\"text-align: left;\">Fi\u00e8vre<\/li>\n<\/ul>\n","protected":false},"featured_media":3372,"template":"","meta":{"_uag_custom_page_level_css":"","_swt_meta_header_display":false,"_swt_meta_footer_display":false,"_swt_meta_site_title_display":false,"_swt_meta_sticky_header":false,"_swt_meta_transparent_header":false},"product_brand":[],"product_cat":[149,31,32],"product_tag":[53,57,56,40,54,55],"class_list":{"0":"post-3368","1":"product","2":"type-product","3":"status-publish","4":"has-post-thumbnail","6":"product_cat-cevennesbienetre","7":"product_cat-massages-musculaires","8":"product_cat-thailandais-a-lhuile","9":"product_tag-massage-en-profondeur","10":"product_tag-medecine-chinoise","11":"product_tag-meridiens","12":"product_tag-relaxation-profonde","13":"product_tag-tensions-musculaires","14":"product_tag-thailandais","16":"first","17":"instock","18":"shipping-taxable","19":"purchasable","20":"product-type-variable"},"yoast_head":"<!-- This site is optimized with the Yoast SEO plugin v27.5 - https:\/\/yoast.com\/product\/yoast-seo-wordpress\/ -->\n<title>Massage tha\u00eflandais \u00e0 l&#039;huile - C\u00e9vennes Bien-\u00catre - Massages bien-\u00eatre et soins \u00e9nerg\u00e9tiques<\/title>\n<meta name=\"description\" content=\"Offrez-vous un massage tha\u00ef \u00e0 l\u2019huile : d\u00e9tente profonde, rel\u00e2chement musculaire et r\u00e9\u00e9quilibrage \u00e9nerg\u00e9tique pour un bien-\u00eatre global du corps.\" \/>\n<meta name=\"robots\" content=\"index, follow, max-snippet:-1, max-image-preview:large, max-video-preview:-1\" \/>\n<link rel=\"canonical\" href=\"https:\/\/cevennesbienetre.fr\/index.php\/produit\/massage-thailandais-a-lhuile\/\" \/>\n<meta property=\"og:locale\" content=\"fr_FR\" \/>\n<meta property=\"og:type\" content=\"article\" \/>\n<meta property=\"og:title\" content=\"Massage tha\u00eflandais \u00e0 l&#039;huile - C\u00e9vennes Bien-\u00catre - Massages bien-\u00eatre et soins \u00e9nerg\u00e9tiques\" \/>\n<meta property=\"og:description\" content=\"Offrez-vous un massage tha\u00ef \u00e0 l\u2019huile : d\u00e9tente profonde, rel\u00e2chement musculaire et r\u00e9\u00e9quilibrage \u00e9nerg\u00e9tique pour un bien-\u00eatre global du corps.\" \/>\n<meta property=\"og:url\" content=\"https:\/\/cevennesbienetre.fr\/index.php\/produit\/massage-thailandais-a-lhuile\/\" \/>\n<meta property=\"og:site_name\" content=\"C\u00e9vennes Bien-\u00catre - Massages bien-\u00eatre et soins \u00e9nerg\u00e9tiques\" \/>\n<meta property=\"article:publisher\" content=\"https:\/\/www.facebook.com\/cevennesbienetre\" \/>\n<meta property=\"article:modified_time\" content=\"2026-03-16T21:14:15+00:00\" \/>\n<meta property=\"og:image\" content=\"https:\/\/cevennesbienetre.fr\/wp-content\/uploads\/2026\/02\/Massage-thailandais.jpg\" \/>\n\t<meta property=\"og:image:width\" content=\"1500\" \/>\n\t<meta property=\"og:image:height\" content=\"1000\" \/>\n\t<meta property=\"og:image:type\" content=\"image\/jpeg\" \/>\n<meta name=\"twitter:card\" content=\"summary_large_image\" \/>\n<meta name=\"twitter:label1\" content=\"Dur\u00e9e de lecture estim\u00e9e\" \/>\n\t<meta name=\"twitter:data1\" content=\"1 minute\" \/>\n<script type=\"application\/ld+json\" class=\"yoast-schema-graph\">{\"@context\":\"https:\\\/\\\/schema.org\",\"@graph\":[{\"@type\":\"WebPage\",\"@id\":\"https:\\\/\\\/cevennesbienetre.fr\\\/index.php\\\/produit\\\/massage-thailandais-a-lhuile\\\/\",\"url\":\"https:\\\/\\\/cevennesbienetre.fr\\\/index.php\\\/produit\\\/massage-thailandais-a-lhuile\\\/\",\"name\":\"Massage tha\u00eflandais \u00e0 l'huile - C\u00e9vennes Bien-\u00catre - Massages bien-\u00eatre et soins \u00e9nerg\u00e9tiques\",\"isPartOf\":{\"@id\":\"https:\\\/\\\/cevennesbienetre.fr\\\/#website\"},\"primaryImageOfPage\":{\"@id\":\"https:\\\/\\\/cevennesbienetre.fr\\\/index.php\\\/produit\\\/massage-thailandais-a-lhuile\\\/#primaryimage\"},\"image\":{\"@id\":\"https:\\\/\\\/cevennesbienetre.fr\\\/index.php\\\/produit\\\/massage-thailandais-a-lhuile\\\/#primaryimage\"},\"thumbnailUrl\":\"https:\\\/\\\/cevennesbienetre.fr\\\/wp-content\\\/uploads\\\/2026\\\/02\\\/Massage-thailandais.jpg\",\"datePublished\":\"2026-03-03T10:03:20+00:00\",\"dateModified\":\"2026-03-16T21:14:15+00:00\",\"description\":\"Offrez-vous un massage tha\u00ef \u00e0 l\u2019huile : d\u00e9tente profonde, rel\u00e2chement musculaire et r\u00e9\u00e9quilibrage \u00e9nerg\u00e9tique pour un bien-\u00eatre global du corps.\",\"breadcrumb\":{\"@id\":\"https:\\\/\\\/cevennesbienetre.fr\\\/index.php\\\/produit\\\/massage-thailandais-a-lhuile\\\/#breadcrumb\"},\"inLanguage\":\"fr-FR\",\"potentialAction\":[{\"@type\":\"ReadAction\",\"target\":[\"https:\\\/\\\/cevennesbienetre.fr\\\/index.php\\\/produit\\\/massage-thailandais-a-lhuile\\\/\"]}]},{\"@type\":\"ImageObject\",\"inLanguage\":\"fr-FR\",\"@id\":\"https:\\\/\\\/cevennesbienetre.fr\\\/index.php\\\/produit\\\/massage-thailandais-a-lhuile\\\/#primaryimage\",\"url\":\"https:\\\/\\\/cevennesbienetre.fr\\\/wp-content\\\/uploads\\\/2026\\\/02\\\/Massage-thailandais.jpg\",\"contentUrl\":\"https:\\\/\\\/cevennesbienetre.fr\\\/wp-content\\\/uploads\\\/2026\\\/02\\\/Massage-thailandais.jpg\",\"width\":1500,\"height\":1000,\"caption\":\"Face anterieure\"},{\"@type\":\"BreadcrumbList\",\"@id\":\"https:\\\/\\\/cevennesbienetre.fr\\\/index.php\\\/produit\\\/massage-thailandais-a-lhuile\\\/#breadcrumb\",\"itemListElement\":[{\"@type\":\"ListItem\",\"position\":1,\"name\":\"Accueil\",\"item\":\"https:\\\/\\\/cevennesbienetre.fr\\\/\"},{\"@type\":\"ListItem\",\"position\":2,\"name\":\"Boutique\",\"item\":\"https:\\\/\\\/cevennesbienetre.fr\\\/index.php\\\/boutique\\\/\"},{\"@type\":\"ListItem\",\"position\":3,\"name\":\"Massage tha\u00eflandais \u00e0 l&rsquo;huile\"}]},{\"@type\":\"WebSite\",\"@id\":\"https:\\\/\\\/cevennesbienetre.fr\\\/#website\",\"url\":\"https:\\\/\\\/cevennesbienetre.fr\\\/\",\"name\":\"C\u00e9vennes Bien-\u00catre - Massages bien-\u00eatre et soins \u00e9nerg\u00e9tiques\",\"description\":\"\",\"publisher\":{\"@id\":\"https:\\\/\\\/cevennesbienetre.fr\\\/#organization\"},\"potentialAction\":[{\"@type\":\"SearchAction\",\"target\":{\"@type\":\"EntryPoint\",\"urlTemplate\":\"https:\\\/\\\/cevennesbienetre.fr\\\/?s={search_term_string}\"},\"query-input\":{\"@type\":\"PropertyValueSpecification\",\"valueRequired\":true,\"valueName\":\"search_term_string\"}}],\"inLanguage\":\"fr-FR\"},{\"@type\":\"Organization\",\"@id\":\"https:\\\/\\\/cevennesbienetre.fr\\\/#organization\",\"name\":\"C\u00e9vennes Bien-\u00catre - Massages bien-\u00eatre et soins \u00e9nerg\u00e9tiques\",\"url\":\"https:\\\/\\\/cevennesbienetre.fr\\\/\",\"logo\":{\"@type\":\"ImageObject\",\"inLanguage\":\"fr-FR\",\"@id\":\"https:\\\/\\\/cevennesbienetre.fr\\\/#\\\/schema\\\/logo\\\/image\\\/\",\"url\":\"https:\\\/\\\/cevennesbienetre.fr\\\/wp-content\\\/uploads\\\/2026\\\/02\\\/Logo_Final_Main_a_05-257x300-1-150x150-1.png\",\"contentUrl\":\"https:\\\/\\\/cevennesbienetre.fr\\\/wp-content\\\/uploads\\\/2026\\\/02\\\/Logo_Final_Main_a_05-257x300-1-150x150-1.png\",\"width\":150,\"height\":150,\"caption\":\"C\u00e9vennes Bien-\u00catre - Massages bien-\u00eatre et soins \u00e9nerg\u00e9tiques\"},\"image\":{\"@id\":\"https:\\\/\\\/cevennesbienetre.fr\\\/#\\\/schema\\\/logo\\\/image\\\/\"},\"sameAs\":[\"https:\\\/\\\/www.facebook.com\\\/cevennesbienetre\"]}]}<\/script>\n<!-- \/ Yoast SEO plugin. -->","yoast_head_json":{"title":"Massage tha\u00eflandais \u00e0 l'huile - C\u00e9vennes Bien-\u00catre - Massages bien-\u00eatre et soins \u00e9nerg\u00e9tiques","description":"Offrez-vous un massage tha\u00ef \u00e0 l\u2019huile : d\u00e9tente profonde, rel\u00e2chement musculaire et r\u00e9\u00e9quilibrage \u00e9nerg\u00e9tique pour un bien-\u00eatre global du corps.","robots":{"index":"index","follow":"follow","max-snippet":"max-snippet:-1","max-image-preview":"max-image-preview:large","max-video-preview":"max-video-preview:-1"},"canonical":"https:\/\/cevennesbienetre.fr\/index.php\/produit\/massage-thailandais-a-lhuile\/","og_locale":"fr_FR","og_type":"article","og_title":"Massage tha\u00eflandais \u00e0 l'huile - C\u00e9vennes Bien-\u00catre - Massages bien-\u00eatre et soins \u00e9nerg\u00e9tiques","og_description":"Offrez-vous un massage tha\u00ef \u00e0 l\u2019huile : d\u00e9tente profonde, rel\u00e2chement musculaire et r\u00e9\u00e9quilibrage \u00e9nerg\u00e9tique pour un bien-\u00eatre global du corps.","og_url":"https:\/\/cevennesbienetre.fr\/index.php\/produit\/massage-thailandais-a-lhuile\/","og_site_name":"C\u00e9vennes Bien-\u00catre - Massages bien-\u00eatre et soins \u00e9nerg\u00e9tiques","article_publisher":"https:\/\/www.facebook.com\/cevennesbienetre","article_modified_time":"2026-03-16T21:14:15+00:00","og_image":[{"width":1500,"height":1000,"url":"https:\/\/cevennesbienetre.fr\/wp-content\/uploads\/2026\/02\/Massage-thailandais.jpg","type":"image\/jpeg"}],"twitter_card":"summary_large_image","twitter_misc":{"Dur\u00e9e de lecture estim\u00e9e":"1 minute"},"schema":{"@context":"https:\/\/schema.org","@graph":[{"@type":"WebPage","@id":"https:\/\/cevennesbienetre.fr\/index.php\/produit\/massage-thailandais-a-lhuile\/","url":"https:\/\/cevennesbienetre.fr\/index.php\/produit\/massage-thailandais-a-lhuile\/","name":"Massage tha\u00eflandais \u00e0 l'huile - C\u00e9vennes Bien-\u00catre - Massages bien-\u00eatre et soins \u00e9nerg\u00e9tiques","isPartOf":{"@id":"https:\/\/cevennesbienetre.fr\/#website"},"primaryImageOfPage":{"@id":"https:\/\/cevennesbienetre.fr\/index.php\/produit\/massage-thailandais-a-lhuile\/#primaryimage"},"image":{"@id":"https:\/\/cevennesbienetre.fr\/index.php\/produit\/massage-thailandais-a-lhuile\/#primaryimage"},"thumbnailUrl":"https:\/\/cevennesbienetre.fr\/wp-content\/uploads\/2026\/02\/Massage-thailandais.jpg","datePublished":"2026-03-03T10:03:20+00:00","dateModified":"2026-03-16T21:14:15+00:00","description":"Offrez-vous un massage tha\u00ef \u00e0 l\u2019huile : d\u00e9tente profonde, rel\u00e2chement musculaire et r\u00e9\u00e9quilibrage \u00e9nerg\u00e9tique pour un bien-\u00eatre global du corps.","breadcrumb":{"@id":"https:\/\/cevennesbienetre.fr\/index.php\/produit\/massage-thailandais-a-lhuile\/#breadcrumb"},"inLanguage":"fr-FR","potentialAction":[{"@type":"ReadAction","target":["https:\/\/cevennesbienetre.fr\/index.php\/produit\/massage-thailandais-a-lhuile\/"]}]},{"@type":"ImageObject","inLanguage":"fr-FR","@id":"https:\/\/cevennesbienetre.fr\/index.php\/produit\/massage-thailandais-a-lhuile\/#primaryimage","url":"https:\/\/cevennesbienetre.fr\/wp-content\/uploads\/2026\/02\/Massage-thailandais.jpg","contentUrl":"https:\/\/cevennesbienetre.fr\/wp-content\/uploads\/2026\/02\/Massage-thailandais.jpg","width":1500,"height":1000,"caption":"Face anterieure"},{"@type":"BreadcrumbList","@id":"https:\/\/cevennesbienetre.fr\/index.php\/produit\/massage-thailandais-a-lhuile\/#breadcrumb","itemListElement":[{"@type":"ListItem","position":1,"name":"Accueil","item":"https:\/\/cevennesbienetre.fr\/"},{"@type":"ListItem","position":2,"name":"Boutique","item":"https:\/\/cevennesbienetre.fr\/index.php\/boutique\/"},{"@type":"ListItem","position":3,"name":"Massage tha\u00eflandais \u00e0 l&rsquo;huile"}]},{"@type":"WebSite","@id":"https:\/\/cevennesbienetre.fr\/#website","url":"https:\/\/cevennesbienetre.fr\/","name":"C\u00e9vennes Bien-\u00catre - Massages bien-\u00eatre et soins \u00e9nerg\u00e9tiques","description":"","publisher":{"@id":"https:\/\/cevennesbienetre.fr\/#organization"},"potentialAction":[{"@type":"SearchAction","target":{"@type":"EntryPoint","urlTemplate":"https:\/\/cevennesbienetre.fr\/?s={search_term_string}"},"query-input":{"@type":"PropertyValueSpecification","valueRequired":true,"valueName":"search_term_string"}}],"inLanguage":"fr-FR"},{"@type":"Organization","@id":"https:\/\/cevennesbienetre.fr\/#organization","name":"C\u00e9vennes Bien-\u00catre - Massages bien-\u00eatre et soins \u00e9nerg\u00e9tiques","url":"https:\/\/cevennesbienetre.fr\/","logo":{"@type":"ImageObject","inLanguage":"fr-FR","@id":"https:\/\/cevennesbienetre.fr\/#\/schema\/logo\/image\/","url":"https:\/\/cevennesbienetre.fr\/wp-content\/uploads\/2026\/02\/Logo_Final_Main_a_05-257x300-1-150x150-1.png","contentUrl":"https:\/\/cevennesbienetre.fr\/wp-content\/uploads\/2026\/02\/Logo_Final_Main_a_05-257x300-1-150x150-1.png","width":150,"height":150,"caption":"C\u00e9vennes Bien-\u00catre - Massages bien-\u00eatre et soins \u00e9nerg\u00e9tiques"},"image":{"@id":"https:\/\/cevennesbienetre.fr\/#\/schema\/logo\/image\/"},"sameAs":["https:\/\/www.facebook.com\/cevennesbienetre"]}]}},"uagb_featured_image_src":{"full":["https:\/\/cevennesbienetre.fr\/wp-content\/uploads\/2026\/02\/Massage-thailandais.jpg",1500,1000,false],"thumbnail":["https:\/\/cevennesbienetre.fr\/wp-content\/uploads\/2026\/02\/Massage-thailandais-150x150.jpg",150,150,true],"medium":["https:\/\/cevennesbienetre.fr\/wp-content\/uploads\/2026\/02\/Massage-thailandais-300x200.jpg",300,200,true],"medium_large":["https:\/\/cevennesbienetre.fr\/wp-content\/uploads\/2026\/02\/Massage-thailandais-768x512.jpg",768,512,true],"large":["https:\/\/cevennesbienetre.fr\/wp-content\/uploads\/2026\/02\/Massage-thailandais-1024x683.jpg",1024,683,true],"1536x1536":["https:\/\/cevennesbienetre.fr\/wp-content\/uploads\/2026\/02\/Massage-thailandais.jpg",1500,1000,false],"2048x2048":["https:\/\/cevennesbienetre.fr\/wp-content\/uploads\/2026\/02\/Massage-thailandais.jpg",1500,1000,false],"woocommerce_thumbnail":["https:\/\/cevennesbienetre.fr\/wp-content\/uploads\/2026\/02\/Massage-thailandais-300x300.jpg",300,300,true],"woocommerce_single":["https:\/\/cevennesbienetre.fr\/wp-content\/uploads\/2026\/02\/Massage-thailandais-600x400.jpg",600,400,true],"woocommerce_gallery_thumbnail":["https:\/\/cevennesbienetre.fr\/wp-content\/uploads\/2026\/02\/Massage-thailandais-100x100.jpg",100,100,true]},"uagb_author_info":{"display_name":"admin6017","author_link":"https:\/\/cevennesbienetre.fr\/index.php\/author\/"},"uagb_comment_info":0,"uagb_excerpt":"Bas\u00e9 sur la philosophie tha\u00ef et ses principes de base, le travail s\u2019effectue sur des lignes d\u2019\u00e9nergie appel\u00e9es \u00ab\u00a0sen\u00a0\u00bb et sur les tissus musculaires. La technique est pr\u00e9cise, pression profonde mais ajust\u00e9e\u00a0avec les doigts et paumes des mains. Par des mobilisations articulaires, des pressions gliss\u00e9es, des p\u00e9trissages, \u00e9tirements et percussions ce massage procure un\u00a0rel\u00e2chement\u00a0 \u00e0\u2026","_links":{"self":[{"href":"https:\/\/cevennesbienetre.fr\/index.php\/wp-json\/wp\/v2\/product\/3368","targetHints":{"allow":["GET"]}}],"collection":[{"href":"https:\/\/cevennesbienetre.fr\/index.php\/wp-json\/wp\/v2\/product"}],"about":[{"href":"https:\/\/cevennesbienetre.fr\/index.php\/wp-json\/wp\/v2\/types\/product"}],"wp:featuredmedia":[{"embeddable":true,"href":"https:\/\/cevennesbienetre.fr\/index.php\/wp-json\/wp\/v2\/media\/3372"}],"wp:attachment":[{"href":"https:\/\/cevennesbienetre.fr\/index.php\/wp-json\/wp\/v2\/media?parent=3368"}],"wp:term":[{"taxonomy":"product_brand","embeddable":true,"href":"https:\/\/cevennesbienetre.fr\/index.php\/wp-json\/wp\/v2\/product_brand?post=3368"},{"taxonomy":"product_cat","embeddable":true,"href":"https:\/\/cevennesbienetre.fr\/index.php\/wp-json\/wp\/v2\/product_cat?post=3368"},{"taxonomy":"product_tag","embeddable":true,"href":"https:\/\/cevennesbienetre.fr\/index.php\/wp-json\/wp\/v2\/product_tag?post=3368"}],"curies":[{"name":"wp","href":"https:\/\/api.w.org\/{rel}","templated":true}]}}