{"id":3361,"date":"2026-02-19T11:04:40","date_gmt":"2026-02-19T10:04:40","guid":{"rendered":"https:\/\/cevennesbienetre.fr\/?post_type=product&#038;p=3361"},"modified":"2026-03-17T08:36:18","modified_gmt":"2026-03-17T07:36:18","slug":"prenatal","status":"publish","type":"product","link":"https:\/\/cevennesbienetre.fr\/index.php\/produit\/prenatal\/","title":{"rendered":"Pr\u00e9natal"},"content":{"rendered":"<p style=\"text-align: left;\">Le\u00a0<strong>massage pr\u00e9natal,\u00a0<\/strong>destin\u00e9 aux femmes enceintes se pratique \u00e0 partir du 4i\u00e8me mois et jusqu\u2019\u00e0 la fin du 8i\u00e8me de grossesse.<\/p>\n","protected":false},"excerpt":{"rendered":"<p style=\"text-align: left;\">C\u2019est un massage lent tout en douceur.<\/p>\n<p style=\"text-align: left;\">Il s\u2019av\u00e8re incontournable pour lutter contre les g\u00eanes physiques et \u00e9motives de la maman : jambes lourdes, crampes, douleurs sciatiques, tensions musculaires.<\/p>\n<p style=\"text-align: left;\">Ce massage a justement \u00e9t\u00e9 cr\u00e9e pour en finir avec ces d\u00e9sagr\u00e9ments afin que la maman vive en toute s\u00e9r\u00e9nit\u00e9 sa grossesse.<\/p>\n<p style=\"text-align: left;\">Les bienfaits sont non seulement b\u00e9n\u00e9fiques pour la maman mais aussi pour le b\u00e9b\u00e9.<\/p>\n<p style=\"text-align: left;\">L\u2019ocytocine, organe du plaisir que d\u00e9veloppe la maman lors du massage est \u00e9galement v\u00e9cue par le b\u00e9b\u00e9 sensible aux ressentis de la maman. L\u2019attachement m\u00e8re-enfant se d\u00e9veloppe ainsi que le lien social.<\/p>\n<p style=\"text-align: left;\">Dans la continuit\u00e9 de ce futur heureux \u00e9v\u00e9nement, je vous invite je vous invite \u00e0 d\u00e9couvrir le massage b\u00e9b\u00e9 Shantala que je propose dans mes ateliers.<\/p>\n<p style=\"text-align: left;\"><strong>Bienfaits pour la maman :<\/strong><\/p>\n<ul style=\"text-align: left;\">\n<li>soulage les tensions et douleurs musculaires<\/li>\n<li>diminution des douleurs de sciatique<\/li>\n<li>favorise le sommeil et r\u00e9duit les insomnies<\/li>\n<\/ul>\n<p style=\"text-align: left;\"><strong>Contre-indications :\u00a0<\/strong><\/p>\n<ul>\n<li style=\"text-align: left;\">grossesse \u00e0 risques ou pr\u00e9matur\u00e9<\/li>\n<li style=\"text-align: left;\">hypertension<\/li>\n<li style=\"text-align: left;\">diab\u00e8te<\/li>\n<li style=\"text-align: left;\">inflammation de la peau, plaies ouvertes<\/li>\n<li style=\"text-align: left;\">varices<\/li>\n<\/ul>\n","protected":false},"featured_media":3364,"template":"","meta":{"_uag_custom_page_level_css":"","_swt_meta_header_display":false,"_swt_meta_footer_display":false,"_swt_meta_site_title_display":false,"_swt_meta_sticky_header":false,"_swt_meta_transparent_header":false},"product_brand":[],"product_cat":[149,25,30],"product_tag":[36,48,50,49,51,52],"class_list":{"0":"post-3361","1":"product","2":"type-product","3":"status-publish","4":"has-post-thumbnail","6":"product_cat-cevennesbienetre","7":"product_cat-massages-cocooning","8":"product_cat-prenatal","9":"product_tag-detente","10":"product_tag-femme-enceinte","11":"product_tag-future-maman","12":"product_tag-grossesse","13":"product_tag-grossesse-bien-etre","14":"product_tag-prenatal-relaxant","16":"first","17":"instock","18":"shipping-taxable","19":"purchasable","20":"product-type-variable"},"yoast_head":"<!-- This site is optimized with the Yoast SEO plugin v27.5 - https:\/\/yoast.com\/product\/yoast-seo-wordpress\/ -->\n<title>Pr\u00e9natal - C\u00e9vennes Bien-\u00catre - Massages bien-\u00eatre et soins \u00e9nerg\u00e9tiques<\/title>\n<meta name=\"description\" content=\"Massage pr\u00e9natal doux et s\u00e9curis\u00e9 d\u00e8s le 4\u1d49 mois de grossesse. Soulage les tensions, les douleurs et le stress, favorise la d\u00e9tente, le sommeil et le bien-\u00eatre de la future maman.\" \/>\n<meta name=\"robots\" content=\"index, follow, max-snippet:-1, max-image-preview:large, max-video-preview:-1\" \/>\n<link rel=\"canonical\" href=\"https:\/\/cevennesbienetre.fr\/index.php\/produit\/prenatal\/\" \/>\n<meta property=\"og:locale\" content=\"fr_FR\" \/>\n<meta property=\"og:type\" content=\"article\" \/>\n<meta property=\"og:title\" content=\"Pr\u00e9natal - C\u00e9vennes Bien-\u00catre - Massages bien-\u00eatre et soins \u00e9nerg\u00e9tiques\" \/>\n<meta property=\"og:description\" content=\"Massage pr\u00e9natal doux et s\u00e9curis\u00e9 d\u00e8s le 4\u1d49 mois de grossesse. Soulage les tensions, les douleurs et le stress, favorise la d\u00e9tente, le sommeil et le bien-\u00eatre de la future maman.\" \/>\n<meta property=\"og:url\" content=\"https:\/\/cevennesbienetre.fr\/index.php\/produit\/prenatal\/\" \/>\n<meta property=\"og:site_name\" content=\"C\u00e9vennes Bien-\u00catre - Massages bien-\u00eatre et soins \u00e9nerg\u00e9tiques\" \/>\n<meta property=\"article:publisher\" content=\"https:\/\/www.facebook.com\/cevennesbienetre\" \/>\n<meta property=\"article:modified_time\" content=\"2026-03-17T07:36:18+00:00\" \/>\n<meta property=\"og:image\" content=\"https:\/\/cevennesbienetre.fr\/wp-content\/uploads\/2026\/02\/Massage-prenatal.jpg\" \/>\n\t<meta property=\"og:image:width\" content=\"1000\" \/>\n\t<meta property=\"og:image:height\" content=\"1499\" \/>\n\t<meta property=\"og:image:type\" content=\"image\/jpeg\" \/>\n<meta name=\"twitter:card\" content=\"summary_large_image\" \/>\n<meta name=\"twitter:label1\" content=\"Dur\u00e9e de lecture estim\u00e9e\" \/>\n\t<meta name=\"twitter:data1\" content=\"1 minute\" \/>\n<script type=\"application\/ld+json\" class=\"yoast-schema-graph\">{\"@context\":\"https:\\\/\\\/schema.org\",\"@graph\":[{\"@type\":\"WebPage\",\"@id\":\"https:\\\/\\\/cevennesbienetre.fr\\\/index.php\\\/produit\\\/prenatal\\\/\",\"url\":\"https:\\\/\\\/cevennesbienetre.fr\\\/index.php\\\/produit\\\/prenatal\\\/\",\"name\":\"Pr\u00e9natal - C\u00e9vennes Bien-\u00catre - Massages bien-\u00eatre et soins \u00e9nerg\u00e9tiques\",\"isPartOf\":{\"@id\":\"https:\\\/\\\/cevennesbienetre.fr\\\/#website\"},\"primaryImageOfPage\":{\"@id\":\"https:\\\/\\\/cevennesbienetre.fr\\\/index.php\\\/produit\\\/prenatal\\\/#primaryimage\"},\"image\":{\"@id\":\"https:\\\/\\\/cevennesbienetre.fr\\\/index.php\\\/produit\\\/prenatal\\\/#primaryimage\"},\"thumbnailUrl\":\"https:\\\/\\\/cevennesbienetre.fr\\\/wp-content\\\/uploads\\\/2026\\\/02\\\/Massage-prenatal.jpg\",\"datePublished\":\"2026-02-19T10:04:40+00:00\",\"dateModified\":\"2026-03-17T07:36:18+00:00\",\"description\":\"Massage pr\u00e9natal doux et s\u00e9curis\u00e9 d\u00e8s le 4\u1d49 mois de grossesse. Soulage les tensions, les douleurs et le stress, favorise la d\u00e9tente, le sommeil et le bien-\u00eatre de la future maman.\",\"breadcrumb\":{\"@id\":\"https:\\\/\\\/cevennesbienetre.fr\\\/index.php\\\/produit\\\/prenatal\\\/#breadcrumb\"},\"inLanguage\":\"fr-FR\",\"potentialAction\":[{\"@type\":\"ReadAction\",\"target\":[\"https:\\\/\\\/cevennesbienetre.fr\\\/index.php\\\/produit\\\/prenatal\\\/\"]}]},{\"@type\":\"ImageObject\",\"inLanguage\":\"fr-FR\",\"@id\":\"https:\\\/\\\/cevennesbienetre.fr\\\/index.php\\\/produit\\\/prenatal\\\/#primaryimage\",\"url\":\"https:\\\/\\\/cevennesbienetre.fr\\\/wp-content\\\/uploads\\\/2026\\\/02\\\/Massage-prenatal.jpg\",\"contentUrl\":\"https:\\\/\\\/cevennesbienetre.fr\\\/wp-content\\\/uploads\\\/2026\\\/02\\\/Massage-prenatal.jpg\",\"width\":1000,\"height\":1499},{\"@type\":\"BreadcrumbList\",\"@id\":\"https:\\\/\\\/cevennesbienetre.fr\\\/index.php\\\/produit\\\/prenatal\\\/#breadcrumb\",\"itemListElement\":[{\"@type\":\"ListItem\",\"position\":1,\"name\":\"Accueil\",\"item\":\"https:\\\/\\\/cevennesbienetre.fr\\\/\"},{\"@type\":\"ListItem\",\"position\":2,\"name\":\"Boutique\",\"item\":\"https:\\\/\\\/cevennesbienetre.fr\\\/index.php\\\/boutique\\\/\"},{\"@type\":\"ListItem\",\"position\":3,\"name\":\"Pr\u00e9natal\"}]},{\"@type\":\"WebSite\",\"@id\":\"https:\\\/\\\/cevennesbienetre.fr\\\/#website\",\"url\":\"https:\\\/\\\/cevennesbienetre.fr\\\/\",\"name\":\"C\u00e9vennes Bien-\u00catre - Massages bien-\u00eatre et soins \u00e9nerg\u00e9tiques\",\"description\":\"\",\"publisher\":{\"@id\":\"https:\\\/\\\/cevennesbienetre.fr\\\/#organization\"},\"potentialAction\":[{\"@type\":\"SearchAction\",\"target\":{\"@type\":\"EntryPoint\",\"urlTemplate\":\"https:\\\/\\\/cevennesbienetre.fr\\\/?s={search_term_string}\"},\"query-input\":{\"@type\":\"PropertyValueSpecification\",\"valueRequired\":true,\"valueName\":\"search_term_string\"}}],\"inLanguage\":\"fr-FR\"},{\"@type\":\"Organization\",\"@id\":\"https:\\\/\\\/cevennesbienetre.fr\\\/#organization\",\"name\":\"C\u00e9vennes Bien-\u00catre - Massages bien-\u00eatre et soins \u00e9nerg\u00e9tiques\",\"url\":\"https:\\\/\\\/cevennesbienetre.fr\\\/\",\"logo\":{\"@type\":\"ImageObject\",\"inLanguage\":\"fr-FR\",\"@id\":\"https:\\\/\\\/cevennesbienetre.fr\\\/#\\\/schema\\\/logo\\\/image\\\/\",\"url\":\"https:\\\/\\\/cevennesbienetre.fr\\\/wp-content\\\/uploads\\\/2026\\\/02\\\/Logo_Final_Main_a_05-257x300-1-150x150-1.png\",\"contentUrl\":\"https:\\\/\\\/cevennesbienetre.fr\\\/wp-content\\\/uploads\\\/2026\\\/02\\\/Logo_Final_Main_a_05-257x300-1-150x150-1.png\",\"width\":150,\"height\":150,\"caption\":\"C\u00e9vennes Bien-\u00catre - Massages bien-\u00eatre et soins \u00e9nerg\u00e9tiques\"},\"image\":{\"@id\":\"https:\\\/\\\/cevennesbienetre.fr\\\/#\\\/schema\\\/logo\\\/image\\\/\"},\"sameAs\":[\"https:\\\/\\\/www.facebook.com\\\/cevennesbienetre\"]}]}<\/script>\n<!-- \/ Yoast SEO plugin. -->","yoast_head_json":{"title":"Pr\u00e9natal - C\u00e9vennes Bien-\u00catre - Massages bien-\u00eatre et soins \u00e9nerg\u00e9tiques","description":"Massage pr\u00e9natal doux et s\u00e9curis\u00e9 d\u00e8s le 4\u1d49 mois de grossesse. Soulage les tensions, les douleurs et le stress, favorise la d\u00e9tente, le sommeil et le bien-\u00eatre de la future maman.","robots":{"index":"index","follow":"follow","max-snippet":"max-snippet:-1","max-image-preview":"max-image-preview:large","max-video-preview":"max-video-preview:-1"},"canonical":"https:\/\/cevennesbienetre.fr\/index.php\/produit\/prenatal\/","og_locale":"fr_FR","og_type":"article","og_title":"Pr\u00e9natal - C\u00e9vennes Bien-\u00catre - Massages bien-\u00eatre et soins \u00e9nerg\u00e9tiques","og_description":"Massage pr\u00e9natal doux et s\u00e9curis\u00e9 d\u00e8s le 4\u1d49 mois de grossesse. Soulage les tensions, les douleurs et le stress, favorise la d\u00e9tente, le sommeil et le bien-\u00eatre de la future maman.","og_url":"https:\/\/cevennesbienetre.fr\/index.php\/produit\/prenatal\/","og_site_name":"C\u00e9vennes Bien-\u00catre - Massages bien-\u00eatre et soins \u00e9nerg\u00e9tiques","article_publisher":"https:\/\/www.facebook.com\/cevennesbienetre","article_modified_time":"2026-03-17T07:36:18+00:00","og_image":[{"width":1000,"height":1499,"url":"https:\/\/cevennesbienetre.fr\/wp-content\/uploads\/2026\/02\/Massage-prenatal.jpg","type":"image\/jpeg"}],"twitter_card":"summary_large_image","twitter_misc":{"Dur\u00e9e de lecture estim\u00e9e":"1 minute"},"schema":{"@context":"https:\/\/schema.org","@graph":[{"@type":"WebPage","@id":"https:\/\/cevennesbienetre.fr\/index.php\/produit\/prenatal\/","url":"https:\/\/cevennesbienetre.fr\/index.php\/produit\/prenatal\/","name":"Pr\u00e9natal - C\u00e9vennes Bien-\u00catre - Massages bien-\u00eatre et soins \u00e9nerg\u00e9tiques","isPartOf":{"@id":"https:\/\/cevennesbienetre.fr\/#website"},"primaryImageOfPage":{"@id":"https:\/\/cevennesbienetre.fr\/index.php\/produit\/prenatal\/#primaryimage"},"image":{"@id":"https:\/\/cevennesbienetre.fr\/index.php\/produit\/prenatal\/#primaryimage"},"thumbnailUrl":"https:\/\/cevennesbienetre.fr\/wp-content\/uploads\/2026\/02\/Massage-prenatal.jpg","datePublished":"2026-02-19T10:04:40+00:00","dateModified":"2026-03-17T07:36:18+00:00","description":"Massage pr\u00e9natal doux et s\u00e9curis\u00e9 d\u00e8s le 4\u1d49 mois de grossesse. Soulage les tensions, les douleurs et le stress, favorise la d\u00e9tente, le sommeil et le bien-\u00eatre de la future maman.","breadcrumb":{"@id":"https:\/\/cevennesbienetre.fr\/index.php\/produit\/prenatal\/#breadcrumb"},"inLanguage":"fr-FR","potentialAction":[{"@type":"ReadAction","target":["https:\/\/cevennesbienetre.fr\/index.php\/produit\/prenatal\/"]}]},{"@type":"ImageObject","inLanguage":"fr-FR","@id":"https:\/\/cevennesbienetre.fr\/index.php\/produit\/prenatal\/#primaryimage","url":"https:\/\/cevennesbienetre.fr\/wp-content\/uploads\/2026\/02\/Massage-prenatal.jpg","contentUrl":"https:\/\/cevennesbienetre.fr\/wp-content\/uploads\/2026\/02\/Massage-prenatal.jpg","width":1000,"height":1499},{"@type":"BreadcrumbList","@id":"https:\/\/cevennesbienetre.fr\/index.php\/produit\/prenatal\/#breadcrumb","itemListElement":[{"@type":"ListItem","position":1,"name":"Accueil","item":"https:\/\/cevennesbienetre.fr\/"},{"@type":"ListItem","position":2,"name":"Boutique","item":"https:\/\/cevennesbienetre.fr\/index.php\/boutique\/"},{"@type":"ListItem","position":3,"name":"Pr\u00e9natal"}]},{"@type":"WebSite","@id":"https:\/\/cevennesbienetre.fr\/#website","url":"https:\/\/cevennesbienetre.fr\/","name":"C\u00e9vennes Bien-\u00catre - Massages bien-\u00eatre et soins \u00e9nerg\u00e9tiques","description":"","publisher":{"@id":"https:\/\/cevennesbienetre.fr\/#organization"},"potentialAction":[{"@type":"SearchAction","target":{"@type":"EntryPoint","urlTemplate":"https:\/\/cevennesbienetre.fr\/?s={search_term_string}"},"query-input":{"@type":"PropertyValueSpecification","valueRequired":true,"valueName":"search_term_string"}}],"inLanguage":"fr-FR"},{"@type":"Organization","@id":"https:\/\/cevennesbienetre.fr\/#organization","name":"C\u00e9vennes Bien-\u00catre - Massages bien-\u00eatre et soins \u00e9nerg\u00e9tiques","url":"https:\/\/cevennesbienetre.fr\/","logo":{"@type":"ImageObject","inLanguage":"fr-FR","@id":"https:\/\/cevennesbienetre.fr\/#\/schema\/logo\/image\/","url":"https:\/\/cevennesbienetre.fr\/wp-content\/uploads\/2026\/02\/Logo_Final_Main_a_05-257x300-1-150x150-1.png","contentUrl":"https:\/\/cevennesbienetre.fr\/wp-content\/uploads\/2026\/02\/Logo_Final_Main_a_05-257x300-1-150x150-1.png","width":150,"height":150,"caption":"C\u00e9vennes Bien-\u00catre - Massages bien-\u00eatre et soins \u00e9nerg\u00e9tiques"},"image":{"@id":"https:\/\/cevennesbienetre.fr\/#\/schema\/logo\/image\/"},"sameAs":["https:\/\/www.facebook.com\/cevennesbienetre"]}]}},"uagb_featured_image_src":{"full":["https:\/\/cevennesbienetre.fr\/wp-content\/uploads\/2026\/02\/Massage-prenatal.jpg",1000,1499,false],"thumbnail":["https:\/\/cevennesbienetre.fr\/wp-content\/uploads\/2026\/02\/Massage-prenatal-150x150.jpg",150,150,true],"medium":["https:\/\/cevennesbienetre.fr\/wp-content\/uploads\/2026\/02\/Massage-prenatal-200x300.jpg",200,300,true],"medium_large":["https:\/\/cevennesbienetre.fr\/wp-content\/uploads\/2026\/02\/Massage-prenatal-768x1151.jpg",768,1151,true],"large":["https:\/\/cevennesbienetre.fr\/wp-content\/uploads\/2026\/02\/Massage-prenatal-683x1024.jpg",683,1024,true],"1536x1536":["https:\/\/cevennesbienetre.fr\/wp-content\/uploads\/2026\/02\/Massage-prenatal.jpg",1000,1499,false],"2048x2048":["https:\/\/cevennesbienetre.fr\/wp-content\/uploads\/2026\/02\/Massage-prenatal.jpg",1000,1499,false],"woocommerce_thumbnail":["https:\/\/cevennesbienetre.fr\/wp-content\/uploads\/2026\/02\/Massage-prenatal-300x300.jpg",300,300,true],"woocommerce_single":["https:\/\/cevennesbienetre.fr\/wp-content\/uploads\/2026\/02\/Massage-prenatal-600x899.jpg",600,899,true],"woocommerce_gallery_thumbnail":["https:\/\/cevennesbienetre.fr\/wp-content\/uploads\/2026\/02\/Massage-prenatal-100x100.jpg",100,100,true]},"uagb_author_info":{"display_name":"admin6017","author_link":"https:\/\/cevennesbienetre.fr\/index.php\/author\/"},"uagb_comment_info":0,"uagb_excerpt":"C\u2019est un massage lent tout en douceur. Il s\u2019av\u00e8re incontournable pour lutter contre les g\u00eanes physiques et \u00e9motives de la maman : jambes lourdes, crampes, douleurs sciatiques, tensions musculaires. Ce massage a justement \u00e9t\u00e9 cr\u00e9e pour en finir avec ces d\u00e9sagr\u00e9ments afin que la maman vive en toute s\u00e9r\u00e9nit\u00e9 sa grossesse. Les bienfaits sont non\u2026","_links":{"self":[{"href":"https:\/\/cevennesbienetre.fr\/index.php\/wp-json\/wp\/v2\/product\/3361","targetHints":{"allow":["GET"]}}],"collection":[{"href":"https:\/\/cevennesbienetre.fr\/index.php\/wp-json\/wp\/v2\/product"}],"about":[{"href":"https:\/\/cevennesbienetre.fr\/index.php\/wp-json\/wp\/v2\/types\/product"}],"wp:featuredmedia":[{"embeddable":true,"href":"https:\/\/cevennesbienetre.fr\/index.php\/wp-json\/wp\/v2\/media\/3364"}],"wp:attachment":[{"href":"https:\/\/cevennesbienetre.fr\/index.php\/wp-json\/wp\/v2\/media?parent=3361"}],"wp:term":[{"taxonomy":"product_brand","embeddable":true,"href":"https:\/\/cevennesbienetre.fr\/index.php\/wp-json\/wp\/v2\/product_brand?post=3361"},{"taxonomy":"product_cat","embeddable":true,"href":"https:\/\/cevennesbienetre.fr\/index.php\/wp-json\/wp\/v2\/product_cat?post=3361"},{"taxonomy":"product_tag","embeddable":true,"href":"https:\/\/cevennesbienetre.fr\/index.php\/wp-json\/wp\/v2\/product_tag?post=3361"}],"curies":[{"name":"wp","href":"https:\/\/api.w.org\/{rel}","templated":true}]}}