{"id":3355,"date":"2026-02-04T11:17:32","date_gmt":"2026-02-04T10:17:32","guid":{"rendered":"https:\/\/cevennesbienetre.fr\/?post_type=product&#038;p=3355"},"modified":"2026-03-16T22:20:07","modified_gmt":"2026-03-16T21:20:07","slug":"le-kobido-massage-facial","status":"publish","type":"product","link":"https:\/\/cevennesbienetre.fr\/index.php\/produit\/le-kobido-massage-facial\/","title":{"rendered":"Le kobido, massage facial"},"content":{"rendered":"<p style=\"text-align: left;\">Le kobido est un lifting naturel pour le visage.<\/p>\n<p style=\"text-align: left;\">Datant des ann\u00e9es 1400, ce soin \u00e9tait exclusivement r\u00e9serv\u00e9 \u00e0 la famille imp\u00e9riale japonaise et aux geishas.<\/p>\n<p style=\"text-align: left;\">Massage ancestral, il va \u00e0 la fois tonifier les muscles de la peau mais aussi stimuler la circulation \u00e9nerg\u00e9tique. Il va oxyg\u00e9ner l\u2019\u00e9piderme et \u00e9quilibrer le ki (\u00e9nergie).<\/p>\n<p style=\"text-align: left;\">Occasionnellement il va effacer les effets du stress et rafraichir les traits en apportant de l\u2019\u00e9clat.<\/p>\n<p style=\"text-align: left;\">En pratique r\u00e9guli\u00e8re, il va favoriser la production de collag\u00e8ne, redessiner l\u2019ovale du visage, stimuler la circulation sanguine et lymphatique, diminuer les rides et cernes.<\/p>\n<p style=\"text-align: left;\">\n","protected":false},"excerpt":{"rendered":"<p style=\"text-align: left;\">Le kobido est un lifting naturel pour le visage.<\/p>\n<p style=\"text-align: left;\">Datant des ann\u00e9es 1400, ce soin \u00e9tait exclusivement r\u00e9serv\u00e9 \u00e0 la famille imp\u00e9riale japonaise et aux geishas.<\/p>\n<p style=\"text-align: left;\">Massage ancestral, il va \u00e0 la fois tonifier les muscles de la peau mais aussi stimuler la circulation \u00e9nerg\u00e9tique. Il va oxyg\u00e9ner l\u2019\u00e9piderme et \u00e9quilibrer le ki (\u00e9nergie).<\/p>\n<p style=\"text-align: left;\">Occasionnellement il va effacer les effets du stress et rafraichir les traits en apportant de l\u2019\u00e9clat.<\/p>\n<p style=\"text-align: left;\">En pratique r\u00e9guli\u00e8re, il va favoriser la production de collag\u00e8ne, redessiner l\u2019ovale du visage, stimuler la circulation sanguine et lymphatique, diminuer les rides et cernes.<\/p>\n<p style=\"text-align: left;\">\n","protected":false},"featured_media":2159,"template":"","meta":{"_uag_custom_page_level_css":"","_swt_meta_header_display":false,"_swt_meta_footer_display":false,"_swt_meta_site_title_display":false,"_swt_meta_sticky_header":false,"_swt_meta_transparent_header":false},"product_brand":[],"product_cat":[149,29,25],"product_tag":[42,36,39,43,41,40],"class_list":{"0":"post-3355","1":"product","2":"type-product","3":"status-publish","4":"has-post-thumbnail","6":"product_cat-cevennesbienetre","7":"product_cat-kobido","8":"product_cat-massages-cocooning","9":"product_tag-ayurveda","10":"product_tag-detente","11":"product_tag-lacher-prise","12":"product_tag-massage-cranien","13":"product_tag-massage-indien","14":"product_tag-relaxation-profonde","16":"first","17":"instock","18":"shipping-taxable","19":"purchasable","20":"product-type-variable"},"yoast_head":"<!-- This site is optimized with the Yoast SEO plugin v27.5 - https:\/\/yoast.com\/product\/yoast-seo-wordpress\/ -->\n<title>Le kobido, massage facial - C\u00e9vennes Bien-\u00catre - Massages bien-\u00eatre et soins \u00e9nerg\u00e9tiques<\/title>\n<meta name=\"description\" content=\"Massage Kobido : lifting naturel du visage pour lisser les rides, tonifier la peau et raviver l\u2019\u00e9clat du teint. Un soin anti-\u00e2ge relaxant et profond\u00e9ment revitalisant\" \/>\n<meta name=\"robots\" content=\"index, follow, max-snippet:-1, max-image-preview:large, max-video-preview:-1\" \/>\n<link rel=\"canonical\" href=\"https:\/\/cevennesbienetre.fr\/index.php\/produit\/le-kobido-massage-facial\/\" \/>\n<meta property=\"og:locale\" content=\"fr_FR\" \/>\n<meta property=\"og:type\" content=\"article\" \/>\n<meta property=\"og:title\" content=\"Le kobido, massage facial - C\u00e9vennes Bien-\u00catre - Massages bien-\u00eatre et soins \u00e9nerg\u00e9tiques\" \/>\n<meta property=\"og:description\" content=\"Massage Kobido : lifting naturel du visage pour lisser les rides, tonifier la peau et raviver l\u2019\u00e9clat du teint. Un soin anti-\u00e2ge relaxant et profond\u00e9ment revitalisant\" \/>\n<meta property=\"og:url\" content=\"https:\/\/cevennesbienetre.fr\/index.php\/produit\/le-kobido-massage-facial\/\" \/>\n<meta property=\"og:site_name\" content=\"C\u00e9vennes Bien-\u00catre - Massages bien-\u00eatre et soins \u00e9nerg\u00e9tiques\" \/>\n<meta property=\"article:publisher\" content=\"https:\/\/www.facebook.com\/cevennesbienetre\" \/>\n<meta property=\"article:modified_time\" content=\"2026-03-16T21:20:07+00:00\" \/>\n<meta property=\"og:image\" content=\"https:\/\/cevennesbienetre.fr\/wp-content\/uploads\/2022\/07\/visage.jpg\" \/>\n\t<meta property=\"og:image:width\" content=\"539\" \/>\n\t<meta property=\"og:image:height\" content=\"559\" \/>\n\t<meta property=\"og:image:type\" content=\"image\/jpeg\" \/>\n<meta name=\"twitter:card\" content=\"summary_large_image\" \/>\n<meta name=\"twitter:label1\" content=\"Dur\u00e9e de lecture estim\u00e9e\" \/>\n\t<meta name=\"twitter:data1\" content=\"1 minute\" \/>\n<script type=\"application\/ld+json\" class=\"yoast-schema-graph\">{\"@context\":\"https:\\\/\\\/schema.org\",\"@graph\":[{\"@type\":\"WebPage\",\"@id\":\"https:\\\/\\\/cevennesbienetre.fr\\\/index.php\\\/produit\\\/le-kobido-massage-facial\\\/\",\"url\":\"https:\\\/\\\/cevennesbienetre.fr\\\/index.php\\\/produit\\\/le-kobido-massage-facial\\\/\",\"name\":\"Le kobido, massage facial - C\u00e9vennes Bien-\u00catre - Massages bien-\u00eatre et soins \u00e9nerg\u00e9tiques\",\"isPartOf\":{\"@id\":\"https:\\\/\\\/cevennesbienetre.fr\\\/#website\"},\"primaryImageOfPage\":{\"@id\":\"https:\\\/\\\/cevennesbienetre.fr\\\/index.php\\\/produit\\\/le-kobido-massage-facial\\\/#primaryimage\"},\"image\":{\"@id\":\"https:\\\/\\\/cevennesbienetre.fr\\\/index.php\\\/produit\\\/le-kobido-massage-facial\\\/#primaryimage\"},\"thumbnailUrl\":\"https:\\\/\\\/cevennesbienetre.fr\\\/wp-content\\\/uploads\\\/2022\\\/07\\\/visage.jpg\",\"datePublished\":\"2026-02-04T10:17:32+00:00\",\"dateModified\":\"2026-03-16T21:20:07+00:00\",\"description\":\"Massage Kobido : lifting naturel du visage pour lisser les rides, tonifier la peau et raviver l\u2019\u00e9clat du teint. Un soin anti-\u00e2ge relaxant et profond\u00e9ment revitalisant\",\"breadcrumb\":{\"@id\":\"https:\\\/\\\/cevennesbienetre.fr\\\/index.php\\\/produit\\\/le-kobido-massage-facial\\\/#breadcrumb\"},\"inLanguage\":\"fr-FR\",\"potentialAction\":[{\"@type\":\"ReadAction\",\"target\":[\"https:\\\/\\\/cevennesbienetre.fr\\\/index.php\\\/produit\\\/le-kobido-massage-facial\\\/\"]}]},{\"@type\":\"ImageObject\",\"inLanguage\":\"fr-FR\",\"@id\":\"https:\\\/\\\/cevennesbienetre.fr\\\/index.php\\\/produit\\\/le-kobido-massage-facial\\\/#primaryimage\",\"url\":\"https:\\\/\\\/cevennesbienetre.fr\\\/wp-content\\\/uploads\\\/2022\\\/07\\\/visage.jpg\",\"contentUrl\":\"https:\\\/\\\/cevennesbienetre.fr\\\/wp-content\\\/uploads\\\/2022\\\/07\\\/visage.jpg\",\"width\":539,\"height\":559},{\"@type\":\"BreadcrumbList\",\"@id\":\"https:\\\/\\\/cevennesbienetre.fr\\\/index.php\\\/produit\\\/le-kobido-massage-facial\\\/#breadcrumb\",\"itemListElement\":[{\"@type\":\"ListItem\",\"position\":1,\"name\":\"Accueil\",\"item\":\"https:\\\/\\\/cevennesbienetre.fr\\\/\"},{\"@type\":\"ListItem\",\"position\":2,\"name\":\"Boutique\",\"item\":\"https:\\\/\\\/cevennesbienetre.fr\\\/index.php\\\/boutique\\\/\"},{\"@type\":\"ListItem\",\"position\":3,\"name\":\"Le kobido, massage facial\"}]},{\"@type\":\"WebSite\",\"@id\":\"https:\\\/\\\/cevennesbienetre.fr\\\/#website\",\"url\":\"https:\\\/\\\/cevennesbienetre.fr\\\/\",\"name\":\"C\u00e9vennes Bien-\u00catre - Massages bien-\u00eatre et soins \u00e9nerg\u00e9tiques\",\"description\":\"\",\"publisher\":{\"@id\":\"https:\\\/\\\/cevennesbienetre.fr\\\/#organization\"},\"potentialAction\":[{\"@type\":\"SearchAction\",\"target\":{\"@type\":\"EntryPoint\",\"urlTemplate\":\"https:\\\/\\\/cevennesbienetre.fr\\\/?s={search_term_string}\"},\"query-input\":{\"@type\":\"PropertyValueSpecification\",\"valueRequired\":true,\"valueName\":\"search_term_string\"}}],\"inLanguage\":\"fr-FR\"},{\"@type\":\"Organization\",\"@id\":\"https:\\\/\\\/cevennesbienetre.fr\\\/#organization\",\"name\":\"C\u00e9vennes Bien-\u00catre - Massages bien-\u00eatre et soins \u00e9nerg\u00e9tiques\",\"url\":\"https:\\\/\\\/cevennesbienetre.fr\\\/\",\"logo\":{\"@type\":\"ImageObject\",\"inLanguage\":\"fr-FR\",\"@id\":\"https:\\\/\\\/cevennesbienetre.fr\\\/#\\\/schema\\\/logo\\\/image\\\/\",\"url\":\"https:\\\/\\\/cevennesbienetre.fr\\\/wp-content\\\/uploads\\\/2026\\\/02\\\/Logo_Final_Main_a_05-257x300-1-150x150-1.png\",\"contentUrl\":\"https:\\\/\\\/cevennesbienetre.fr\\\/wp-content\\\/uploads\\\/2026\\\/02\\\/Logo_Final_Main_a_05-257x300-1-150x150-1.png\",\"width\":150,\"height\":150,\"caption\":\"C\u00e9vennes Bien-\u00catre - Massages bien-\u00eatre et soins \u00e9nerg\u00e9tiques\"},\"image\":{\"@id\":\"https:\\\/\\\/cevennesbienetre.fr\\\/#\\\/schema\\\/logo\\\/image\\\/\"},\"sameAs\":[\"https:\\\/\\\/www.facebook.com\\\/cevennesbienetre\"]}]}<\/script>\n<!-- \/ Yoast SEO plugin. -->","yoast_head_json":{"title":"Le kobido, massage facial - C\u00e9vennes Bien-\u00catre - Massages bien-\u00eatre et soins \u00e9nerg\u00e9tiques","description":"Massage Kobido : lifting naturel du visage pour lisser les rides, tonifier la peau et raviver l\u2019\u00e9clat du teint. Un soin anti-\u00e2ge relaxant et profond\u00e9ment revitalisant","robots":{"index":"index","follow":"follow","max-snippet":"max-snippet:-1","max-image-preview":"max-image-preview:large","max-video-preview":"max-video-preview:-1"},"canonical":"https:\/\/cevennesbienetre.fr\/index.php\/produit\/le-kobido-massage-facial\/","og_locale":"fr_FR","og_type":"article","og_title":"Le kobido, massage facial - C\u00e9vennes Bien-\u00catre - Massages bien-\u00eatre et soins \u00e9nerg\u00e9tiques","og_description":"Massage Kobido : lifting naturel du visage pour lisser les rides, tonifier la peau et raviver l\u2019\u00e9clat du teint. Un soin anti-\u00e2ge relaxant et profond\u00e9ment revitalisant","og_url":"https:\/\/cevennesbienetre.fr\/index.php\/produit\/le-kobido-massage-facial\/","og_site_name":"C\u00e9vennes Bien-\u00catre - Massages bien-\u00eatre et soins \u00e9nerg\u00e9tiques","article_publisher":"https:\/\/www.facebook.com\/cevennesbienetre","article_modified_time":"2026-03-16T21:20:07+00:00","og_image":[{"width":539,"height":559,"url":"https:\/\/cevennesbienetre.fr\/wp-content\/uploads\/2022\/07\/visage.jpg","type":"image\/jpeg"}],"twitter_card":"summary_large_image","twitter_misc":{"Dur\u00e9e de lecture estim\u00e9e":"1 minute"},"schema":{"@context":"https:\/\/schema.org","@graph":[{"@type":"WebPage","@id":"https:\/\/cevennesbienetre.fr\/index.php\/produit\/le-kobido-massage-facial\/","url":"https:\/\/cevennesbienetre.fr\/index.php\/produit\/le-kobido-massage-facial\/","name":"Le kobido, massage facial - C\u00e9vennes Bien-\u00catre - Massages bien-\u00eatre et soins \u00e9nerg\u00e9tiques","isPartOf":{"@id":"https:\/\/cevennesbienetre.fr\/#website"},"primaryImageOfPage":{"@id":"https:\/\/cevennesbienetre.fr\/index.php\/produit\/le-kobido-massage-facial\/#primaryimage"},"image":{"@id":"https:\/\/cevennesbienetre.fr\/index.php\/produit\/le-kobido-massage-facial\/#primaryimage"},"thumbnailUrl":"https:\/\/cevennesbienetre.fr\/wp-content\/uploads\/2022\/07\/visage.jpg","datePublished":"2026-02-04T10:17:32+00:00","dateModified":"2026-03-16T21:20:07+00:00","description":"Massage Kobido : lifting naturel du visage pour lisser les rides, tonifier la peau et raviver l\u2019\u00e9clat du teint. Un soin anti-\u00e2ge relaxant et profond\u00e9ment revitalisant","breadcrumb":{"@id":"https:\/\/cevennesbienetre.fr\/index.php\/produit\/le-kobido-massage-facial\/#breadcrumb"},"inLanguage":"fr-FR","potentialAction":[{"@type":"ReadAction","target":["https:\/\/cevennesbienetre.fr\/index.php\/produit\/le-kobido-massage-facial\/"]}]},{"@type":"ImageObject","inLanguage":"fr-FR","@id":"https:\/\/cevennesbienetre.fr\/index.php\/produit\/le-kobido-massage-facial\/#primaryimage","url":"https:\/\/cevennesbienetre.fr\/wp-content\/uploads\/2022\/07\/visage.jpg","contentUrl":"https:\/\/cevennesbienetre.fr\/wp-content\/uploads\/2022\/07\/visage.jpg","width":539,"height":559},{"@type":"BreadcrumbList","@id":"https:\/\/cevennesbienetre.fr\/index.php\/produit\/le-kobido-massage-facial\/#breadcrumb","itemListElement":[{"@type":"ListItem","position":1,"name":"Accueil","item":"https:\/\/cevennesbienetre.fr\/"},{"@type":"ListItem","position":2,"name":"Boutique","item":"https:\/\/cevennesbienetre.fr\/index.php\/boutique\/"},{"@type":"ListItem","position":3,"name":"Le kobido, massage facial"}]},{"@type":"WebSite","@id":"https:\/\/cevennesbienetre.fr\/#website","url":"https:\/\/cevennesbienetre.fr\/","name":"C\u00e9vennes Bien-\u00catre - Massages bien-\u00eatre et soins \u00e9nerg\u00e9tiques","description":"","publisher":{"@id":"https:\/\/cevennesbienetre.fr\/#organization"},"potentialAction":[{"@type":"SearchAction","target":{"@type":"EntryPoint","urlTemplate":"https:\/\/cevennesbienetre.fr\/?s={search_term_string}"},"query-input":{"@type":"PropertyValueSpecification","valueRequired":true,"valueName":"search_term_string"}}],"inLanguage":"fr-FR"},{"@type":"Organization","@id":"https:\/\/cevennesbienetre.fr\/#organization","name":"C\u00e9vennes Bien-\u00catre - Massages bien-\u00eatre et soins \u00e9nerg\u00e9tiques","url":"https:\/\/cevennesbienetre.fr\/","logo":{"@type":"ImageObject","inLanguage":"fr-FR","@id":"https:\/\/cevennesbienetre.fr\/#\/schema\/logo\/image\/","url":"https:\/\/cevennesbienetre.fr\/wp-content\/uploads\/2026\/02\/Logo_Final_Main_a_05-257x300-1-150x150-1.png","contentUrl":"https:\/\/cevennesbienetre.fr\/wp-content\/uploads\/2026\/02\/Logo_Final_Main_a_05-257x300-1-150x150-1.png","width":150,"height":150,"caption":"C\u00e9vennes Bien-\u00catre - Massages bien-\u00eatre et soins \u00e9nerg\u00e9tiques"},"image":{"@id":"https:\/\/cevennesbienetre.fr\/#\/schema\/logo\/image\/"},"sameAs":["https:\/\/www.facebook.com\/cevennesbienetre"]}]}},"uagb_featured_image_src":{"full":["https:\/\/cevennesbienetre.fr\/wp-content\/uploads\/2022\/07\/visage.jpg",539,559,false],"thumbnail":["https:\/\/cevennesbienetre.fr\/wp-content\/uploads\/2022\/07\/visage-150x150.jpg",150,150,true],"medium":["https:\/\/cevennesbienetre.fr\/wp-content\/uploads\/2022\/07\/visage-289x300.jpg",289,300,true],"medium_large":["https:\/\/cevennesbienetre.fr\/wp-content\/uploads\/2022\/07\/visage.jpg",539,559,false],"large":["https:\/\/cevennesbienetre.fr\/wp-content\/uploads\/2022\/07\/visage.jpg",539,559,false],"1536x1536":["https:\/\/cevennesbienetre.fr\/wp-content\/uploads\/2022\/07\/visage.jpg",539,559,false],"2048x2048":["https:\/\/cevennesbienetre.fr\/wp-content\/uploads\/2022\/07\/visage.jpg",539,559,false],"woocommerce_thumbnail":["https:\/\/cevennesbienetre.fr\/wp-content\/uploads\/2022\/07\/visage-300x300.jpg",300,300,true],"woocommerce_single":["https:\/\/cevennesbienetre.fr\/wp-content\/uploads\/2022\/07\/visage.jpg",539,559,false],"woocommerce_gallery_thumbnail":["https:\/\/cevennesbienetre.fr\/wp-content\/uploads\/2022\/07\/visage-100x100.jpg",100,100,true]},"uagb_author_info":{"display_name":"admin6017","author_link":"https:\/\/cevennesbienetre.fr\/index.php\/author\/"},"uagb_comment_info":0,"uagb_excerpt":"Le kobido est un lifting naturel pour le visage. Datant des ann\u00e9es 1400, ce soin \u00e9tait exclusivement r\u00e9serv\u00e9 \u00e0 la famille imp\u00e9riale japonaise et aux geishas. Massage ancestral, il va \u00e0 la fois tonifier les muscles de la peau mais aussi stimuler la circulation \u00e9nerg\u00e9tique. Il va oxyg\u00e9ner l\u2019\u00e9piderme et \u00e9quilibrer le ki (\u00e9nergie). Occasionnellement\u2026","_links":{"self":[{"href":"https:\/\/cevennesbienetre.fr\/index.php\/wp-json\/wp\/v2\/product\/3355","targetHints":{"allow":["GET"]}}],"collection":[{"href":"https:\/\/cevennesbienetre.fr\/index.php\/wp-json\/wp\/v2\/product"}],"about":[{"href":"https:\/\/cevennesbienetre.fr\/index.php\/wp-json\/wp\/v2\/types\/product"}],"wp:featuredmedia":[{"embeddable":true,"href":"https:\/\/cevennesbienetre.fr\/index.php\/wp-json\/wp\/v2\/media\/2159"}],"wp:attachment":[{"href":"https:\/\/cevennesbienetre.fr\/index.php\/wp-json\/wp\/v2\/media?parent=3355"}],"wp:term":[{"taxonomy":"product_brand","embeddable":true,"href":"https:\/\/cevennesbienetre.fr\/index.php\/wp-json\/wp\/v2\/product_brand?post=3355"},{"taxonomy":"product_cat","embeddable":true,"href":"https:\/\/cevennesbienetre.fr\/index.php\/wp-json\/wp\/v2\/product_cat?post=3355"},{"taxonomy":"product_tag","embeddable":true,"href":"https:\/\/cevennesbienetre.fr\/index.php\/wp-json\/wp\/v2\/product_tag?post=3355"}],"curies":[{"name":"wp","href":"https:\/\/api.w.org\/{rel}","templated":true}]}}