{"id":3345,"date":"2026-02-04T11:46:38","date_gmt":"2026-02-04T10:46:38","guid":{"rendered":"https:\/\/cevennesbienetre.fr\/?post_type=product&#038;p=3345"},"modified":"2026-03-16T22:18:38","modified_gmt":"2026-03-16T21:18:38","slug":"carte-cadeau-massage-aux-pierres-chaudes","status":"publish","type":"product","link":"https:\/\/cevennesbienetre.fr\/index.php\/produit\/carte-cadeau-massage-aux-pierres-chaudes\/","title":{"rendered":"Carte cadeau : Massage aux pierres chaudes"},"content":{"rendered":"<section class=\"elementor-section elementor-top-section elementor-element elementor-element-3ff6f8c7 elementor-section-boxed elementor-section-height-default elementor-section-height-default\" data-id=\"3ff6f8c7\" data-element_type=\"section\" data-e-type=\"section\">\n<div class=\"elementor-container elementor-column-gap-default\">\n<div class=\"elementor-column elementor-col-100 elementor-top-column elementor-element elementor-element-363a5207\" data-id=\"363a5207\" data-element_type=\"column\" data-e-type=\"column\">\n<div class=\"elementor-widget-wrap elementor-element-populated\">\n<section class=\"elementor-section elementor-inner-section elementor-element elementor-element-81f76ac elementor-section-boxed elementor-section-height-default elementor-section-height-default\" data-id=\"81f76ac\" data-element_type=\"section\" data-e-type=\"section\">\n<div class=\"elementor-container elementor-column-gap-default\">\n<div class=\"elementor-column elementor-col-50 elementor-inner-column elementor-element elementor-element-ecbb2c5\" data-id=\"ecbb2c5\" data-element_type=\"column\" data-e-type=\"column\">\n<div class=\"elementor-widget-wrap elementor-element-populated\">\n<div class=\"elementor-element elementor-element-46dc6ce1 elementor-widget elementor-widget-text-editor\" data-id=\"46dc6ce1\" data-element_type=\"widget\" data-e-type=\"widget\" data-widget_type=\"text-editor.default\">\n<div class=\"elementor-widget-container\">\n<p style=\"text-align: left;\">Le massage aux pierres chaudes est un soin relaxant qui utilise des pierres volcaniques chauff\u00e9es et d\u00e9pos\u00e9es sur des points strat\u00e9giques du corps. La chaleur diffus\u00e9e par les pierres p\u00e9n\u00e8tre profond\u00e9ment dans les muscles, favorisant leur d\u00e9tente et aidant \u00e0 lib\u00e9rer les tensions accumul\u00e9es.<\/p>\n<\/div>\n<\/div>\n<\/div>\n<\/div>\n<\/div>\n<\/section>\n<\/div>\n<\/div>\n<\/div>\n<\/section>\n<section class=\"elementor-section elementor-top-section elementor-element elementor-element-560ee3e elementor-section-boxed elementor-section-height-default elementor-section-height-default\" data-id=\"560ee3e\" data-element_type=\"section\" data-e-type=\"section\">\n<div class=\"elementor-container elementor-column-gap-default\">\n<div class=\"elementor-column elementor-col-100 elementor-top-column elementor-element elementor-element-991eeac\" data-id=\"991eeac\" data-element_type=\"column\" data-e-type=\"column\">\n<div class=\"elementor-widget-wrap elementor-element-populated\">\n<div class=\"elementor-element elementor-element-1bf60c8 elementor-widget elementor-widget-spacer\" data-id=\"1bf60c8\" data-element_type=\"widget\" data-e-type=\"widget\" data-widget_type=\"spacer.default\">\n<div class=\"elementor-widget-container\">\n<div class=\"elementor-spacer\" style=\"text-align: left;\">\n<p data-start=\"748\" data-end=\"1027\">Associ\u00e9 \u00e0 des mouvements lents et enveloppants, ce massage stimule la circulation sanguine et \u00e9nerg\u00e9tique tout en procurant une sensation de bien-\u00eatre imm\u00e9diat. La chaleur des pierres aide \u00e0 rel\u00e2cher le stress, r\u00e9duire les douleurs musculaires et am\u00e9liorer la relaxation globale.<\/p>\n<p data-start=\"1029\" data-end=\"1281\">Ce rituel de d\u00e9tente est particuli\u00e8rement recommand\u00e9 en p\u00e9riode de fatigue, de stress ou lorsque le corps a besoin de rel\u00e2cher les tensions profondes. Il permet de r\u00e9harmoniser le corps et l\u2019esprit tout en apportant une profonde sensation d\u2019apaisement.<\/p>\n<hr data-start=\"1283\" data-end=\"1286\" \/>\n<h2 data-section-id=\"jsmlay\" data-start=\"1288\" data-end=\"1334\">Bienfaits du massage aux pierres chaudes<\/h2>\n<ul data-start=\"1335\" data-end=\"1561\">\n<li data-section-id=\"10bc6ub\" data-start=\"1335\" data-end=\"1370\">\n<p data-start=\"1337\" data-end=\"1370\">d\u00e9tend profond\u00e9ment les muscles<\/p>\n<\/li>\n<li data-section-id=\"ceosji\" data-start=\"1371\" data-end=\"1407\">\n<p data-start=\"1373\" data-end=\"1407\">soulage les tensions musculaires<\/p>\n<\/li>\n<li data-section-id=\"17n2o7d\" data-start=\"1408\" data-end=\"1443\">\n<p data-start=\"1410\" data-end=\"1443\">stimule la circulation sanguine<\/p>\n<\/li>\n<li data-section-id=\"ggfl1z\" data-start=\"1444\" data-end=\"1478\">\n<p data-start=\"1446\" data-end=\"1478\">r\u00e9duit le stress et la fatigue<\/p>\n<\/li>\n<li data-section-id=\"usz802\" data-start=\"1479\" data-end=\"1514\">\n<p data-start=\"1481\" data-end=\"1514\">favorise la relaxation profonde<\/p>\n<\/li>\n<li data-section-id=\"4rxqrj\" data-start=\"1515\" data-end=\"1561\">\n<p data-start=\"1517\" data-end=\"1561\">procure une sensation de bien-\u00eatre g\u00e9n\u00e9ral<\/p>\n<\/li>\n<\/ul>\n<\/div>\n<\/div>\n<\/div>\n<\/div>\n<\/div>\n<\/div>\n<\/section>\n","protected":false},"excerpt":{"rendered":"<section class=\"elementor-section elementor-top-section elementor-element elementor-element-3ff6f8c7 elementor-section-boxed elementor-section-height-default elementor-section-height-default\" data-id=\"3ff6f8c7\" data-element_type=\"section\" data-e-type=\"section\">\n<div class=\"elementor-container elementor-column-gap-default\">\n<div class=\"elementor-column elementor-col-100 elementor-top-column elementor-element elementor-element-363a5207\" data-id=\"363a5207\" data-element_type=\"column\" data-e-type=\"column\">\n<div class=\"elementor-widget-wrap elementor-element-populated\">\n<section class=\"elementor-section elementor-inner-section elementor-element elementor-element-81f76ac elementor-section-boxed elementor-section-height-default elementor-section-height-default\" data-id=\"81f76ac\" data-element_type=\"section\" data-e-type=\"section\">\n<div class=\"elementor-container elementor-column-gap-default\">\n<div class=\"elementor-column elementor-col-50 elementor-inner-column elementor-element elementor-element-ecbb2c5\" data-id=\"ecbb2c5\" data-element_type=\"column\" data-e-type=\"column\">\n<div class=\"elementor-widget-wrap elementor-element-populated\">\n<div class=\"elementor-element elementor-element-46dc6ce1 elementor-widget elementor-widget-text-editor\" data-id=\"46dc6ce1\" data-element_type=\"widget\" data-e-type=\"widget\" data-widget_type=\"text-editor.default\">\n<div class=\"elementor-widget-container\">\n<p style=\"text-align: left;\">La chaleur des pierres vous permettra d\u2019atteindre un total l\u00e2cher prise.<\/p>\n<p style=\"text-align: left;\">La lenteur des manoeuvres va permettre aux pierres de diffuser leur chaleur<\/p>\n<p style=\"text-align: left;\"><strong>Bienfaits :<\/strong><\/p>\n<ul style=\"text-align: left;\">\n<li>soulage les tensions et n\u0153uds musculaires<\/li>\n<li>favorise la circulation sanguine, lymphatique et \u00e9nerg\u00e9tique<\/li>\n<li>apaise et recommand\u00e9 contre le stress<\/li>\n<\/ul>\n<p style=\"text-align: left;\"><strong>Contre-indications :<\/strong><\/p>\n<ul style=\"text-align: left;\">\n<li>femmes enceintes<\/li>\n<li>probl\u00e8mes cardiaques<\/li>\n<li>n\u0153uds variqueux<\/li>\n<li>en hypo et hypertension<\/li>\n<li>zones de br\u00fblure<\/li>\n<\/ul>\n<p style=\"text-align: left;\"><strong>60mn : 80\u20ac<\/strong><\/p>\n<p style=\"text-align: left;\"><strong>90mn : 105\u20ac<\/strong><\/p>\n<\/div>\n<\/div>\n<\/div>\n<\/div>\n<\/div>\n<\/section>\n<\/div>\n<\/div>\n<\/div>\n<\/section>\n<section class=\"elementor-section elementor-top-section elementor-element elementor-element-560ee3e elementor-section-boxed elementor-section-height-default elementor-section-height-default\" data-id=\"560ee3e\" data-element_type=\"section\" data-e-type=\"section\">\n<div class=\"elementor-container elementor-column-gap-default\">\n<div class=\"elementor-column elementor-col-100 elementor-top-column elementor-element elementor-element-991eeac\" data-id=\"991eeac\" data-element_type=\"column\" data-e-type=\"column\">\n<div class=\"elementor-widget-wrap elementor-element-populated\">\n<div class=\"elementor-element elementor-element-1bf60c8 elementor-widget elementor-widget-spacer\" data-id=\"1bf60c8\" data-element_type=\"widget\" data-e-type=\"widget\" data-widget_type=\"spacer.default\">\n<div class=\"elementor-widget-container\">\n<div class=\"elementor-spacer\" style=\"text-align: left;\"><\/div>\n<\/div>\n<\/div>\n<\/div>\n<\/div>\n<\/div>\n<\/section>\n","protected":false},"featured_media":509,"template":"","meta":{"_uag_custom_page_level_css":"","_swt_meta_header_display":false,"_swt_meta_footer_display":false,"_swt_meta_site_title_display":false,"_swt_meta_sticky_header":false,"_swt_meta_transparent_header":false},"product_brand":[],"product_cat":[44,149],"product_tag":[36,39,38,40],"class_list":{"0":"post-3345","1":"product","2":"type-product","3":"status-publish","4":"has-post-thumbnail","6":"product_cat-carte-cadeau","7":"product_cat-cevennesbienetre","8":"product_tag-detente","9":"product_tag-lacher-prise","10":"product_tag-pierres-chaudes","11":"product_tag-relaxation-profonde","13":"first","14":"instock","15":"shipping-taxable","16":"purchasable","17":"product-type-variable"},"yoast_head":"<!-- This site is optimized with the Yoast SEO plugin v27.5 - https:\/\/yoast.com\/product\/yoast-seo-wordpress\/ -->\n<title>Carte cadeau : Massage aux pierres chaudes - C\u00e9vennes Bien-\u00catre - Massages bien-\u00eatre et soins \u00e9nerg\u00e9tiques<\/title>\n<meta name=\"description\" content=\"Offrez-vous un massage aux pierres chaudes pour rel\u00e2cher les tensions, d\u00e9tendre les muscles et favoriser une profonde relaxation du corps et de l\u2019esprit.\" \/>\n<meta name=\"robots\" content=\"index, follow, max-snippet:-1, max-image-preview:large, max-video-preview:-1\" \/>\n<link rel=\"canonical\" href=\"https:\/\/cevennesbienetre.fr\/index.php\/produit\/carte-cadeau-massage-aux-pierres-chaudes\/\" \/>\n<meta property=\"og:locale\" content=\"fr_FR\" \/>\n<meta property=\"og:type\" content=\"article\" \/>\n<meta property=\"og:title\" content=\"Carte cadeau : Massage aux pierres chaudes - C\u00e9vennes Bien-\u00catre - Massages bien-\u00eatre et soins \u00e9nerg\u00e9tiques\" \/>\n<meta property=\"og:description\" content=\"Offrez-vous un massage aux pierres chaudes pour rel\u00e2cher les tensions, d\u00e9tendre les muscles et favoriser une profonde relaxation du corps et de l\u2019esprit.\" \/>\n<meta property=\"og:url\" content=\"https:\/\/cevennesbienetre.fr\/index.php\/produit\/carte-cadeau-massage-aux-pierres-chaudes\/\" \/>\n<meta property=\"og:site_name\" content=\"C\u00e9vennes Bien-\u00catre - Massages bien-\u00eatre et soins \u00e9nerg\u00e9tiques\" \/>\n<meta property=\"article:publisher\" content=\"https:\/\/www.facebook.com\/cevennesbienetre\" \/>\n<meta property=\"article:modified_time\" content=\"2026-03-16T21:18:38+00:00\" \/>\n<meta property=\"og:image\" content=\"https:\/\/cevennesbienetre.fr\/wp-content\/uploads\/2018\/05\/IMG_8116-scaled.jpg\" \/>\n\t<meta property=\"og:image:width\" content=\"2560\" \/>\n\t<meta property=\"og:image:height\" content=\"1874\" \/>\n\t<meta property=\"og:image:type\" content=\"image\/jpeg\" \/>\n<meta name=\"twitter:card\" content=\"summary_large_image\" \/>\n<meta name=\"twitter:label1\" content=\"Dur\u00e9e de lecture estim\u00e9e\" \/>\n\t<meta name=\"twitter:data1\" content=\"1 minute\" \/>\n<script type=\"application\/ld+json\" class=\"yoast-schema-graph\">{\"@context\":\"https:\\\/\\\/schema.org\",\"@graph\":[{\"@type\":\"WebPage\",\"@id\":\"https:\\\/\\\/cevennesbienetre.fr\\\/index.php\\\/produit\\\/carte-cadeau-massage-aux-pierres-chaudes\\\/\",\"url\":\"https:\\\/\\\/cevennesbienetre.fr\\\/index.php\\\/produit\\\/carte-cadeau-massage-aux-pierres-chaudes\\\/\",\"name\":\"Carte cadeau : Massage aux pierres chaudes - C\u00e9vennes Bien-\u00catre - Massages bien-\u00eatre et soins \u00e9nerg\u00e9tiques\",\"isPartOf\":{\"@id\":\"https:\\\/\\\/cevennesbienetre.fr\\\/#website\"},\"primaryImageOfPage\":{\"@id\":\"https:\\\/\\\/cevennesbienetre.fr\\\/index.php\\\/produit\\\/carte-cadeau-massage-aux-pierres-chaudes\\\/#primaryimage\"},\"image\":{\"@id\":\"https:\\\/\\\/cevennesbienetre.fr\\\/index.php\\\/produit\\\/carte-cadeau-massage-aux-pierres-chaudes\\\/#primaryimage\"},\"thumbnailUrl\":\"https:\\\/\\\/cevennesbienetre.fr\\\/wp-content\\\/uploads\\\/2018\\\/05\\\/IMG_8116-scaled.jpg\",\"datePublished\":\"2026-02-04T10:46:38+00:00\",\"dateModified\":\"2026-03-16T21:18:38+00:00\",\"description\":\"Offrez-vous un massage aux pierres chaudes pour rel\u00e2cher les tensions, d\u00e9tendre les muscles et favoriser une profonde relaxation du corps et de l\u2019esprit.\",\"breadcrumb\":{\"@id\":\"https:\\\/\\\/cevennesbienetre.fr\\\/index.php\\\/produit\\\/carte-cadeau-massage-aux-pierres-chaudes\\\/#breadcrumb\"},\"inLanguage\":\"fr-FR\",\"potentialAction\":[{\"@type\":\"ReadAction\",\"target\":[\"https:\\\/\\\/cevennesbienetre.fr\\\/index.php\\\/produit\\\/carte-cadeau-massage-aux-pierres-chaudes\\\/\"]}]},{\"@type\":\"ImageObject\",\"inLanguage\":\"fr-FR\",\"@id\":\"https:\\\/\\\/cevennesbienetre.fr\\\/index.php\\\/produit\\\/carte-cadeau-massage-aux-pierres-chaudes\\\/#primaryimage\",\"url\":\"https:\\\/\\\/cevennesbienetre.fr\\\/wp-content\\\/uploads\\\/2018\\\/05\\\/IMG_8116-scaled.jpg\",\"contentUrl\":\"https:\\\/\\\/cevennesbienetre.fr\\\/wp-content\\\/uploads\\\/2018\\\/05\\\/IMG_8116-scaled.jpg\",\"width\":2560,\"height\":1874},{\"@type\":\"BreadcrumbList\",\"@id\":\"https:\\\/\\\/cevennesbienetre.fr\\\/index.php\\\/produit\\\/carte-cadeau-massage-aux-pierres-chaudes\\\/#breadcrumb\",\"itemListElement\":[{\"@type\":\"ListItem\",\"position\":1,\"name\":\"Accueil\",\"item\":\"https:\\\/\\\/cevennesbienetre.fr\\\/\"},{\"@type\":\"ListItem\",\"position\":2,\"name\":\"Boutique\",\"item\":\"https:\\\/\\\/cevennesbienetre.fr\\\/index.php\\\/boutique\\\/\"},{\"@type\":\"ListItem\",\"position\":3,\"name\":\"Carte cadeau : Massage aux pierres chaudes\"}]},{\"@type\":\"WebSite\",\"@id\":\"https:\\\/\\\/cevennesbienetre.fr\\\/#website\",\"url\":\"https:\\\/\\\/cevennesbienetre.fr\\\/\",\"name\":\"C\u00e9vennes Bien-\u00catre - Massages bien-\u00eatre et soins \u00e9nerg\u00e9tiques\",\"description\":\"\",\"publisher\":{\"@id\":\"https:\\\/\\\/cevennesbienetre.fr\\\/#organization\"},\"potentialAction\":[{\"@type\":\"SearchAction\",\"target\":{\"@type\":\"EntryPoint\",\"urlTemplate\":\"https:\\\/\\\/cevennesbienetre.fr\\\/?s={search_term_string}\"},\"query-input\":{\"@type\":\"PropertyValueSpecification\",\"valueRequired\":true,\"valueName\":\"search_term_string\"}}],\"inLanguage\":\"fr-FR\"},{\"@type\":\"Organization\",\"@id\":\"https:\\\/\\\/cevennesbienetre.fr\\\/#organization\",\"name\":\"C\u00e9vennes Bien-\u00catre - Massages bien-\u00eatre et soins \u00e9nerg\u00e9tiques\",\"url\":\"https:\\\/\\\/cevennesbienetre.fr\\\/\",\"logo\":{\"@type\":\"ImageObject\",\"inLanguage\":\"fr-FR\",\"@id\":\"https:\\\/\\\/cevennesbienetre.fr\\\/#\\\/schema\\\/logo\\\/image\\\/\",\"url\":\"https:\\\/\\\/cevennesbienetre.fr\\\/wp-content\\\/uploads\\\/2026\\\/02\\\/Logo_Final_Main_a_05-257x300-1-150x150-1.png\",\"contentUrl\":\"https:\\\/\\\/cevennesbienetre.fr\\\/wp-content\\\/uploads\\\/2026\\\/02\\\/Logo_Final_Main_a_05-257x300-1-150x150-1.png\",\"width\":150,\"height\":150,\"caption\":\"C\u00e9vennes Bien-\u00catre - Massages bien-\u00eatre et soins \u00e9nerg\u00e9tiques\"},\"image\":{\"@id\":\"https:\\\/\\\/cevennesbienetre.fr\\\/#\\\/schema\\\/logo\\\/image\\\/\"},\"sameAs\":[\"https:\\\/\\\/www.facebook.com\\\/cevennesbienetre\"]}]}<\/script>\n<!-- \/ Yoast SEO plugin. -->","yoast_head_json":{"title":"Carte cadeau : Massage aux pierres chaudes - C\u00e9vennes Bien-\u00catre - Massages bien-\u00eatre et soins \u00e9nerg\u00e9tiques","description":"Offrez-vous un massage aux pierres chaudes pour rel\u00e2cher les tensions, d\u00e9tendre les muscles et favoriser une profonde relaxation du corps et de l\u2019esprit.","robots":{"index":"index","follow":"follow","max-snippet":"max-snippet:-1","max-image-preview":"max-image-preview:large","max-video-preview":"max-video-preview:-1"},"canonical":"https:\/\/cevennesbienetre.fr\/index.php\/produit\/carte-cadeau-massage-aux-pierres-chaudes\/","og_locale":"fr_FR","og_type":"article","og_title":"Carte cadeau : Massage aux pierres chaudes - C\u00e9vennes Bien-\u00catre - Massages bien-\u00eatre et soins \u00e9nerg\u00e9tiques","og_description":"Offrez-vous un massage aux pierres chaudes pour rel\u00e2cher les tensions, d\u00e9tendre les muscles et favoriser une profonde relaxation du corps et de l\u2019esprit.","og_url":"https:\/\/cevennesbienetre.fr\/index.php\/produit\/carte-cadeau-massage-aux-pierres-chaudes\/","og_site_name":"C\u00e9vennes Bien-\u00catre - Massages bien-\u00eatre et soins \u00e9nerg\u00e9tiques","article_publisher":"https:\/\/www.facebook.com\/cevennesbienetre","article_modified_time":"2026-03-16T21:18:38+00:00","og_image":[{"width":2560,"height":1874,"url":"https:\/\/cevennesbienetre.fr\/wp-content\/uploads\/2018\/05\/IMG_8116-scaled.jpg","type":"image\/jpeg"}],"twitter_card":"summary_large_image","twitter_misc":{"Dur\u00e9e de lecture estim\u00e9e":"1 minute"},"schema":{"@context":"https:\/\/schema.org","@graph":[{"@type":"WebPage","@id":"https:\/\/cevennesbienetre.fr\/index.php\/produit\/carte-cadeau-massage-aux-pierres-chaudes\/","url":"https:\/\/cevennesbienetre.fr\/index.php\/produit\/carte-cadeau-massage-aux-pierres-chaudes\/","name":"Carte cadeau : Massage aux pierres chaudes - C\u00e9vennes Bien-\u00catre - Massages bien-\u00eatre et soins \u00e9nerg\u00e9tiques","isPartOf":{"@id":"https:\/\/cevennesbienetre.fr\/#website"},"primaryImageOfPage":{"@id":"https:\/\/cevennesbienetre.fr\/index.php\/produit\/carte-cadeau-massage-aux-pierres-chaudes\/#primaryimage"},"image":{"@id":"https:\/\/cevennesbienetre.fr\/index.php\/produit\/carte-cadeau-massage-aux-pierres-chaudes\/#primaryimage"},"thumbnailUrl":"https:\/\/cevennesbienetre.fr\/wp-content\/uploads\/2018\/05\/IMG_8116-scaled.jpg","datePublished":"2026-02-04T10:46:38+00:00","dateModified":"2026-03-16T21:18:38+00:00","description":"Offrez-vous un massage aux pierres chaudes pour rel\u00e2cher les tensions, d\u00e9tendre les muscles et favoriser une profonde relaxation du corps et de l\u2019esprit.","breadcrumb":{"@id":"https:\/\/cevennesbienetre.fr\/index.php\/produit\/carte-cadeau-massage-aux-pierres-chaudes\/#breadcrumb"},"inLanguage":"fr-FR","potentialAction":[{"@type":"ReadAction","target":["https:\/\/cevennesbienetre.fr\/index.php\/produit\/carte-cadeau-massage-aux-pierres-chaudes\/"]}]},{"@type":"ImageObject","inLanguage":"fr-FR","@id":"https:\/\/cevennesbienetre.fr\/index.php\/produit\/carte-cadeau-massage-aux-pierres-chaudes\/#primaryimage","url":"https:\/\/cevennesbienetre.fr\/wp-content\/uploads\/2018\/05\/IMG_8116-scaled.jpg","contentUrl":"https:\/\/cevennesbienetre.fr\/wp-content\/uploads\/2018\/05\/IMG_8116-scaled.jpg","width":2560,"height":1874},{"@type":"BreadcrumbList","@id":"https:\/\/cevennesbienetre.fr\/index.php\/produit\/carte-cadeau-massage-aux-pierres-chaudes\/#breadcrumb","itemListElement":[{"@type":"ListItem","position":1,"name":"Accueil","item":"https:\/\/cevennesbienetre.fr\/"},{"@type":"ListItem","position":2,"name":"Boutique","item":"https:\/\/cevennesbienetre.fr\/index.php\/boutique\/"},{"@type":"ListItem","position":3,"name":"Carte cadeau : Massage aux pierres chaudes"}]},{"@type":"WebSite","@id":"https:\/\/cevennesbienetre.fr\/#website","url":"https:\/\/cevennesbienetre.fr\/","name":"C\u00e9vennes Bien-\u00catre - Massages bien-\u00eatre et soins \u00e9nerg\u00e9tiques","description":"","publisher":{"@id":"https:\/\/cevennesbienetre.fr\/#organization"},"potentialAction":[{"@type":"SearchAction","target":{"@type":"EntryPoint","urlTemplate":"https:\/\/cevennesbienetre.fr\/?s={search_term_string}"},"query-input":{"@type":"PropertyValueSpecification","valueRequired":true,"valueName":"search_term_string"}}],"inLanguage":"fr-FR"},{"@type":"Organization","@id":"https:\/\/cevennesbienetre.fr\/#organization","name":"C\u00e9vennes Bien-\u00catre - Massages bien-\u00eatre et soins \u00e9nerg\u00e9tiques","url":"https:\/\/cevennesbienetre.fr\/","logo":{"@type":"ImageObject","inLanguage":"fr-FR","@id":"https:\/\/cevennesbienetre.fr\/#\/schema\/logo\/image\/","url":"https:\/\/cevennesbienetre.fr\/wp-content\/uploads\/2026\/02\/Logo_Final_Main_a_05-257x300-1-150x150-1.png","contentUrl":"https:\/\/cevennesbienetre.fr\/wp-content\/uploads\/2026\/02\/Logo_Final_Main_a_05-257x300-1-150x150-1.png","width":150,"height":150,"caption":"C\u00e9vennes Bien-\u00catre - Massages bien-\u00eatre et soins \u00e9nerg\u00e9tiques"},"image":{"@id":"https:\/\/cevennesbienetre.fr\/#\/schema\/logo\/image\/"},"sameAs":["https:\/\/www.facebook.com\/cevennesbienetre"]}]}},"uagb_featured_image_src":{"full":["https:\/\/cevennesbienetre.fr\/wp-content\/uploads\/2018\/05\/IMG_8116-scaled.jpg",2560,1874,false],"thumbnail":["https:\/\/cevennesbienetre.fr\/wp-content\/uploads\/2018\/05\/IMG_8116-150x150.jpg",150,150,true],"medium":["https:\/\/cevennesbienetre.fr\/wp-content\/uploads\/2018\/05\/IMG_8116-300x220.jpg",300,220,true],"medium_large":["https:\/\/cevennesbienetre.fr\/wp-content\/uploads\/2018\/05\/IMG_8116-768x562.jpg",768,562,true],"large":["https:\/\/cevennesbienetre.fr\/wp-content\/uploads\/2018\/05\/IMG_8116-1024x749.jpg",1024,749,true],"1536x1536":["https:\/\/cevennesbienetre.fr\/wp-content\/uploads\/2018\/05\/IMG_8116-scaled.jpg",1536,1124,false],"2048x2048":["https:\/\/cevennesbienetre.fr\/wp-content\/uploads\/2018\/05\/IMG_8116-scaled.jpg",2048,1499,false],"woocommerce_thumbnail":["https:\/\/cevennesbienetre.fr\/wp-content\/uploads\/2018\/05\/IMG_8116-scaled-300x300.jpg",300,300,true],"woocommerce_single":["https:\/\/cevennesbienetre.fr\/wp-content\/uploads\/2018\/05\/IMG_8116-scaled-600x439.jpg",600,439,true],"woocommerce_gallery_thumbnail":["https:\/\/cevennesbienetre.fr\/wp-content\/uploads\/2018\/05\/IMG_8116-scaled-100x100.jpg",100,100,true]},"uagb_author_info":{"display_name":"admin6017","author_link":"https:\/\/cevennesbienetre.fr\/index.php\/author\/"},"uagb_comment_info":0,"uagb_excerpt":"La chaleur des pierres vous permettra d\u2019atteindre un total l\u00e2cher prise. La lenteur des manoeuvres va permettre aux pierres de diffuser leur chaleur Bienfaits : soulage les tensions et n\u0153uds musculaires favorise la circulation sanguine, lymphatique et \u00e9nerg\u00e9tique apaise et recommand\u00e9 contre le stress Contre-indications : femmes enceintes probl\u00e8mes cardiaques n\u0153uds variqueux en hypo et\u2026","_links":{"self":[{"href":"https:\/\/cevennesbienetre.fr\/index.php\/wp-json\/wp\/v2\/product\/3345","targetHints":{"allow":["GET"]}}],"collection":[{"href":"https:\/\/cevennesbienetre.fr\/index.php\/wp-json\/wp\/v2\/product"}],"about":[{"href":"https:\/\/cevennesbienetre.fr\/index.php\/wp-json\/wp\/v2\/types\/product"}],"wp:featuredmedia":[{"embeddable":true,"href":"https:\/\/cevennesbienetre.fr\/index.php\/wp-json\/wp\/v2\/media\/509"}],"wp:attachment":[{"href":"https:\/\/cevennesbienetre.fr\/index.php\/wp-json\/wp\/v2\/media?parent=3345"}],"wp:term":[{"taxonomy":"product_brand","embeddable":true,"href":"https:\/\/cevennesbienetre.fr\/index.php\/wp-json\/wp\/v2\/product_brand?post=3345"},{"taxonomy":"product_cat","embeddable":true,"href":"https:\/\/cevennesbienetre.fr\/index.php\/wp-json\/wp\/v2\/product_cat?post=3345"},{"taxonomy":"product_tag","embeddable":true,"href":"https:\/\/cevennesbienetre.fr\/index.php\/wp-json\/wp\/v2\/product_tag?post=3345"}],"curies":[{"name":"wp","href":"https:\/\/api.w.org\/{rel}","templated":true}]}}