{"id":9,"date":"2018-03-16T14:12:10","date_gmt":"2018-03-16T13:12:10","guid":{"rendered":"http:\/\/cevennesbienetre.fr\/?page_id=9"},"modified":"2026-03-03T10:32:31","modified_gmt":"2026-03-03T09:32:31","slug":"contact-et-localisation","status":"publish","type":"page","link":"https:\/\/cevennesbienetre.fr\/index.php\/contact-et-localisation\/","title":{"rendered":"Contact et localisation"},"content":{"rendered":"\t\t\t<div \n\t\t\tclass=\"wp-block-uagb-google-map uagb-google-map__wrap uagb-block-653b4c9f     \"\n\t\t\tstyle=\"\" >\n\t\t\t\t<embed\n\t\t\t\t\tclass=\"uagb-google-map__iframe\"\n\t\t\t\t\ttitle=\"Carte Google pour \"\n\t\t\t\t\tsrc=\"https:\/\/maps.google.com\/maps?q=C%C3%A9vennes%20Bien%20%C3%8Atre%20-%20Massages%20bien-%C3%AAtre%20entre%20Anduze%20et%20Al%C3%A8s&#038;z=14&#038;hl=fr&#038;t=m&#038;output=embed&#038;iwloc=near\"\n\t\t\t\t\twidth=\"640\"\n\t\t\t\t\theight=\"300\"\n\t\t\t\t\tloading=\"lazy\"\n\t\t\t\t><\/embed>\n\t\t\t<\/div>\n\t\t\t\n\n\n<p><strong>Coordonn\u00e9es GPS :<\/strong><\/p>\n\n\n\n<p>N : 44.057829<br>E : 4.018343<\/p>\n\n\n\n<p><strong>Facilit\u00e9 d&rsquo;acc\u00e8s avec parking priv\u00e9<\/strong><\/p>\n\n\n\n<p><strong>Uniquement sur rendez-vous au :<br><\/strong><a href=\"http:\/\/0618982225\">06 18 98 22 25<\/a><\/p>\n\n\n\n<p>En s\u00e9ance, je ne peux vous r\u00e9pondre ; laissez moi un message avec vos coordonn\u00e9es t\u00e9l\u00e9phoniques, nom et pr\u00e9nom ainsi que le but de votre appel : renseignements, r\u00e9servation d&rsquo;une s\u00e9ance avec vos cr\u00e9neaux de disponibilit\u00e9s, achat d&rsquo;une carte cadeau etc<br>Et je vous rappelle au plus t\u00f4t !<\/p>\n\n\n\n<h4 class=\"wp-block-heading\"><strong>Horaires d&rsquo;ouverture :<\/strong><\/h4>\n\n\n\n<p><strong>Lundi \/ Mardi \/ Jeudi et vendredi\u00a0<\/strong> : De 8h30 &#8211; 19h30<br><strong>Mercredi et samedi<\/strong> : 8H30 &#8211; 16h<\/p>\n\n\n\n<p><strong>Mail :<\/strong>\u00a0<a href=\"mailto:cevennesbienetre@gmail.com\">cevennesbienetre@gmail.com<\/a><\/p>\n\n\n\n<h2 class=\"wp-block-heading has-text-align-center\">Formulaire de contact<\/h2>\n\n\n\n<div class=\"wp-block-uagb-forms uagb-forms__outer-wrap uagb-block-8f5c2392 uagb-forms__medium-btn\"><form class=\"uagb-forms-main-form\" method=\"post\" autocomplete=\"on\" name=\"uagb-form-8f5c2392\">\n<div class=\"wp-block-uagb-forms-name uagb-forms-name-wrap uagb-forms-field-set uagb-block-e46dfbcc\"><div class=\"uagb-forms-name-label required uagb-forms-input-label\" id=\"e46dfbcc\">Nom<\/div><input type=\"text\" placeholder=\"\" required class=\"uagb-forms-name-input uagb-forms-input\" name=\"e46dfbcc\" autocomplete=\"given-name\"\/><\/div>\n\n\n\n<div class=\"wp-block-uagb-forms-name uagb-forms-name-wrap uagb-forms-field-set uagb-block-942ec92d\"><div class=\"uagb-forms-name-label required uagb-forms-input-label\" id=\"942ec92d\">Pr\u00e9nom<\/div><input type=\"text\" placeholder=\"\" required class=\"uagb-forms-name-input uagb-forms-input\" name=\"942ec92d\" autocomplete=\"family-name\"\/><\/div>\n\n\n\n<div class=\"wp-block-uagb-forms-email uagb-forms-email-wrap uagb-forms-field-set uagb-block-44a4dcde\"><div class=\"uagb-forms-email-label required uagb-forms-input-label\" id=\"44a4dcde\">Email<\/div><input type=\"email\" class=\"uagb-forms-email-input uagb-forms-input\" placeholder=\"\" required name=\"44a4dcde\" autocomplete=\"email\"\/><\/div>\n\n\n\n<div class=\"wp-block-uagb-forms-textarea uagb-forms-textarea-wrap uagb-forms-field-set uagb-block-3aa0690b\"><div class=\"uagb-forms-textarea-label required uagb-forms-input-label\" id=\"3aa0690b\">Votre demande<\/div><textarea required class=\"uagb-forms-textarea-input uagb-forms-input\" rows=\"4\" placeholder=\"\" name=\"3aa0690b\" autocomplete=\"off\"><\/textarea><\/div>\n<div class=\"uagb-forms-form-hidden-data\"><input type=\"hidden\" class=\"uagb_forms_form_label\" value=\"Spectra Form\"\/><input type=\"hidden\" class=\"uagb_forms_form_id\" value=\"uagb-form-8f5c2392\"\/><\/div><div class=\"uagb-form-reacaptcha-error-8f5c2392\"><\/div><div class=\"uagb-forms-main-submit-button-wrap wp-block-button\"><button class=\"uagb-forms-main-submit-button wp-block-button__link\"><div class=\"uagb-forms-main-submit-button-text\">Envoyer<\/div><\/button><\/div><\/form><div class=\"uagb-forms-success-message-8f5c2392 uagb-forms-submit-message-hide\"><span>Votre formulaire a \u00e9t\u00e9 envoyer avec succ\u00e8s !<\/span><\/div><div class=\"uagb-forms-failed-message-8f5c2392 uagb-forms-submit-message-hide\"><span>Une erreur s&rsquo;est produite lors de l&rsquo;envoi du formulaire. Veuillez v\u00e9rifier \u00e0 nouveau tous les champs du formulaire.<\/span><\/div><\/div>\n","protected":false},"excerpt":{"rendered":"<p>Coordonn\u00e9es GPS : N : 44.057829E : 4.018343 Facilit\u00e9 d&rsquo;acc\u00e8s avec parking priv\u00e9 Uniquement sur rendez-vous au :06 18 98 22 25 En s\u00e9ance, je ne peux vous r\u00e9pondre ; laissez moi un message avec vos coordonn\u00e9es t\u00e9l\u00e9phoniques, nom et pr\u00e9nom ainsi que le but de votre appel : renseignements, r\u00e9servation d&rsquo;une s\u00e9ance avec vos [&hellip;]<\/p>\n","protected":false},"author":1,"featured_media":0,"parent":0,"menu_order":0,"comment_status":"closed","ping_status":"closed","template":"","meta":{"_uag_custom_page_level_css":"","_swt_meta_header_display":false,"_swt_meta_footer_display":false,"_swt_meta_site_title_display":false,"_swt_meta_sticky_header":false,"_swt_meta_transparent_header":false,"footnotes":""},"class_list":["post-9","page","type-page","status-publish","hentry"],"yoast_head":"<!-- This site is optimized with the Yoast SEO plugin v27.5 - https:\/\/yoast.com\/product\/yoast-seo-wordpress\/ -->\n<title>Contact et localisation - C\u00e9vennes Bien-\u00catre - Massages bien-\u00eatre et soins \u00e9nerg\u00e9tiques<\/title>\n<meta name=\"robots\" content=\"index, follow, max-snippet:-1, max-image-preview:large, max-video-preview:-1\" \/>\n<link rel=\"canonical\" href=\"https:\/\/cevennesbienetre.fr\/index.php\/accueil-cevennes-bien-etre__trashed\/contact-et-localisation\/\" \/>\n<meta property=\"og:locale\" content=\"fr_FR\" \/>\n<meta property=\"og:type\" content=\"article\" \/>\n<meta property=\"og:title\" content=\"Contact et localisation - C\u00e9vennes Bien-\u00catre - Massages bien-\u00eatre et soins \u00e9nerg\u00e9tiques\" \/>\n<meta property=\"og:description\" content=\"Coordonn\u00e9es GPS : N : 44.057829E : 4.018343 Facilit\u00e9 d&rsquo;acc\u00e8s avec parking priv\u00e9 Uniquement sur rendez-vous au :06 18 98 22 25 En s\u00e9ance, je ne peux vous r\u00e9pondre ; laissez moi un message avec vos coordonn\u00e9es t\u00e9l\u00e9phoniques, nom et pr\u00e9nom ainsi que le but de votre appel : renseignements, r\u00e9servation d&rsquo;une s\u00e9ance avec vos [&hellip;]\" \/>\n<meta property=\"og:url\" content=\"https:\/\/cevennesbienetre.fr\/index.php\/accueil-cevennes-bien-etre__trashed\/contact-et-localisation\/\" \/>\n<meta property=\"og:site_name\" content=\"C\u00e9vennes Bien-\u00catre - Massages bien-\u00eatre et soins \u00e9nerg\u00e9tiques\" \/>\n<meta property=\"article:publisher\" content=\"https:\/\/www.facebook.com\/cevennesbienetre\" \/>\n<meta property=\"article:modified_time\" content=\"2026-03-03T09:32:31+00:00\" \/>\n<meta name=\"twitter:card\" content=\"summary_large_image\" \/>\n<meta name=\"twitter:label1\" content=\"Dur\u00e9e de lecture estim\u00e9e\" \/>\n\t<meta name=\"twitter:data1\" content=\"1 minute\" \/>\n<script type=\"application\/ld+json\" class=\"yoast-schema-graph\">{\"@context\":\"https:\\\/\\\/schema.org\",\"@graph\":[{\"@type\":\"WebPage\",\"@id\":\"https:\\\/\\\/cevennesbienetre.fr\\\/index.php\\\/accueil-cevennes-bien-etre__trashed\\\/contact-et-localisation\\\/\",\"url\":\"https:\\\/\\\/cevennesbienetre.fr\\\/index.php\\\/accueil-cevennes-bien-etre__trashed\\\/contact-et-localisation\\\/\",\"name\":\"Contact et localisation - C\u00e9vennes Bien-\u00catre - Massages bien-\u00eatre et soins \u00e9nerg\u00e9tiques\",\"isPartOf\":{\"@id\":\"https:\\\/\\\/cevennesbienetre.fr\\\/#website\"},\"datePublished\":\"2018-03-16T13:12:10+00:00\",\"dateModified\":\"2026-03-03T09:32:31+00:00\",\"breadcrumb\":{\"@id\":\"https:\\\/\\\/cevennesbienetre.fr\\\/index.php\\\/accueil-cevennes-bien-etre__trashed\\\/contact-et-localisation\\\/#breadcrumb\"},\"inLanguage\":\"fr-FR\",\"potentialAction\":[{\"@type\":\"ReadAction\",\"target\":[\"https:\\\/\\\/cevennesbienetre.fr\\\/index.php\\\/accueil-cevennes-bien-etre__trashed\\\/contact-et-localisation\\\/\"]}]},{\"@type\":\"BreadcrumbList\",\"@id\":\"https:\\\/\\\/cevennesbienetre.fr\\\/index.php\\\/accueil-cevennes-bien-etre__trashed\\\/contact-et-localisation\\\/#breadcrumb\",\"itemListElement\":[{\"@type\":\"ListItem\",\"position\":1,\"name\":\"Accueil\",\"item\":\"https:\\\/\\\/cevennesbienetre.fr\\\/\"},{\"@type\":\"ListItem\",\"position\":2,\"name\":\"Contact et localisation\"}]},{\"@type\":\"WebSite\",\"@id\":\"https:\\\/\\\/cevennesbienetre.fr\\\/#website\",\"url\":\"https:\\\/\\\/cevennesbienetre.fr\\\/\",\"name\":\"C\u00e9vennes Bien-\u00catre - Massages bien-\u00eatre et soins \u00e9nerg\u00e9tiques\",\"description\":\"\",\"publisher\":{\"@id\":\"https:\\\/\\\/cevennesbienetre.fr\\\/#organization\"},\"potentialAction\":[{\"@type\":\"SearchAction\",\"target\":{\"@type\":\"EntryPoint\",\"urlTemplate\":\"https:\\\/\\\/cevennesbienetre.fr\\\/?s={search_term_string}\"},\"query-input\":{\"@type\":\"PropertyValueSpecification\",\"valueRequired\":true,\"valueName\":\"search_term_string\"}}],\"inLanguage\":\"fr-FR\"},{\"@type\":\"Organization\",\"@id\":\"https:\\\/\\\/cevennesbienetre.fr\\\/#organization\",\"name\":\"C\u00e9vennes Bien-\u00catre - Massages bien-\u00eatre et soins \u00e9nerg\u00e9tiques\",\"url\":\"https:\\\/\\\/cevennesbienetre.fr\\\/\",\"logo\":{\"@type\":\"ImageObject\",\"inLanguage\":\"fr-FR\",\"@id\":\"https:\\\/\\\/cevennesbienetre.fr\\\/#\\\/schema\\\/logo\\\/image\\\/\",\"url\":\"https:\\\/\\\/cevennesbienetre.fr\\\/wp-content\\\/uploads\\\/2026\\\/02\\\/Logo_Final_Main_a_05-257x300-1-150x150-1.png\",\"contentUrl\":\"https:\\\/\\\/cevennesbienetre.fr\\\/wp-content\\\/uploads\\\/2026\\\/02\\\/Logo_Final_Main_a_05-257x300-1-150x150-1.png\",\"width\":150,\"height\":150,\"caption\":\"C\u00e9vennes Bien-\u00catre - Massages bien-\u00eatre et soins \u00e9nerg\u00e9tiques\"},\"image\":{\"@id\":\"https:\\\/\\\/cevennesbienetre.fr\\\/#\\\/schema\\\/logo\\\/image\\\/\"},\"sameAs\":[\"https:\\\/\\\/www.facebook.com\\\/cevennesbienetre\"]}]}<\/script>\n<!-- \/ Yoast SEO plugin. -->","yoast_head_json":{"title":"Contact et localisation - C\u00e9vennes Bien-\u00catre - Massages bien-\u00eatre et soins \u00e9nerg\u00e9tiques","robots":{"index":"index","follow":"follow","max-snippet":"max-snippet:-1","max-image-preview":"max-image-preview:large","max-video-preview":"max-video-preview:-1"},"canonical":"https:\/\/cevennesbienetre.fr\/index.php\/accueil-cevennes-bien-etre__trashed\/contact-et-localisation\/","og_locale":"fr_FR","og_type":"article","og_title":"Contact et localisation - C\u00e9vennes Bien-\u00catre - Massages bien-\u00eatre et soins \u00e9nerg\u00e9tiques","og_description":"Coordonn\u00e9es GPS : N : 44.057829E : 4.018343 Facilit\u00e9 d&rsquo;acc\u00e8s avec parking priv\u00e9 Uniquement sur rendez-vous au :06 18 98 22 25 En s\u00e9ance, je ne peux vous r\u00e9pondre ; laissez moi un message avec vos coordonn\u00e9es t\u00e9l\u00e9phoniques, nom et pr\u00e9nom ainsi que le but de votre appel : renseignements, r\u00e9servation d&rsquo;une s\u00e9ance avec vos [&hellip;]","og_url":"https:\/\/cevennesbienetre.fr\/index.php\/accueil-cevennes-bien-etre__trashed\/contact-et-localisation\/","og_site_name":"C\u00e9vennes Bien-\u00catre - Massages bien-\u00eatre et soins \u00e9nerg\u00e9tiques","article_publisher":"https:\/\/www.facebook.com\/cevennesbienetre","article_modified_time":"2026-03-03T09:32:31+00:00","twitter_card":"summary_large_image","twitter_misc":{"Dur\u00e9e de lecture estim\u00e9e":"1 minute"},"schema":{"@context":"https:\/\/schema.org","@graph":[{"@type":"WebPage","@id":"https:\/\/cevennesbienetre.fr\/index.php\/accueil-cevennes-bien-etre__trashed\/contact-et-localisation\/","url":"https:\/\/cevennesbienetre.fr\/index.php\/accueil-cevennes-bien-etre__trashed\/contact-et-localisation\/","name":"Contact et localisation - C\u00e9vennes Bien-\u00catre - Massages bien-\u00eatre et soins \u00e9nerg\u00e9tiques","isPartOf":{"@id":"https:\/\/cevennesbienetre.fr\/#website"},"datePublished":"2018-03-16T13:12:10+00:00","dateModified":"2026-03-03T09:32:31+00:00","breadcrumb":{"@id":"https:\/\/cevennesbienetre.fr\/index.php\/accueil-cevennes-bien-etre__trashed\/contact-et-localisation\/#breadcrumb"},"inLanguage":"fr-FR","potentialAction":[{"@type":"ReadAction","target":["https:\/\/cevennesbienetre.fr\/index.php\/accueil-cevennes-bien-etre__trashed\/contact-et-localisation\/"]}]},{"@type":"BreadcrumbList","@id":"https:\/\/cevennesbienetre.fr\/index.php\/accueil-cevennes-bien-etre__trashed\/contact-et-localisation\/#breadcrumb","itemListElement":[{"@type":"ListItem","position":1,"name":"Accueil","item":"https:\/\/cevennesbienetre.fr\/"},{"@type":"ListItem","position":2,"name":"Contact et localisation"}]},{"@type":"WebSite","@id":"https:\/\/cevennesbienetre.fr\/#website","url":"https:\/\/cevennesbienetre.fr\/","name":"C\u00e9vennes Bien-\u00catre - Massages bien-\u00eatre et soins \u00e9nerg\u00e9tiques","description":"","publisher":{"@id":"https:\/\/cevennesbienetre.fr\/#organization"},"potentialAction":[{"@type":"SearchAction","target":{"@type":"EntryPoint","urlTemplate":"https:\/\/cevennesbienetre.fr\/?s={search_term_string}"},"query-input":{"@type":"PropertyValueSpecification","valueRequired":true,"valueName":"search_term_string"}}],"inLanguage":"fr-FR"},{"@type":"Organization","@id":"https:\/\/cevennesbienetre.fr\/#organization","name":"C\u00e9vennes Bien-\u00catre - Massages bien-\u00eatre et soins \u00e9nerg\u00e9tiques","url":"https:\/\/cevennesbienetre.fr\/","logo":{"@type":"ImageObject","inLanguage":"fr-FR","@id":"https:\/\/cevennesbienetre.fr\/#\/schema\/logo\/image\/","url":"https:\/\/cevennesbienetre.fr\/wp-content\/uploads\/2026\/02\/Logo_Final_Main_a_05-257x300-1-150x150-1.png","contentUrl":"https:\/\/cevennesbienetre.fr\/wp-content\/uploads\/2026\/02\/Logo_Final_Main_a_05-257x300-1-150x150-1.png","width":150,"height":150,"caption":"C\u00e9vennes Bien-\u00catre - Massages bien-\u00eatre et soins \u00e9nerg\u00e9tiques"},"image":{"@id":"https:\/\/cevennesbienetre.fr\/#\/schema\/logo\/image\/"},"sameAs":["https:\/\/www.facebook.com\/cevennesbienetre"]}]}},"uagb_featured_image_src":{"full":false,"thumbnail":false,"medium":false,"medium_large":false,"large":false,"1536x1536":false,"2048x2048":false,"woocommerce_thumbnail":false,"woocommerce_single":false,"woocommerce_gallery_thumbnail":false},"uagb_author_info":{"display_name":"admin6017","author_link":"https:\/\/cevennesbienetre.fr\/index.php\/author\/admin6017\/"},"uagb_comment_info":0,"uagb_excerpt":"Coordonn\u00e9es GPS : N : 44.057829E : 4.018343 Facilit\u00e9 d&rsquo;acc\u00e8s avec parking priv\u00e9 Uniquement sur rendez-vous au :06 18 98 22 25 En s\u00e9ance, je ne peux vous r\u00e9pondre ; laissez moi un message avec vos coordonn\u00e9es t\u00e9l\u00e9phoniques, nom et pr\u00e9nom ainsi que le but de votre appel : renseignements, r\u00e9servation d&rsquo;une s\u00e9ance avec vos\u2026","_links":{"self":[{"href":"https:\/\/cevennesbienetre.fr\/index.php\/wp-json\/wp\/v2\/pages\/9","targetHints":{"allow":["GET"]}}],"collection":[{"href":"https:\/\/cevennesbienetre.fr\/index.php\/wp-json\/wp\/v2\/pages"}],"about":[{"href":"https:\/\/cevennesbienetre.fr\/index.php\/wp-json\/wp\/v2\/types\/page"}],"author":[{"embeddable":true,"href":"https:\/\/cevennesbienetre.fr\/index.php\/wp-json\/wp\/v2\/users\/1"}],"replies":[{"embeddable":true,"href":"https:\/\/cevennesbienetre.fr\/index.php\/wp-json\/wp\/v2\/comments?post=9"}],"version-history":[{"count":136,"href":"https:\/\/cevennesbienetre.fr\/index.php\/wp-json\/wp\/v2\/pages\/9\/revisions"}],"predecessor-version":[{"id":3603,"href":"https:\/\/cevennesbienetre.fr\/index.php\/wp-json\/wp\/v2\/pages\/9\/revisions\/3603"}],"wp:attachment":[{"href":"https:\/\/cevennesbienetre.fr\/index.php\/wp-json\/wp\/v2\/media?parent=9"}],"curies":[{"name":"wp","href":"https:\/\/api.w.org\/{rel}","templated":true}]}}