{"id":268,"date":"2018-04-24T11:23:09","date_gmt":"2018-04-24T09:23:09","guid":{"rendered":"http:\/\/cevennesbienetre.fr\/?page_id=268"},"modified":"2026-02-01T22:55:19","modified_gmt":"2026-02-01T21:55:19","slug":"tarifs-abonnements","status":"publish","type":"page","link":"https:\/\/cevennesbienetre.fr\/index.php\/tarifs\/tarifs-abonnements\/","title":{"rendered":"Tarifs, abonnements"},"content":{"rendered":"<h2>\u00a0 \u00a0 \u00a0 \u00a0 \u00a0 \u00a0 \u00a0 \u00a0 \u00a0 \u00a0 \u00a0 \u00a0 \u00a0 \u00a0 \u00a0 \u00a0 \u00a0 \u00a0 \u00a0 \u00a0 \u00a0 \u00a0Tarifs\u00a0<\/h2>\n<p>\u00a0\u00a0\u00a0<\/p>\n<h3>Massage bien-\u00eatre de 60mn : 70\u20ac<\/h3>\n<ul>\n<li>Californien<\/li>\n<li>\u00a0\u00bb Sur mesure \u00ab\u00a0<\/li>\n<li>Balinais ( Urut Pijat )<\/li>\n<li>Shirochampi, le cr\u00e2nien<\/li>\n<li>R\u00e9flexologie plantaire tha\u00ef et massage des pieds<\/li>\n<li>Le kobido (massage facial )<\/li>\n<li>Chi Nei Tsang (organes internes)<\/li>\n<li>Pr\u00e9natal<\/li>\n<li>Tuina minceur ( s\u00e9ance d\u00e9couverte )<\/li>\n<li>Ayurv\u00e9dique Abyanga 70\u20ac<\/li>\n<li>Tha\u00ef \u00e0 l&rsquo;huile ( Nuad Naman ) : 70\u20ac<\/li>\n<li>\u00a0\u00bb Le sportif \u00a0\u00bb : 70\u20ac<\/li>\n<\/ul>\n<h3><u>Autres massages de 60mn :<\/u>\u00a0<\/h3>\n<ul>\n<li>Pierres chaudes 80\u20ac<\/li>\n<li>Pochons d&rsquo;herbes \u00ab\u00a0kizhi\u00a0\u00bb : 80\u20ac<\/li>\n<li>le \u00ab\u00a0duo complice\u00a0\u00bb : 145\u20ac ( pour les 2 personnes )<\/li>\n<li>\u00ab\u00a0les 4 mains complices\u00a0\u00bb 145 \u20ac<\/li>\n<\/ul>\n<h3>Massage bien-\u00eatre de 90 mn :<\/h3>\n<ul>\n<li>Californien : 100\u20ac<\/li>\n<li>\u00a0\u00bb Sur mesure \u00a0\u00bb : 100\u20ac<\/li>\n<li>Tha\u00ef \u00e0 l&rsquo;huile : 100\u20ac<\/li>\n<li>\u00a0\u00bb Le sportif \u00a0\u00bb : 100\u20ac<\/li>\n<li>Pierres chaudes : 100\u20ac<\/li>\n<li>Ayurv\u00e9dique Abyanga : 100\u20ac<\/li>\n<li>Le \u00ab\u00a0duo complice\u00a0\u00bb : 200\u20ac\u00a0<\/li>\n<\/ul>\n<h3>Massage bien-\u00eatre de 120 mn :<\/h3>\n<ul>\n<li>Californien : 130\u20ac<\/li>\n<\/ul>\n<h3><u>Massage amma assis<\/u> entre 15 et 30mn\u00a0<\/h3>\n<h4>\u00a0Sur devis en entreprises ou \u00e9v\u00e8nements ( salon,foire&#8230; ) selon le nombre de personnes et la distance.<\/h4>\n<h3>Gommage : 40\u20ac<\/h3>\n<p>Gommage \u00e0 base de sel d&rsquo;Himalaya 100% naturel, huile de s\u00e9same bio, synergie d&rsquo;huiles essentielles bio de la marque OU gommage \u00e0 base de noyau d&rsquo;abricot et huile de macadamia selon l&rsquo;envie du moment.<\/p>\n<h3>Les forfaits :<\/h3>\n<p><strong>Cure de<\/strong> <strong>Tuina minceur :<\/strong><\/p>\n<ul>\n<li>1 s\u00e9ance : 70\u20ac\u00a0 \u00a0<\/li>\n<li>6 s\u00e9ances : 385\u20ac\u00a0 \u00a0<\/li>\n<li>10 s\u00e9ances : 620\u20ac\u00a0<\/li>\n<\/ul>\n<p><strong>Cure de Kobido :<\/strong><\/p>\n<ul>\n<li>1 s\u00e9ance : 70\u20ac<\/li>\n<li>en intensif : 6 s\u00e9ances : 385\u20ac\u00a0 \u00a0 \/ 10 s\u00e9ances : 620\u20ac\u00a0<\/li>\n<\/ul>\n<p><strong>S\u00e9ances de soins \u00e9nerg\u00e9tiques<\/strong>\u00a0:<\/p>\n<ul>\n<li>1 s\u00e9ance : 55\u20ac\u00a0\u00a0<\/li>\n<li>4 s\u00e9ances : 200\u20ac<\/li>\n<\/ul>\n<h3><strong>\u00ab\u00a0Les compl\u00e9ments\u00a0\u00bb :<\/strong><\/h3>\n<p>Cumulable ou au choix:<\/p>\n<ul>\n<li>Massage palmaire<\/li>\n<li>Massage plantaire<\/li>\n<li>Massage cuir chevelu<\/li>\n<li>D\u00e9couverte des bols tib\u00e9tains<\/li>\n<\/ul>\n<p>20\u20ac les 15mn<\/p>\n<h3>\u00a0\u00a0\u00a0Abonnements et fid\u00e9lit\u00e9 \u00a0<\/h3>\n<p>\u00a0\u00a0&#8211; Carte de 3 massages (sur la base d&rsquo;un massage \u00e0 70\u20ac) : 200\u20ac\u00a0\u00a0&#8211; Carte de 6 massages (sur la base d&rsquo;un massage \u00e0 70\u20ac) : 385\u20ac\u00a0\u00a0&#8211; Carte de 10 massages (sur la base d&rsquo;un massage \u00e0 70\u20ac) : 620\u20ac\u00a0\u00a0<\/p>\n<p>Autres tarifs \u00e0 me demander pour les massages au del\u00e0 de 70\u20ac.<\/p>\n<h2><strong>\u00a0 \u00a0 \u00a0 \u00a0 \u00a0 \u00a0 <\/strong><\/h2>\n<h2><strong>\u00a0 \u00a0 \u00a0 \u00a0 \u00a0 \u00a0 \u00a0 \u00a0 \u00a0 \u00a0 \u00a0\u00a0D\u00e9placements<\/strong><\/h2>\n<p>\u00a0<\/p>\n<ul>\n<li>Possibilit\u00e9 de d\u00e9placement en g\u00eete et domicile pour un minimum de 2 \u00e0 3 personnes<\/li>\n<\/ul>\n<p>\u00a0 \u00a0N&rsquo;h\u00e9sitez pas \u00e0 me demander pour les frais de d\u00e9placement calcul\u00e9s selon la distance kilom\u00e9trique.<\/p>\n<ul>\n<li>Suppl\u00e9ment \u00e0 pr\u00e9voir le dimanche et \u00e0 d\u00e9finir selon la distance et la dur\u00e9e.<\/li>\n<\/ul>\n<p>\u00a0\u00a0<\/p>\n<h2><strong>\u00a0 \u00a0 \u00a0 \u00a0 \u00a0 \u00a0Moyens de paiement :<\/strong><\/h2>\n<h4>\u00a0 \u00a0 \u00a0 \u00a0 \u00a0 \u00a0 \u00a0&#8211; Ch\u00e8que ou esp\u00e8ces<\/h4>\n<h4>\u00a0 \u00a0 \u00a0 \u00a0 \u00a0 \u00a0 \u00a0&#8211; Carte bancaire non accept\u00e9e\u00a0<\/h4>\n<p>\u00a0\u00a0<\/p>\n","protected":false},"excerpt":{"rendered":"<p>\u00a0 \u00a0 \u00a0 \u00a0 \u00a0 \u00a0 \u00a0 \u00a0 \u00a0 \u00a0 \u00a0 \u00a0 \u00a0 \u00a0 \u00a0 \u00a0 \u00a0 \u00a0 \u00a0 \u00a0 \u00a0 \u00a0Tarifs\u00a0 \u00a0\u00a0\u00a0 Massage bien-\u00eatre de 60mn : 70\u20ac Californien \u00a0\u00bb Sur mesure \u00ab\u00a0 Balinais ( Urut Pijat ) Shirochampi, le cr\u00e2nien R\u00e9flexologie plantaire tha\u00ef et massage des pieds Le kobido (massage facial ) Chi [&hellip;]<\/p>\n","protected":false},"author":1,"featured_media":0,"parent":264,"menu_order":0,"comment_status":"closed","ping_status":"closed","template":"","meta":{"_uag_custom_page_level_css":"","_swt_meta_header_display":false,"_swt_meta_footer_display":false,"_swt_meta_site_title_display":false,"_swt_meta_sticky_header":false,"_swt_meta_transparent_header":false,"footnotes":""},"class_list":["post-268","page","type-page","status-publish","hentry"],"yoast_head":"<!-- This site is optimized with the Yoast SEO plugin v27.5 - https:\/\/yoast.com\/product\/yoast-seo-wordpress\/ -->\n<title>Tarifs, abonnements - C\u00e9vennes Bien-\u00catre - Massages bien-\u00eatre et soins \u00e9nerg\u00e9tiques<\/title>\n<meta name=\"robots\" content=\"index, follow, max-snippet:-1, max-image-preview:large, max-video-preview:-1\" \/>\n<link rel=\"canonical\" href=\"https:\/\/cevennesbienetre.fr\/index.php\/tarifs\/tarifs-abonnements\/\" \/>\n<meta property=\"og:locale\" content=\"fr_FR\" \/>\n<meta property=\"og:type\" content=\"article\" \/>\n<meta property=\"og:title\" content=\"Tarifs, abonnements - C\u00e9vennes Bien-\u00catre - Massages bien-\u00eatre et soins \u00e9nerg\u00e9tiques\" \/>\n<meta property=\"og:description\" content=\"\u00a0 \u00a0 \u00a0 \u00a0 \u00a0 \u00a0 \u00a0 \u00a0 \u00a0 \u00a0 \u00a0 \u00a0 \u00a0 \u00a0 \u00a0 \u00a0 \u00a0 \u00a0 \u00a0 \u00a0 \u00a0 \u00a0Tarifs\u00a0 \u00a0\u00a0\u00a0 Massage bien-\u00eatre de 60mn : 70\u20ac Californien \u00a0\u00bb Sur mesure \u00ab\u00a0 Balinais ( Urut Pijat ) Shirochampi, le cr\u00e2nien R\u00e9flexologie plantaire tha\u00ef et massage des pieds Le kobido (massage facial ) Chi [&hellip;]\" \/>\n<meta property=\"og:url\" content=\"https:\/\/cevennesbienetre.fr\/index.php\/tarifs\/tarifs-abonnements\/\" \/>\n<meta property=\"og:site_name\" content=\"C\u00e9vennes Bien-\u00catre - Massages bien-\u00eatre et soins \u00e9nerg\u00e9tiques\" \/>\n<meta property=\"article:publisher\" content=\"https:\/\/www.facebook.com\/cevennesbienetre\" \/>\n<meta property=\"article:modified_time\" content=\"2026-02-01T21:55:19+00:00\" \/>\n<meta name=\"twitter:card\" content=\"summary_large_image\" \/>\n<meta name=\"twitter:label1\" content=\"Dur\u00e9e de lecture estim\u00e9e\" \/>\n\t<meta name=\"twitter:data1\" content=\"2 minutes\" \/>\n<script type=\"application\/ld+json\" class=\"yoast-schema-graph\">{\"@context\":\"https:\\\/\\\/schema.org\",\"@graph\":[{\"@type\":\"WebPage\",\"@id\":\"https:\\\/\\\/cevennesbienetre.fr\\\/index.php\\\/tarifs\\\/tarifs-abonnements\\\/\",\"url\":\"https:\\\/\\\/cevennesbienetre.fr\\\/index.php\\\/tarifs\\\/tarifs-abonnements\\\/\",\"name\":\"Tarifs, abonnements - C\u00e9vennes Bien-\u00catre - Massages bien-\u00eatre et soins \u00e9nerg\u00e9tiques\",\"isPartOf\":{\"@id\":\"https:\\\/\\\/cevennesbienetre.fr\\\/#website\"},\"datePublished\":\"2018-04-24T09:23:09+00:00\",\"dateModified\":\"2026-02-01T21:55:19+00:00\",\"breadcrumb\":{\"@id\":\"https:\\\/\\\/cevennesbienetre.fr\\\/index.php\\\/tarifs\\\/tarifs-abonnements\\\/#breadcrumb\"},\"inLanguage\":\"fr-FR\",\"potentialAction\":[{\"@type\":\"ReadAction\",\"target\":[\"https:\\\/\\\/cevennesbienetre.fr\\\/index.php\\\/tarifs\\\/tarifs-abonnements\\\/\"]}]},{\"@type\":\"BreadcrumbList\",\"@id\":\"https:\\\/\\\/cevennesbienetre.fr\\\/index.php\\\/tarifs\\\/tarifs-abonnements\\\/#breadcrumb\",\"itemListElement\":[{\"@type\":\"ListItem\",\"position\":1,\"name\":\"Accueil\",\"item\":\"https:\\\/\\\/cevennesbienetre.fr\\\/\"},{\"@type\":\"ListItem\",\"position\":2,\"name\":\"Tarifs\",\"item\":\"https:\\\/\\\/cevennesbienetre.fr\\\/index.php\\\/tarifs\\\/\"},{\"@type\":\"ListItem\",\"position\":3,\"name\":\"Tarifs, abonnements\"}]},{\"@type\":\"WebSite\",\"@id\":\"https:\\\/\\\/cevennesbienetre.fr\\\/#website\",\"url\":\"https:\\\/\\\/cevennesbienetre.fr\\\/\",\"name\":\"C\u00e9vennes Bien-\u00catre - Massages bien-\u00eatre et soins \u00e9nerg\u00e9tiques\",\"description\":\"\",\"publisher\":{\"@id\":\"https:\\\/\\\/cevennesbienetre.fr\\\/#organization\"},\"potentialAction\":[{\"@type\":\"SearchAction\",\"target\":{\"@type\":\"EntryPoint\",\"urlTemplate\":\"https:\\\/\\\/cevennesbienetre.fr\\\/?s={search_term_string}\"},\"query-input\":{\"@type\":\"PropertyValueSpecification\",\"valueRequired\":true,\"valueName\":\"search_term_string\"}}],\"inLanguage\":\"fr-FR\"},{\"@type\":\"Organization\",\"@id\":\"https:\\\/\\\/cevennesbienetre.fr\\\/#organization\",\"name\":\"C\u00e9vennes Bien-\u00catre - Massages bien-\u00eatre et soins \u00e9nerg\u00e9tiques\",\"url\":\"https:\\\/\\\/cevennesbienetre.fr\\\/\",\"logo\":{\"@type\":\"ImageObject\",\"inLanguage\":\"fr-FR\",\"@id\":\"https:\\\/\\\/cevennesbienetre.fr\\\/#\\\/schema\\\/logo\\\/image\\\/\",\"url\":\"https:\\\/\\\/cevennesbienetre.fr\\\/wp-content\\\/uploads\\\/2026\\\/02\\\/Logo_Final_Main_a_05-257x300-1-150x150-1.png\",\"contentUrl\":\"https:\\\/\\\/cevennesbienetre.fr\\\/wp-content\\\/uploads\\\/2026\\\/02\\\/Logo_Final_Main_a_05-257x300-1-150x150-1.png\",\"width\":150,\"height\":150,\"caption\":\"C\u00e9vennes Bien-\u00catre - Massages bien-\u00eatre et soins \u00e9nerg\u00e9tiques\"},\"image\":{\"@id\":\"https:\\\/\\\/cevennesbienetre.fr\\\/#\\\/schema\\\/logo\\\/image\\\/\"},\"sameAs\":[\"https:\\\/\\\/www.facebook.com\\\/cevennesbienetre\"]}]}<\/script>\n<!-- \/ Yoast SEO plugin. -->","yoast_head_json":{"title":"Tarifs, abonnements - C\u00e9vennes Bien-\u00catre - Massages bien-\u00eatre et soins \u00e9nerg\u00e9tiques","robots":{"index":"index","follow":"follow","max-snippet":"max-snippet:-1","max-image-preview":"max-image-preview:large","max-video-preview":"max-video-preview:-1"},"canonical":"https:\/\/cevennesbienetre.fr\/index.php\/tarifs\/tarifs-abonnements\/","og_locale":"fr_FR","og_type":"article","og_title":"Tarifs, abonnements - C\u00e9vennes Bien-\u00catre - Massages bien-\u00eatre et soins \u00e9nerg\u00e9tiques","og_description":"\u00a0 \u00a0 \u00a0 \u00a0 \u00a0 \u00a0 \u00a0 \u00a0 \u00a0 \u00a0 \u00a0 \u00a0 \u00a0 \u00a0 \u00a0 \u00a0 \u00a0 \u00a0 \u00a0 \u00a0 \u00a0 \u00a0Tarifs\u00a0 \u00a0\u00a0\u00a0 Massage bien-\u00eatre de 60mn : 70\u20ac Californien \u00a0\u00bb Sur mesure \u00ab\u00a0 Balinais ( Urut Pijat ) Shirochampi, le cr\u00e2nien R\u00e9flexologie plantaire tha\u00ef et massage des pieds Le kobido (massage facial ) Chi [&hellip;]","og_url":"https:\/\/cevennesbienetre.fr\/index.php\/tarifs\/tarifs-abonnements\/","og_site_name":"C\u00e9vennes Bien-\u00catre - Massages bien-\u00eatre et soins \u00e9nerg\u00e9tiques","article_publisher":"https:\/\/www.facebook.com\/cevennesbienetre","article_modified_time":"2026-02-01T21:55:19+00:00","twitter_card":"summary_large_image","twitter_misc":{"Dur\u00e9e de lecture estim\u00e9e":"2 minutes"},"schema":{"@context":"https:\/\/schema.org","@graph":[{"@type":"WebPage","@id":"https:\/\/cevennesbienetre.fr\/index.php\/tarifs\/tarifs-abonnements\/","url":"https:\/\/cevennesbienetre.fr\/index.php\/tarifs\/tarifs-abonnements\/","name":"Tarifs, abonnements - C\u00e9vennes Bien-\u00catre - Massages bien-\u00eatre et soins \u00e9nerg\u00e9tiques","isPartOf":{"@id":"https:\/\/cevennesbienetre.fr\/#website"},"datePublished":"2018-04-24T09:23:09+00:00","dateModified":"2026-02-01T21:55:19+00:00","breadcrumb":{"@id":"https:\/\/cevennesbienetre.fr\/index.php\/tarifs\/tarifs-abonnements\/#breadcrumb"},"inLanguage":"fr-FR","potentialAction":[{"@type":"ReadAction","target":["https:\/\/cevennesbienetre.fr\/index.php\/tarifs\/tarifs-abonnements\/"]}]},{"@type":"BreadcrumbList","@id":"https:\/\/cevennesbienetre.fr\/index.php\/tarifs\/tarifs-abonnements\/#breadcrumb","itemListElement":[{"@type":"ListItem","position":1,"name":"Accueil","item":"https:\/\/cevennesbienetre.fr\/"},{"@type":"ListItem","position":2,"name":"Tarifs","item":"https:\/\/cevennesbienetre.fr\/index.php\/tarifs\/"},{"@type":"ListItem","position":3,"name":"Tarifs, abonnements"}]},{"@type":"WebSite","@id":"https:\/\/cevennesbienetre.fr\/#website","url":"https:\/\/cevennesbienetre.fr\/","name":"C\u00e9vennes Bien-\u00catre - Massages bien-\u00eatre et soins \u00e9nerg\u00e9tiques","description":"","publisher":{"@id":"https:\/\/cevennesbienetre.fr\/#organization"},"potentialAction":[{"@type":"SearchAction","target":{"@type":"EntryPoint","urlTemplate":"https:\/\/cevennesbienetre.fr\/?s={search_term_string}"},"query-input":{"@type":"PropertyValueSpecification","valueRequired":true,"valueName":"search_term_string"}}],"inLanguage":"fr-FR"},{"@type":"Organization","@id":"https:\/\/cevennesbienetre.fr\/#organization","name":"C\u00e9vennes Bien-\u00catre - Massages bien-\u00eatre et soins \u00e9nerg\u00e9tiques","url":"https:\/\/cevennesbienetre.fr\/","logo":{"@type":"ImageObject","inLanguage":"fr-FR","@id":"https:\/\/cevennesbienetre.fr\/#\/schema\/logo\/image\/","url":"https:\/\/cevennesbienetre.fr\/wp-content\/uploads\/2026\/02\/Logo_Final_Main_a_05-257x300-1-150x150-1.png","contentUrl":"https:\/\/cevennesbienetre.fr\/wp-content\/uploads\/2026\/02\/Logo_Final_Main_a_05-257x300-1-150x150-1.png","width":150,"height":150,"caption":"C\u00e9vennes Bien-\u00catre - Massages bien-\u00eatre et soins \u00e9nerg\u00e9tiques"},"image":{"@id":"https:\/\/cevennesbienetre.fr\/#\/schema\/logo\/image\/"},"sameAs":["https:\/\/www.facebook.com\/cevennesbienetre"]}]}},"uagb_featured_image_src":{"full":false,"thumbnail":false,"medium":false,"medium_large":false,"large":false,"1536x1536":false,"2048x2048":false,"woocommerce_thumbnail":false,"woocommerce_single":false,"woocommerce_gallery_thumbnail":false},"uagb_author_info":{"display_name":"admin6017","author_link":"https:\/\/cevennesbienetre.fr\/index.php\/author\/admin6017\/"},"uagb_comment_info":0,"uagb_excerpt":"\u00a0 \u00a0 \u00a0 \u00a0 \u00a0 \u00a0 \u00a0 \u00a0 \u00a0 \u00a0 \u00a0 \u00a0 \u00a0 \u00a0 \u00a0 \u00a0 \u00a0 \u00a0 \u00a0 \u00a0 \u00a0 \u00a0Tarifs\u00a0 \u00a0\u00a0\u00a0 Massage bien-\u00eatre de 60mn : 70\u20ac Californien \u00a0\u00bb Sur mesure \u00ab\u00a0 Balinais ( Urut Pijat ) Shirochampi, le cr\u00e2nien R\u00e9flexologie plantaire tha\u00ef et massage des pieds Le kobido (massage facial ) Chi\u2026","_links":{"self":[{"href":"https:\/\/cevennesbienetre.fr\/index.php\/wp-json\/wp\/v2\/pages\/268","targetHints":{"allow":["GET"]}}],"collection":[{"href":"https:\/\/cevennesbienetre.fr\/index.php\/wp-json\/wp\/v2\/pages"}],"about":[{"href":"https:\/\/cevennesbienetre.fr\/index.php\/wp-json\/wp\/v2\/types\/page"}],"author":[{"embeddable":true,"href":"https:\/\/cevennesbienetre.fr\/index.php\/wp-json\/wp\/v2\/users\/1"}],"replies":[{"embeddable":true,"href":"https:\/\/cevennesbienetre.fr\/index.php\/wp-json\/wp\/v2\/comments?post=268"}],"version-history":[{"count":194,"href":"https:\/\/cevennesbienetre.fr\/index.php\/wp-json\/wp\/v2\/pages\/268\/revisions"}],"predecessor-version":[{"id":3297,"href":"https:\/\/cevennesbienetre.fr\/index.php\/wp-json\/wp\/v2\/pages\/268\/revisions\/3297"}],"up":[{"embeddable":true,"href":"https:\/\/cevennesbienetre.fr\/index.php\/wp-json\/wp\/v2\/pages\/264"}],"wp:attachment":[{"href":"https:\/\/cevennesbienetre.fr\/index.php\/wp-json\/wp\/v2\/media?parent=268"}],"curies":[{"name":"wp","href":"https:\/\/api.w.org\/{rel}","templated":true}]}}