{"id":237,"date":"2018-04-24T11:01:36","date_gmt":"2018-04-24T09:01:36","guid":{"rendered":"http:\/\/cevennesbienetre.fr\/?page_id=237"},"modified":"2024-04-06T22:35:58","modified_gmt":"2024-04-06T20:35:58","slug":"gommage-corps","status":"publish","type":"page","link":"https:\/\/cevennesbienetre.fr\/index.php\/gommage-corps\/","title":{"rendered":"Gommage corps"},"content":{"rendered":"<p><img decoding=\"async\" width=\"748\" height=\"528\" src=\"https:\/\/cevennesbienetre.fr\/wp-content\/uploads\/2018\/05\/spa-bath_925x.png\" alt=\"\" loading=\"lazy\" srcset=\"https:\/\/cevennesbienetre.fr\/wp-content\/uploads\/2018\/05\/spa-bath_925x.png 748w, https:\/\/cevennesbienetre.fr\/wp-content\/uploads\/2018\/05\/spa-bath_925x-300x212.png 300w\" sizes=\"auto, (max-width: 748px) 100vw, 748px\" \/>\t\t\t\t\t\t\t\t\t\t\t\t\t\t\t<\/p>\n<h2><strong>Gommage du corps<\/strong><\/h2>\n<p>A base de sel d\u2019Himalaya 100% naturel, huile d&rsquo;amande douce et huiles essentielles bio de la marque Alt\u00e9arah OU<\/p>\n<p>Gommage de la marque Greenspa, cosm\u00e9tiques biologiques et eco-responsables. \u00e0 base de noyau d&rsquo;abricot et huile de macadamia parfum\u00e9 au mono\u00ef ou agrumes selon l&rsquo;envie du moment !\u00a0\u00a0<\/p>\n<p>Ces composants en font son efficacit\u00e9 et les bons gestes \u00e9galement.<\/p>\n<p>Je pratique le gommage avec de lents gestes amples et circulaires sur l\u2019ensemble du corps afin d\u2019apporter une profonde d\u00e9tente et relaxation.<\/p>\n<p>J&rsquo;insiste sur les zones les plus s\u00e8ches telles que les genoux, les coudes, la plante des pieds en mouvements doux.<\/p>\n<p>Ce gommage du corps naturel va aider \u00e0 \u00e9liminer les toxines et l\u2019acidit\u00e9. Il est \u00e0 la fois <strong>exfoliant, remin\u00e9ralisant et hydratant<\/strong> pour une peau plus et douce et satin\u00e9e.<\/p>\n<p>Les cellules mortes de la peau seront alors \u00e9limin\u00e9es pour une <strong>peau r\u00e9g\u00e9n\u00e9r\u00e9e, douce<\/strong> et un grain de peau affin\u00e9 et satin\u00e9.<\/p>\n<p>Il est pratiqu\u00e9 id\u00e9alement avant un massage.\u00a0<\/p>\n<p><em>Qu\u2019attendez-vous pour faire peau neuve !<\/em><\/p>\n<p><strong>40\u20ac<\/strong><\/p>\n<p><strong>\u00a0<\/strong><\/p>\n<p>\t\t\t\t\t\t\t\t\t\t\t\t\t\t\t<img decoding=\"async\" width=\"768\" height=\"565\" src=\"https:\/\/cevennesbienetre.fr\/wp-content\/uploads\/2018\/05\/spa-tools-and-decorations_925x-768x565.png\" alt=\"\" loading=\"lazy\" srcset=\"https:\/\/cevennesbienetre.fr\/wp-content\/uploads\/2018\/05\/spa-tools-and-decorations_925x-768x565.png 768w, https:\/\/cevennesbienetre.fr\/wp-content\/uploads\/2018\/05\/spa-tools-and-decorations_925x-300x221.png 300w, https:\/\/cevennesbienetre.fr\/wp-content\/uploads\/2018\/05\/spa-tools-and-decorations_925x.png 787w\" sizes=\"auto, (max-width: 768px) 100vw, 768px\" \/><\/p>\n","protected":false},"excerpt":{"rendered":"<p>Gommage du corps A base de sel d\u2019Himalaya 100% naturel, huile d&rsquo;amande douce et huiles essentielles bio de la marque Alt\u00e9arah OU Gommage de la marque Greenspa, cosm\u00e9tiques biologiques et eco-responsables. \u00e0 base de noyau d&rsquo;abricot et huile de macadamia parfum\u00e9 au mono\u00ef ou agrumes selon l&rsquo;envie du moment !\u00a0\u00a0 Ces composants en font son [&hellip;]<\/p>\n","protected":false},"author":1,"featured_media":0,"parent":0,"menu_order":0,"comment_status":"closed","ping_status":"closed","template":"","meta":{"_uag_custom_page_level_css":"","_swt_meta_header_display":false,"_swt_meta_footer_display":false,"_swt_meta_site_title_display":false,"_swt_meta_sticky_header":false,"_swt_meta_transparent_header":false,"footnotes":""},"class_list":["post-237","page","type-page","status-publish","hentry"],"yoast_head":"<!-- This site is optimized with the Yoast SEO plugin v27.6 - https:\/\/yoast.com\/product\/yoast-seo-wordpress\/ -->\n<title>Gommage corps - C\u00e9vennes Bien-\u00catre - Massages bien-\u00eatre et soins \u00e9nerg\u00e9tiques<\/title>\n<meta name=\"robots\" content=\"index, follow, max-snippet:-1, max-image-preview:large, max-video-preview:-1\" \/>\n<link rel=\"canonical\" href=\"https:\/\/cevennesbienetre.fr\/index.php\/gommage-corps\/\" \/>\n<meta property=\"og:locale\" content=\"fr_FR\" \/>\n<meta property=\"og:type\" content=\"article\" \/>\n<meta property=\"og:title\" content=\"Gommage corps - C\u00e9vennes Bien-\u00catre - Massages bien-\u00eatre et soins \u00e9nerg\u00e9tiques\" \/>\n<meta property=\"og:description\" content=\"Gommage du corps A base de sel d\u2019Himalaya 100% naturel, huile d&rsquo;amande douce et huiles essentielles bio de la marque Alt\u00e9arah OU Gommage de la marque Greenspa, cosm\u00e9tiques biologiques et eco-responsables. \u00e0 base de noyau d&rsquo;abricot et huile de macadamia parfum\u00e9 au mono\u00ef ou agrumes selon l&rsquo;envie du moment !\u00a0\u00a0 Ces composants en font son [&hellip;]\" \/>\n<meta property=\"og:url\" content=\"https:\/\/cevennesbienetre.fr\/index.php\/gommage-corps\/\" \/>\n<meta property=\"og:site_name\" content=\"C\u00e9vennes Bien-\u00catre - Massages bien-\u00eatre et soins \u00e9nerg\u00e9tiques\" \/>\n<meta property=\"article:publisher\" content=\"https:\/\/www.facebook.com\/cevennesbienetre\" \/>\n<meta property=\"article:modified_time\" content=\"2024-04-06T20:35:58+00:00\" \/>\n<meta property=\"og:image\" content=\"https:\/\/cevennesbienetre.fr\/wp-content\/uploads\/2018\/05\/spa-bath_925x.png\" \/>\n<meta name=\"twitter:card\" content=\"summary_large_image\" \/>\n<meta name=\"twitter:label1\" content=\"Dur\u00e9e de lecture estim\u00e9e\" \/>\n\t<meta name=\"twitter:data1\" content=\"3 minutes\" \/>\n<script type=\"application\/ld+json\" class=\"yoast-schema-graph\">{\"@context\":\"https:\\\/\\\/schema.org\",\"@graph\":[{\"@type\":\"WebPage\",\"@id\":\"https:\\\/\\\/cevennesbienetre.fr\\\/index.php\\\/gommage-corps\\\/\",\"url\":\"https:\\\/\\\/cevennesbienetre.fr\\\/index.php\\\/gommage-corps\\\/\",\"name\":\"Gommage corps - C\u00e9vennes Bien-\u00catre - Massages bien-\u00eatre et soins \u00e9nerg\u00e9tiques\",\"isPartOf\":{\"@id\":\"https:\\\/\\\/cevennesbienetre.fr\\\/#website\"},\"primaryImageOfPage\":{\"@id\":\"https:\\\/\\\/cevennesbienetre.fr\\\/index.php\\\/gommage-corps\\\/#primaryimage\"},\"image\":{\"@id\":\"https:\\\/\\\/cevennesbienetre.fr\\\/index.php\\\/gommage-corps\\\/#primaryimage\"},\"thumbnailUrl\":\"https:\\\/\\\/cevennesbienetre.fr\\\/wp-content\\\/uploads\\\/2018\\\/05\\\/spa-bath_925x.png\",\"datePublished\":\"2018-04-24T09:01:36+00:00\",\"dateModified\":\"2024-04-06T20:35:58+00:00\",\"breadcrumb\":{\"@id\":\"https:\\\/\\\/cevennesbienetre.fr\\\/index.php\\\/gommage-corps\\\/#breadcrumb\"},\"inLanguage\":\"fr-FR\",\"potentialAction\":[{\"@type\":\"ReadAction\",\"target\":[\"https:\\\/\\\/cevennesbienetre.fr\\\/index.php\\\/gommage-corps\\\/\"]}]},{\"@type\":\"ImageObject\",\"inLanguage\":\"fr-FR\",\"@id\":\"https:\\\/\\\/cevennesbienetre.fr\\\/index.php\\\/gommage-corps\\\/#primaryimage\",\"url\":\"https:\\\/\\\/cevennesbienetre.fr\\\/wp-content\\\/uploads\\\/2018\\\/05\\\/spa-bath_925x.png\",\"contentUrl\":\"https:\\\/\\\/cevennesbienetre.fr\\\/wp-content\\\/uploads\\\/2018\\\/05\\\/spa-bath_925x.png\",\"width\":748,\"height\":528},{\"@type\":\"BreadcrumbList\",\"@id\":\"https:\\\/\\\/cevennesbienetre.fr\\\/index.php\\\/gommage-corps\\\/#breadcrumb\",\"itemListElement\":[{\"@type\":\"ListItem\",\"position\":1,\"name\":\"Accueil\",\"item\":\"https:\\\/\\\/cevennesbienetre.fr\\\/\"},{\"@type\":\"ListItem\",\"position\":2,\"name\":\"Gommage corps\"}]},{\"@type\":\"WebSite\",\"@id\":\"https:\\\/\\\/cevennesbienetre.fr\\\/#website\",\"url\":\"https:\\\/\\\/cevennesbienetre.fr\\\/\",\"name\":\"C\u00e9vennes Bien-\u00catre - Massages bien-\u00eatre et soins \u00e9nerg\u00e9tiques\",\"description\":\"\",\"publisher\":{\"@id\":\"https:\\\/\\\/cevennesbienetre.fr\\\/#organization\"},\"potentialAction\":[{\"@type\":\"SearchAction\",\"target\":{\"@type\":\"EntryPoint\",\"urlTemplate\":\"https:\\\/\\\/cevennesbienetre.fr\\\/?s={search_term_string}\"},\"query-input\":{\"@type\":\"PropertyValueSpecification\",\"valueRequired\":true,\"valueName\":\"search_term_string\"}}],\"inLanguage\":\"fr-FR\"},{\"@type\":\"Organization\",\"@id\":\"https:\\\/\\\/cevennesbienetre.fr\\\/#organization\",\"name\":\"C\u00e9vennes Bien-\u00catre - Massages bien-\u00eatre et soins \u00e9nerg\u00e9tiques\",\"url\":\"https:\\\/\\\/cevennesbienetre.fr\\\/\",\"logo\":{\"@type\":\"ImageObject\",\"inLanguage\":\"fr-FR\",\"@id\":\"https:\\\/\\\/cevennesbienetre.fr\\\/#\\\/schema\\\/logo\\\/image\\\/\",\"url\":\"https:\\\/\\\/cevennesbienetre.fr\\\/wp-content\\\/uploads\\\/2026\\\/02\\\/Logo_Final_Main_a_05-257x300-1-150x150-1.png\",\"contentUrl\":\"https:\\\/\\\/cevennesbienetre.fr\\\/wp-content\\\/uploads\\\/2026\\\/02\\\/Logo_Final_Main_a_05-257x300-1-150x150-1.png\",\"width\":150,\"height\":150,\"caption\":\"C\u00e9vennes Bien-\u00catre - Massages bien-\u00eatre et soins \u00e9nerg\u00e9tiques\"},\"image\":{\"@id\":\"https:\\\/\\\/cevennesbienetre.fr\\\/#\\\/schema\\\/logo\\\/image\\\/\"},\"sameAs\":[\"https:\\\/\\\/www.facebook.com\\\/cevennesbienetre\"]}]}<\/script>\n<!-- \/ Yoast SEO plugin. -->","yoast_head_json":{"title":"Gommage corps - C\u00e9vennes Bien-\u00catre - Massages bien-\u00eatre et soins \u00e9nerg\u00e9tiques","robots":{"index":"index","follow":"follow","max-snippet":"max-snippet:-1","max-image-preview":"max-image-preview:large","max-video-preview":"max-video-preview:-1"},"canonical":"https:\/\/cevennesbienetre.fr\/index.php\/gommage-corps\/","og_locale":"fr_FR","og_type":"article","og_title":"Gommage corps - C\u00e9vennes Bien-\u00catre - Massages bien-\u00eatre et soins \u00e9nerg\u00e9tiques","og_description":"Gommage du corps A base de sel d\u2019Himalaya 100% naturel, huile d&rsquo;amande douce et huiles essentielles bio de la marque Alt\u00e9arah OU Gommage de la marque Greenspa, cosm\u00e9tiques biologiques et eco-responsables. \u00e0 base de noyau d&rsquo;abricot et huile de macadamia parfum\u00e9 au mono\u00ef ou agrumes selon l&rsquo;envie du moment !\u00a0\u00a0 Ces composants en font son [&hellip;]","og_url":"https:\/\/cevennesbienetre.fr\/index.php\/gommage-corps\/","og_site_name":"C\u00e9vennes Bien-\u00catre - Massages bien-\u00eatre et soins \u00e9nerg\u00e9tiques","article_publisher":"https:\/\/www.facebook.com\/cevennesbienetre","article_modified_time":"2024-04-06T20:35:58+00:00","og_image":[{"url":"https:\/\/cevennesbienetre.fr\/wp-content\/uploads\/2018\/05\/spa-bath_925x.png","type":"","width":"","height":""}],"twitter_card":"summary_large_image","twitter_misc":{"Dur\u00e9e de lecture estim\u00e9e":"3 minutes"},"schema":{"@context":"https:\/\/schema.org","@graph":[{"@type":"WebPage","@id":"https:\/\/cevennesbienetre.fr\/index.php\/gommage-corps\/","url":"https:\/\/cevennesbienetre.fr\/index.php\/gommage-corps\/","name":"Gommage corps - C\u00e9vennes Bien-\u00catre - Massages bien-\u00eatre et soins \u00e9nerg\u00e9tiques","isPartOf":{"@id":"https:\/\/cevennesbienetre.fr\/#website"},"primaryImageOfPage":{"@id":"https:\/\/cevennesbienetre.fr\/index.php\/gommage-corps\/#primaryimage"},"image":{"@id":"https:\/\/cevennesbienetre.fr\/index.php\/gommage-corps\/#primaryimage"},"thumbnailUrl":"https:\/\/cevennesbienetre.fr\/wp-content\/uploads\/2018\/05\/spa-bath_925x.png","datePublished":"2018-04-24T09:01:36+00:00","dateModified":"2024-04-06T20:35:58+00:00","breadcrumb":{"@id":"https:\/\/cevennesbienetre.fr\/index.php\/gommage-corps\/#breadcrumb"},"inLanguage":"fr-FR","potentialAction":[{"@type":"ReadAction","target":["https:\/\/cevennesbienetre.fr\/index.php\/gommage-corps\/"]}]},{"@type":"ImageObject","inLanguage":"fr-FR","@id":"https:\/\/cevennesbienetre.fr\/index.php\/gommage-corps\/#primaryimage","url":"https:\/\/cevennesbienetre.fr\/wp-content\/uploads\/2018\/05\/spa-bath_925x.png","contentUrl":"https:\/\/cevennesbienetre.fr\/wp-content\/uploads\/2018\/05\/spa-bath_925x.png","width":748,"height":528},{"@type":"BreadcrumbList","@id":"https:\/\/cevennesbienetre.fr\/index.php\/gommage-corps\/#breadcrumb","itemListElement":[{"@type":"ListItem","position":1,"name":"Accueil","item":"https:\/\/cevennesbienetre.fr\/"},{"@type":"ListItem","position":2,"name":"Gommage corps"}]},{"@type":"WebSite","@id":"https:\/\/cevennesbienetre.fr\/#website","url":"https:\/\/cevennesbienetre.fr\/","name":"C\u00e9vennes Bien-\u00catre - Massages bien-\u00eatre et soins \u00e9nerg\u00e9tiques","description":"","publisher":{"@id":"https:\/\/cevennesbienetre.fr\/#organization"},"potentialAction":[{"@type":"SearchAction","target":{"@type":"EntryPoint","urlTemplate":"https:\/\/cevennesbienetre.fr\/?s={search_term_string}"},"query-input":{"@type":"PropertyValueSpecification","valueRequired":true,"valueName":"search_term_string"}}],"inLanguage":"fr-FR"},{"@type":"Organization","@id":"https:\/\/cevennesbienetre.fr\/#organization","name":"C\u00e9vennes Bien-\u00catre - Massages bien-\u00eatre et soins \u00e9nerg\u00e9tiques","url":"https:\/\/cevennesbienetre.fr\/","logo":{"@type":"ImageObject","inLanguage":"fr-FR","@id":"https:\/\/cevennesbienetre.fr\/#\/schema\/logo\/image\/","url":"https:\/\/cevennesbienetre.fr\/wp-content\/uploads\/2026\/02\/Logo_Final_Main_a_05-257x300-1-150x150-1.png","contentUrl":"https:\/\/cevennesbienetre.fr\/wp-content\/uploads\/2026\/02\/Logo_Final_Main_a_05-257x300-1-150x150-1.png","width":150,"height":150,"caption":"C\u00e9vennes Bien-\u00catre - Massages bien-\u00eatre et soins \u00e9nerg\u00e9tiques"},"image":{"@id":"https:\/\/cevennesbienetre.fr\/#\/schema\/logo\/image\/"},"sameAs":["https:\/\/www.facebook.com\/cevennesbienetre"]}]}},"uagb_featured_image_src":{"full":false,"thumbnail":false,"medium":false,"medium_large":false,"large":false,"1536x1536":false,"2048x2048":false,"woocommerce_thumbnail":false,"woocommerce_single":false,"woocommerce_gallery_thumbnail":false},"uagb_author_info":{"display_name":"admin6017","author_link":"https:\/\/cevennesbienetre.fr\/index.php\/author\/admin6017\/"},"uagb_comment_info":0,"uagb_excerpt":"Gommage du corps A base de sel d\u2019Himalaya 100% naturel, huile d&rsquo;amande douce et huiles essentielles bio de la marque Alt\u00e9arah OU Gommage de la marque Greenspa, cosm\u00e9tiques biologiques et eco-responsables. \u00e0 base de noyau d&rsquo;abricot et huile de macadamia parfum\u00e9 au mono\u00ef ou agrumes selon l&rsquo;envie du moment !\u00a0\u00a0 Ces composants en font son\u2026","_links":{"self":[{"href":"https:\/\/cevennesbienetre.fr\/index.php\/wp-json\/wp\/v2\/pages\/237","targetHints":{"allow":["GET"]}}],"collection":[{"href":"https:\/\/cevennesbienetre.fr\/index.php\/wp-json\/wp\/v2\/pages"}],"about":[{"href":"https:\/\/cevennesbienetre.fr\/index.php\/wp-json\/wp\/v2\/types\/page"}],"author":[{"embeddable":true,"href":"https:\/\/cevennesbienetre.fr\/index.php\/wp-json\/wp\/v2\/users\/1"}],"replies":[{"embeddable":true,"href":"https:\/\/cevennesbienetre.fr\/index.php\/wp-json\/wp\/v2\/comments?post=237"}],"version-history":[{"count":42,"href":"https:\/\/cevennesbienetre.fr\/index.php\/wp-json\/wp\/v2\/pages\/237\/revisions"}],"predecessor-version":[{"id":2887,"href":"https:\/\/cevennesbienetre.fr\/index.php\/wp-json\/wp\/v2\/pages\/237\/revisions\/2887"}],"wp:attachment":[{"href":"https:\/\/cevennesbienetre.fr\/index.php\/wp-json\/wp\/v2\/media?parent=237"}],"curies":[{"name":"wp","href":"https:\/\/api.w.org\/{rel}","templated":true}]}}