{"id":233,"date":"2018-04-24T11:01:01","date_gmt":"2018-04-24T09:01:01","guid":{"rendered":"http:\/\/cevennesbienetre.fr\/?page_id=233"},"modified":"2026-01-01T21:50:05","modified_gmt":"2026-01-01T20:50:05","slug":"le-sur-mesure","status":"publish","type":"page","link":"https:\/\/cevennesbienetre.fr\/index.php\/le-sur-mesure\/","title":{"rendered":"Le \u00a0\u00bb Sur Mesure \u00ab\u00a0"},"content":{"rendered":"<p><img decoding=\"async\" width=\"768\" height=\"576\" src=\"https:\/\/cevennesbienetre.fr\/wp-content\/uploads\/2020\/03\/deep-tisuue-1-768x576.jpg\" alt=\"\" loading=\"lazy\" srcset=\"https:\/\/cevennesbienetre.fr\/wp-content\/uploads\/2020\/03\/deep-tisuue-1-768x576.jpg 768w, https:\/\/cevennesbienetre.fr\/wp-content\/uploads\/2020\/03\/deep-tisuue-1-300x225.jpg 300w, https:\/\/cevennesbienetre.fr\/wp-content\/uploads\/2020\/03\/deep-tisuue-1-1024x768.jpg 1024w, https:\/\/cevennesbienetre.fr\/wp-content\/uploads\/2020\/03\/deep-tisuue-1-500x375.jpg 500w, https:\/\/cevennesbienetre.fr\/wp-content\/uploads\/2020\/03\/deep-tisuue-1-800x600.jpg 800w, https:\/\/cevennesbienetre.fr\/wp-content\/uploads\/2020\/03\/deep-tisuue-1.jpg 1280w\" sizes=\"auto, (max-width: 768px) 100vw, 768px\" \/>\t\t\t\t\t\t\t\t\t\t\t\t\t\t\t<\/p>\n<p>Le massage <strong>\u00a0\u00bb Sur Mesure\u00a0\u00bb<\/strong> est <strong>un toucher unique et personnalis\u00e9<\/strong> selon vos besoins du moment.<\/p>\n<p>J&rsquo;utilise diff\u00e9rentes techniques ainsi que mon ressenti afin d&rsquo;\u00eatre au plus pr\u00e9s de vos besoins.<\/p>\n<p>Il s&rsquo;adapte \u00e0 tous les besoins physiques et toutes les morphologies.<\/p>\n<p>Ce massage \u00a0peut se concentrer sur une ou plusieurs parties du corps :<\/p>\n<p>\u00a0<\/p>\n<p>\u00a0<b>E<u>xemple<\/u><\/b>\u00a0:\u00a0<\/p>\n<p>&#8211; dos uniquement<\/p>\n<p>&#8211; dos- jambes\u00a0<\/p>\n<p>\u00a0&#8211; Mains-pieds-cuir chevelu<\/p>\n<p>\u00a0&#8211; Face post\u00e9rieure ou ant\u00e9rieure du corps<\/p>\n<p>&#8211;\u00a0 Groupe de muscles<\/p>\n<p>\u00a0 \u00a0 \u00a0 Etc&#8230;<\/p>\n<p>\u00a0<\/p>\n<p>C&rsquo;est vous qui <strong>composez<\/strong> <strong>\u00ab\u00a0VOTRE\u00a0\u00bb massage<\/strong> bas\u00e9 sur vos tensions musculaires, vos douleurs ou parties que vous appr\u00e9ciez le plus afin d&rsquo;oublier le stress et les tensions du quotidien et de vous accorder une belle pause d\u00e9tente.<\/p>\n<p>Ainsi vous pourrez vous-m\u00eame choisir la zone ou les zones souhait\u00e9e (s) avec mes conseils au pr\u00e9alable si vous le souhaitez.<\/p>\n<p>Chaque massage est unique.<\/p>\n<h4>60 mn : 70\u20ac<\/h4>\n<h4>90 mn : 100\u20ac<\/h4>\n<h4>120 mn : 130\u20ac<\/h4>\n","protected":false},"excerpt":{"rendered":"<p>Le massage \u00a0\u00bb Sur Mesure\u00a0\u00bb est un toucher unique et personnalis\u00e9 selon vos besoins du moment. J&rsquo;utilise diff\u00e9rentes techniques ainsi que mon ressenti afin d&rsquo;\u00eatre au plus pr\u00e9s de vos besoins. Il s&rsquo;adapte \u00e0 tous les besoins physiques et toutes les morphologies. Ce massage \u00a0peut se concentrer sur une ou plusieurs parties du corps : [&hellip;]<\/p>\n","protected":false},"author":1,"featured_media":0,"parent":0,"menu_order":0,"comment_status":"closed","ping_status":"closed","template":"","meta":{"_uag_custom_page_level_css":"","_swt_meta_header_display":false,"_swt_meta_footer_display":false,"_swt_meta_site_title_display":false,"_swt_meta_sticky_header":false,"_swt_meta_transparent_header":false,"footnotes":""},"class_list":["post-233","page","type-page","status-publish","hentry"],"yoast_head":"<!-- This site is optimized with the Yoast SEO plugin v27.5 - https:\/\/yoast.com\/product\/yoast-seo-wordpress\/ -->\n<title>Le &quot; Sur Mesure &quot; - C\u00e9vennes Bien-\u00catre - Massages bien-\u00eatre et soins \u00e9nerg\u00e9tiques<\/title>\n<meta name=\"robots\" content=\"index, follow, max-snippet:-1, max-image-preview:large, max-video-preview:-1\" \/>\n<link rel=\"canonical\" href=\"https:\/\/cevennesbienetre.fr\/index.php\/le-sur-mesure\/\" \/>\n<meta property=\"og:locale\" content=\"fr_FR\" \/>\n<meta property=\"og:type\" content=\"article\" \/>\n<meta property=\"og:title\" content=\"Le &quot; Sur Mesure &quot; - C\u00e9vennes Bien-\u00catre - Massages bien-\u00eatre et soins \u00e9nerg\u00e9tiques\" \/>\n<meta property=\"og:description\" content=\"Le massage \u00a0\u00bb Sur Mesure\u00a0\u00bb est un toucher unique et personnalis\u00e9 selon vos besoins du moment. J&rsquo;utilise diff\u00e9rentes techniques ainsi que mon ressenti afin d&rsquo;\u00eatre au plus pr\u00e9s de vos besoins. Il s&rsquo;adapte \u00e0 tous les besoins physiques et toutes les morphologies. Ce massage \u00a0peut se concentrer sur une ou plusieurs parties du corps : [&hellip;]\" \/>\n<meta property=\"og:url\" content=\"https:\/\/cevennesbienetre.fr\/index.php\/le-sur-mesure\/\" \/>\n<meta property=\"og:site_name\" content=\"C\u00e9vennes Bien-\u00catre - Massages bien-\u00eatre et soins \u00e9nerg\u00e9tiques\" \/>\n<meta property=\"article:publisher\" content=\"https:\/\/www.facebook.com\/cevennesbienetre\" \/>\n<meta property=\"article:modified_time\" content=\"2026-01-01T20:50:05+00:00\" \/>\n<meta property=\"og:image\" content=\"https:\/\/cevennesbienetre.fr\/wp-content\/uploads\/2020\/03\/deep-tisuue-1.jpg\" \/>\n\t<meta property=\"og:image:width\" content=\"1280\" \/>\n\t<meta property=\"og:image:height\" content=\"960\" \/>\n\t<meta property=\"og:image:type\" content=\"image\/jpeg\" \/>\n<meta name=\"twitter:card\" content=\"summary_large_image\" \/>\n<meta name=\"twitter:label1\" content=\"Dur\u00e9e de lecture estim\u00e9e\" \/>\n\t<meta name=\"twitter:data1\" content=\"1 minute\" \/>\n<script type=\"application\/ld+json\" class=\"yoast-schema-graph\">{\"@context\":\"https:\\\/\\\/schema.org\",\"@graph\":[{\"@type\":\"WebPage\",\"@id\":\"https:\\\/\\\/cevennesbienetre.fr\\\/index.php\\\/le-sur-mesure\\\/\",\"url\":\"https:\\\/\\\/cevennesbienetre.fr\\\/index.php\\\/le-sur-mesure\\\/\",\"name\":\"Le \\\" Sur Mesure \\\" - C\u00e9vennes Bien-\u00catre - Massages bien-\u00eatre et soins \u00e9nerg\u00e9tiques\",\"isPartOf\":{\"@id\":\"https:\\\/\\\/cevennesbienetre.fr\\\/#website\"},\"primaryImageOfPage\":{\"@id\":\"https:\\\/\\\/cevennesbienetre.fr\\\/index.php\\\/le-sur-mesure\\\/#primaryimage\"},\"image\":{\"@id\":\"https:\\\/\\\/cevennesbienetre.fr\\\/index.php\\\/le-sur-mesure\\\/#primaryimage\"},\"thumbnailUrl\":\"https:\\\/\\\/cevennesbienetre.fr\\\/wp-content\\\/uploads\\\/2020\\\/03\\\/deep-tisuue-1-768x576.jpg\",\"datePublished\":\"2018-04-24T09:01:01+00:00\",\"dateModified\":\"2026-01-01T20:50:05+00:00\",\"breadcrumb\":{\"@id\":\"https:\\\/\\\/cevennesbienetre.fr\\\/index.php\\\/le-sur-mesure\\\/#breadcrumb\"},\"inLanguage\":\"fr-FR\",\"potentialAction\":[{\"@type\":\"ReadAction\",\"target\":[\"https:\\\/\\\/cevennesbienetre.fr\\\/index.php\\\/le-sur-mesure\\\/\"]}]},{\"@type\":\"ImageObject\",\"inLanguage\":\"fr-FR\",\"@id\":\"https:\\\/\\\/cevennesbienetre.fr\\\/index.php\\\/le-sur-mesure\\\/#primaryimage\",\"url\":\"https:\\\/\\\/cevennesbienetre.fr\\\/wp-content\\\/uploads\\\/2020\\\/03\\\/deep-tisuue-1.jpg\",\"contentUrl\":\"https:\\\/\\\/cevennesbienetre.fr\\\/wp-content\\\/uploads\\\/2020\\\/03\\\/deep-tisuue-1.jpg\",\"width\":1280,\"height\":960},{\"@type\":\"BreadcrumbList\",\"@id\":\"https:\\\/\\\/cevennesbienetre.fr\\\/index.php\\\/le-sur-mesure\\\/#breadcrumb\",\"itemListElement\":[{\"@type\":\"ListItem\",\"position\":1,\"name\":\"Accueil\",\"item\":\"https:\\\/\\\/cevennesbienetre.fr\\\/\"},{\"@type\":\"ListItem\",\"position\":2,\"name\":\"Le \u00a0\u00bb Sur Mesure \u00ab\u00a0\"}]},{\"@type\":\"WebSite\",\"@id\":\"https:\\\/\\\/cevennesbienetre.fr\\\/#website\",\"url\":\"https:\\\/\\\/cevennesbienetre.fr\\\/\",\"name\":\"C\u00e9vennes Bien-\u00catre - Massages bien-\u00eatre et soins \u00e9nerg\u00e9tiques\",\"description\":\"\",\"publisher\":{\"@id\":\"https:\\\/\\\/cevennesbienetre.fr\\\/#organization\"},\"potentialAction\":[{\"@type\":\"SearchAction\",\"target\":{\"@type\":\"EntryPoint\",\"urlTemplate\":\"https:\\\/\\\/cevennesbienetre.fr\\\/?s={search_term_string}\"},\"query-input\":{\"@type\":\"PropertyValueSpecification\",\"valueRequired\":true,\"valueName\":\"search_term_string\"}}],\"inLanguage\":\"fr-FR\"},{\"@type\":\"Organization\",\"@id\":\"https:\\\/\\\/cevennesbienetre.fr\\\/#organization\",\"name\":\"C\u00e9vennes Bien-\u00catre - Massages bien-\u00eatre et soins \u00e9nerg\u00e9tiques\",\"url\":\"https:\\\/\\\/cevennesbienetre.fr\\\/\",\"logo\":{\"@type\":\"ImageObject\",\"inLanguage\":\"fr-FR\",\"@id\":\"https:\\\/\\\/cevennesbienetre.fr\\\/#\\\/schema\\\/logo\\\/image\\\/\",\"url\":\"https:\\\/\\\/cevennesbienetre.fr\\\/wp-content\\\/uploads\\\/2026\\\/02\\\/Logo_Final_Main_a_05-257x300-1-150x150-1.png\",\"contentUrl\":\"https:\\\/\\\/cevennesbienetre.fr\\\/wp-content\\\/uploads\\\/2026\\\/02\\\/Logo_Final_Main_a_05-257x300-1-150x150-1.png\",\"width\":150,\"height\":150,\"caption\":\"C\u00e9vennes Bien-\u00catre - Massages bien-\u00eatre et soins \u00e9nerg\u00e9tiques\"},\"image\":{\"@id\":\"https:\\\/\\\/cevennesbienetre.fr\\\/#\\\/schema\\\/logo\\\/image\\\/\"},\"sameAs\":[\"https:\\\/\\\/www.facebook.com\\\/cevennesbienetre\"]}]}<\/script>\n<!-- \/ Yoast SEO plugin. -->","yoast_head_json":{"title":"Le \" Sur Mesure \" - C\u00e9vennes Bien-\u00catre - Massages bien-\u00eatre et soins \u00e9nerg\u00e9tiques","robots":{"index":"index","follow":"follow","max-snippet":"max-snippet:-1","max-image-preview":"max-image-preview:large","max-video-preview":"max-video-preview:-1"},"canonical":"https:\/\/cevennesbienetre.fr\/index.php\/le-sur-mesure\/","og_locale":"fr_FR","og_type":"article","og_title":"Le \" Sur Mesure \" - C\u00e9vennes Bien-\u00catre - Massages bien-\u00eatre et soins \u00e9nerg\u00e9tiques","og_description":"Le massage \u00a0\u00bb Sur Mesure\u00a0\u00bb est un toucher unique et personnalis\u00e9 selon vos besoins du moment. J&rsquo;utilise diff\u00e9rentes techniques ainsi que mon ressenti afin d&rsquo;\u00eatre au plus pr\u00e9s de vos besoins. Il s&rsquo;adapte \u00e0 tous les besoins physiques et toutes les morphologies. Ce massage \u00a0peut se concentrer sur une ou plusieurs parties du corps : [&hellip;]","og_url":"https:\/\/cevennesbienetre.fr\/index.php\/le-sur-mesure\/","og_site_name":"C\u00e9vennes Bien-\u00catre - Massages bien-\u00eatre et soins \u00e9nerg\u00e9tiques","article_publisher":"https:\/\/www.facebook.com\/cevennesbienetre","article_modified_time":"2026-01-01T20:50:05+00:00","og_image":[{"width":1280,"height":960,"url":"https:\/\/cevennesbienetre.fr\/wp-content\/uploads\/2020\/03\/deep-tisuue-1.jpg","type":"image\/jpeg"}],"twitter_card":"summary_large_image","twitter_misc":{"Dur\u00e9e de lecture estim\u00e9e":"1 minute"},"schema":{"@context":"https:\/\/schema.org","@graph":[{"@type":"WebPage","@id":"https:\/\/cevennesbienetre.fr\/index.php\/le-sur-mesure\/","url":"https:\/\/cevennesbienetre.fr\/index.php\/le-sur-mesure\/","name":"Le \" Sur Mesure \" - C\u00e9vennes Bien-\u00catre - Massages bien-\u00eatre et soins \u00e9nerg\u00e9tiques","isPartOf":{"@id":"https:\/\/cevennesbienetre.fr\/#website"},"primaryImageOfPage":{"@id":"https:\/\/cevennesbienetre.fr\/index.php\/le-sur-mesure\/#primaryimage"},"image":{"@id":"https:\/\/cevennesbienetre.fr\/index.php\/le-sur-mesure\/#primaryimage"},"thumbnailUrl":"https:\/\/cevennesbienetre.fr\/wp-content\/uploads\/2020\/03\/deep-tisuue-1-768x576.jpg","datePublished":"2018-04-24T09:01:01+00:00","dateModified":"2026-01-01T20:50:05+00:00","breadcrumb":{"@id":"https:\/\/cevennesbienetre.fr\/index.php\/le-sur-mesure\/#breadcrumb"},"inLanguage":"fr-FR","potentialAction":[{"@type":"ReadAction","target":["https:\/\/cevennesbienetre.fr\/index.php\/le-sur-mesure\/"]}]},{"@type":"ImageObject","inLanguage":"fr-FR","@id":"https:\/\/cevennesbienetre.fr\/index.php\/le-sur-mesure\/#primaryimage","url":"https:\/\/cevennesbienetre.fr\/wp-content\/uploads\/2020\/03\/deep-tisuue-1.jpg","contentUrl":"https:\/\/cevennesbienetre.fr\/wp-content\/uploads\/2020\/03\/deep-tisuue-1.jpg","width":1280,"height":960},{"@type":"BreadcrumbList","@id":"https:\/\/cevennesbienetre.fr\/index.php\/le-sur-mesure\/#breadcrumb","itemListElement":[{"@type":"ListItem","position":1,"name":"Accueil","item":"https:\/\/cevennesbienetre.fr\/"},{"@type":"ListItem","position":2,"name":"Le \u00a0\u00bb Sur Mesure \u00ab\u00a0"}]},{"@type":"WebSite","@id":"https:\/\/cevennesbienetre.fr\/#website","url":"https:\/\/cevennesbienetre.fr\/","name":"C\u00e9vennes Bien-\u00catre - Massages bien-\u00eatre et soins \u00e9nerg\u00e9tiques","description":"","publisher":{"@id":"https:\/\/cevennesbienetre.fr\/#organization"},"potentialAction":[{"@type":"SearchAction","target":{"@type":"EntryPoint","urlTemplate":"https:\/\/cevennesbienetre.fr\/?s={search_term_string}"},"query-input":{"@type":"PropertyValueSpecification","valueRequired":true,"valueName":"search_term_string"}}],"inLanguage":"fr-FR"},{"@type":"Organization","@id":"https:\/\/cevennesbienetre.fr\/#organization","name":"C\u00e9vennes Bien-\u00catre - Massages bien-\u00eatre et soins \u00e9nerg\u00e9tiques","url":"https:\/\/cevennesbienetre.fr\/","logo":{"@type":"ImageObject","inLanguage":"fr-FR","@id":"https:\/\/cevennesbienetre.fr\/#\/schema\/logo\/image\/","url":"https:\/\/cevennesbienetre.fr\/wp-content\/uploads\/2026\/02\/Logo_Final_Main_a_05-257x300-1-150x150-1.png","contentUrl":"https:\/\/cevennesbienetre.fr\/wp-content\/uploads\/2026\/02\/Logo_Final_Main_a_05-257x300-1-150x150-1.png","width":150,"height":150,"caption":"C\u00e9vennes Bien-\u00catre - Massages bien-\u00eatre et soins \u00e9nerg\u00e9tiques"},"image":{"@id":"https:\/\/cevennesbienetre.fr\/#\/schema\/logo\/image\/"},"sameAs":["https:\/\/www.facebook.com\/cevennesbienetre"]}]}},"uagb_featured_image_src":{"full":false,"thumbnail":false,"medium":false,"medium_large":false,"large":false,"1536x1536":false,"2048x2048":false,"woocommerce_thumbnail":false,"woocommerce_single":false,"woocommerce_gallery_thumbnail":false},"uagb_author_info":{"display_name":"admin6017","author_link":"https:\/\/cevennesbienetre.fr\/index.php\/author\/admin6017\/"},"uagb_comment_info":0,"uagb_excerpt":"Le massage \u00a0\u00bb Sur Mesure\u00a0\u00bb est un toucher unique et personnalis\u00e9 selon vos besoins du moment. J&rsquo;utilise diff\u00e9rentes techniques ainsi que mon ressenti afin d&rsquo;\u00eatre au plus pr\u00e9s de vos besoins. Il s&rsquo;adapte \u00e0 tous les besoins physiques et toutes les morphologies. Ce massage \u00a0peut se concentrer sur une ou plusieurs parties du corps :\u2026","_links":{"self":[{"href":"https:\/\/cevennesbienetre.fr\/index.php\/wp-json\/wp\/v2\/pages\/233","targetHints":{"allow":["GET"]}}],"collection":[{"href":"https:\/\/cevennesbienetre.fr\/index.php\/wp-json\/wp\/v2\/pages"}],"about":[{"href":"https:\/\/cevennesbienetre.fr\/index.php\/wp-json\/wp\/v2\/types\/page"}],"author":[{"embeddable":true,"href":"https:\/\/cevennesbienetre.fr\/index.php\/wp-json\/wp\/v2\/users\/1"}],"replies":[{"embeddable":true,"href":"https:\/\/cevennesbienetre.fr\/index.php\/wp-json\/wp\/v2\/comments?post=233"}],"version-history":[{"count":48,"href":"https:\/\/cevennesbienetre.fr\/index.php\/wp-json\/wp\/v2\/pages\/233\/revisions"}],"predecessor-version":[{"id":3206,"href":"https:\/\/cevennesbienetre.fr\/index.php\/wp-json\/wp\/v2\/pages\/233\/revisions\/3206"}],"wp:attachment":[{"href":"https:\/\/cevennesbienetre.fr\/index.php\/wp-json\/wp\/v2\/media?parent=233"}],"curies":[{"name":"wp","href":"https:\/\/api.w.org\/{rel}","templated":true}]}}