{"id":223,"date":"2018-04-24T10:59:29","date_gmt":"2018-04-24T08:59:29","guid":{"rendered":"http:\/\/cevennesbienetre.fr\/?page_id=223"},"modified":"2026-03-08T21:04:09","modified_gmt":"2026-03-08T20:04:09","slug":"chi-nei-tsang","status":"publish","type":"page","link":"https:\/\/cevennesbienetre.fr\/index.php\/chi-nei-tsang\/","title":{"rendered":"Chi Nei Tsang"},"content":{"rendered":"<p><img decoding=\"async\" width=\"300\" height=\"281\" src=\"https:\/\/cevennesbienetre.fr\/wp-content\/uploads\/2020\/03\/visceres-300x281.png\" alt=\"\" loading=\"lazy\" srcset=\"https:\/\/cevennesbienetre.fr\/wp-content\/uploads\/2020\/03\/visceres-300x281.png 300w, https:\/\/cevennesbienetre.fr\/wp-content\/uploads\/2020\/03\/visceres-1024x960.png 1024w, https:\/\/cevennesbienetre.fr\/wp-content\/uploads\/2020\/03\/visceres-768x720.png 768w, https:\/\/cevennesbienetre.fr\/wp-content\/uploads\/2020\/03\/visceres-500x469.png 500w, https:\/\/cevennesbienetre.fr\/wp-content\/uploads\/2020\/03\/visceres-800x750.png 800w, https:\/\/cevennesbienetre.fr\/wp-content\/uploads\/2020\/03\/visceres-1152x1080.png 1152w, https:\/\/cevennesbienetre.fr\/wp-content\/uploads\/2020\/03\/visceres.png 1280w\" sizes=\"auto, (max-width: 300px) 100vw, 300px\" \/>\t\t\t\t\t\t\t\t\t\t\t\t\t\t\t<\/p>\n<p>Le massage <strong>Chi Nei Tsang<\/strong> ou <strong>massage des organes internes<\/strong> est un massage en profondeur des visc\u00e8res.<\/p>\n<p>Pratiqu\u00e9 dans la Chine ancienne par les moines tao\u00efstes, l&rsquo;abdomen est consid\u00e9r\u00e9 comme le si\u00e8ge des \u00e9motions.<\/p>\n<p>Ce massage abdominal consiste \u00e0 d\u00e9toxiquer l&rsquo;organisme et \u00e0 \u00e9liminer les blocages accumul\u00e9s.<\/p>\n<p>Il va traiter tout ce qui se situe dans la ceinture abdominale, pelvienne en prenant en compte d&rsquo;un c\u00f4t\u00e9 tout ce qui est situ\u00e9 des lombaires au sacrum et de l&rsquo;autre du diaphragme au pubis.<\/p>\n<p>Par des respirations abdominales et un toucher doux et profond, cette pratique fortifie le syst\u00e8me immunitaire;<\/p>\n<p>Elle va agir sur les plans digestifs, respiratoires, cardio-vasculaires, lymphatique, urinaire et reproductive.<\/p>\n<p>Elle est indiqu\u00e9 en cas tensions abdominales, br\u00fblures d&rsquo;estomac, fatigue, mal de dos&#8230;<\/p>\n<p>\u00a0<\/p>\n<p>\t\t\t\t\t\t\t\t\t\t\t\t\t\t\t<img decoding=\"async\" width=\"300\" height=\"201\" src=\"https:\/\/cevennesbienetre.fr\/wp-content\/uploads\/2020\/03\/CHI-NEI-TSANG-300x201.jpg\" alt=\"\" loading=\"lazy\" srcset=\"https:\/\/cevennesbienetre.fr\/wp-content\/uploads\/2020\/03\/CHI-NEI-TSANG-300x201.jpg 300w, https:\/\/cevennesbienetre.fr\/wp-content\/uploads\/2020\/03\/CHI-NEI-TSANG-1024x685.jpg 1024w, https:\/\/cevennesbienetre.fr\/wp-content\/uploads\/2020\/03\/CHI-NEI-TSANG-768x514.jpg 768w, https:\/\/cevennesbienetre.fr\/wp-content\/uploads\/2020\/03\/CHI-NEI-TSANG-1536x1028.jpg 1536w, https:\/\/cevennesbienetre.fr\/wp-content\/uploads\/2020\/03\/CHI-NEI-TSANG-500x334.jpg 500w, https:\/\/cevennesbienetre.fr\/wp-content\/uploads\/2020\/03\/CHI-NEI-TSANG-800x535.jpg 800w, https:\/\/cevennesbienetre.fr\/wp-content\/uploads\/2020\/03\/CHI-NEI-TSANG-1280x856.jpg 1280w, https:\/\/cevennesbienetre.fr\/wp-content\/uploads\/2020\/03\/CHI-NEI-TSANG-1920x1284.jpg 1920w, https:\/\/cevennesbienetre.fr\/wp-content\/uploads\/2020\/03\/CHI-NEI-TSANG-1614x1080.jpg 1614w, https:\/\/cevennesbienetre.fr\/wp-content\/uploads\/2020\/03\/CHI-NEI-TSANG.jpg 2018w\" sizes=\"auto, (max-width: 300px) 100vw, 300px\" \/>\t\t\t\t\t\t\t\t\t\t\t\t\t\t\t<\/p>\n<p>Lors de votre s\u00e9ance, une anamn\u00e8se vous est propos\u00e9 afin de mieux conna\u00eetre votre mode de vie et vos sensations.<\/p>\n<p>Je vous proposerai un chi nei tsang de bien-\u00eatre o\u00f9 tous les organes sont trait\u00e9s afin d&rsquo;assurer la continuit\u00e9 de la bonne circulation \u00e9nerg\u00e9tique ou un chi nei tsang th\u00e9rapeutique en m&rsquo;attardant alors sur un organe en particulier ou quelques-uns.<\/p>\n<p>Le chi Nei Tsang, faisant parti int\u00e9grante de la M\u00e9decine Traditionnelle Chinoise, je travaille \u00e9galement avec des points d&rsquo;acupression situ\u00e9 sur les m\u00e9ridiens.<\/p>\n<p>60mn : 70\u20ac<\/p>\n","protected":false},"excerpt":{"rendered":"<p>Le massage Chi Nei Tsang ou massage des organes internes est un massage en profondeur des visc\u00e8res. Pratiqu\u00e9 dans la Chine ancienne par les moines tao\u00efstes, l&rsquo;abdomen est consid\u00e9r\u00e9 comme le si\u00e8ge des \u00e9motions. Ce massage abdominal consiste \u00e0 d\u00e9toxiquer l&rsquo;organisme et \u00e0 \u00e9liminer les blocages accumul\u00e9s. Il va traiter tout ce qui se situe [&hellip;]<\/p>\n","protected":false},"author":1,"featured_media":1494,"parent":0,"menu_order":0,"comment_status":"closed","ping_status":"closed","template":"","meta":{"_uag_custom_page_level_css":"","_swt_meta_header_display":false,"_swt_meta_footer_display":false,"_swt_meta_site_title_display":false,"_swt_meta_sticky_header":false,"_swt_meta_transparent_header":false,"footnotes":""},"class_list":["post-223","page","type-page","status-publish","has-post-thumbnail","hentry"],"yoast_head":"<!-- This site is optimized with the Yoast SEO plugin v27.5 - https:\/\/yoast.com\/product\/yoast-seo-wordpress\/ -->\n<title>Chi Nei Tsang - C\u00e9vennes Bien-\u00catre - Massages bien-\u00eatre et soins \u00e9nerg\u00e9tiques<\/title>\n<meta name=\"description\" content=\"D\u00e9couvrez le Chi Nei Tsang, massage abdominal issu du Tao qui lib\u00e8re les tensions \u00e9motionnelles, am\u00e9liore la digestion et favorise l\u2019\u00e9quilibre du corps.\" \/>\n<meta name=\"robots\" content=\"index, follow, max-snippet:-1, max-image-preview:large, max-video-preview:-1\" \/>\n<link rel=\"canonical\" href=\"https:\/\/cevennesbienetre.fr\/index.php\/chi-nei-tsang\/\" \/>\n<meta property=\"og:locale\" content=\"fr_FR\" \/>\n<meta property=\"og:type\" content=\"article\" \/>\n<meta property=\"og:title\" content=\"Chi Nei Tsang - C\u00e9vennes Bien-\u00catre - Massages bien-\u00eatre et soins \u00e9nerg\u00e9tiques\" \/>\n<meta property=\"og:description\" content=\"D\u00e9couvrez le Chi Nei Tsang, massage abdominal issu du Tao qui lib\u00e8re les tensions \u00e9motionnelles, am\u00e9liore la digestion et favorise l\u2019\u00e9quilibre du corps.\" \/>\n<meta property=\"og:url\" content=\"https:\/\/cevennesbienetre.fr\/index.php\/chi-nei-tsang\/\" \/>\n<meta property=\"og:site_name\" content=\"C\u00e9vennes Bien-\u00catre - Massages bien-\u00eatre et soins \u00e9nerg\u00e9tiques\" \/>\n<meta property=\"article:publisher\" content=\"https:\/\/www.facebook.com\/cevennesbienetre\" \/>\n<meta property=\"article:modified_time\" content=\"2026-03-08T20:04:09+00:00\" \/>\n<meta property=\"og:image\" content=\"https:\/\/cevennesbienetre.fr\/wp-content\/uploads\/2020\/03\/visceres-1024x960.png\" \/>\n\t<meta property=\"og:image:width\" content=\"1024\" \/>\n\t<meta property=\"og:image:height\" content=\"960\" \/>\n\t<meta property=\"og:image:type\" content=\"image\/png\" \/>\n<meta name=\"twitter:card\" content=\"summary_large_image\" \/>\n<meta name=\"twitter:label1\" content=\"Dur\u00e9e de lecture estim\u00e9e\" \/>\n\t<meta name=\"twitter:data1\" content=\"2 minutes\" \/>\n<script type=\"application\/ld+json\" class=\"yoast-schema-graph\">{\"@context\":\"https:\\\/\\\/schema.org\",\"@graph\":[{\"@type\":\"WebPage\",\"@id\":\"https:\\\/\\\/cevennesbienetre.fr\\\/index.php\\\/chi-nei-tsang\\\/\",\"url\":\"https:\\\/\\\/cevennesbienetre.fr\\\/index.php\\\/chi-nei-tsang\\\/\",\"name\":\"Chi Nei Tsang - C\u00e9vennes Bien-\u00catre - Massages bien-\u00eatre et soins \u00e9nerg\u00e9tiques\",\"isPartOf\":{\"@id\":\"https:\\\/\\\/cevennesbienetre.fr\\\/#website\"},\"primaryImageOfPage\":{\"@id\":\"https:\\\/\\\/cevennesbienetre.fr\\\/index.php\\\/chi-nei-tsang\\\/#primaryimage\"},\"image\":{\"@id\":\"https:\\\/\\\/cevennesbienetre.fr\\\/index.php\\\/chi-nei-tsang\\\/#primaryimage\"},\"thumbnailUrl\":\"https:\\\/\\\/cevennesbienetre.fr\\\/wp-content\\\/uploads\\\/2020\\\/03\\\/visceres.png\",\"datePublished\":\"2018-04-24T08:59:29+00:00\",\"dateModified\":\"2026-03-08T20:04:09+00:00\",\"description\":\"D\u00e9couvrez le Chi Nei Tsang, massage abdominal issu du Tao qui lib\u00e8re les tensions \u00e9motionnelles, am\u00e9liore la digestion et favorise l\u2019\u00e9quilibre du corps.\",\"breadcrumb\":{\"@id\":\"https:\\\/\\\/cevennesbienetre.fr\\\/index.php\\\/chi-nei-tsang\\\/#breadcrumb\"},\"inLanguage\":\"fr-FR\",\"potentialAction\":[{\"@type\":\"ReadAction\",\"target\":[\"https:\\\/\\\/cevennesbienetre.fr\\\/index.php\\\/chi-nei-tsang\\\/\"]}]},{\"@type\":\"ImageObject\",\"inLanguage\":\"fr-FR\",\"@id\":\"https:\\\/\\\/cevennesbienetre.fr\\\/index.php\\\/chi-nei-tsang\\\/#primaryimage\",\"url\":\"https:\\\/\\\/cevennesbienetre.fr\\\/wp-content\\\/uploads\\\/2020\\\/03\\\/visceres.png\",\"contentUrl\":\"https:\\\/\\\/cevennesbienetre.fr\\\/wp-content\\\/uploads\\\/2020\\\/03\\\/visceres.png\",\"width\":1280,\"height\":1200},{\"@type\":\"BreadcrumbList\",\"@id\":\"https:\\\/\\\/cevennesbienetre.fr\\\/index.php\\\/chi-nei-tsang\\\/#breadcrumb\",\"itemListElement\":[{\"@type\":\"ListItem\",\"position\":1,\"name\":\"Accueil\",\"item\":\"https:\\\/\\\/cevennesbienetre.fr\\\/\"},{\"@type\":\"ListItem\",\"position\":2,\"name\":\"Chi Nei Tsang\"}]},{\"@type\":\"WebSite\",\"@id\":\"https:\\\/\\\/cevennesbienetre.fr\\\/#website\",\"url\":\"https:\\\/\\\/cevennesbienetre.fr\\\/\",\"name\":\"C\u00e9vennes Bien-\u00catre - Massages bien-\u00eatre et soins \u00e9nerg\u00e9tiques\",\"description\":\"\",\"publisher\":{\"@id\":\"https:\\\/\\\/cevennesbienetre.fr\\\/#organization\"},\"potentialAction\":[{\"@type\":\"SearchAction\",\"target\":{\"@type\":\"EntryPoint\",\"urlTemplate\":\"https:\\\/\\\/cevennesbienetre.fr\\\/?s={search_term_string}\"},\"query-input\":{\"@type\":\"PropertyValueSpecification\",\"valueRequired\":true,\"valueName\":\"search_term_string\"}}],\"inLanguage\":\"fr-FR\"},{\"@type\":\"Organization\",\"@id\":\"https:\\\/\\\/cevennesbienetre.fr\\\/#organization\",\"name\":\"C\u00e9vennes Bien-\u00catre - Massages bien-\u00eatre et soins \u00e9nerg\u00e9tiques\",\"url\":\"https:\\\/\\\/cevennesbienetre.fr\\\/\",\"logo\":{\"@type\":\"ImageObject\",\"inLanguage\":\"fr-FR\",\"@id\":\"https:\\\/\\\/cevennesbienetre.fr\\\/#\\\/schema\\\/logo\\\/image\\\/\",\"url\":\"https:\\\/\\\/cevennesbienetre.fr\\\/wp-content\\\/uploads\\\/2026\\\/02\\\/Logo_Final_Main_a_05-257x300-1-150x150-1.png\",\"contentUrl\":\"https:\\\/\\\/cevennesbienetre.fr\\\/wp-content\\\/uploads\\\/2026\\\/02\\\/Logo_Final_Main_a_05-257x300-1-150x150-1.png\",\"width\":150,\"height\":150,\"caption\":\"C\u00e9vennes Bien-\u00catre - Massages bien-\u00eatre et soins \u00e9nerg\u00e9tiques\"},\"image\":{\"@id\":\"https:\\\/\\\/cevennesbienetre.fr\\\/#\\\/schema\\\/logo\\\/image\\\/\"},\"sameAs\":[\"https:\\\/\\\/www.facebook.com\\\/cevennesbienetre\"]}]}<\/script>\n<!-- \/ Yoast SEO plugin. -->","yoast_head_json":{"title":"Chi Nei Tsang - C\u00e9vennes Bien-\u00catre - Massages bien-\u00eatre et soins \u00e9nerg\u00e9tiques","description":"D\u00e9couvrez le Chi Nei Tsang, massage abdominal issu du Tao qui lib\u00e8re les tensions \u00e9motionnelles, am\u00e9liore la digestion et favorise l\u2019\u00e9quilibre du corps.","robots":{"index":"index","follow":"follow","max-snippet":"max-snippet:-1","max-image-preview":"max-image-preview:large","max-video-preview":"max-video-preview:-1"},"canonical":"https:\/\/cevennesbienetre.fr\/index.php\/chi-nei-tsang\/","og_locale":"fr_FR","og_type":"article","og_title":"Chi Nei Tsang - C\u00e9vennes Bien-\u00catre - Massages bien-\u00eatre et soins \u00e9nerg\u00e9tiques","og_description":"D\u00e9couvrez le Chi Nei Tsang, massage abdominal issu du Tao qui lib\u00e8re les tensions \u00e9motionnelles, am\u00e9liore la digestion et favorise l\u2019\u00e9quilibre du corps.","og_url":"https:\/\/cevennesbienetre.fr\/index.php\/chi-nei-tsang\/","og_site_name":"C\u00e9vennes Bien-\u00catre - Massages bien-\u00eatre et soins \u00e9nerg\u00e9tiques","article_publisher":"https:\/\/www.facebook.com\/cevennesbienetre","article_modified_time":"2026-03-08T20:04:09+00:00","og_image":[{"width":1024,"height":960,"url":"https:\/\/cevennesbienetre.fr\/wp-content\/uploads\/2020\/03\/visceres-1024x960.png","type":"image\/png"}],"twitter_card":"summary_large_image","twitter_misc":{"Dur\u00e9e de lecture estim\u00e9e":"2 minutes"},"schema":{"@context":"https:\/\/schema.org","@graph":[{"@type":"WebPage","@id":"https:\/\/cevennesbienetre.fr\/index.php\/chi-nei-tsang\/","url":"https:\/\/cevennesbienetre.fr\/index.php\/chi-nei-tsang\/","name":"Chi Nei Tsang - C\u00e9vennes Bien-\u00catre - Massages bien-\u00eatre et soins \u00e9nerg\u00e9tiques","isPartOf":{"@id":"https:\/\/cevennesbienetre.fr\/#website"},"primaryImageOfPage":{"@id":"https:\/\/cevennesbienetre.fr\/index.php\/chi-nei-tsang\/#primaryimage"},"image":{"@id":"https:\/\/cevennesbienetre.fr\/index.php\/chi-nei-tsang\/#primaryimage"},"thumbnailUrl":"https:\/\/cevennesbienetre.fr\/wp-content\/uploads\/2020\/03\/visceres.png","datePublished":"2018-04-24T08:59:29+00:00","dateModified":"2026-03-08T20:04:09+00:00","description":"D\u00e9couvrez le Chi Nei Tsang, massage abdominal issu du Tao qui lib\u00e8re les tensions \u00e9motionnelles, am\u00e9liore la digestion et favorise l\u2019\u00e9quilibre du corps.","breadcrumb":{"@id":"https:\/\/cevennesbienetre.fr\/index.php\/chi-nei-tsang\/#breadcrumb"},"inLanguage":"fr-FR","potentialAction":[{"@type":"ReadAction","target":["https:\/\/cevennesbienetre.fr\/index.php\/chi-nei-tsang\/"]}]},{"@type":"ImageObject","inLanguage":"fr-FR","@id":"https:\/\/cevennesbienetre.fr\/index.php\/chi-nei-tsang\/#primaryimage","url":"https:\/\/cevennesbienetre.fr\/wp-content\/uploads\/2020\/03\/visceres.png","contentUrl":"https:\/\/cevennesbienetre.fr\/wp-content\/uploads\/2020\/03\/visceres.png","width":1280,"height":1200},{"@type":"BreadcrumbList","@id":"https:\/\/cevennesbienetre.fr\/index.php\/chi-nei-tsang\/#breadcrumb","itemListElement":[{"@type":"ListItem","position":1,"name":"Accueil","item":"https:\/\/cevennesbienetre.fr\/"},{"@type":"ListItem","position":2,"name":"Chi Nei Tsang"}]},{"@type":"WebSite","@id":"https:\/\/cevennesbienetre.fr\/#website","url":"https:\/\/cevennesbienetre.fr\/","name":"C\u00e9vennes Bien-\u00catre - Massages bien-\u00eatre et soins \u00e9nerg\u00e9tiques","description":"","publisher":{"@id":"https:\/\/cevennesbienetre.fr\/#organization"},"potentialAction":[{"@type":"SearchAction","target":{"@type":"EntryPoint","urlTemplate":"https:\/\/cevennesbienetre.fr\/?s={search_term_string}"},"query-input":{"@type":"PropertyValueSpecification","valueRequired":true,"valueName":"search_term_string"}}],"inLanguage":"fr-FR"},{"@type":"Organization","@id":"https:\/\/cevennesbienetre.fr\/#organization","name":"C\u00e9vennes Bien-\u00catre - Massages bien-\u00eatre et soins \u00e9nerg\u00e9tiques","url":"https:\/\/cevennesbienetre.fr\/","logo":{"@type":"ImageObject","inLanguage":"fr-FR","@id":"https:\/\/cevennesbienetre.fr\/#\/schema\/logo\/image\/","url":"https:\/\/cevennesbienetre.fr\/wp-content\/uploads\/2026\/02\/Logo_Final_Main_a_05-257x300-1-150x150-1.png","contentUrl":"https:\/\/cevennesbienetre.fr\/wp-content\/uploads\/2026\/02\/Logo_Final_Main_a_05-257x300-1-150x150-1.png","width":150,"height":150,"caption":"C\u00e9vennes Bien-\u00catre - Massages bien-\u00eatre et soins \u00e9nerg\u00e9tiques"},"image":{"@id":"https:\/\/cevennesbienetre.fr\/#\/schema\/logo\/image\/"},"sameAs":["https:\/\/www.facebook.com\/cevennesbienetre"]}]}},"uagb_featured_image_src":{"full":["https:\/\/cevennesbienetre.fr\/wp-content\/uploads\/2020\/03\/visceres.png",1280,1200,false],"thumbnail":["https:\/\/cevennesbienetre.fr\/wp-content\/uploads\/2020\/03\/visceres-150x150.png",150,150,true],"medium":["https:\/\/cevennesbienetre.fr\/wp-content\/uploads\/2020\/03\/visceres-300x281.png",300,281,true],"medium_large":["https:\/\/cevennesbienetre.fr\/wp-content\/uploads\/2020\/03\/visceres-768x720.png",768,720,true],"large":["https:\/\/cevennesbienetre.fr\/wp-content\/uploads\/2020\/03\/visceres-1024x960.png",1024,960,true],"1536x1536":["https:\/\/cevennesbienetre.fr\/wp-content\/uploads\/2020\/03\/visceres.png",1280,1200,false],"2048x2048":["https:\/\/cevennesbienetre.fr\/wp-content\/uploads\/2020\/03\/visceres.png",1280,1200,false],"woocommerce_thumbnail":["https:\/\/cevennesbienetre.fr\/wp-content\/uploads\/2020\/03\/visceres-300x300.png",300,300,true],"woocommerce_single":["https:\/\/cevennesbienetre.fr\/wp-content\/uploads\/2020\/03\/visceres-600x563.png",600,563,true],"woocommerce_gallery_thumbnail":["https:\/\/cevennesbienetre.fr\/wp-content\/uploads\/2020\/03\/visceres-100x100.png",100,100,true]},"uagb_author_info":{"display_name":"admin6017","author_link":"https:\/\/cevennesbienetre.fr\/index.php\/author\/admin6017\/"},"uagb_comment_info":0,"uagb_excerpt":"Le massage Chi Nei Tsang ou massage des organes internes est un massage en profondeur des visc\u00e8res. Pratiqu\u00e9 dans la Chine ancienne par les moines tao\u00efstes, l&rsquo;abdomen est consid\u00e9r\u00e9 comme le si\u00e8ge des \u00e9motions. Ce massage abdominal consiste \u00e0 d\u00e9toxiquer l&rsquo;organisme et \u00e0 \u00e9liminer les blocages accumul\u00e9s. Il va traiter tout ce qui se situe\u2026","_links":{"self":[{"href":"https:\/\/cevennesbienetre.fr\/index.php\/wp-json\/wp\/v2\/pages\/223","targetHints":{"allow":["GET"]}}],"collection":[{"href":"https:\/\/cevennesbienetre.fr\/index.php\/wp-json\/wp\/v2\/pages"}],"about":[{"href":"https:\/\/cevennesbienetre.fr\/index.php\/wp-json\/wp\/v2\/types\/page"}],"author":[{"embeddable":true,"href":"https:\/\/cevennesbienetre.fr\/index.php\/wp-json\/wp\/v2\/users\/1"}],"replies":[{"embeddable":true,"href":"https:\/\/cevennesbienetre.fr\/index.php\/wp-json\/wp\/v2\/comments?post=223"}],"version-history":[{"count":29,"href":"https:\/\/cevennesbienetre.fr\/index.php\/wp-json\/wp\/v2\/pages\/223\/revisions"}],"predecessor-version":[{"id":3203,"href":"https:\/\/cevennesbienetre.fr\/index.php\/wp-json\/wp\/v2\/pages\/223\/revisions\/3203"}],"wp:featuredmedia":[{"embeddable":true,"href":"https:\/\/cevennesbienetre.fr\/index.php\/wp-json\/wp\/v2\/media\/1494"}],"wp:attachment":[{"href":"https:\/\/cevennesbienetre.fr\/index.php\/wp-json\/wp\/v2\/media?parent=223"}],"curies":[{"name":"wp","href":"https:\/\/api.w.org\/{rel}","templated":true}]}}