{"id":217,"date":"2018-04-24T10:57:39","date_gmt":"2018-04-24T08:57:39","guid":{"rendered":"http:\/\/cevennesbienetre.fr\/?page_id=217"},"modified":"2026-01-07T17:54:00","modified_gmt":"2026-01-07T16:54:00","slug":"massage-thailandais-a-lhuile-nuad-naman","status":"publish","type":"page","link":"https:\/\/cevennesbienetre.fr\/index.php\/massage-thailandais-a-lhuile-nuad-naman\/","title":{"rendered":"Massage Tha\u00eflandais \u00e0 l&rsquo;huile (Nuad Naman)"},"content":{"rendered":"<p><img decoding=\"async\" src=\"https:\/\/cevennesbienetre.fr\/wp-content\/uploads\/elementor\/thumbs\/IMG_8111-1-nqs1rltyc1f0q92zmxj1mmj9egfrjyvwdbf8i6b4t6.png\" title=\"IMG_8111\" alt=\"IMG_8111\" loading=\"lazy\" \/>\t\t\t\t\t\t\t\t\t\t\t\t\t\t\t<\/p>\n<p>Le massage tha\u00ef \u00e0 l\u2019huile, pratiqu\u00e9 sur table est un\u00a0<strong>massage musculaire et profond<\/strong>.<\/p>\n<p>Bas\u00e9 sur la philosophie tha\u00ef et ses principes de base, le travail s\u2019effectue sur des lignes d\u2019\u00e9nergie appel\u00e9es \u00ab\u00a0sen\u00a0\u00bb et sur les tissus musculaires.<\/p>\n<p>La technique est pr\u00e9cise, pression profonde mais ajust\u00e9e\u00a0avec les doigts et paumes des mains.<\/p>\n<p>Par des mobilisations articulaires, des pressions gliss\u00e9es, des p\u00e9trissages, \u00e9tirements et percussions ce massage procure un\u00a0rel\u00e2chement\u00a0 \u00e0 la fois rapide et profond.<\/p>\n<p>Les tensions sont lib\u00e9r\u00e9es et les muscles d\u00e9tendus.<\/p>\n<p><strong>Bienfaits :\u00a0<\/strong><\/p>\n<ul>\n<li>D\u00e9tente et apaisement<\/li>\n<li>Rel\u00e2chement musculaire et \u00e9motionnel<\/li>\n<li>Relance de l\u2019\u00e9nergie dans le corps<\/li>\n<li>Am\u00e9lioration du sommeil<\/li>\n<li>Am\u00e9lioration de la circulation sanguine, lymphatique et \u00e9nerg\u00e9tique<\/li>\n<\/ul>\n<p><strong>Contre-indications :<\/strong><\/p>\n<ul>\n<li>femmes enceintes<\/li>\n<li>Fi\u00e8vre<\/li>\n<\/ul>\n<p><strong>60mn : 70\u20ac<\/strong><\/p>\n<p><strong>90mn : 100\u20ac<\/strong><\/p>\n<p>\u00a0\u00a0\u00a0\u00a0\u00a0<br \/>\n\t\t\t\t\t\t\t\t\t\t\t\t\t\t\t<img decoding=\"async\" width=\"300\" height=\"263\" src=\"https:\/\/cevennesbienetre.fr\/wp-content\/uploads\/2018\/05\/photo-bulle-et-int\u00e9rieur-page-300x263.png\" alt=\"\" loading=\"lazy\" srcset=\"https:\/\/cevennesbienetre.fr\/wp-content\/uploads\/2018\/05\/photo-bulle-et-int\u00e9rieur-page-300x263.png 300w, https:\/\/cevennesbienetre.fr\/wp-content\/uploads\/2018\/05\/photo-bulle-et-int\u00e9rieur-page-768x672.png 768w, https:\/\/cevennesbienetre.fr\/wp-content\/uploads\/2018\/05\/photo-bulle-et-int\u00e9rieur-page-1024x897.png 1024w, https:\/\/cevennesbienetre.fr\/wp-content\/uploads\/2018\/05\/photo-bulle-et-int\u00e9rieur-page-1233x1080.png 1233w\" sizes=\"auto, (max-width: 300px) 100vw, 300px\" \/><br \/>\n\t\t\t\t\t\t\t\t\t\t\t\t\t\t\t<img decoding=\"async\" width=\"300\" height=\"241\" src=\"https:\/\/cevennesbienetre.fr\/wp-content\/uploads\/2018\/05\/IMG_8113-300x241.png\" alt=\"\" loading=\"lazy\" srcset=\"https:\/\/cevennesbienetre.fr\/wp-content\/uploads\/2018\/05\/IMG_8113-300x241.png 300w, https:\/\/cevennesbienetre.fr\/wp-content\/uploads\/2018\/05\/IMG_8113-768x618.png 768w, https:\/\/cevennesbienetre.fr\/wp-content\/uploads\/2018\/05\/IMG_8113-1024x823.png 1024w, https:\/\/cevennesbienetre.fr\/wp-content\/uploads\/2018\/05\/IMG_8113-1343x1080.png 1343w\" sizes=\"auto, (max-width: 300px) 100vw, 300px\" \/><\/p>\n","protected":false},"excerpt":{"rendered":"<p>Le massage tha\u00ef \u00e0 l\u2019huile, pratiqu\u00e9 sur table est un\u00a0massage musculaire et profond. Bas\u00e9 sur la philosophie tha\u00ef et ses principes de base, le travail s\u2019effectue sur des lignes d\u2019\u00e9nergie appel\u00e9es \u00ab\u00a0sen\u00a0\u00bb et sur les tissus musculaires. La technique est pr\u00e9cise, pression profonde mais ajust\u00e9e\u00a0avec les doigts et paumes des mains. Par des mobilisations articulaires, [&hellip;]<\/p>\n","protected":false},"author":1,"featured_media":0,"parent":0,"menu_order":5,"comment_status":"closed","ping_status":"closed","template":"","meta":{"_uag_custom_page_level_css":"","_swt_meta_header_display":false,"_swt_meta_footer_display":false,"_swt_meta_site_title_display":false,"_swt_meta_sticky_header":false,"_swt_meta_transparent_header":false,"footnotes":""},"class_list":["post-217","page","type-page","status-publish","hentry"],"yoast_head":"<!-- This site is optimized with the Yoast SEO plugin v27.6 - https:\/\/yoast.com\/product\/yoast-seo-wordpress\/ -->\n<title>Massage Tha\u00eflandais \u00e0 l&#039;huile (Nuad Naman) - C\u00e9vennes Bien-\u00catre - Massages bien-\u00eatre et soins \u00e9nerg\u00e9tiques<\/title>\n<meta name=\"robots\" content=\"index, follow, max-snippet:-1, max-image-preview:large, max-video-preview:-1\" \/>\n<link rel=\"canonical\" href=\"https:\/\/cevennesbienetre.fr\/index.php\/massage-thailandais-a-lhuile-nuad-naman\/\" \/>\n<meta property=\"og:locale\" content=\"fr_FR\" \/>\n<meta property=\"og:type\" content=\"article\" \/>\n<meta property=\"og:title\" content=\"Massage Tha\u00eflandais \u00e0 l&#039;huile (Nuad Naman) - C\u00e9vennes Bien-\u00catre - Massages bien-\u00eatre et soins \u00e9nerg\u00e9tiques\" \/>\n<meta property=\"og:description\" content=\"Le massage tha\u00ef \u00e0 l\u2019huile, pratiqu\u00e9 sur table est un\u00a0massage musculaire et profond. Bas\u00e9 sur la philosophie tha\u00ef et ses principes de base, le travail s\u2019effectue sur des lignes d\u2019\u00e9nergie appel\u00e9es \u00ab\u00a0sen\u00a0\u00bb et sur les tissus musculaires. La technique est pr\u00e9cise, pression profonde mais ajust\u00e9e\u00a0avec les doigts et paumes des mains. Par des mobilisations articulaires, [&hellip;]\" \/>\n<meta property=\"og:url\" content=\"https:\/\/cevennesbienetre.fr\/index.php\/massage-thailandais-a-lhuile-nuad-naman\/\" \/>\n<meta property=\"og:site_name\" content=\"C\u00e9vennes Bien-\u00catre - Massages bien-\u00eatre et soins \u00e9nerg\u00e9tiques\" \/>\n<meta property=\"article:publisher\" content=\"https:\/\/www.facebook.com\/cevennesbienetre\" \/>\n<meta property=\"article:modified_time\" content=\"2026-01-07T16:54:00+00:00\" \/>\n<meta property=\"og:image\" content=\"https:\/\/cevennesbienetre.fr\/wp-content\/uploads\/elementor\/thumbs\/IMG_8111-1-nqs1rltyc1f0q92zmxj1mmj9egfrjyvwdbf8i6b4t6.png\" \/>\n<meta name=\"twitter:card\" content=\"summary_large_image\" \/>\n<meta name=\"twitter:label1\" content=\"Dur\u00e9e de lecture estim\u00e9e\" \/>\n\t<meta name=\"twitter:data1\" content=\"2 minutes\" \/>\n<script type=\"application\/ld+json\" class=\"yoast-schema-graph\">{\"@context\":\"https:\\\/\\\/schema.org\",\"@graph\":[{\"@type\":\"WebPage\",\"@id\":\"https:\\\/\\\/cevennesbienetre.fr\\\/index.php\\\/massage-thailandais-a-lhuile-nuad-naman\\\/\",\"url\":\"https:\\\/\\\/cevennesbienetre.fr\\\/index.php\\\/massage-thailandais-a-lhuile-nuad-naman\\\/\",\"name\":\"Massage Tha\u00eflandais \u00e0 l'huile (Nuad Naman) - C\u00e9vennes Bien-\u00catre - Massages bien-\u00eatre et soins \u00e9nerg\u00e9tiques\",\"isPartOf\":{\"@id\":\"https:\\\/\\\/cevennesbienetre.fr\\\/#website\"},\"primaryImageOfPage\":{\"@id\":\"https:\\\/\\\/cevennesbienetre.fr\\\/index.php\\\/massage-thailandais-a-lhuile-nuad-naman\\\/#primaryimage\"},\"image\":{\"@id\":\"https:\\\/\\\/cevennesbienetre.fr\\\/index.php\\\/massage-thailandais-a-lhuile-nuad-naman\\\/#primaryimage\"},\"thumbnailUrl\":\"https:\\\/\\\/cevennesbienetre.fr\\\/wp-content\\\/uploads\\\/elementor\\\/thumbs\\\/IMG_8111-1-nqs1rltyc1f0q92zmxj1mmj9egfrjyvwdbf8i6b4t6.png\",\"datePublished\":\"2018-04-24T08:57:39+00:00\",\"dateModified\":\"2026-01-07T16:54:00+00:00\",\"breadcrumb\":{\"@id\":\"https:\\\/\\\/cevennesbienetre.fr\\\/index.php\\\/massage-thailandais-a-lhuile-nuad-naman\\\/#breadcrumb\"},\"inLanguage\":\"fr-FR\",\"potentialAction\":[{\"@type\":\"ReadAction\",\"target\":[\"https:\\\/\\\/cevennesbienetre.fr\\\/index.php\\\/massage-thailandais-a-lhuile-nuad-naman\\\/\"]}]},{\"@type\":\"ImageObject\",\"inLanguage\":\"fr-FR\",\"@id\":\"https:\\\/\\\/cevennesbienetre.fr\\\/index.php\\\/massage-thailandais-a-lhuile-nuad-naman\\\/#primaryimage\",\"url\":\"https:\\\/\\\/cevennesbienetre.fr\\\/wp-content\\\/uploads\\\/elementor\\\/thumbs\\\/IMG_8111-1-nqs1rltyc1f0q92zmxj1mmj9egfrjyvwdbf8i6b4t6.png\",\"contentUrl\":\"https:\\\/\\\/cevennesbienetre.fr\\\/wp-content\\\/uploads\\\/elementor\\\/thumbs\\\/IMG_8111-1-nqs1rltyc1f0q92zmxj1mmj9egfrjyvwdbf8i6b4t6.png\"},{\"@type\":\"BreadcrumbList\",\"@id\":\"https:\\\/\\\/cevennesbienetre.fr\\\/index.php\\\/massage-thailandais-a-lhuile-nuad-naman\\\/#breadcrumb\",\"itemListElement\":[{\"@type\":\"ListItem\",\"position\":1,\"name\":\"Accueil\",\"item\":\"https:\\\/\\\/cevennesbienetre.fr\\\/\"},{\"@type\":\"ListItem\",\"position\":2,\"name\":\"Massage Tha\u00eflandais \u00e0 l&rsquo;huile (Nuad Naman)\"}]},{\"@type\":\"WebSite\",\"@id\":\"https:\\\/\\\/cevennesbienetre.fr\\\/#website\",\"url\":\"https:\\\/\\\/cevennesbienetre.fr\\\/\",\"name\":\"C\u00e9vennes Bien-\u00catre - Massages bien-\u00eatre et soins \u00e9nerg\u00e9tiques\",\"description\":\"\",\"publisher\":{\"@id\":\"https:\\\/\\\/cevennesbienetre.fr\\\/#organization\"},\"potentialAction\":[{\"@type\":\"SearchAction\",\"target\":{\"@type\":\"EntryPoint\",\"urlTemplate\":\"https:\\\/\\\/cevennesbienetre.fr\\\/?s={search_term_string}\"},\"query-input\":{\"@type\":\"PropertyValueSpecification\",\"valueRequired\":true,\"valueName\":\"search_term_string\"}}],\"inLanguage\":\"fr-FR\"},{\"@type\":\"Organization\",\"@id\":\"https:\\\/\\\/cevennesbienetre.fr\\\/#organization\",\"name\":\"C\u00e9vennes Bien-\u00catre - Massages bien-\u00eatre et soins \u00e9nerg\u00e9tiques\",\"url\":\"https:\\\/\\\/cevennesbienetre.fr\\\/\",\"logo\":{\"@type\":\"ImageObject\",\"inLanguage\":\"fr-FR\",\"@id\":\"https:\\\/\\\/cevennesbienetre.fr\\\/#\\\/schema\\\/logo\\\/image\\\/\",\"url\":\"https:\\\/\\\/cevennesbienetre.fr\\\/wp-content\\\/uploads\\\/2026\\\/02\\\/Logo_Final_Main_a_05-257x300-1-150x150-1.png\",\"contentUrl\":\"https:\\\/\\\/cevennesbienetre.fr\\\/wp-content\\\/uploads\\\/2026\\\/02\\\/Logo_Final_Main_a_05-257x300-1-150x150-1.png\",\"width\":150,\"height\":150,\"caption\":\"C\u00e9vennes Bien-\u00catre - Massages bien-\u00eatre et soins \u00e9nerg\u00e9tiques\"},\"image\":{\"@id\":\"https:\\\/\\\/cevennesbienetre.fr\\\/#\\\/schema\\\/logo\\\/image\\\/\"},\"sameAs\":[\"https:\\\/\\\/www.facebook.com\\\/cevennesbienetre\"]}]}<\/script>\n<!-- \/ Yoast SEO plugin. -->","yoast_head_json":{"title":"Massage Tha\u00eflandais \u00e0 l'huile (Nuad Naman) - C\u00e9vennes Bien-\u00catre - Massages bien-\u00eatre et soins \u00e9nerg\u00e9tiques","robots":{"index":"index","follow":"follow","max-snippet":"max-snippet:-1","max-image-preview":"max-image-preview:large","max-video-preview":"max-video-preview:-1"},"canonical":"https:\/\/cevennesbienetre.fr\/index.php\/massage-thailandais-a-lhuile-nuad-naman\/","og_locale":"fr_FR","og_type":"article","og_title":"Massage Tha\u00eflandais \u00e0 l'huile (Nuad Naman) - C\u00e9vennes Bien-\u00catre - Massages bien-\u00eatre et soins \u00e9nerg\u00e9tiques","og_description":"Le massage tha\u00ef \u00e0 l\u2019huile, pratiqu\u00e9 sur table est un\u00a0massage musculaire et profond. Bas\u00e9 sur la philosophie tha\u00ef et ses principes de base, le travail s\u2019effectue sur des lignes d\u2019\u00e9nergie appel\u00e9es \u00ab\u00a0sen\u00a0\u00bb et sur les tissus musculaires. La technique est pr\u00e9cise, pression profonde mais ajust\u00e9e\u00a0avec les doigts et paumes des mains. Par des mobilisations articulaires, [&hellip;]","og_url":"https:\/\/cevennesbienetre.fr\/index.php\/massage-thailandais-a-lhuile-nuad-naman\/","og_site_name":"C\u00e9vennes Bien-\u00catre - Massages bien-\u00eatre et soins \u00e9nerg\u00e9tiques","article_publisher":"https:\/\/www.facebook.com\/cevennesbienetre","article_modified_time":"2026-01-07T16:54:00+00:00","og_image":[{"url":"https:\/\/cevennesbienetre.fr\/wp-content\/uploads\/elementor\/thumbs\/IMG_8111-1-nqs1rltyc1f0q92zmxj1mmj9egfrjyvwdbf8i6b4t6.png","type":"","width":"","height":""}],"twitter_card":"summary_large_image","twitter_misc":{"Dur\u00e9e de lecture estim\u00e9e":"2 minutes"},"schema":{"@context":"https:\/\/schema.org","@graph":[{"@type":"WebPage","@id":"https:\/\/cevennesbienetre.fr\/index.php\/massage-thailandais-a-lhuile-nuad-naman\/","url":"https:\/\/cevennesbienetre.fr\/index.php\/massage-thailandais-a-lhuile-nuad-naman\/","name":"Massage Tha\u00eflandais \u00e0 l'huile (Nuad Naman) - C\u00e9vennes Bien-\u00catre - Massages bien-\u00eatre et soins \u00e9nerg\u00e9tiques","isPartOf":{"@id":"https:\/\/cevennesbienetre.fr\/#website"},"primaryImageOfPage":{"@id":"https:\/\/cevennesbienetre.fr\/index.php\/massage-thailandais-a-lhuile-nuad-naman\/#primaryimage"},"image":{"@id":"https:\/\/cevennesbienetre.fr\/index.php\/massage-thailandais-a-lhuile-nuad-naman\/#primaryimage"},"thumbnailUrl":"https:\/\/cevennesbienetre.fr\/wp-content\/uploads\/elementor\/thumbs\/IMG_8111-1-nqs1rltyc1f0q92zmxj1mmj9egfrjyvwdbf8i6b4t6.png","datePublished":"2018-04-24T08:57:39+00:00","dateModified":"2026-01-07T16:54:00+00:00","breadcrumb":{"@id":"https:\/\/cevennesbienetre.fr\/index.php\/massage-thailandais-a-lhuile-nuad-naman\/#breadcrumb"},"inLanguage":"fr-FR","potentialAction":[{"@type":"ReadAction","target":["https:\/\/cevennesbienetre.fr\/index.php\/massage-thailandais-a-lhuile-nuad-naman\/"]}]},{"@type":"ImageObject","inLanguage":"fr-FR","@id":"https:\/\/cevennesbienetre.fr\/index.php\/massage-thailandais-a-lhuile-nuad-naman\/#primaryimage","url":"https:\/\/cevennesbienetre.fr\/wp-content\/uploads\/elementor\/thumbs\/IMG_8111-1-nqs1rltyc1f0q92zmxj1mmj9egfrjyvwdbf8i6b4t6.png","contentUrl":"https:\/\/cevennesbienetre.fr\/wp-content\/uploads\/elementor\/thumbs\/IMG_8111-1-nqs1rltyc1f0q92zmxj1mmj9egfrjyvwdbf8i6b4t6.png"},{"@type":"BreadcrumbList","@id":"https:\/\/cevennesbienetre.fr\/index.php\/massage-thailandais-a-lhuile-nuad-naman\/#breadcrumb","itemListElement":[{"@type":"ListItem","position":1,"name":"Accueil","item":"https:\/\/cevennesbienetre.fr\/"},{"@type":"ListItem","position":2,"name":"Massage Tha\u00eflandais \u00e0 l&rsquo;huile (Nuad Naman)"}]},{"@type":"WebSite","@id":"https:\/\/cevennesbienetre.fr\/#website","url":"https:\/\/cevennesbienetre.fr\/","name":"C\u00e9vennes Bien-\u00catre - Massages bien-\u00eatre et soins \u00e9nerg\u00e9tiques","description":"","publisher":{"@id":"https:\/\/cevennesbienetre.fr\/#organization"},"potentialAction":[{"@type":"SearchAction","target":{"@type":"EntryPoint","urlTemplate":"https:\/\/cevennesbienetre.fr\/?s={search_term_string}"},"query-input":{"@type":"PropertyValueSpecification","valueRequired":true,"valueName":"search_term_string"}}],"inLanguage":"fr-FR"},{"@type":"Organization","@id":"https:\/\/cevennesbienetre.fr\/#organization","name":"C\u00e9vennes Bien-\u00catre - Massages bien-\u00eatre et soins \u00e9nerg\u00e9tiques","url":"https:\/\/cevennesbienetre.fr\/","logo":{"@type":"ImageObject","inLanguage":"fr-FR","@id":"https:\/\/cevennesbienetre.fr\/#\/schema\/logo\/image\/","url":"https:\/\/cevennesbienetre.fr\/wp-content\/uploads\/2026\/02\/Logo_Final_Main_a_05-257x300-1-150x150-1.png","contentUrl":"https:\/\/cevennesbienetre.fr\/wp-content\/uploads\/2026\/02\/Logo_Final_Main_a_05-257x300-1-150x150-1.png","width":150,"height":150,"caption":"C\u00e9vennes Bien-\u00catre - Massages bien-\u00eatre et soins \u00e9nerg\u00e9tiques"},"image":{"@id":"https:\/\/cevennesbienetre.fr\/#\/schema\/logo\/image\/"},"sameAs":["https:\/\/www.facebook.com\/cevennesbienetre"]}]}},"uagb_featured_image_src":{"full":false,"thumbnail":false,"medium":false,"medium_large":false,"large":false,"1536x1536":false,"2048x2048":false,"woocommerce_thumbnail":false,"woocommerce_single":false,"woocommerce_gallery_thumbnail":false},"uagb_author_info":{"display_name":"admin6017","author_link":"https:\/\/cevennesbienetre.fr\/index.php\/author\/admin6017\/"},"uagb_comment_info":0,"uagb_excerpt":"Le massage tha\u00ef \u00e0 l\u2019huile, pratiqu\u00e9 sur table est un\u00a0massage musculaire et profond. Bas\u00e9 sur la philosophie tha\u00ef et ses principes de base, le travail s\u2019effectue sur des lignes d\u2019\u00e9nergie appel\u00e9es \u00ab\u00a0sen\u00a0\u00bb et sur les tissus musculaires. La technique est pr\u00e9cise, pression profonde mais ajust\u00e9e\u00a0avec les doigts et paumes des mains. Par des mobilisations articulaires,\u2026","_links":{"self":[{"href":"https:\/\/cevennesbienetre.fr\/index.php\/wp-json\/wp\/v2\/pages\/217","targetHints":{"allow":["GET"]}}],"collection":[{"href":"https:\/\/cevennesbienetre.fr\/index.php\/wp-json\/wp\/v2\/pages"}],"about":[{"href":"https:\/\/cevennesbienetre.fr\/index.php\/wp-json\/wp\/v2\/types\/page"}],"author":[{"embeddable":true,"href":"https:\/\/cevennesbienetre.fr\/index.php\/wp-json\/wp\/v2\/users\/1"}],"replies":[{"embeddable":true,"href":"https:\/\/cevennesbienetre.fr\/index.php\/wp-json\/wp\/v2\/comments?post=217"}],"version-history":[{"count":21,"href":"https:\/\/cevennesbienetre.fr\/index.php\/wp-json\/wp\/v2\/pages\/217\/revisions"}],"predecessor-version":[{"id":3244,"href":"https:\/\/cevennesbienetre.fr\/index.php\/wp-json\/wp\/v2\/pages\/217\/revisions\/3244"}],"wp:attachment":[{"href":"https:\/\/cevennesbienetre.fr\/index.php\/wp-json\/wp\/v2\/media?parent=217"}],"curies":[{"name":"wp","href":"https:\/\/api.w.org\/{rel}","templated":true}]}}