{"id":2148,"date":"2022-07-10T00:42:54","date_gmt":"2022-07-09T22:42:54","guid":{"rendered":"http:\/\/cevennesbienetre.fr\/?page_id=2148"},"modified":"2026-01-01T21:52:57","modified_gmt":"2026-01-01T20:52:57","slug":"le-kobido-massage-facial","status":"publish","type":"page","link":"https:\/\/cevennesbienetre.fr\/index.php\/le-kobido-massage-facial\/","title":{"rendered":"Le kobido, massage facial"},"content":{"rendered":"<p><img decoding=\"async\" width=\"289\" height=\"300\" src=\"https:\/\/cevennesbienetre.fr\/wp-content\/uploads\/2022\/07\/visage-289x300.jpg\" alt=\"\" loading=\"lazy\" srcset=\"https:\/\/cevennesbienetre.fr\/wp-content\/uploads\/2022\/07\/visage-289x300.jpg 289w, https:\/\/cevennesbienetre.fr\/wp-content\/uploads\/2022\/07\/visage-500x519.jpg 500w, https:\/\/cevennesbienetre.fr\/wp-content\/uploads\/2022\/07\/visage.jpg 539w\" sizes=\"auto, (max-width: 289px) 100vw, 289px\" \/>\t\t\t\t\t\t\t\t\t\t\t\t\t\t\t<\/p>\n<p>Le kobido est un lifting naturel pour le visage.<\/p>\n<p>Datant des ann\u00e9es 1400, ce soin \u00e9tait exclusivement r\u00e9serv\u00e9 \u00e0 la famille imp\u00e9riale japonaise et aux geishas.<\/p>\n<p>Massage ancestral, il va \u00e0 la fois tonifier les muscles de la peau mais aussi stimuler la circulation \u00e9nerg\u00e9tique. Il va oxyg\u00e9ner l&rsquo;\u00e9piderme et \u00e9quilibrer le ki (\u00e9nergie).<\/p>\n<p>Occasionnellement il va effacer les effets du stress et rafraichir les traits en apportant de l&rsquo;\u00e9clat.<\/p>\n<p>1 s\u00e9ance 60mn : 70\u20ac<\/p>\n<p>En pratique r\u00e9guli\u00e8re, il va favoriser la production de collag\u00e8ne, redessiner l&rsquo;ovale du visage, stimuler la circulation sanguine et lymphatique, diminuer les rides et cernes.<\/p>\n<p>6 s\u00e9ances : 390\u20ac<\/p>\n<p>10 s\u00e9ances : 620\u20ac<\/p>\n","protected":false},"excerpt":{"rendered":"<p>Le kobido est un lifting naturel pour le visage. Datant des ann\u00e9es 1400, ce soin \u00e9tait exclusivement r\u00e9serv\u00e9 \u00e0 la famille imp\u00e9riale japonaise et aux geishas. Massage ancestral, il va \u00e0 la fois tonifier les muscles de la peau mais aussi stimuler la circulation \u00e9nerg\u00e9tique. Il va oxyg\u00e9ner l&rsquo;\u00e9piderme et \u00e9quilibrer le ki (\u00e9nergie). Occasionnellement [&hellip;]<\/p>\n","protected":false},"author":1,"featured_media":0,"parent":0,"menu_order":0,"comment_status":"closed","ping_status":"closed","template":"","meta":{"_uag_custom_page_level_css":"","_swt_meta_header_display":false,"_swt_meta_footer_display":false,"_swt_meta_site_title_display":false,"_swt_meta_sticky_header":false,"_swt_meta_transparent_header":false,"footnotes":""},"class_list":["post-2148","page","type-page","status-publish","hentry"],"yoast_head":"<!-- This site is optimized with the Yoast SEO plugin v27.5 - https:\/\/yoast.com\/product\/yoast-seo-wordpress\/ -->\n<title>Le kobido, massage facial - C\u00e9vennes Bien-\u00catre - Massages bien-\u00eatre et soins \u00e9nerg\u00e9tiques<\/title>\n<meta name=\"robots\" content=\"index, follow, max-snippet:-1, max-image-preview:large, max-video-preview:-1\" \/>\n<link rel=\"canonical\" href=\"https:\/\/cevennesbienetre.fr\/index.php\/le-kobido-massage-facial\/\" \/>\n<meta property=\"og:locale\" content=\"fr_FR\" \/>\n<meta property=\"og:type\" content=\"article\" \/>\n<meta property=\"og:title\" content=\"Le kobido, massage facial - C\u00e9vennes Bien-\u00catre - Massages bien-\u00eatre et soins \u00e9nerg\u00e9tiques\" \/>\n<meta property=\"og:description\" content=\"Le kobido est un lifting naturel pour le visage. Datant des ann\u00e9es 1400, ce soin \u00e9tait exclusivement r\u00e9serv\u00e9 \u00e0 la famille imp\u00e9riale japonaise et aux geishas. Massage ancestral, il va \u00e0 la fois tonifier les muscles de la peau mais aussi stimuler la circulation \u00e9nerg\u00e9tique. Il va oxyg\u00e9ner l&rsquo;\u00e9piderme et \u00e9quilibrer le ki (\u00e9nergie). Occasionnellement [&hellip;]\" \/>\n<meta property=\"og:url\" content=\"https:\/\/cevennesbienetre.fr\/index.php\/le-kobido-massage-facial\/\" \/>\n<meta property=\"og:site_name\" content=\"C\u00e9vennes Bien-\u00catre - Massages bien-\u00eatre et soins \u00e9nerg\u00e9tiques\" \/>\n<meta property=\"article:publisher\" content=\"https:\/\/www.facebook.com\/cevennesbienetre\" \/>\n<meta property=\"article:modified_time\" content=\"2026-01-01T20:52:57+00:00\" \/>\n<meta property=\"og:image\" content=\"https:\/\/cevennesbienetre.fr\/wp-content\/uploads\/2022\/07\/visage.jpg\" \/>\n\t<meta property=\"og:image:width\" content=\"539\" \/>\n\t<meta property=\"og:image:height\" content=\"559\" \/>\n\t<meta property=\"og:image:type\" content=\"image\/jpeg\" \/>\n<meta name=\"twitter:card\" content=\"summary_large_image\" \/>\n<meta name=\"twitter:label1\" content=\"Dur\u00e9e de lecture estim\u00e9e\" \/>\n\t<meta name=\"twitter:data1\" content=\"1 minute\" \/>\n<script type=\"application\/ld+json\" class=\"yoast-schema-graph\">{\"@context\":\"https:\\\/\\\/schema.org\",\"@graph\":[{\"@type\":\"WebPage\",\"@id\":\"https:\\\/\\\/cevennesbienetre.fr\\\/index.php\\\/le-kobido-massage-facial\\\/\",\"url\":\"https:\\\/\\\/cevennesbienetre.fr\\\/index.php\\\/le-kobido-massage-facial\\\/\",\"name\":\"Le kobido, massage facial - C\u00e9vennes Bien-\u00catre - Massages bien-\u00eatre et soins \u00e9nerg\u00e9tiques\",\"isPartOf\":{\"@id\":\"https:\\\/\\\/cevennesbienetre.fr\\\/#website\"},\"primaryImageOfPage\":{\"@id\":\"https:\\\/\\\/cevennesbienetre.fr\\\/index.php\\\/le-kobido-massage-facial\\\/#primaryimage\"},\"image\":{\"@id\":\"https:\\\/\\\/cevennesbienetre.fr\\\/index.php\\\/le-kobido-massage-facial\\\/#primaryimage\"},\"thumbnailUrl\":\"https:\\\/\\\/cevennesbienetre.fr\\\/wp-content\\\/uploads\\\/2022\\\/07\\\/visage-289x300.jpg\",\"datePublished\":\"2022-07-09T22:42:54+00:00\",\"dateModified\":\"2026-01-01T20:52:57+00:00\",\"breadcrumb\":{\"@id\":\"https:\\\/\\\/cevennesbienetre.fr\\\/index.php\\\/le-kobido-massage-facial\\\/#breadcrumb\"},\"inLanguage\":\"fr-FR\",\"potentialAction\":[{\"@type\":\"ReadAction\",\"target\":[\"https:\\\/\\\/cevennesbienetre.fr\\\/index.php\\\/le-kobido-massage-facial\\\/\"]}]},{\"@type\":\"ImageObject\",\"inLanguage\":\"fr-FR\",\"@id\":\"https:\\\/\\\/cevennesbienetre.fr\\\/index.php\\\/le-kobido-massage-facial\\\/#primaryimage\",\"url\":\"https:\\\/\\\/cevennesbienetre.fr\\\/wp-content\\\/uploads\\\/2022\\\/07\\\/visage.jpg\",\"contentUrl\":\"https:\\\/\\\/cevennesbienetre.fr\\\/wp-content\\\/uploads\\\/2022\\\/07\\\/visage.jpg\",\"width\":539,\"height\":559},{\"@type\":\"BreadcrumbList\",\"@id\":\"https:\\\/\\\/cevennesbienetre.fr\\\/index.php\\\/le-kobido-massage-facial\\\/#breadcrumb\",\"itemListElement\":[{\"@type\":\"ListItem\",\"position\":1,\"name\":\"Accueil\",\"item\":\"https:\\\/\\\/cevennesbienetre.fr\\\/\"},{\"@type\":\"ListItem\",\"position\":2,\"name\":\"Le kobido, massage facial\"}]},{\"@type\":\"WebSite\",\"@id\":\"https:\\\/\\\/cevennesbienetre.fr\\\/#website\",\"url\":\"https:\\\/\\\/cevennesbienetre.fr\\\/\",\"name\":\"C\u00e9vennes Bien-\u00catre - Massages bien-\u00eatre et soins \u00e9nerg\u00e9tiques\",\"description\":\"\",\"publisher\":{\"@id\":\"https:\\\/\\\/cevennesbienetre.fr\\\/#organization\"},\"potentialAction\":[{\"@type\":\"SearchAction\",\"target\":{\"@type\":\"EntryPoint\",\"urlTemplate\":\"https:\\\/\\\/cevennesbienetre.fr\\\/?s={search_term_string}\"},\"query-input\":{\"@type\":\"PropertyValueSpecification\",\"valueRequired\":true,\"valueName\":\"search_term_string\"}}],\"inLanguage\":\"fr-FR\"},{\"@type\":\"Organization\",\"@id\":\"https:\\\/\\\/cevennesbienetre.fr\\\/#organization\",\"name\":\"C\u00e9vennes Bien-\u00catre - Massages bien-\u00eatre et soins \u00e9nerg\u00e9tiques\",\"url\":\"https:\\\/\\\/cevennesbienetre.fr\\\/\",\"logo\":{\"@type\":\"ImageObject\",\"inLanguage\":\"fr-FR\",\"@id\":\"https:\\\/\\\/cevennesbienetre.fr\\\/#\\\/schema\\\/logo\\\/image\\\/\",\"url\":\"https:\\\/\\\/cevennesbienetre.fr\\\/wp-content\\\/uploads\\\/2026\\\/02\\\/Logo_Final_Main_a_05-257x300-1-150x150-1.png\",\"contentUrl\":\"https:\\\/\\\/cevennesbienetre.fr\\\/wp-content\\\/uploads\\\/2026\\\/02\\\/Logo_Final_Main_a_05-257x300-1-150x150-1.png\",\"width\":150,\"height\":150,\"caption\":\"C\u00e9vennes Bien-\u00catre - Massages bien-\u00eatre et soins \u00e9nerg\u00e9tiques\"},\"image\":{\"@id\":\"https:\\\/\\\/cevennesbienetre.fr\\\/#\\\/schema\\\/logo\\\/image\\\/\"},\"sameAs\":[\"https:\\\/\\\/www.facebook.com\\\/cevennesbienetre\"]}]}<\/script>\n<!-- \/ Yoast SEO plugin. -->","yoast_head_json":{"title":"Le kobido, massage facial - C\u00e9vennes Bien-\u00catre - Massages bien-\u00eatre et soins \u00e9nerg\u00e9tiques","robots":{"index":"index","follow":"follow","max-snippet":"max-snippet:-1","max-image-preview":"max-image-preview:large","max-video-preview":"max-video-preview:-1"},"canonical":"https:\/\/cevennesbienetre.fr\/index.php\/le-kobido-massage-facial\/","og_locale":"fr_FR","og_type":"article","og_title":"Le kobido, massage facial - C\u00e9vennes Bien-\u00catre - Massages bien-\u00eatre et soins \u00e9nerg\u00e9tiques","og_description":"Le kobido est un lifting naturel pour le visage. Datant des ann\u00e9es 1400, ce soin \u00e9tait exclusivement r\u00e9serv\u00e9 \u00e0 la famille imp\u00e9riale japonaise et aux geishas. Massage ancestral, il va \u00e0 la fois tonifier les muscles de la peau mais aussi stimuler la circulation \u00e9nerg\u00e9tique. Il va oxyg\u00e9ner l&rsquo;\u00e9piderme et \u00e9quilibrer le ki (\u00e9nergie). Occasionnellement [&hellip;]","og_url":"https:\/\/cevennesbienetre.fr\/index.php\/le-kobido-massage-facial\/","og_site_name":"C\u00e9vennes Bien-\u00catre - Massages bien-\u00eatre et soins \u00e9nerg\u00e9tiques","article_publisher":"https:\/\/www.facebook.com\/cevennesbienetre","article_modified_time":"2026-01-01T20:52:57+00:00","og_image":[{"width":539,"height":559,"url":"https:\/\/cevennesbienetre.fr\/wp-content\/uploads\/2022\/07\/visage.jpg","type":"image\/jpeg"}],"twitter_card":"summary_large_image","twitter_misc":{"Dur\u00e9e de lecture estim\u00e9e":"1 minute"},"schema":{"@context":"https:\/\/schema.org","@graph":[{"@type":"WebPage","@id":"https:\/\/cevennesbienetre.fr\/index.php\/le-kobido-massage-facial\/","url":"https:\/\/cevennesbienetre.fr\/index.php\/le-kobido-massage-facial\/","name":"Le kobido, massage facial - C\u00e9vennes Bien-\u00catre - Massages bien-\u00eatre et soins \u00e9nerg\u00e9tiques","isPartOf":{"@id":"https:\/\/cevennesbienetre.fr\/#website"},"primaryImageOfPage":{"@id":"https:\/\/cevennesbienetre.fr\/index.php\/le-kobido-massage-facial\/#primaryimage"},"image":{"@id":"https:\/\/cevennesbienetre.fr\/index.php\/le-kobido-massage-facial\/#primaryimage"},"thumbnailUrl":"https:\/\/cevennesbienetre.fr\/wp-content\/uploads\/2022\/07\/visage-289x300.jpg","datePublished":"2022-07-09T22:42:54+00:00","dateModified":"2026-01-01T20:52:57+00:00","breadcrumb":{"@id":"https:\/\/cevennesbienetre.fr\/index.php\/le-kobido-massage-facial\/#breadcrumb"},"inLanguage":"fr-FR","potentialAction":[{"@type":"ReadAction","target":["https:\/\/cevennesbienetre.fr\/index.php\/le-kobido-massage-facial\/"]}]},{"@type":"ImageObject","inLanguage":"fr-FR","@id":"https:\/\/cevennesbienetre.fr\/index.php\/le-kobido-massage-facial\/#primaryimage","url":"https:\/\/cevennesbienetre.fr\/wp-content\/uploads\/2022\/07\/visage.jpg","contentUrl":"https:\/\/cevennesbienetre.fr\/wp-content\/uploads\/2022\/07\/visage.jpg","width":539,"height":559},{"@type":"BreadcrumbList","@id":"https:\/\/cevennesbienetre.fr\/index.php\/le-kobido-massage-facial\/#breadcrumb","itemListElement":[{"@type":"ListItem","position":1,"name":"Accueil","item":"https:\/\/cevennesbienetre.fr\/"},{"@type":"ListItem","position":2,"name":"Le kobido, massage facial"}]},{"@type":"WebSite","@id":"https:\/\/cevennesbienetre.fr\/#website","url":"https:\/\/cevennesbienetre.fr\/","name":"C\u00e9vennes Bien-\u00catre - Massages bien-\u00eatre et soins \u00e9nerg\u00e9tiques","description":"","publisher":{"@id":"https:\/\/cevennesbienetre.fr\/#organization"},"potentialAction":[{"@type":"SearchAction","target":{"@type":"EntryPoint","urlTemplate":"https:\/\/cevennesbienetre.fr\/?s={search_term_string}"},"query-input":{"@type":"PropertyValueSpecification","valueRequired":true,"valueName":"search_term_string"}}],"inLanguage":"fr-FR"},{"@type":"Organization","@id":"https:\/\/cevennesbienetre.fr\/#organization","name":"C\u00e9vennes Bien-\u00catre - Massages bien-\u00eatre et soins \u00e9nerg\u00e9tiques","url":"https:\/\/cevennesbienetre.fr\/","logo":{"@type":"ImageObject","inLanguage":"fr-FR","@id":"https:\/\/cevennesbienetre.fr\/#\/schema\/logo\/image\/","url":"https:\/\/cevennesbienetre.fr\/wp-content\/uploads\/2026\/02\/Logo_Final_Main_a_05-257x300-1-150x150-1.png","contentUrl":"https:\/\/cevennesbienetre.fr\/wp-content\/uploads\/2026\/02\/Logo_Final_Main_a_05-257x300-1-150x150-1.png","width":150,"height":150,"caption":"C\u00e9vennes Bien-\u00catre - Massages bien-\u00eatre et soins \u00e9nerg\u00e9tiques"},"image":{"@id":"https:\/\/cevennesbienetre.fr\/#\/schema\/logo\/image\/"},"sameAs":["https:\/\/www.facebook.com\/cevennesbienetre"]}]}},"uagb_featured_image_src":{"full":false,"thumbnail":false,"medium":false,"medium_large":false,"large":false,"1536x1536":false,"2048x2048":false,"woocommerce_thumbnail":false,"woocommerce_single":false,"woocommerce_gallery_thumbnail":false},"uagb_author_info":{"display_name":"admin6017","author_link":"https:\/\/cevennesbienetre.fr\/index.php\/author\/admin6017\/"},"uagb_comment_info":0,"uagb_excerpt":"Le kobido est un lifting naturel pour le visage. Datant des ann\u00e9es 1400, ce soin \u00e9tait exclusivement r\u00e9serv\u00e9 \u00e0 la famille imp\u00e9riale japonaise et aux geishas. Massage ancestral, il va \u00e0 la fois tonifier les muscles de la peau mais aussi stimuler la circulation \u00e9nerg\u00e9tique. Il va oxyg\u00e9ner l&rsquo;\u00e9piderme et \u00e9quilibrer le ki (\u00e9nergie). Occasionnellement\u2026","_links":{"self":[{"href":"https:\/\/cevennesbienetre.fr\/index.php\/wp-json\/wp\/v2\/pages\/2148","targetHints":{"allow":["GET"]}}],"collection":[{"href":"https:\/\/cevennesbienetre.fr\/index.php\/wp-json\/wp\/v2\/pages"}],"about":[{"href":"https:\/\/cevennesbienetre.fr\/index.php\/wp-json\/wp\/v2\/types\/page"}],"author":[{"embeddable":true,"href":"https:\/\/cevennesbienetre.fr\/index.php\/wp-json\/wp\/v2\/users\/1"}],"replies":[{"embeddable":true,"href":"https:\/\/cevennesbienetre.fr\/index.php\/wp-json\/wp\/v2\/comments?post=2148"}],"version-history":[{"count":25,"href":"https:\/\/cevennesbienetre.fr\/index.php\/wp-json\/wp\/v2\/pages\/2148\/revisions"}],"predecessor-version":[{"id":3215,"href":"https:\/\/cevennesbienetre.fr\/index.php\/wp-json\/wp\/v2\/pages\/2148\/revisions\/3215"}],"wp:attachment":[{"href":"https:\/\/cevennesbienetre.fr\/index.php\/wp-json\/wp\/v2\/media?parent=2148"}],"curies":[{"name":"wp","href":"https:\/\/api.w.org\/{rel}","templated":true}]}}