{"id":206,"date":"2018-04-24T10:51:11","date_gmt":"2018-04-24T08:51:11","guid":{"rendered":"http:\/\/cevennesbienetre.fr\/?page_id=206"},"modified":"2026-01-01T21:56:52","modified_gmt":"2026-01-01T20:56:52","slug":"massage-ayurvedique-abhyanga","status":"publish","type":"page","link":"https:\/\/cevennesbienetre.fr\/index.php\/massage-ayurvedique-abhyanga\/","title":{"rendered":"Massage ayurv\u00e9dique abhyanga"},"content":{"rendered":"<p><img decoding=\"async\" src=\"https:\/\/cevennesbienetre.fr\/wp-content\/uploads\/2018\/05\/ge-bulle.png\" title=\"ge bulle\" alt=\"ge bulle\" loading=\"lazy\" \/>\t\t\t\t\t\t\t\t\t\t\t\t\t\t\t<\/p>\n<p>Le massage ayurv\u00e9dique Abyanga,\u00a0<strong>massage \u00e9nerg\u00e9tique,\u00a0<\/strong>est bas\u00e9 sur la m\u00e9decine\u00a0 indienne l&rsquo;Ayurv\u00e9da.<\/p>\n<p>C&rsquo;est une pratique \u00e0 la fois de d\u00e9tente et de tonification, d&rsquo;\u00e9limination des toxines par excellence id\u00e9al en toute saison pour purifier l&rsquo;organisme.<\/p>\n<p>Ce massage harmonise le corps, le mental et l&rsquo;esprit.<\/p>\n<p>Pratiqu\u00e9 \u00e0 l&rsquo;huile chaude, ce massage rythm\u00e9, lent et tonique \u00e0 la fois est r\u00e9\u00e9quilibrant et va permettre \u00e0 l&rsquo;\u00e9nergie vitale, le prana, de circuler librement et harmonieusement dans l&rsquo;ensemble du corps.<\/p>\n<p>Par le biais de frictions, acupressions mais aussi \u00e9tirements, le massage ayurv\u00e9dique va apporter harmonie et d\u00e9tente au corps.<\/p>\n<p><strong>Bienfaits :\u00a0<\/strong><\/p>\n<ul>\n<li>r\u00e9put\u00e9 pour agir sur les humeurs et les \u00e9motions, il convient aux personnes nerveuses, stress\u00e9es ou press\u00e9es<\/li>\n<li>permet de rel\u00e2cher l&rsquo;esprit et de se relaxer<\/li>\n<li>renforcement du syst\u00e8me immunitaire<\/li>\n<li>am\u00e9lioration de la circulation<\/li>\n<li>assouplissement des articulations et tonus musculaire<\/li>\n<\/ul>\n<p><strong>Les contre-indications :<\/strong><\/p>\n<ul>\n<li>cancers, maladies graves ou inflammatoires<\/li>\n<li>l\u00e9sions infectieuses de la peau<\/li>\n<\/ul>\n<p><strong>60mn : 70\u20ac<\/strong><\/p>\n<p><strong>90mn: 100\u20ac<\/strong><\/p>\n<p>\t\t\t\t\t\t\t\t\t\t\t\t\t\t\t<img decoding=\"async\" width=\"274\" height=\"300\" src=\"https:\/\/cevennesbienetre.fr\/wp-content\/uploads\/2018\/05\/IMG_8111-274x300.png\" alt=\"\" loading=\"lazy\" srcset=\"https:\/\/cevennesbienetre.fr\/wp-content\/uploads\/2018\/05\/IMG_8111-274x300.png 274w, https:\/\/cevennesbienetre.fr\/wp-content\/uploads\/2018\/05\/IMG_8111-768x842.png 768w, https:\/\/cevennesbienetre.fr\/wp-content\/uploads\/2018\/05\/IMG_8111-934x1024.png 934w, https:\/\/cevennesbienetre.fr\/wp-content\/uploads\/2018\/05\/IMG_8111-1024x1123.png 1024w, https:\/\/cevennesbienetre.fr\/wp-content\/uploads\/2018\/05\/IMG_8111-985x1080.png 985w\" sizes=\"auto, (max-width: 274px) 100vw, 274px\" \/><br \/>\n\t\t\t\t\t\t\t\t\t\t\t\t\t\t\t<img decoding=\"async\" width=\"217\" height=\"300\" src=\"https:\/\/cevennesbienetre.fr\/wp-content\/uploads\/2018\/05\/IMG_8135-1-217x300.png\" alt=\"\" loading=\"lazy\" srcset=\"https:\/\/cevennesbienetre.fr\/wp-content\/uploads\/2018\/05\/IMG_8135-1-217x300.png 217w, https:\/\/cevennesbienetre.fr\/wp-content\/uploads\/2018\/05\/IMG_8135-1-768x1060.png 768w, https:\/\/cevennesbienetre.fr\/wp-content\/uploads\/2018\/05\/IMG_8135-1-742x1024.png 742w, https:\/\/cevennesbienetre.fr\/wp-content\/uploads\/2018\/05\/IMG_8135-1-1024x1413.png 1024w, https:\/\/cevennesbienetre.fr\/wp-content\/uploads\/2018\/05\/IMG_8135-1-783x1080.png 783w, https:\/\/cevennesbienetre.fr\/wp-content\/uploads\/2018\/05\/IMG_8135-1.png 1912w\" sizes=\"auto, (max-width: 217px) 100vw, 217px\" \/><\/p>\n","protected":false},"excerpt":{"rendered":"<p>Le massage ayurv\u00e9dique Abyanga,\u00a0massage \u00e9nerg\u00e9tique,\u00a0est bas\u00e9 sur la m\u00e9decine\u00a0 indienne l&rsquo;Ayurv\u00e9da. C&rsquo;est une pratique \u00e0 la fois de d\u00e9tente et de tonification, d&rsquo;\u00e9limination des toxines par excellence id\u00e9al en toute saison pour purifier l&rsquo;organisme. Ce massage harmonise le corps, le mental et l&rsquo;esprit. Pratiqu\u00e9 \u00e0 l&rsquo;huile chaude, ce massage rythm\u00e9, lent et tonique \u00e0 la [&hellip;]<\/p>\n","protected":false},"author":1,"featured_media":0,"parent":0,"menu_order":0,"comment_status":"closed","ping_status":"closed","template":"","meta":{"_uag_custom_page_level_css":"","_swt_meta_header_display":false,"_swt_meta_footer_display":false,"_swt_meta_site_title_display":false,"_swt_meta_sticky_header":false,"_swt_meta_transparent_header":false,"footnotes":""},"class_list":["post-206","page","type-page","status-publish","hentry"],"yoast_head":"<!-- This site is optimized with the Yoast SEO plugin v27.5 - https:\/\/yoast.com\/product\/yoast-seo-wordpress\/ -->\n<title>Massage ayurv\u00e9dique abhyanga - C\u00e9vennes Bien-\u00catre - Massages bien-\u00eatre et soins \u00e9nerg\u00e9tiques<\/title>\n<meta name=\"robots\" content=\"index, follow, max-snippet:-1, max-image-preview:large, max-video-preview:-1\" \/>\n<link rel=\"canonical\" href=\"https:\/\/cevennesbienetre.fr\/index.php\/massage-ayurvedique-abhyanga\/\" \/>\n<meta property=\"og:locale\" content=\"fr_FR\" \/>\n<meta property=\"og:type\" content=\"article\" \/>\n<meta property=\"og:title\" content=\"Massage ayurv\u00e9dique abhyanga - C\u00e9vennes Bien-\u00catre - Massages bien-\u00eatre et soins \u00e9nerg\u00e9tiques\" \/>\n<meta property=\"og:description\" content=\"Le massage ayurv\u00e9dique Abyanga,\u00a0massage \u00e9nerg\u00e9tique,\u00a0est bas\u00e9 sur la m\u00e9decine\u00a0 indienne l&rsquo;Ayurv\u00e9da. C&rsquo;est une pratique \u00e0 la fois de d\u00e9tente et de tonification, d&rsquo;\u00e9limination des toxines par excellence id\u00e9al en toute saison pour purifier l&rsquo;organisme. Ce massage harmonise le corps, le mental et l&rsquo;esprit. Pratiqu\u00e9 \u00e0 l&rsquo;huile chaude, ce massage rythm\u00e9, lent et tonique \u00e0 la [&hellip;]\" \/>\n<meta property=\"og:url\" content=\"https:\/\/cevennesbienetre.fr\/index.php\/massage-ayurvedique-abhyanga\/\" \/>\n<meta property=\"og:site_name\" content=\"C\u00e9vennes Bien-\u00catre - Massages bien-\u00eatre et soins \u00e9nerg\u00e9tiques\" \/>\n<meta property=\"article:publisher\" content=\"https:\/\/www.facebook.com\/cevennesbienetre\" \/>\n<meta property=\"article:modified_time\" content=\"2026-01-01T20:56:52+00:00\" \/>\n<meta property=\"og:image\" content=\"https:\/\/cevennesbienetre.fr\/wp-content\/uploads\/2018\/05\/ge-bulle.png\" \/>\n<meta name=\"twitter:card\" content=\"summary_large_image\" \/>\n<meta name=\"twitter:label1\" content=\"Dur\u00e9e de lecture estim\u00e9e\" \/>\n\t<meta name=\"twitter:data1\" content=\"2 minutes\" \/>\n<script type=\"application\/ld+json\" class=\"yoast-schema-graph\">{\"@context\":\"https:\\\/\\\/schema.org\",\"@graph\":[{\"@type\":\"WebPage\",\"@id\":\"https:\\\/\\\/cevennesbienetre.fr\\\/index.php\\\/massage-ayurvedique-abhyanga\\\/\",\"url\":\"https:\\\/\\\/cevennesbienetre.fr\\\/index.php\\\/massage-ayurvedique-abhyanga\\\/\",\"name\":\"Massage ayurv\u00e9dique abhyanga - C\u00e9vennes Bien-\u00catre - Massages bien-\u00eatre et soins \u00e9nerg\u00e9tiques\",\"isPartOf\":{\"@id\":\"https:\\\/\\\/cevennesbienetre.fr\\\/#website\"},\"primaryImageOfPage\":{\"@id\":\"https:\\\/\\\/cevennesbienetre.fr\\\/index.php\\\/massage-ayurvedique-abhyanga\\\/#primaryimage\"},\"image\":{\"@id\":\"https:\\\/\\\/cevennesbienetre.fr\\\/index.php\\\/massage-ayurvedique-abhyanga\\\/#primaryimage\"},\"thumbnailUrl\":\"https:\\\/\\\/cevennesbienetre.fr\\\/wp-content\\\/uploads\\\/2018\\\/05\\\/ge-bulle.png\",\"datePublished\":\"2018-04-24T08:51:11+00:00\",\"dateModified\":\"2026-01-01T20:56:52+00:00\",\"breadcrumb\":{\"@id\":\"https:\\\/\\\/cevennesbienetre.fr\\\/index.php\\\/massage-ayurvedique-abhyanga\\\/#breadcrumb\"},\"inLanguage\":\"fr-FR\",\"potentialAction\":[{\"@type\":\"ReadAction\",\"target\":[\"https:\\\/\\\/cevennesbienetre.fr\\\/index.php\\\/massage-ayurvedique-abhyanga\\\/\"]}]},{\"@type\":\"ImageObject\",\"inLanguage\":\"fr-FR\",\"@id\":\"https:\\\/\\\/cevennesbienetre.fr\\\/index.php\\\/massage-ayurvedique-abhyanga\\\/#primaryimage\",\"url\":\"https:\\\/\\\/cevennesbienetre.fr\\\/wp-content\\\/uploads\\\/2018\\\/05\\\/ge-bulle-scaled.png\",\"contentUrl\":\"https:\\\/\\\/cevennesbienetre.fr\\\/wp-content\\\/uploads\\\/2018\\\/05\\\/ge-bulle-scaled.png\",\"width\":2026,\"height\":2560},{\"@type\":\"BreadcrumbList\",\"@id\":\"https:\\\/\\\/cevennesbienetre.fr\\\/index.php\\\/massage-ayurvedique-abhyanga\\\/#breadcrumb\",\"itemListElement\":[{\"@type\":\"ListItem\",\"position\":1,\"name\":\"Accueil\",\"item\":\"https:\\\/\\\/cevennesbienetre.fr\\\/\"},{\"@type\":\"ListItem\",\"position\":2,\"name\":\"Massage ayurv\u00e9dique abhyanga\"}]},{\"@type\":\"WebSite\",\"@id\":\"https:\\\/\\\/cevennesbienetre.fr\\\/#website\",\"url\":\"https:\\\/\\\/cevennesbienetre.fr\\\/\",\"name\":\"C\u00e9vennes Bien-\u00catre - Massages bien-\u00eatre et soins \u00e9nerg\u00e9tiques\",\"description\":\"\",\"publisher\":{\"@id\":\"https:\\\/\\\/cevennesbienetre.fr\\\/#organization\"},\"potentialAction\":[{\"@type\":\"SearchAction\",\"target\":{\"@type\":\"EntryPoint\",\"urlTemplate\":\"https:\\\/\\\/cevennesbienetre.fr\\\/?s={search_term_string}\"},\"query-input\":{\"@type\":\"PropertyValueSpecification\",\"valueRequired\":true,\"valueName\":\"search_term_string\"}}],\"inLanguage\":\"fr-FR\"},{\"@type\":\"Organization\",\"@id\":\"https:\\\/\\\/cevennesbienetre.fr\\\/#organization\",\"name\":\"C\u00e9vennes Bien-\u00catre - Massages bien-\u00eatre et soins \u00e9nerg\u00e9tiques\",\"url\":\"https:\\\/\\\/cevennesbienetre.fr\\\/\",\"logo\":{\"@type\":\"ImageObject\",\"inLanguage\":\"fr-FR\",\"@id\":\"https:\\\/\\\/cevennesbienetre.fr\\\/#\\\/schema\\\/logo\\\/image\\\/\",\"url\":\"https:\\\/\\\/cevennesbienetre.fr\\\/wp-content\\\/uploads\\\/2026\\\/02\\\/Logo_Final_Main_a_05-257x300-1-150x150-1.png\",\"contentUrl\":\"https:\\\/\\\/cevennesbienetre.fr\\\/wp-content\\\/uploads\\\/2026\\\/02\\\/Logo_Final_Main_a_05-257x300-1-150x150-1.png\",\"width\":150,\"height\":150,\"caption\":\"C\u00e9vennes Bien-\u00catre - Massages bien-\u00eatre et soins \u00e9nerg\u00e9tiques\"},\"image\":{\"@id\":\"https:\\\/\\\/cevennesbienetre.fr\\\/#\\\/schema\\\/logo\\\/image\\\/\"},\"sameAs\":[\"https:\\\/\\\/www.facebook.com\\\/cevennesbienetre\"]}]}<\/script>\n<!-- \/ Yoast SEO plugin. -->","yoast_head_json":{"title":"Massage ayurv\u00e9dique abhyanga - C\u00e9vennes Bien-\u00catre - Massages bien-\u00eatre et soins \u00e9nerg\u00e9tiques","robots":{"index":"index","follow":"follow","max-snippet":"max-snippet:-1","max-image-preview":"max-image-preview:large","max-video-preview":"max-video-preview:-1"},"canonical":"https:\/\/cevennesbienetre.fr\/index.php\/massage-ayurvedique-abhyanga\/","og_locale":"fr_FR","og_type":"article","og_title":"Massage ayurv\u00e9dique abhyanga - C\u00e9vennes Bien-\u00catre - Massages bien-\u00eatre et soins \u00e9nerg\u00e9tiques","og_description":"Le massage ayurv\u00e9dique Abyanga,\u00a0massage \u00e9nerg\u00e9tique,\u00a0est bas\u00e9 sur la m\u00e9decine\u00a0 indienne l&rsquo;Ayurv\u00e9da. C&rsquo;est une pratique \u00e0 la fois de d\u00e9tente et de tonification, d&rsquo;\u00e9limination des toxines par excellence id\u00e9al en toute saison pour purifier l&rsquo;organisme. Ce massage harmonise le corps, le mental et l&rsquo;esprit. Pratiqu\u00e9 \u00e0 l&rsquo;huile chaude, ce massage rythm\u00e9, lent et tonique \u00e0 la [&hellip;]","og_url":"https:\/\/cevennesbienetre.fr\/index.php\/massage-ayurvedique-abhyanga\/","og_site_name":"C\u00e9vennes Bien-\u00catre - Massages bien-\u00eatre et soins \u00e9nerg\u00e9tiques","article_publisher":"https:\/\/www.facebook.com\/cevennesbienetre","article_modified_time":"2026-01-01T20:56:52+00:00","og_image":[{"url":"https:\/\/cevennesbienetre.fr\/wp-content\/uploads\/2018\/05\/ge-bulle.png","type":"","width":"","height":""}],"twitter_card":"summary_large_image","twitter_misc":{"Dur\u00e9e de lecture estim\u00e9e":"2 minutes"},"schema":{"@context":"https:\/\/schema.org","@graph":[{"@type":"WebPage","@id":"https:\/\/cevennesbienetre.fr\/index.php\/massage-ayurvedique-abhyanga\/","url":"https:\/\/cevennesbienetre.fr\/index.php\/massage-ayurvedique-abhyanga\/","name":"Massage ayurv\u00e9dique abhyanga - C\u00e9vennes Bien-\u00catre - Massages bien-\u00eatre et soins \u00e9nerg\u00e9tiques","isPartOf":{"@id":"https:\/\/cevennesbienetre.fr\/#website"},"primaryImageOfPage":{"@id":"https:\/\/cevennesbienetre.fr\/index.php\/massage-ayurvedique-abhyanga\/#primaryimage"},"image":{"@id":"https:\/\/cevennesbienetre.fr\/index.php\/massage-ayurvedique-abhyanga\/#primaryimage"},"thumbnailUrl":"https:\/\/cevennesbienetre.fr\/wp-content\/uploads\/2018\/05\/ge-bulle.png","datePublished":"2018-04-24T08:51:11+00:00","dateModified":"2026-01-01T20:56:52+00:00","breadcrumb":{"@id":"https:\/\/cevennesbienetre.fr\/index.php\/massage-ayurvedique-abhyanga\/#breadcrumb"},"inLanguage":"fr-FR","potentialAction":[{"@type":"ReadAction","target":["https:\/\/cevennesbienetre.fr\/index.php\/massage-ayurvedique-abhyanga\/"]}]},{"@type":"ImageObject","inLanguage":"fr-FR","@id":"https:\/\/cevennesbienetre.fr\/index.php\/massage-ayurvedique-abhyanga\/#primaryimage","url":"https:\/\/cevennesbienetre.fr\/wp-content\/uploads\/2018\/05\/ge-bulle-scaled.png","contentUrl":"https:\/\/cevennesbienetre.fr\/wp-content\/uploads\/2018\/05\/ge-bulle-scaled.png","width":2026,"height":2560},{"@type":"BreadcrumbList","@id":"https:\/\/cevennesbienetre.fr\/index.php\/massage-ayurvedique-abhyanga\/#breadcrumb","itemListElement":[{"@type":"ListItem","position":1,"name":"Accueil","item":"https:\/\/cevennesbienetre.fr\/"},{"@type":"ListItem","position":2,"name":"Massage ayurv\u00e9dique abhyanga"}]},{"@type":"WebSite","@id":"https:\/\/cevennesbienetre.fr\/#website","url":"https:\/\/cevennesbienetre.fr\/","name":"C\u00e9vennes Bien-\u00catre - Massages bien-\u00eatre et soins \u00e9nerg\u00e9tiques","description":"","publisher":{"@id":"https:\/\/cevennesbienetre.fr\/#organization"},"potentialAction":[{"@type":"SearchAction","target":{"@type":"EntryPoint","urlTemplate":"https:\/\/cevennesbienetre.fr\/?s={search_term_string}"},"query-input":{"@type":"PropertyValueSpecification","valueRequired":true,"valueName":"search_term_string"}}],"inLanguage":"fr-FR"},{"@type":"Organization","@id":"https:\/\/cevennesbienetre.fr\/#organization","name":"C\u00e9vennes Bien-\u00catre - Massages bien-\u00eatre et soins \u00e9nerg\u00e9tiques","url":"https:\/\/cevennesbienetre.fr\/","logo":{"@type":"ImageObject","inLanguage":"fr-FR","@id":"https:\/\/cevennesbienetre.fr\/#\/schema\/logo\/image\/","url":"https:\/\/cevennesbienetre.fr\/wp-content\/uploads\/2026\/02\/Logo_Final_Main_a_05-257x300-1-150x150-1.png","contentUrl":"https:\/\/cevennesbienetre.fr\/wp-content\/uploads\/2026\/02\/Logo_Final_Main_a_05-257x300-1-150x150-1.png","width":150,"height":150,"caption":"C\u00e9vennes Bien-\u00catre - Massages bien-\u00eatre et soins \u00e9nerg\u00e9tiques"},"image":{"@id":"https:\/\/cevennesbienetre.fr\/#\/schema\/logo\/image\/"},"sameAs":["https:\/\/www.facebook.com\/cevennesbienetre"]}]}},"uagb_featured_image_src":{"full":false,"thumbnail":false,"medium":false,"medium_large":false,"large":false,"1536x1536":false,"2048x2048":false,"woocommerce_thumbnail":false,"woocommerce_single":false,"woocommerce_gallery_thumbnail":false},"uagb_author_info":{"display_name":"admin6017","author_link":"https:\/\/cevennesbienetre.fr\/index.php\/author\/admin6017\/"},"uagb_comment_info":0,"uagb_excerpt":"Le massage ayurv\u00e9dique Abyanga,\u00a0massage \u00e9nerg\u00e9tique,\u00a0est bas\u00e9 sur la m\u00e9decine\u00a0 indienne l&rsquo;Ayurv\u00e9da. C&rsquo;est une pratique \u00e0 la fois de d\u00e9tente et de tonification, d&rsquo;\u00e9limination des toxines par excellence id\u00e9al en toute saison pour purifier l&rsquo;organisme. Ce massage harmonise le corps, le mental et l&rsquo;esprit. Pratiqu\u00e9 \u00e0 l&rsquo;huile chaude, ce massage rythm\u00e9, lent et tonique \u00e0 la\u2026","_links":{"self":[{"href":"https:\/\/cevennesbienetre.fr\/index.php\/wp-json\/wp\/v2\/pages\/206","targetHints":{"allow":["GET"]}}],"collection":[{"href":"https:\/\/cevennesbienetre.fr\/index.php\/wp-json\/wp\/v2\/pages"}],"about":[{"href":"https:\/\/cevennesbienetre.fr\/index.php\/wp-json\/wp\/v2\/types\/page"}],"author":[{"embeddable":true,"href":"https:\/\/cevennesbienetre.fr\/index.php\/wp-json\/wp\/v2\/users\/1"}],"replies":[{"embeddable":true,"href":"https:\/\/cevennesbienetre.fr\/index.php\/wp-json\/wp\/v2\/comments?post=206"}],"version-history":[{"count":30,"href":"https:\/\/cevennesbienetre.fr\/index.php\/wp-json\/wp\/v2\/pages\/206\/revisions"}],"predecessor-version":[{"id":3224,"href":"https:\/\/cevennesbienetre.fr\/index.php\/wp-json\/wp\/v2\/pages\/206\/revisions\/3224"}],"wp:attachment":[{"href":"https:\/\/cevennesbienetre.fr\/index.php\/wp-json\/wp\/v2\/media?parent=206"}],"curies":[{"name":"wp","href":"https:\/\/api.w.org\/{rel}","templated":true}]}}