{"id":204,"date":"2018-04-24T10:50:00","date_gmt":"2018-04-24T08:50:00","guid":{"rendered":"http:\/\/cevennesbienetre.fr\/?page_id=204"},"modified":"2026-01-01T21:36:04","modified_gmt":"2026-01-01T20:36:04","slug":"massage-aux-pierres-chaudes","status":"publish","type":"page","link":"https:\/\/cevennesbienetre.fr\/index.php\/massage-aux-pierres-chaudes\/","title":{"rendered":"Massage aux pierres chaudes"},"content":{"rendered":"<p><img decoding=\"async\" src=\"https:\/\/cevennesbienetre.fr\/wp-content\/uploads\/elementor\/thumbs\/IMG_8116-nq0d8knc7g0q7gsksl605z6pytjgg2z2w5r35y5e9c.png\" title=\"IMG_8116\" alt=\"IMG_8116\" loading=\"lazy\" \/>\t\t\t\t\t\t\t\t\t\t\t\t\t\t\t<\/p>\n<p><strong>Le massage aux pierres chaudes ou \u00ab\u00a0Hotstone\u00a0\u00bb\u00a0<\/strong>est un\u00a0massage d\u00e9contractant et r\u00e9confortant.<\/p>\n<p>Ce massage doux et lent se fait avec des galets de basalte chauff\u00e9s dans un four.<\/p>\n<p>La chaleur des pierres vous permettra d&rsquo;atteindre un total l\u00e2cher prise.<\/p>\n<p>La lenteur des manoeuvres va permettre aux pierres de diffuser leur chaleur<\/p>\n<p><strong>Bienfaits :<\/strong><\/p>\n<ul>\n<li>soulage les tensions et n\u0153uds musculaires<\/li>\n<li>favorise la circulation sanguine, lymphatique et \u00e9nerg\u00e9tique<\/li>\n<li>apaise et recommand\u00e9 contre le stress<\/li>\n<\/ul>\n<p><strong>Contre-indications :<\/strong><\/p>\n<ul>\n<li>femmes enceintes<\/li>\n<li>probl\u00e8mes cardiaques<\/li>\n<li>n\u0153uds variqueux<\/li>\n<li>en hypo et hypertension<\/li>\n<li>zones de br\u00fblure<\/li>\n<\/ul>\n<p><strong>60mn : 80\u20ac<\/strong><\/p>\n<p><strong>90mn : 105\u20ac<\/strong><\/p>\n<p>\t\t\t\t\t\t\t\t\t\t\t\t\t\t\t<img decoding=\"async\" width=\"300\" height=\"251\" src=\"https:\/\/cevennesbienetre.fr\/wp-content\/uploads\/2018\/05\/IMG_8117-300x251.jpg\" alt=\"\" loading=\"lazy\" srcset=\"https:\/\/cevennesbienetre.fr\/wp-content\/uploads\/2018\/05\/IMG_8117-300x251.jpg 300w, https:\/\/cevennesbienetre.fr\/wp-content\/uploads\/2018\/05\/IMG_8117-768x643.jpg 768w, https:\/\/cevennesbienetre.fr\/wp-content\/uploads\/2018\/05\/IMG_8117-1024x857.jpg 1024w, https:\/\/cevennesbienetre.fr\/wp-content\/uploads\/2018\/05\/IMG_8117-1290x1080.jpg 1290w\" sizes=\"auto, (max-width: 300px) 100vw, 300px\" \/><\/p>\n","protected":false},"excerpt":{"rendered":"<p>Le massage aux pierres chaudes ou \u00ab\u00a0Hotstone\u00a0\u00bb\u00a0est un\u00a0massage d\u00e9contractant et r\u00e9confortant. Ce massage doux et lent se fait avec des galets de basalte chauff\u00e9s dans un four. La chaleur des pierres vous permettra d&rsquo;atteindre un total l\u00e2cher prise. La lenteur des manoeuvres va permettre aux pierres de diffuser leur chaleur Bienfaits : soulage les tensions [&hellip;]<\/p>\n","protected":false},"author":1,"featured_media":0,"parent":0,"menu_order":2,"comment_status":"closed","ping_status":"closed","template":"","meta":{"_uag_custom_page_level_css":"","_swt_meta_header_display":false,"_swt_meta_footer_display":false,"_swt_meta_site_title_display":false,"_swt_meta_sticky_header":false,"_swt_meta_transparent_header":false,"footnotes":""},"class_list":["post-204","page","type-page","status-publish","hentry"],"yoast_head":"<!-- This site is optimized with the Yoast SEO plugin v27.6 - https:\/\/yoast.com\/product\/yoast-seo-wordpress\/ -->\n<title>Massage aux pierres chaudes - C\u00e9vennes Bien-\u00catre - Massages bien-\u00eatre et soins \u00e9nerg\u00e9tiques<\/title>\n<meta name=\"robots\" content=\"index, follow, max-snippet:-1, max-image-preview:large, max-video-preview:-1\" \/>\n<link rel=\"canonical\" href=\"https:\/\/cevennesbienetre.fr\/index.php\/massage-aux-pierres-chaudes\/\" \/>\n<meta property=\"og:locale\" content=\"fr_FR\" \/>\n<meta property=\"og:type\" content=\"article\" \/>\n<meta property=\"og:title\" content=\"Massage aux pierres chaudes - C\u00e9vennes Bien-\u00catre - Massages bien-\u00eatre et soins \u00e9nerg\u00e9tiques\" \/>\n<meta property=\"og:description\" content=\"Le massage aux pierres chaudes ou \u00ab\u00a0Hotstone\u00a0\u00bb\u00a0est un\u00a0massage d\u00e9contractant et r\u00e9confortant. Ce massage doux et lent se fait avec des galets de basalte chauff\u00e9s dans un four. La chaleur des pierres vous permettra d&rsquo;atteindre un total l\u00e2cher prise. La lenteur des manoeuvres va permettre aux pierres de diffuser leur chaleur Bienfaits : soulage les tensions [&hellip;]\" \/>\n<meta property=\"og:url\" content=\"https:\/\/cevennesbienetre.fr\/index.php\/massage-aux-pierres-chaudes\/\" \/>\n<meta property=\"og:site_name\" content=\"C\u00e9vennes Bien-\u00catre - Massages bien-\u00eatre et soins \u00e9nerg\u00e9tiques\" \/>\n<meta property=\"article:publisher\" content=\"https:\/\/www.facebook.com\/cevennesbienetre\" \/>\n<meta property=\"article:modified_time\" content=\"2026-01-01T20:36:04+00:00\" \/>\n<meta property=\"og:image\" content=\"https:\/\/cevennesbienetre.fr\/wp-content\/uploads\/elementor\/thumbs\/IMG_8116-nq0d8knc7g0q7gsksl605z6pytjgg2z2w5r35y5e9c.png\" \/>\n<meta name=\"twitter:card\" content=\"summary_large_image\" \/>\n<meta name=\"twitter:label1\" content=\"Dur\u00e9e de lecture estim\u00e9e\" \/>\n\t<meta name=\"twitter:data1\" content=\"1 minute\" \/>\n<script type=\"application\/ld+json\" class=\"yoast-schema-graph\">{\"@context\":\"https:\\\/\\\/schema.org\",\"@graph\":[{\"@type\":\"WebPage\",\"@id\":\"https:\\\/\\\/cevennesbienetre.fr\\\/index.php\\\/massage-aux-pierres-chaudes\\\/\",\"url\":\"https:\\\/\\\/cevennesbienetre.fr\\\/index.php\\\/massage-aux-pierres-chaudes\\\/\",\"name\":\"Massage aux pierres chaudes - C\u00e9vennes Bien-\u00catre - Massages bien-\u00eatre et soins \u00e9nerg\u00e9tiques\",\"isPartOf\":{\"@id\":\"https:\\\/\\\/cevennesbienetre.fr\\\/#website\"},\"primaryImageOfPage\":{\"@id\":\"https:\\\/\\\/cevennesbienetre.fr\\\/index.php\\\/massage-aux-pierres-chaudes\\\/#primaryimage\"},\"image\":{\"@id\":\"https:\\\/\\\/cevennesbienetre.fr\\\/index.php\\\/massage-aux-pierres-chaudes\\\/#primaryimage\"},\"thumbnailUrl\":\"https:\\\/\\\/cevennesbienetre.fr\\\/wp-content\\\/uploads\\\/elementor\\\/thumbs\\\/IMG_8116-nq0d8knc7g0q7gsksl605z6pytjgg2z2w5r35y5e9c.png\",\"datePublished\":\"2018-04-24T08:50:00+00:00\",\"dateModified\":\"2026-01-01T20:36:04+00:00\",\"breadcrumb\":{\"@id\":\"https:\\\/\\\/cevennesbienetre.fr\\\/index.php\\\/massage-aux-pierres-chaudes\\\/#breadcrumb\"},\"inLanguage\":\"fr-FR\",\"potentialAction\":[{\"@type\":\"ReadAction\",\"target\":[\"https:\\\/\\\/cevennesbienetre.fr\\\/index.php\\\/massage-aux-pierres-chaudes\\\/\"]}]},{\"@type\":\"ImageObject\",\"inLanguage\":\"fr-FR\",\"@id\":\"https:\\\/\\\/cevennesbienetre.fr\\\/index.php\\\/massage-aux-pierres-chaudes\\\/#primaryimage\",\"url\":\"https:\\\/\\\/cevennesbienetre.fr\\\/wp-content\\\/uploads\\\/elementor\\\/thumbs\\\/IMG_8116-nq0d8knc7g0q7gsksl605z6pytjgg2z2w5r35y5e9c.png\",\"contentUrl\":\"https:\\\/\\\/cevennesbienetre.fr\\\/wp-content\\\/uploads\\\/elementor\\\/thumbs\\\/IMG_8116-nq0d8knc7g0q7gsksl605z6pytjgg2z2w5r35y5e9c.png\"},{\"@type\":\"BreadcrumbList\",\"@id\":\"https:\\\/\\\/cevennesbienetre.fr\\\/index.php\\\/massage-aux-pierres-chaudes\\\/#breadcrumb\",\"itemListElement\":[{\"@type\":\"ListItem\",\"position\":1,\"name\":\"Accueil\",\"item\":\"https:\\\/\\\/cevennesbienetre.fr\\\/\"},{\"@type\":\"ListItem\",\"position\":2,\"name\":\"Massage aux pierres chaudes\"}]},{\"@type\":\"WebSite\",\"@id\":\"https:\\\/\\\/cevennesbienetre.fr\\\/#website\",\"url\":\"https:\\\/\\\/cevennesbienetre.fr\\\/\",\"name\":\"C\u00e9vennes Bien-\u00catre - Massages bien-\u00eatre et soins \u00e9nerg\u00e9tiques\",\"description\":\"\",\"publisher\":{\"@id\":\"https:\\\/\\\/cevennesbienetre.fr\\\/#organization\"},\"potentialAction\":[{\"@type\":\"SearchAction\",\"target\":{\"@type\":\"EntryPoint\",\"urlTemplate\":\"https:\\\/\\\/cevennesbienetre.fr\\\/?s={search_term_string}\"},\"query-input\":{\"@type\":\"PropertyValueSpecification\",\"valueRequired\":true,\"valueName\":\"search_term_string\"}}],\"inLanguage\":\"fr-FR\"},{\"@type\":\"Organization\",\"@id\":\"https:\\\/\\\/cevennesbienetre.fr\\\/#organization\",\"name\":\"C\u00e9vennes Bien-\u00catre - Massages bien-\u00eatre et soins \u00e9nerg\u00e9tiques\",\"url\":\"https:\\\/\\\/cevennesbienetre.fr\\\/\",\"logo\":{\"@type\":\"ImageObject\",\"inLanguage\":\"fr-FR\",\"@id\":\"https:\\\/\\\/cevennesbienetre.fr\\\/#\\\/schema\\\/logo\\\/image\\\/\",\"url\":\"https:\\\/\\\/cevennesbienetre.fr\\\/wp-content\\\/uploads\\\/2026\\\/02\\\/Logo_Final_Main_a_05-257x300-1-150x150-1.png\",\"contentUrl\":\"https:\\\/\\\/cevennesbienetre.fr\\\/wp-content\\\/uploads\\\/2026\\\/02\\\/Logo_Final_Main_a_05-257x300-1-150x150-1.png\",\"width\":150,\"height\":150,\"caption\":\"C\u00e9vennes Bien-\u00catre - Massages bien-\u00eatre et soins \u00e9nerg\u00e9tiques\"},\"image\":{\"@id\":\"https:\\\/\\\/cevennesbienetre.fr\\\/#\\\/schema\\\/logo\\\/image\\\/\"},\"sameAs\":[\"https:\\\/\\\/www.facebook.com\\\/cevennesbienetre\"]}]}<\/script>\n<!-- \/ Yoast SEO plugin. -->","yoast_head_json":{"title":"Massage aux pierres chaudes - C\u00e9vennes Bien-\u00catre - Massages bien-\u00eatre et soins \u00e9nerg\u00e9tiques","robots":{"index":"index","follow":"follow","max-snippet":"max-snippet:-1","max-image-preview":"max-image-preview:large","max-video-preview":"max-video-preview:-1"},"canonical":"https:\/\/cevennesbienetre.fr\/index.php\/massage-aux-pierres-chaudes\/","og_locale":"fr_FR","og_type":"article","og_title":"Massage aux pierres chaudes - C\u00e9vennes Bien-\u00catre - Massages bien-\u00eatre et soins \u00e9nerg\u00e9tiques","og_description":"Le massage aux pierres chaudes ou \u00ab\u00a0Hotstone\u00a0\u00bb\u00a0est un\u00a0massage d\u00e9contractant et r\u00e9confortant. Ce massage doux et lent se fait avec des galets de basalte chauff\u00e9s dans un four. La chaleur des pierres vous permettra d&rsquo;atteindre un total l\u00e2cher prise. La lenteur des manoeuvres va permettre aux pierres de diffuser leur chaleur Bienfaits : soulage les tensions [&hellip;]","og_url":"https:\/\/cevennesbienetre.fr\/index.php\/massage-aux-pierres-chaudes\/","og_site_name":"C\u00e9vennes Bien-\u00catre - Massages bien-\u00eatre et soins \u00e9nerg\u00e9tiques","article_publisher":"https:\/\/www.facebook.com\/cevennesbienetre","article_modified_time":"2026-01-01T20:36:04+00:00","og_image":[{"url":"https:\/\/cevennesbienetre.fr\/wp-content\/uploads\/elementor\/thumbs\/IMG_8116-nq0d8knc7g0q7gsksl605z6pytjgg2z2w5r35y5e9c.png","type":"","width":"","height":""}],"twitter_card":"summary_large_image","twitter_misc":{"Dur\u00e9e de lecture estim\u00e9e":"1 minute"},"schema":{"@context":"https:\/\/schema.org","@graph":[{"@type":"WebPage","@id":"https:\/\/cevennesbienetre.fr\/index.php\/massage-aux-pierres-chaudes\/","url":"https:\/\/cevennesbienetre.fr\/index.php\/massage-aux-pierres-chaudes\/","name":"Massage aux pierres chaudes - C\u00e9vennes Bien-\u00catre - Massages bien-\u00eatre et soins \u00e9nerg\u00e9tiques","isPartOf":{"@id":"https:\/\/cevennesbienetre.fr\/#website"},"primaryImageOfPage":{"@id":"https:\/\/cevennesbienetre.fr\/index.php\/massage-aux-pierres-chaudes\/#primaryimage"},"image":{"@id":"https:\/\/cevennesbienetre.fr\/index.php\/massage-aux-pierres-chaudes\/#primaryimage"},"thumbnailUrl":"https:\/\/cevennesbienetre.fr\/wp-content\/uploads\/elementor\/thumbs\/IMG_8116-nq0d8knc7g0q7gsksl605z6pytjgg2z2w5r35y5e9c.png","datePublished":"2018-04-24T08:50:00+00:00","dateModified":"2026-01-01T20:36:04+00:00","breadcrumb":{"@id":"https:\/\/cevennesbienetre.fr\/index.php\/massage-aux-pierres-chaudes\/#breadcrumb"},"inLanguage":"fr-FR","potentialAction":[{"@type":"ReadAction","target":["https:\/\/cevennesbienetre.fr\/index.php\/massage-aux-pierres-chaudes\/"]}]},{"@type":"ImageObject","inLanguage":"fr-FR","@id":"https:\/\/cevennesbienetre.fr\/index.php\/massage-aux-pierres-chaudes\/#primaryimage","url":"https:\/\/cevennesbienetre.fr\/wp-content\/uploads\/elementor\/thumbs\/IMG_8116-nq0d8knc7g0q7gsksl605z6pytjgg2z2w5r35y5e9c.png","contentUrl":"https:\/\/cevennesbienetre.fr\/wp-content\/uploads\/elementor\/thumbs\/IMG_8116-nq0d8knc7g0q7gsksl605z6pytjgg2z2w5r35y5e9c.png"},{"@type":"BreadcrumbList","@id":"https:\/\/cevennesbienetre.fr\/index.php\/massage-aux-pierres-chaudes\/#breadcrumb","itemListElement":[{"@type":"ListItem","position":1,"name":"Accueil","item":"https:\/\/cevennesbienetre.fr\/"},{"@type":"ListItem","position":2,"name":"Massage aux pierres chaudes"}]},{"@type":"WebSite","@id":"https:\/\/cevennesbienetre.fr\/#website","url":"https:\/\/cevennesbienetre.fr\/","name":"C\u00e9vennes Bien-\u00catre - Massages bien-\u00eatre et soins \u00e9nerg\u00e9tiques","description":"","publisher":{"@id":"https:\/\/cevennesbienetre.fr\/#organization"},"potentialAction":[{"@type":"SearchAction","target":{"@type":"EntryPoint","urlTemplate":"https:\/\/cevennesbienetre.fr\/?s={search_term_string}"},"query-input":{"@type":"PropertyValueSpecification","valueRequired":true,"valueName":"search_term_string"}}],"inLanguage":"fr-FR"},{"@type":"Organization","@id":"https:\/\/cevennesbienetre.fr\/#organization","name":"C\u00e9vennes Bien-\u00catre - Massages bien-\u00eatre et soins \u00e9nerg\u00e9tiques","url":"https:\/\/cevennesbienetre.fr\/","logo":{"@type":"ImageObject","inLanguage":"fr-FR","@id":"https:\/\/cevennesbienetre.fr\/#\/schema\/logo\/image\/","url":"https:\/\/cevennesbienetre.fr\/wp-content\/uploads\/2026\/02\/Logo_Final_Main_a_05-257x300-1-150x150-1.png","contentUrl":"https:\/\/cevennesbienetre.fr\/wp-content\/uploads\/2026\/02\/Logo_Final_Main_a_05-257x300-1-150x150-1.png","width":150,"height":150,"caption":"C\u00e9vennes Bien-\u00catre - Massages bien-\u00eatre et soins \u00e9nerg\u00e9tiques"},"image":{"@id":"https:\/\/cevennesbienetre.fr\/#\/schema\/logo\/image\/"},"sameAs":["https:\/\/www.facebook.com\/cevennesbienetre"]}]}},"uagb_featured_image_src":{"full":false,"thumbnail":false,"medium":false,"medium_large":false,"large":false,"1536x1536":false,"2048x2048":false,"woocommerce_thumbnail":false,"woocommerce_single":false,"woocommerce_gallery_thumbnail":false},"uagb_author_info":{"display_name":"admin6017","author_link":"https:\/\/cevennesbienetre.fr\/index.php\/author\/admin6017\/"},"uagb_comment_info":0,"uagb_excerpt":"Le massage aux pierres chaudes ou \u00ab\u00a0Hotstone\u00a0\u00bb\u00a0est un\u00a0massage d\u00e9contractant et r\u00e9confortant. Ce massage doux et lent se fait avec des galets de basalte chauff\u00e9s dans un four. La chaleur des pierres vous permettra d&rsquo;atteindre un total l\u00e2cher prise. La lenteur des manoeuvres va permettre aux pierres de diffuser leur chaleur Bienfaits : soulage les tensions\u2026","_links":{"self":[{"href":"https:\/\/cevennesbienetre.fr\/index.php\/wp-json\/wp\/v2\/pages\/204","targetHints":{"allow":["GET"]}}],"collection":[{"href":"https:\/\/cevennesbienetre.fr\/index.php\/wp-json\/wp\/v2\/pages"}],"about":[{"href":"https:\/\/cevennesbienetre.fr\/index.php\/wp-json\/wp\/v2\/types\/page"}],"author":[{"embeddable":true,"href":"https:\/\/cevennesbienetre.fr\/index.php\/wp-json\/wp\/v2\/users\/1"}],"replies":[{"embeddable":true,"href":"https:\/\/cevennesbienetre.fr\/index.php\/wp-json\/wp\/v2\/comments?post=204"}],"version-history":[{"count":26,"href":"https:\/\/cevennesbienetre.fr\/index.php\/wp-json\/wp\/v2\/pages\/204\/revisions"}],"predecessor-version":[{"id":3188,"href":"https:\/\/cevennesbienetre.fr\/index.php\/wp-json\/wp\/v2\/pages\/204\/revisions\/3188"}],"wp:attachment":[{"href":"https:\/\/cevennesbienetre.fr\/index.php\/wp-json\/wp\/v2\/media?parent=204"}],"curies":[{"name":"wp","href":"https:\/\/api.w.org\/{rel}","templated":true}]}}