{"id":1193,"date":"2020-03-25T18:22:18","date_gmt":"2020-03-25T17:22:18","guid":{"rendered":"http:\/\/cevennesbienetre.fr\/?page_id=1193"},"modified":"2026-01-01T21:51:37","modified_gmt":"2026-01-01T20:51:37","slug":"le-duo-complice","status":"publish","type":"page","link":"https:\/\/cevennesbienetre.fr\/index.php\/le-duo-complice\/","title":{"rendered":"Le \u00ab\u00a0duo complice\u00a0\u00bb"},"content":{"rendered":"<p><img decoding=\"async\" width=\"225\" height=\"300\" src=\"https:\/\/cevennesbienetre.fr\/wp-content\/uploads\/2020\/03\/duo-flyer-225x300.jpg\" alt=\"\" loading=\"lazy\" srcset=\"https:\/\/cevennesbienetre.fr\/wp-content\/uploads\/2020\/03\/duo-flyer-225x300.jpg 225w, https:\/\/cevennesbienetre.fr\/wp-content\/uploads\/2020\/03\/duo-flyer-768x1024.jpg 768w, https:\/\/cevennesbienetre.fr\/wp-content\/uploads\/2020\/03\/duo-flyer-1152x1536.jpg 1152w, https:\/\/cevennesbienetre.fr\/wp-content\/uploads\/2020\/03\/duo-flyer-1536x2048.jpg 1536w, https:\/\/cevennesbienetre.fr\/wp-content\/uploads\/2020\/03\/duo-flyer-500x667.jpg 500w, https:\/\/cevennesbienetre.fr\/wp-content\/uploads\/2020\/03\/duo-flyer-800x1067.jpg 800w, https:\/\/cevennesbienetre.fr\/wp-content\/uploads\/2020\/03\/duo-flyer-1280x1707.jpg 1280w, https:\/\/cevennesbienetre.fr\/wp-content\/uploads\/2020\/03\/duo-flyer-scaled.jpg 1920w, https:\/\/cevennesbienetre.fr\/wp-content\/uploads\/2020\/03\/duo-flyer-1024x1365.jpg 1024w, https:\/\/cevennesbienetre.fr\/wp-content\/uploads\/2020\/03\/duo-flyer-810x1080.jpg 810w\" sizes=\"auto, (max-width: 225px) 100vw, 225px\" \/>\t\t\t\t\t\t\t\t\t\t\t\t\t\t\t<\/p>\n<p>La pi\u00e8ce dans laquelle je vous re\u00e7ois \u00e9tant spacieuse, j&rsquo;ai le privil\u00e8ge de pouvoir vous proposer le massage en duo avec diff\u00e9rents professionnels du massage.\u00a0<\/p>\n<p>Ce sont des partenaires de choix tous qualifi\u00e9s et avec qui je partagerai ce duo selon la disponibilit\u00e9 de chacun.<\/p>\n<p>Faites le choix de venir vous faire masser en duo en amoureux,\u00a0 entre ami(e) s, entre copains, entre copines, entre m\u00e8re et fille &#8230;<\/p>\n<p>C&rsquo;est un r\u00e9el moment de complicit\u00e9 et de relaxation \u00e0 partager.<\/p>\n<p>Cette prestation est le gage d&rsquo;une exp\u00e9rience in\u00e9dite.<\/p>\n<p>S\u00e9ance de 60 mn : 150\u20ac\u00a0<\/p>\n<p>ou 90 mn : 200 \u20ac<\/p>\n<p>En partenariat avec une des coll\u00e8gues, nous vous proposons \u00e9galement le \u00ab\u00a04 mains complices \u00ab\u00a0<\/p>\n<p><a href=\"https:\/\/cevennesbienetre.fr\/index.php\/le-4-mains-complices\/\">https:\/\/cevennesbienetre.fr\/index.php\/le-4-mains-complices<\/a><\/p>\n<p>\t\t\t\t\t\t\t\t\t\t\t\t\t\t\t<img decoding=\"async\" width=\"300\" height=\"221\" src=\"https:\/\/cevennesbienetre.fr\/wp-content\/uploads\/2020\/03\/duo1-300x221.jpg\" alt=\"\" loading=\"lazy\" srcset=\"https:\/\/cevennesbienetre.fr\/wp-content\/uploads\/2020\/03\/duo1-300x221.jpg 300w, https:\/\/cevennesbienetre.fr\/wp-content\/uploads\/2020\/03\/duo1-1024x755.jpg 1024w, https:\/\/cevennesbienetre.fr\/wp-content\/uploads\/2020\/03\/duo1-768x566.jpg 768w, https:\/\/cevennesbienetre.fr\/wp-content\/uploads\/2020\/03\/duo1-1536x1132.jpg 1536w, https:\/\/cevennesbienetre.fr\/wp-content\/uploads\/2020\/03\/duo1-2048x1509.jpg 2048w, https:\/\/cevennesbienetre.fr\/wp-content\/uploads\/2020\/03\/duo1-500x369.jpg 500w, https:\/\/cevennesbienetre.fr\/wp-content\/uploads\/2020\/03\/duo1-800x590.jpg 800w, https:\/\/cevennesbienetre.fr\/wp-content\/uploads\/2020\/03\/duo1-1280x943.jpg 1280w, https:\/\/cevennesbienetre.fr\/wp-content\/uploads\/2020\/03\/duo1-1920x1415.jpg 1920w, https:\/\/cevennesbienetre.fr\/wp-content\/uploads\/2020\/03\/duo1-1465x1080.jpg 1465w\" sizes=\"auto, (max-width: 300px) 100vw, 300px\" \/>\t\t\t\t\t\t\t\t\t\t\t\t\t\t\t<\/p>\n<p>Pour un moment d&rsquo;exception \u00e0 2, une v\u00e9ritable bulle de bien-\u00eatre en duo :<\/p>\n<p>Tarif :<\/p>\n<ul>\n<li>60mn : 60 \u20ac par personne ou 140\u20ac par duo &nbsp;<\/li>\n<li>90mn : 90\u20ac par personne ou 200\u20ac par duo<\/li>\n<\/ul>\n<p>\t\t\t\t\t\t\t\t\t\t\t\t\t\t\t<img decoding=\"async\" width=\"300\" height=\"200\" src=\"https:\/\/cevennesbienetre.fr\/wp-content\/uploads\/2020\/04\/alan-caishan-cU53ZFBr3lk-unsplash-300x200.jpg\" alt=\"\" loading=\"lazy\" srcset=\"https:\/\/cevennesbienetre.fr\/wp-content\/uploads\/2020\/04\/alan-caishan-cU53ZFBr3lk-unsplash-300x200.jpg 300w, https:\/\/cevennesbienetre.fr\/wp-content\/uploads\/2020\/04\/alan-caishan-cU53ZFBr3lk-unsplash-1024x683.jpg 1024w, https:\/\/cevennesbienetre.fr\/wp-content\/uploads\/2020\/04\/alan-caishan-cU53ZFBr3lk-unsplash-768x512.jpg 768w, https:\/\/cevennesbienetre.fr\/wp-content\/uploads\/2020\/04\/alan-caishan-cU53ZFBr3lk-unsplash-1536x1024.jpg 1536w, https:\/\/cevennesbienetre.fr\/wp-content\/uploads\/2020\/04\/alan-caishan-cU53ZFBr3lk-unsplash-2048x1365.jpg 2048w, https:\/\/cevennesbienetre.fr\/wp-content\/uploads\/2020\/04\/alan-caishan-cU53ZFBr3lk-unsplash-500x333.jpg 500w, https:\/\/cevennesbienetre.fr\/wp-content\/uploads\/2020\/04\/alan-caishan-cU53ZFBr3lk-unsplash-800x533.jpg 800w, https:\/\/cevennesbienetre.fr\/wp-content\/uploads\/2020\/04\/alan-caishan-cU53ZFBr3lk-unsplash-1280x853.jpg 1280w, https:\/\/cevennesbienetre.fr\/wp-content\/uploads\/2020\/04\/alan-caishan-cU53ZFBr3lk-unsplash-1920x1280.jpg 1920w, https:\/\/cevennesbienetre.fr\/wp-content\/uploads\/2020\/04\/alan-caishan-cU53ZFBr3lk-unsplash-1620x1080.jpg 1620w\" sizes=\"auto, (max-width: 300px) 100vw, 300px\" \/><\/p>\n","protected":false},"excerpt":{"rendered":"<p>La pi\u00e8ce dans laquelle je vous re\u00e7ois \u00e9tant spacieuse, j&rsquo;ai le privil\u00e8ge de pouvoir vous proposer le massage en duo avec diff\u00e9rents professionnels du massage.\u00a0 Ce sont des partenaires de choix tous qualifi\u00e9s et avec qui je partagerai ce duo selon la disponibilit\u00e9 de chacun. Faites le choix de venir vous faire masser en duo [&hellip;]<\/p>\n","protected":false},"author":1,"featured_media":0,"parent":0,"menu_order":0,"comment_status":"closed","ping_status":"closed","template":"","meta":{"_uag_custom_page_level_css":"","_swt_meta_header_display":false,"_swt_meta_footer_display":false,"_swt_meta_site_title_display":false,"_swt_meta_sticky_header":false,"_swt_meta_transparent_header":false,"footnotes":""},"class_list":["post-1193","page","type-page","status-publish","hentry"],"yoast_head":"<!-- This site is optimized with the Yoast SEO plugin v27.5 - https:\/\/yoast.com\/product\/yoast-seo-wordpress\/ -->\n<title>Le &quot;duo complice&quot; - C\u00e9vennes Bien-\u00catre - Massages bien-\u00eatre et soins \u00e9nerg\u00e9tiques<\/title>\n<meta name=\"robots\" content=\"index, follow, max-snippet:-1, max-image-preview:large, max-video-preview:-1\" \/>\n<link rel=\"canonical\" href=\"https:\/\/cevennesbienetre.fr\/index.php\/le-duo-complice\/\" \/>\n<meta property=\"og:locale\" content=\"fr_FR\" \/>\n<meta property=\"og:type\" content=\"article\" \/>\n<meta property=\"og:title\" content=\"Le &quot;duo complice&quot; - C\u00e9vennes Bien-\u00catre - Massages bien-\u00eatre et soins \u00e9nerg\u00e9tiques\" \/>\n<meta property=\"og:description\" content=\"La pi\u00e8ce dans laquelle je vous re\u00e7ois \u00e9tant spacieuse, j&rsquo;ai le privil\u00e8ge de pouvoir vous proposer le massage en duo avec diff\u00e9rents professionnels du massage.\u00a0 Ce sont des partenaires de choix tous qualifi\u00e9s et avec qui je partagerai ce duo selon la disponibilit\u00e9 de chacun. Faites le choix de venir vous faire masser en duo [&hellip;]\" \/>\n<meta property=\"og:url\" content=\"https:\/\/cevennesbienetre.fr\/index.php\/le-duo-complice\/\" \/>\n<meta property=\"og:site_name\" content=\"C\u00e9vennes Bien-\u00catre - Massages bien-\u00eatre et soins \u00e9nerg\u00e9tiques\" \/>\n<meta property=\"article:publisher\" content=\"https:\/\/www.facebook.com\/cevennesbienetre\" \/>\n<meta property=\"article:modified_time\" content=\"2026-01-01T20:51:37+00:00\" \/>\n<meta property=\"og:image\" content=\"https:\/\/cevennesbienetre.fr\/wp-content\/uploads\/2020\/03\/duo-flyer-scaled.jpg\" \/>\n\t<meta property=\"og:image:width\" content=\"1920\" \/>\n\t<meta property=\"og:image:height\" content=\"2560\" \/>\n\t<meta property=\"og:image:type\" content=\"image\/jpeg\" \/>\n<meta name=\"twitter:card\" content=\"summary_large_image\" \/>\n<meta name=\"twitter:label1\" content=\"Dur\u00e9e de lecture estim\u00e9e\" \/>\n\t<meta name=\"twitter:data1\" content=\"2 minutes\" \/>\n<script type=\"application\/ld+json\" class=\"yoast-schema-graph\">{\"@context\":\"https:\\\/\\\/schema.org\",\"@graph\":[{\"@type\":\"WebPage\",\"@id\":\"https:\\\/\\\/cevennesbienetre.fr\\\/index.php\\\/le-duo-complice\\\/\",\"url\":\"https:\\\/\\\/cevennesbienetre.fr\\\/index.php\\\/le-duo-complice\\\/\",\"name\":\"Le \\\"duo complice\\\" - C\u00e9vennes Bien-\u00catre - Massages bien-\u00eatre et soins \u00e9nerg\u00e9tiques\",\"isPartOf\":{\"@id\":\"https:\\\/\\\/cevennesbienetre.fr\\\/#website\"},\"primaryImageOfPage\":{\"@id\":\"https:\\\/\\\/cevennesbienetre.fr\\\/index.php\\\/le-duo-complice\\\/#primaryimage\"},\"image\":{\"@id\":\"https:\\\/\\\/cevennesbienetre.fr\\\/index.php\\\/le-duo-complice\\\/#primaryimage\"},\"thumbnailUrl\":\"https:\\\/\\\/cevennesbienetre.fr\\\/wp-content\\\/uploads\\\/2020\\\/03\\\/duo-flyer-225x300.jpg\",\"datePublished\":\"2020-03-25T17:22:18+00:00\",\"dateModified\":\"2026-01-01T20:51:37+00:00\",\"breadcrumb\":{\"@id\":\"https:\\\/\\\/cevennesbienetre.fr\\\/index.php\\\/le-duo-complice\\\/#breadcrumb\"},\"inLanguage\":\"fr-FR\",\"potentialAction\":[{\"@type\":\"ReadAction\",\"target\":[\"https:\\\/\\\/cevennesbienetre.fr\\\/index.php\\\/le-duo-complice\\\/\"]}]},{\"@type\":\"ImageObject\",\"inLanguage\":\"fr-FR\",\"@id\":\"https:\\\/\\\/cevennesbienetre.fr\\\/index.php\\\/le-duo-complice\\\/#primaryimage\",\"url\":\"https:\\\/\\\/cevennesbienetre.fr\\\/wp-content\\\/uploads\\\/2020\\\/03\\\/duo-flyer-scaled.jpg\",\"contentUrl\":\"https:\\\/\\\/cevennesbienetre.fr\\\/wp-content\\\/uploads\\\/2020\\\/03\\\/duo-flyer-scaled.jpg\",\"width\":1920,\"height\":2560},{\"@type\":\"BreadcrumbList\",\"@id\":\"https:\\\/\\\/cevennesbienetre.fr\\\/index.php\\\/le-duo-complice\\\/#breadcrumb\",\"itemListElement\":[{\"@type\":\"ListItem\",\"position\":1,\"name\":\"Accueil\",\"item\":\"https:\\\/\\\/cevennesbienetre.fr\\\/\"},{\"@type\":\"ListItem\",\"position\":2,\"name\":\"Le \u00ab\u00a0duo complice\u00a0\u00bb\"}]},{\"@type\":\"WebSite\",\"@id\":\"https:\\\/\\\/cevennesbienetre.fr\\\/#website\",\"url\":\"https:\\\/\\\/cevennesbienetre.fr\\\/\",\"name\":\"C\u00e9vennes Bien-\u00catre - Massages bien-\u00eatre et soins \u00e9nerg\u00e9tiques\",\"description\":\"\",\"publisher\":{\"@id\":\"https:\\\/\\\/cevennesbienetre.fr\\\/#organization\"},\"potentialAction\":[{\"@type\":\"SearchAction\",\"target\":{\"@type\":\"EntryPoint\",\"urlTemplate\":\"https:\\\/\\\/cevennesbienetre.fr\\\/?s={search_term_string}\"},\"query-input\":{\"@type\":\"PropertyValueSpecification\",\"valueRequired\":true,\"valueName\":\"search_term_string\"}}],\"inLanguage\":\"fr-FR\"},{\"@type\":\"Organization\",\"@id\":\"https:\\\/\\\/cevennesbienetre.fr\\\/#organization\",\"name\":\"C\u00e9vennes Bien-\u00catre - Massages bien-\u00eatre et soins \u00e9nerg\u00e9tiques\",\"url\":\"https:\\\/\\\/cevennesbienetre.fr\\\/\",\"logo\":{\"@type\":\"ImageObject\",\"inLanguage\":\"fr-FR\",\"@id\":\"https:\\\/\\\/cevennesbienetre.fr\\\/#\\\/schema\\\/logo\\\/image\\\/\",\"url\":\"https:\\\/\\\/cevennesbienetre.fr\\\/wp-content\\\/uploads\\\/2026\\\/02\\\/Logo_Final_Main_a_05-257x300-1-150x150-1.png\",\"contentUrl\":\"https:\\\/\\\/cevennesbienetre.fr\\\/wp-content\\\/uploads\\\/2026\\\/02\\\/Logo_Final_Main_a_05-257x300-1-150x150-1.png\",\"width\":150,\"height\":150,\"caption\":\"C\u00e9vennes Bien-\u00catre - Massages bien-\u00eatre et soins \u00e9nerg\u00e9tiques\"},\"image\":{\"@id\":\"https:\\\/\\\/cevennesbienetre.fr\\\/#\\\/schema\\\/logo\\\/image\\\/\"},\"sameAs\":[\"https:\\\/\\\/www.facebook.com\\\/cevennesbienetre\"]}]}<\/script>\n<!-- \/ Yoast SEO plugin. -->","yoast_head_json":{"title":"Le \"duo complice\" - C\u00e9vennes Bien-\u00catre - Massages bien-\u00eatre et soins \u00e9nerg\u00e9tiques","robots":{"index":"index","follow":"follow","max-snippet":"max-snippet:-1","max-image-preview":"max-image-preview:large","max-video-preview":"max-video-preview:-1"},"canonical":"https:\/\/cevennesbienetre.fr\/index.php\/le-duo-complice\/","og_locale":"fr_FR","og_type":"article","og_title":"Le \"duo complice\" - C\u00e9vennes Bien-\u00catre - Massages bien-\u00eatre et soins \u00e9nerg\u00e9tiques","og_description":"La pi\u00e8ce dans laquelle je vous re\u00e7ois \u00e9tant spacieuse, j&rsquo;ai le privil\u00e8ge de pouvoir vous proposer le massage en duo avec diff\u00e9rents professionnels du massage.\u00a0 Ce sont des partenaires de choix tous qualifi\u00e9s et avec qui je partagerai ce duo selon la disponibilit\u00e9 de chacun. Faites le choix de venir vous faire masser en duo [&hellip;]","og_url":"https:\/\/cevennesbienetre.fr\/index.php\/le-duo-complice\/","og_site_name":"C\u00e9vennes Bien-\u00catre - Massages bien-\u00eatre et soins \u00e9nerg\u00e9tiques","article_publisher":"https:\/\/www.facebook.com\/cevennesbienetre","article_modified_time":"2026-01-01T20:51:37+00:00","og_image":[{"width":1920,"height":2560,"url":"https:\/\/cevennesbienetre.fr\/wp-content\/uploads\/2020\/03\/duo-flyer-scaled.jpg","type":"image\/jpeg"}],"twitter_card":"summary_large_image","twitter_misc":{"Dur\u00e9e de lecture estim\u00e9e":"2 minutes"},"schema":{"@context":"https:\/\/schema.org","@graph":[{"@type":"WebPage","@id":"https:\/\/cevennesbienetre.fr\/index.php\/le-duo-complice\/","url":"https:\/\/cevennesbienetre.fr\/index.php\/le-duo-complice\/","name":"Le \"duo complice\" - C\u00e9vennes Bien-\u00catre - Massages bien-\u00eatre et soins \u00e9nerg\u00e9tiques","isPartOf":{"@id":"https:\/\/cevennesbienetre.fr\/#website"},"primaryImageOfPage":{"@id":"https:\/\/cevennesbienetre.fr\/index.php\/le-duo-complice\/#primaryimage"},"image":{"@id":"https:\/\/cevennesbienetre.fr\/index.php\/le-duo-complice\/#primaryimage"},"thumbnailUrl":"https:\/\/cevennesbienetre.fr\/wp-content\/uploads\/2020\/03\/duo-flyer-225x300.jpg","datePublished":"2020-03-25T17:22:18+00:00","dateModified":"2026-01-01T20:51:37+00:00","breadcrumb":{"@id":"https:\/\/cevennesbienetre.fr\/index.php\/le-duo-complice\/#breadcrumb"},"inLanguage":"fr-FR","potentialAction":[{"@type":"ReadAction","target":["https:\/\/cevennesbienetre.fr\/index.php\/le-duo-complice\/"]}]},{"@type":"ImageObject","inLanguage":"fr-FR","@id":"https:\/\/cevennesbienetre.fr\/index.php\/le-duo-complice\/#primaryimage","url":"https:\/\/cevennesbienetre.fr\/wp-content\/uploads\/2020\/03\/duo-flyer-scaled.jpg","contentUrl":"https:\/\/cevennesbienetre.fr\/wp-content\/uploads\/2020\/03\/duo-flyer-scaled.jpg","width":1920,"height":2560},{"@type":"BreadcrumbList","@id":"https:\/\/cevennesbienetre.fr\/index.php\/le-duo-complice\/#breadcrumb","itemListElement":[{"@type":"ListItem","position":1,"name":"Accueil","item":"https:\/\/cevennesbienetre.fr\/"},{"@type":"ListItem","position":2,"name":"Le \u00ab\u00a0duo complice\u00a0\u00bb"}]},{"@type":"WebSite","@id":"https:\/\/cevennesbienetre.fr\/#website","url":"https:\/\/cevennesbienetre.fr\/","name":"C\u00e9vennes Bien-\u00catre - Massages bien-\u00eatre et soins \u00e9nerg\u00e9tiques","description":"","publisher":{"@id":"https:\/\/cevennesbienetre.fr\/#organization"},"potentialAction":[{"@type":"SearchAction","target":{"@type":"EntryPoint","urlTemplate":"https:\/\/cevennesbienetre.fr\/?s={search_term_string}"},"query-input":{"@type":"PropertyValueSpecification","valueRequired":true,"valueName":"search_term_string"}}],"inLanguage":"fr-FR"},{"@type":"Organization","@id":"https:\/\/cevennesbienetre.fr\/#organization","name":"C\u00e9vennes Bien-\u00catre - Massages bien-\u00eatre et soins \u00e9nerg\u00e9tiques","url":"https:\/\/cevennesbienetre.fr\/","logo":{"@type":"ImageObject","inLanguage":"fr-FR","@id":"https:\/\/cevennesbienetre.fr\/#\/schema\/logo\/image\/","url":"https:\/\/cevennesbienetre.fr\/wp-content\/uploads\/2026\/02\/Logo_Final_Main_a_05-257x300-1-150x150-1.png","contentUrl":"https:\/\/cevennesbienetre.fr\/wp-content\/uploads\/2026\/02\/Logo_Final_Main_a_05-257x300-1-150x150-1.png","width":150,"height":150,"caption":"C\u00e9vennes Bien-\u00catre - Massages bien-\u00eatre et soins \u00e9nerg\u00e9tiques"},"image":{"@id":"https:\/\/cevennesbienetre.fr\/#\/schema\/logo\/image\/"},"sameAs":["https:\/\/www.facebook.com\/cevennesbienetre"]}]}},"uagb_featured_image_src":{"full":false,"thumbnail":false,"medium":false,"medium_large":false,"large":false,"1536x1536":false,"2048x2048":false,"woocommerce_thumbnail":false,"woocommerce_single":false,"woocommerce_gallery_thumbnail":false},"uagb_author_info":{"display_name":"admin6017","author_link":"https:\/\/cevennesbienetre.fr\/index.php\/author\/admin6017\/"},"uagb_comment_info":0,"uagb_excerpt":"La pi\u00e8ce dans laquelle je vous re\u00e7ois \u00e9tant spacieuse, j&rsquo;ai le privil\u00e8ge de pouvoir vous proposer le massage en duo avec diff\u00e9rents professionnels du massage.\u00a0 Ce sont des partenaires de choix tous qualifi\u00e9s et avec qui je partagerai ce duo selon la disponibilit\u00e9 de chacun. Faites le choix de venir vous faire masser en duo\u2026","_links":{"self":[{"href":"https:\/\/cevennesbienetre.fr\/index.php\/wp-json\/wp\/v2\/pages\/1193","targetHints":{"allow":["GET"]}}],"collection":[{"href":"https:\/\/cevennesbienetre.fr\/index.php\/wp-json\/wp\/v2\/pages"}],"about":[{"href":"https:\/\/cevennesbienetre.fr\/index.php\/wp-json\/wp\/v2\/types\/page"}],"author":[{"embeddable":true,"href":"https:\/\/cevennesbienetre.fr\/index.php\/wp-json\/wp\/v2\/users\/1"}],"replies":[{"embeddable":true,"href":"https:\/\/cevennesbienetre.fr\/index.php\/wp-json\/wp\/v2\/comments?post=1193"}],"version-history":[{"count":39,"href":"https:\/\/cevennesbienetre.fr\/index.php\/wp-json\/wp\/v2\/pages\/1193\/revisions"}],"predecessor-version":[{"id":3212,"href":"https:\/\/cevennesbienetre.fr\/index.php\/wp-json\/wp\/v2\/pages\/1193\/revisions\/3212"}],"wp:attachment":[{"href":"https:\/\/cevennesbienetre.fr\/index.php\/wp-json\/wp\/v2\/media?parent=1193"}],"curies":[{"name":"wp","href":"https:\/\/api.w.org\/{rel}","templated":true}]}}