{"id":1155,"date":"2020-03-24T22:45:45","date_gmt":"2020-03-24T21:45:45","guid":{"rendered":"http:\/\/cevennesbienetre.fr\/?page_id=1155"},"modified":"2026-01-01T21:50:43","modified_gmt":"2026-01-01T20:50:43","slug":"le-4-mains-complices","status":"publish","type":"page","link":"https:\/\/cevennesbienetre.fr\/index.php\/le-4-mains-complices\/","title":{"rendered":"Le \u00ab\u00a04 mains complices\u00a0\u00bb"},"content":{"rendered":"<p><img decoding=\"async\" width=\"300\" height=\"225\" src=\"https:\/\/cevennesbienetre.fr\/wp-content\/uploads\/2020\/03\/4-mains-flyer-300x225.jpg\" alt=\"\" loading=\"lazy\" srcset=\"https:\/\/cevennesbienetre.fr\/wp-content\/uploads\/2020\/03\/4-mains-flyer-300x225.jpg 300w, https:\/\/cevennesbienetre.fr\/wp-content\/uploads\/2020\/03\/4-mains-flyer-1024x768.jpg 1024w, https:\/\/cevennesbienetre.fr\/wp-content\/uploads\/2020\/03\/4-mains-flyer-768x576.jpg 768w, https:\/\/cevennesbienetre.fr\/wp-content\/uploads\/2020\/03\/4-mains-flyer-1536x1152.jpg 1536w, https:\/\/cevennesbienetre.fr\/wp-content\/uploads\/2020\/03\/4-mains-flyer-2048x1536.jpg 2048w, https:\/\/cevennesbienetre.fr\/wp-content\/uploads\/2020\/03\/4-mains-flyer-500x375.jpg 500w, https:\/\/cevennesbienetre.fr\/wp-content\/uploads\/2020\/03\/4-mains-flyer-800x600.jpg 800w, https:\/\/cevennesbienetre.fr\/wp-content\/uploads\/2020\/03\/4-mains-flyer-1280x960.jpg 1280w, https:\/\/cevennesbienetre.fr\/wp-content\/uploads\/2020\/03\/4-mains-flyer-1920x1440.jpg 1920w, https:\/\/cevennesbienetre.fr\/wp-content\/uploads\/2020\/03\/4-mains-flyer-1440x1080.jpg 1440w\" sizes=\"auto, (max-width: 300px) 100vw, 300px\" \/>\t\t\t\t\t\t\t\t\t\t\t\t\t\t\t<\/p>\n<p>Le massage \u00e0 4 mains est <strong>une exp\u00e9rience<\/strong> <strong>exceptionnelle et unique<\/strong> !<\/p>\n<p>Il est r\u00e9alis\u00e9 \u00e0 l&rsquo;huile ti\u00e8de avec ou sans huiles essentielles tel un ballet o\u00f9 <strong>2 praticiennes expertes<\/strong> r\u00e9alisent une v\u00e9ritable chor\u00e9graphie.<\/p>\n<p>En partenariat avec Peggy, cette complicit\u00e9 est une v\u00e9ritable synergie o\u00f9 les man\u0153uvres sont r\u00e9alis\u00e9es avec la m\u00eame intensit\u00e9 de fa\u00e7on synchronis\u00e9e .<\/p>\n<p>Pour le mass\u00e9, il est difficile d&rsquo;anticiper les mouvements dans cette chor\u00e9graphie tr\u00e8s \u00e9tudi\u00e9e et le corps ne peut que l\u00e2cher prise et s&rsquo;abandonner compl\u00e9ment \u00e0 un grand moment de d\u00e9tente.\u00a0<\/p>\n<p>Ce massage vous entra\u00eene \u00e0 une perte de rep\u00e8re de temps et d&rsquo;espace ;\u00a0 il va vous aider \u00e0 rel\u00e2cher totalement.<\/p>\n<p>Alors si vous aimez la nouveaut\u00e9 !!<\/p>\n<p><strong>Faites vous plaisir et offrez-vous ce cadeau de bien-\u00eatre !<\/strong><\/p>\n<p>60 mn : 150\u20ac<\/p>\n<p>Choisissez \u00e9galement de venir pour un massage duo pour un r\u00e9el moment complice\u00a0<\/p>\n<p><a href=\"https:\/\/cevennesbienetre.fr\/index.php\/le-duo-complice\/\">https:\/\/cevennesbienetre.fr\/index.php\/le-duo-complice\/<\/a><\/p>\n","protected":false},"excerpt":{"rendered":"<p>Le massage \u00e0 4 mains est une exp\u00e9rience exceptionnelle et unique ! Il est r\u00e9alis\u00e9 \u00e0 l&rsquo;huile ti\u00e8de avec ou sans huiles essentielles tel un ballet o\u00f9 2 praticiennes expertes r\u00e9alisent une v\u00e9ritable chor\u00e9graphie. En partenariat avec Peggy, cette complicit\u00e9 est une v\u00e9ritable synergie o\u00f9 les man\u0153uvres sont r\u00e9alis\u00e9es avec la m\u00eame intensit\u00e9 de fa\u00e7on [&hellip;]<\/p>\n","protected":false},"author":1,"featured_media":0,"parent":0,"menu_order":0,"comment_status":"closed","ping_status":"closed","template":"","meta":{"_uag_custom_page_level_css":"","_swt_meta_header_display":false,"_swt_meta_footer_display":false,"_swt_meta_site_title_display":false,"_swt_meta_sticky_header":false,"_swt_meta_transparent_header":false,"footnotes":""},"class_list":["post-1155","page","type-page","status-publish","hentry"],"yoast_head":"<!-- This site is optimized with the Yoast SEO plugin v27.5 - https:\/\/yoast.com\/product\/yoast-seo-wordpress\/ -->\n<title>Le &quot;4 mains complices&quot; - C\u00e9vennes Bien-\u00catre - Massages bien-\u00eatre et soins \u00e9nerg\u00e9tiques<\/title>\n<meta name=\"robots\" content=\"index, follow, max-snippet:-1, max-image-preview:large, max-video-preview:-1\" \/>\n<link rel=\"canonical\" href=\"https:\/\/cevennesbienetre.fr\/index.php\/le-4-mains-complices\/\" \/>\n<meta property=\"og:locale\" content=\"fr_FR\" \/>\n<meta property=\"og:type\" content=\"article\" \/>\n<meta property=\"og:title\" content=\"Le &quot;4 mains complices&quot; - C\u00e9vennes Bien-\u00catre - Massages bien-\u00eatre et soins \u00e9nerg\u00e9tiques\" \/>\n<meta property=\"og:description\" content=\"Le massage \u00e0 4 mains est une exp\u00e9rience exceptionnelle et unique ! Il est r\u00e9alis\u00e9 \u00e0 l&rsquo;huile ti\u00e8de avec ou sans huiles essentielles tel un ballet o\u00f9 2 praticiennes expertes r\u00e9alisent une v\u00e9ritable chor\u00e9graphie. En partenariat avec Peggy, cette complicit\u00e9 est une v\u00e9ritable synergie o\u00f9 les man\u0153uvres sont r\u00e9alis\u00e9es avec la m\u00eame intensit\u00e9 de fa\u00e7on [&hellip;]\" \/>\n<meta property=\"og:url\" content=\"https:\/\/cevennesbienetre.fr\/index.php\/le-4-mains-complices\/\" \/>\n<meta property=\"og:site_name\" content=\"C\u00e9vennes Bien-\u00catre - Massages bien-\u00eatre et soins \u00e9nerg\u00e9tiques\" \/>\n<meta property=\"article:publisher\" content=\"https:\/\/www.facebook.com\/cevennesbienetre\" \/>\n<meta property=\"article:modified_time\" content=\"2026-01-01T20:50:43+00:00\" \/>\n<meta property=\"og:image\" content=\"https:\/\/cevennesbienetre.fr\/wp-content\/uploads\/2020\/03\/4-mains-flyer-scaled.jpg\" \/>\n\t<meta property=\"og:image:width\" content=\"2560\" \/>\n\t<meta property=\"og:image:height\" content=\"1920\" \/>\n\t<meta property=\"og:image:type\" content=\"image\/jpeg\" \/>\n<meta name=\"twitter:card\" content=\"summary_large_image\" \/>\n<meta name=\"twitter:label1\" content=\"Dur\u00e9e de lecture estim\u00e9e\" \/>\n\t<meta name=\"twitter:data1\" content=\"1 minute\" \/>\n<script type=\"application\/ld+json\" class=\"yoast-schema-graph\">{\"@context\":\"https:\\\/\\\/schema.org\",\"@graph\":[{\"@type\":\"WebPage\",\"@id\":\"https:\\\/\\\/cevennesbienetre.fr\\\/index.php\\\/le-4-mains-complices\\\/\",\"url\":\"https:\\\/\\\/cevennesbienetre.fr\\\/index.php\\\/le-4-mains-complices\\\/\",\"name\":\"Le \\\"4 mains complices\\\" - C\u00e9vennes Bien-\u00catre - Massages bien-\u00eatre et soins \u00e9nerg\u00e9tiques\",\"isPartOf\":{\"@id\":\"https:\\\/\\\/cevennesbienetre.fr\\\/#website\"},\"primaryImageOfPage\":{\"@id\":\"https:\\\/\\\/cevennesbienetre.fr\\\/index.php\\\/le-4-mains-complices\\\/#primaryimage\"},\"image\":{\"@id\":\"https:\\\/\\\/cevennesbienetre.fr\\\/index.php\\\/le-4-mains-complices\\\/#primaryimage\"},\"thumbnailUrl\":\"https:\\\/\\\/cevennesbienetre.fr\\\/wp-content\\\/uploads\\\/2020\\\/03\\\/4-mains-flyer-300x225.jpg\",\"datePublished\":\"2020-03-24T21:45:45+00:00\",\"dateModified\":\"2026-01-01T20:50:43+00:00\",\"breadcrumb\":{\"@id\":\"https:\\\/\\\/cevennesbienetre.fr\\\/index.php\\\/le-4-mains-complices\\\/#breadcrumb\"},\"inLanguage\":\"fr-FR\",\"potentialAction\":[{\"@type\":\"ReadAction\",\"target\":[\"https:\\\/\\\/cevennesbienetre.fr\\\/index.php\\\/le-4-mains-complices\\\/\"]}]},{\"@type\":\"ImageObject\",\"inLanguage\":\"fr-FR\",\"@id\":\"https:\\\/\\\/cevennesbienetre.fr\\\/index.php\\\/le-4-mains-complices\\\/#primaryimage\",\"url\":\"https:\\\/\\\/cevennesbienetre.fr\\\/wp-content\\\/uploads\\\/2020\\\/03\\\/4-mains-flyer-scaled.jpg\",\"contentUrl\":\"https:\\\/\\\/cevennesbienetre.fr\\\/wp-content\\\/uploads\\\/2020\\\/03\\\/4-mains-flyer-scaled.jpg\",\"width\":2560,\"height\":1920},{\"@type\":\"BreadcrumbList\",\"@id\":\"https:\\\/\\\/cevennesbienetre.fr\\\/index.php\\\/le-4-mains-complices\\\/#breadcrumb\",\"itemListElement\":[{\"@type\":\"ListItem\",\"position\":1,\"name\":\"Accueil\",\"item\":\"https:\\\/\\\/cevennesbienetre.fr\\\/\"},{\"@type\":\"ListItem\",\"position\":2,\"name\":\"Le \u00ab\u00a04 mains complices\u00a0\u00bb\"}]},{\"@type\":\"WebSite\",\"@id\":\"https:\\\/\\\/cevennesbienetre.fr\\\/#website\",\"url\":\"https:\\\/\\\/cevennesbienetre.fr\\\/\",\"name\":\"C\u00e9vennes Bien-\u00catre - Massages bien-\u00eatre et soins \u00e9nerg\u00e9tiques\",\"description\":\"\",\"publisher\":{\"@id\":\"https:\\\/\\\/cevennesbienetre.fr\\\/#organization\"},\"potentialAction\":[{\"@type\":\"SearchAction\",\"target\":{\"@type\":\"EntryPoint\",\"urlTemplate\":\"https:\\\/\\\/cevennesbienetre.fr\\\/?s={search_term_string}\"},\"query-input\":{\"@type\":\"PropertyValueSpecification\",\"valueRequired\":true,\"valueName\":\"search_term_string\"}}],\"inLanguage\":\"fr-FR\"},{\"@type\":\"Organization\",\"@id\":\"https:\\\/\\\/cevennesbienetre.fr\\\/#organization\",\"name\":\"C\u00e9vennes Bien-\u00catre - Massages bien-\u00eatre et soins \u00e9nerg\u00e9tiques\",\"url\":\"https:\\\/\\\/cevennesbienetre.fr\\\/\",\"logo\":{\"@type\":\"ImageObject\",\"inLanguage\":\"fr-FR\",\"@id\":\"https:\\\/\\\/cevennesbienetre.fr\\\/#\\\/schema\\\/logo\\\/image\\\/\",\"url\":\"https:\\\/\\\/cevennesbienetre.fr\\\/wp-content\\\/uploads\\\/2026\\\/02\\\/Logo_Final_Main_a_05-257x300-1-150x150-1.png\",\"contentUrl\":\"https:\\\/\\\/cevennesbienetre.fr\\\/wp-content\\\/uploads\\\/2026\\\/02\\\/Logo_Final_Main_a_05-257x300-1-150x150-1.png\",\"width\":150,\"height\":150,\"caption\":\"C\u00e9vennes Bien-\u00catre - Massages bien-\u00eatre et soins \u00e9nerg\u00e9tiques\"},\"image\":{\"@id\":\"https:\\\/\\\/cevennesbienetre.fr\\\/#\\\/schema\\\/logo\\\/image\\\/\"},\"sameAs\":[\"https:\\\/\\\/www.facebook.com\\\/cevennesbienetre\"]}]}<\/script>\n<!-- \/ Yoast SEO plugin. -->","yoast_head_json":{"title":"Le \"4 mains complices\" - C\u00e9vennes Bien-\u00catre - Massages bien-\u00eatre et soins \u00e9nerg\u00e9tiques","robots":{"index":"index","follow":"follow","max-snippet":"max-snippet:-1","max-image-preview":"max-image-preview:large","max-video-preview":"max-video-preview:-1"},"canonical":"https:\/\/cevennesbienetre.fr\/index.php\/le-4-mains-complices\/","og_locale":"fr_FR","og_type":"article","og_title":"Le \"4 mains complices\" - C\u00e9vennes Bien-\u00catre - Massages bien-\u00eatre et soins \u00e9nerg\u00e9tiques","og_description":"Le massage \u00e0 4 mains est une exp\u00e9rience exceptionnelle et unique ! Il est r\u00e9alis\u00e9 \u00e0 l&rsquo;huile ti\u00e8de avec ou sans huiles essentielles tel un ballet o\u00f9 2 praticiennes expertes r\u00e9alisent une v\u00e9ritable chor\u00e9graphie. En partenariat avec Peggy, cette complicit\u00e9 est une v\u00e9ritable synergie o\u00f9 les man\u0153uvres sont r\u00e9alis\u00e9es avec la m\u00eame intensit\u00e9 de fa\u00e7on [&hellip;]","og_url":"https:\/\/cevennesbienetre.fr\/index.php\/le-4-mains-complices\/","og_site_name":"C\u00e9vennes Bien-\u00catre - Massages bien-\u00eatre et soins \u00e9nerg\u00e9tiques","article_publisher":"https:\/\/www.facebook.com\/cevennesbienetre","article_modified_time":"2026-01-01T20:50:43+00:00","og_image":[{"width":2560,"height":1920,"url":"https:\/\/cevennesbienetre.fr\/wp-content\/uploads\/2020\/03\/4-mains-flyer-scaled.jpg","type":"image\/jpeg"}],"twitter_card":"summary_large_image","twitter_misc":{"Dur\u00e9e de lecture estim\u00e9e":"1 minute"},"schema":{"@context":"https:\/\/schema.org","@graph":[{"@type":"WebPage","@id":"https:\/\/cevennesbienetre.fr\/index.php\/le-4-mains-complices\/","url":"https:\/\/cevennesbienetre.fr\/index.php\/le-4-mains-complices\/","name":"Le \"4 mains complices\" - C\u00e9vennes Bien-\u00catre - Massages bien-\u00eatre et soins \u00e9nerg\u00e9tiques","isPartOf":{"@id":"https:\/\/cevennesbienetre.fr\/#website"},"primaryImageOfPage":{"@id":"https:\/\/cevennesbienetre.fr\/index.php\/le-4-mains-complices\/#primaryimage"},"image":{"@id":"https:\/\/cevennesbienetre.fr\/index.php\/le-4-mains-complices\/#primaryimage"},"thumbnailUrl":"https:\/\/cevennesbienetre.fr\/wp-content\/uploads\/2020\/03\/4-mains-flyer-300x225.jpg","datePublished":"2020-03-24T21:45:45+00:00","dateModified":"2026-01-01T20:50:43+00:00","breadcrumb":{"@id":"https:\/\/cevennesbienetre.fr\/index.php\/le-4-mains-complices\/#breadcrumb"},"inLanguage":"fr-FR","potentialAction":[{"@type":"ReadAction","target":["https:\/\/cevennesbienetre.fr\/index.php\/le-4-mains-complices\/"]}]},{"@type":"ImageObject","inLanguage":"fr-FR","@id":"https:\/\/cevennesbienetre.fr\/index.php\/le-4-mains-complices\/#primaryimage","url":"https:\/\/cevennesbienetre.fr\/wp-content\/uploads\/2020\/03\/4-mains-flyer-scaled.jpg","contentUrl":"https:\/\/cevennesbienetre.fr\/wp-content\/uploads\/2020\/03\/4-mains-flyer-scaled.jpg","width":2560,"height":1920},{"@type":"BreadcrumbList","@id":"https:\/\/cevennesbienetre.fr\/index.php\/le-4-mains-complices\/#breadcrumb","itemListElement":[{"@type":"ListItem","position":1,"name":"Accueil","item":"https:\/\/cevennesbienetre.fr\/"},{"@type":"ListItem","position":2,"name":"Le \u00ab\u00a04 mains complices\u00a0\u00bb"}]},{"@type":"WebSite","@id":"https:\/\/cevennesbienetre.fr\/#website","url":"https:\/\/cevennesbienetre.fr\/","name":"C\u00e9vennes Bien-\u00catre - Massages bien-\u00eatre et soins \u00e9nerg\u00e9tiques","description":"","publisher":{"@id":"https:\/\/cevennesbienetre.fr\/#organization"},"potentialAction":[{"@type":"SearchAction","target":{"@type":"EntryPoint","urlTemplate":"https:\/\/cevennesbienetre.fr\/?s={search_term_string}"},"query-input":{"@type":"PropertyValueSpecification","valueRequired":true,"valueName":"search_term_string"}}],"inLanguage":"fr-FR"},{"@type":"Organization","@id":"https:\/\/cevennesbienetre.fr\/#organization","name":"C\u00e9vennes Bien-\u00catre - Massages bien-\u00eatre et soins \u00e9nerg\u00e9tiques","url":"https:\/\/cevennesbienetre.fr\/","logo":{"@type":"ImageObject","inLanguage":"fr-FR","@id":"https:\/\/cevennesbienetre.fr\/#\/schema\/logo\/image\/","url":"https:\/\/cevennesbienetre.fr\/wp-content\/uploads\/2026\/02\/Logo_Final_Main_a_05-257x300-1-150x150-1.png","contentUrl":"https:\/\/cevennesbienetre.fr\/wp-content\/uploads\/2026\/02\/Logo_Final_Main_a_05-257x300-1-150x150-1.png","width":150,"height":150,"caption":"C\u00e9vennes Bien-\u00catre - Massages bien-\u00eatre et soins \u00e9nerg\u00e9tiques"},"image":{"@id":"https:\/\/cevennesbienetre.fr\/#\/schema\/logo\/image\/"},"sameAs":["https:\/\/www.facebook.com\/cevennesbienetre"]}]}},"uagb_featured_image_src":{"full":false,"thumbnail":false,"medium":false,"medium_large":false,"large":false,"1536x1536":false,"2048x2048":false,"woocommerce_thumbnail":false,"woocommerce_single":false,"woocommerce_gallery_thumbnail":false},"uagb_author_info":{"display_name":"admin6017","author_link":"https:\/\/cevennesbienetre.fr\/index.php\/author\/admin6017\/"},"uagb_comment_info":0,"uagb_excerpt":"Le massage \u00e0 4 mains est une exp\u00e9rience exceptionnelle et unique ! Il est r\u00e9alis\u00e9 \u00e0 l&rsquo;huile ti\u00e8de avec ou sans huiles essentielles tel un ballet o\u00f9 2 praticiennes expertes r\u00e9alisent une v\u00e9ritable chor\u00e9graphie. En partenariat avec Peggy, cette complicit\u00e9 est une v\u00e9ritable synergie o\u00f9 les man\u0153uvres sont r\u00e9alis\u00e9es avec la m\u00eame intensit\u00e9 de fa\u00e7on\u2026","_links":{"self":[{"href":"https:\/\/cevennesbienetre.fr\/index.php\/wp-json\/wp\/v2\/pages\/1155","targetHints":{"allow":["GET"]}}],"collection":[{"href":"https:\/\/cevennesbienetre.fr\/index.php\/wp-json\/wp\/v2\/pages"}],"about":[{"href":"https:\/\/cevennesbienetre.fr\/index.php\/wp-json\/wp\/v2\/types\/page"}],"author":[{"embeddable":true,"href":"https:\/\/cevennesbienetre.fr\/index.php\/wp-json\/wp\/v2\/users\/1"}],"replies":[{"embeddable":true,"href":"https:\/\/cevennesbienetre.fr\/index.php\/wp-json\/wp\/v2\/comments?post=1155"}],"version-history":[{"count":14,"href":"https:\/\/cevennesbienetre.fr\/index.php\/wp-json\/wp\/v2\/pages\/1155\/revisions"}],"predecessor-version":[{"id":3209,"href":"https:\/\/cevennesbienetre.fr\/index.php\/wp-json\/wp\/v2\/pages\/1155\/revisions\/3209"}],"wp:attachment":[{"href":"https:\/\/cevennesbienetre.fr\/index.php\/wp-json\/wp\/v2\/media?parent=1155"}],"curies":[{"name":"wp","href":"https:\/\/api.w.org\/{rel}","templated":true}]}}